{"id":3455,"date":"2022-06-14T01:26:49","date_gmt":"2022-06-13T23:26:49","guid":{"rendered":"https:\/\/staging.cmbf.it\/app-courmayer\/"},"modified":"2022-12-20T23:37:00","modified_gmt":"2022-12-20T22:37:00","slug":"app-courmayer","status":"publish","type":"page","link":"https:\/\/www.courmayeur-montblanc.com\/fr\/app-courmayer\/","title":{"rendered":"App Courmayeur"},"content":{"rendered":"\n<div class=\"wp-block-group text-justify\"><div class=\"wp-block-group__inner-container is-layout-flow wp-block-group-is-layout-flow\">\n<div class=\"wp-block-group text-justify\"><div class=\"wp-block-group__inner-container is-layout-flow wp-block-group-is-layout-flow\">\n<p><strong>Profitez au maximum de vos journ\u00e9es de ski avec l&#8217;application officielle Courmayeur !<\/strong><\/p>\n\n\n\n<p><br>L\u2019application propose une s\u00e9rie de fonctionnalit\u00e9s con\u00e7ues pour optimiser votre exp\u00e9rience avant, pendant et apr\u00e8s votre voyage. C\u2019est tr\u00e8s simple, planifiez vos vacances et obtenez des mises \u00e0 jour en temps r\u00e9el sur les conditions des pistes. Configurez votre profil Skitude et suivez vos activit\u00e9s sur les pistes pour obtenir des statistiques d\u00e9taill\u00e9es sur toutes vos activit\u00e9s. Et ce n\u2019est pas tout, participez \u00e0 des d\u00e9fis comp\u00e9titifs avec l\u2019ensemble de la communaut\u00e9 pour avoir la chance de gagner des prix incroyables.<br>Pratique, n\u2019est-ce pas ? Et vous serez heureux de savoir que nous offrons tout cela et plus gratuitement.<\/p>\n<\/div><\/div>\n<\/div><\/div>\n\n\n\n<div class=\"wp-block-group text-justify\"><div class=\"wp-block-group__inner-container is-layout-flow wp-block-group-is-layout-flow\">\n<p class=\"text-justify\"><strong>INFORMATIONS SUR LA STATION DE SKI EN TEMPS R\u00c9EL<br><\/strong>Obtenez toutes les informations sur l&#8217;emplacement, y compris : des cartes interactives, des bulletins d&#8217;enneigement, l&#8217;\u00e9tat des pistes et l&#8217;\u00e9tat des remont\u00e9es m\u00e9caniques, ainsi que des webcams et bien plus encore !<\/p>\n<\/div><\/div>\n\n\n\n<p class=\"text-justify\"><strong>SKIEZ, ENREGISTREZ VOS PERFORMANCES ET GAGNEZ<br><\/strong>Configurez votre profil Skitude pour suivre vos activit\u00e9s \u00e0 l&#8217;aide du traceur GPS. D\u00e9couvrez o\u00f9 vous en \u00eates dans le classement de la saison et essayez de relever les d\u00e9fis pour avoir une chance de gagner de superbes prix.<\/p>\n\n\n\n<p class=\"text-justify\"><strong>R\u00c9SERVEZ VOTRE VOYAGE<br><\/strong>Achetez et rechargez votre forfait de ski sans faire la queue. En outre, d\u00e9couvrez les activit\u00e9s en quelques clics.<\/p>\n\n\n\n<p class=\"text-justify\"><strong>VOTRE COMPAGNON PARFAIT POUR TOUTE L\u2019ANN\u00c9E<br><\/strong>Configurez l\u2019application en fonction de la saison et acc\u00e9dez \u00e0 des informations sp\u00e9cifiques sur toutes nos activit\u00e9s hivernales ou estivales.<\/p>\n\n\n\n<p><strong>T\u00e9l\u00e9chargez gratuitement l&#8217;application Courmayeur !<\/strong><\/p>\n\n\n<div class=\"wp-block-image\">\n<figure class=\"alignleft size-full is-resized\"><a href=\"https:\/\/apps.apple.com\/it\/app\/courmayeur\/id1531674664\" target=\"_blank\" rel=\"noreferrer noopener\"><img decoding=\"async\" src=\"https:\/\/www.courmayeur-montblanc.com\/app\/uploads\/2022\/06\/app-store.png\" alt=\"\" class=\"wp-image-421\" width=\"200\" srcset=\"https:\/\/www.courmayeur-montblanc.com\/app\/uploads\/2022\/06\/app-store.png 523w, https:\/\/www.courmayeur-montblanc.com\/app\/uploads\/2022\/06\/app-store-300x89.png 300w\" sizes=\"(max-width: 523px) 100vw, 523px\" \/><\/a><\/figure><\/div>\n\n<div class=\"wp-block-image\">\n<figure class=\"alignleft size-full is-resized\"><a href=\"https:\/\/play.google.com\/store\/apps\/details?id=com.skitude.Courmayeur&amp;hl=it&amp;gl=US\" target=\"_blank\" rel=\"noreferrer noopener\"><img decoding=\"async\" src=\"https:\/\/www.courmayeur-montblanc.com\/app\/uploads\/2022\/06\/google-play.png\" alt=\"\" class=\"wp-image-424\" width=\"200\" srcset=\"https:\/\/www.courmayeur-montblanc.com\/app\/uploads\/2022\/06\/google-play.png 534w, https:\/\/www.courmayeur-montblanc.com\/app\/uploads\/2022\/06\/google-play-300x89.png 300w\" sizes=\"(max-width: 534px) 100vw, 534px\" \/><\/a><\/figure><\/div>","protected":false},"excerpt":{"rendered":"<p>Profitez au maximum de vos journ\u00e9es de ski avec l&#8217;application officielle Courmayeur ! L\u2019application propose une s\u00e9rie de fonctionnalit\u00e9s con\u00e7ues pour optimiser votre exp\u00e9rience avant, pendant et apr\u00e8s votre voyage. C\u2019est tr\u00e8s simple, planifiez vos vacances et obtenez des mises \u00e0 jour en temps r\u00e9el sur les conditions des pistes. Configurez votre profil Skitude et [&hellip;]<\/p>\n","protected":false},"author":1,"featured_media":0,"parent":0,"menu_order":0,"comment_status":"closed","ping_status":"closed","template":"","meta":{"_acf_changed":false,"_themeisle_gutenberg_block_has_review":false,"footnotes":""},"class_list":["post-3455","page","type-page","status-publish","hentry"],"acf":[],"yoast_head":"<!-- This site is optimized with the Yoast SEO plugin v26.2 - https:\/\/yoast.com\/wordpress\/plugins\/seo\/ -->\n<title>App Courmayeur - Courmayeur Mont Blanc Funivie<\/title>\n<meta name=\"robots\" content=\"index, follow, max-snippet:-1, max-image-preview:large, max-video-preview:-1\" \/>\n<link rel=\"canonical\" href=\"https:\/\/www.courmayeur-montblanc.com\/fr\/app-courmayer\/\" \/>\n<meta property=\"og:locale\" content=\"fr_FR\" \/>\n<meta property=\"og:type\" content=\"article\" \/>\n<meta property=\"og:title\" content=\"App Courmayeur - Courmayeur Mont Blanc Funivie\" \/>\n<meta property=\"og:description\" content=\"Profitez au maximum de vos journ\u00e9es de ski avec l&#8217;application officielle Courmayeur ! L\u2019application propose une s\u00e9rie de fonctionnalit\u00e9s con\u00e7ues pour optimiser votre exp\u00e9rience avant, pendant et apr\u00e8s votre voyage. C\u2019est tr\u00e8s simple, planifiez vos vacances et obtenez des mises \u00e0 jour en temps r\u00e9el sur les conditions des pistes. Configurez votre profil Skitude et [&hellip;]\" \/>\n<meta property=\"og:url\" content=\"https:\/\/www.courmayeur-montblanc.com\/fr\/app-courmayer\/\" \/>\n<meta property=\"og:site_name\" content=\"Courmayeur Mont Blanc Funivie\" \/>\n<meta property=\"article:publisher\" content=\"https:\/\/www.facebook.com\/funiviecourmayeur\" \/>\n<meta property=\"article:modified_time\" content=\"2022-12-20T22:37:00+00:00\" \/>\n<meta property=\"og:image\" content=\"https:\/\/www.courmayeur-montblanc.com\/app\/uploads\/2022\/06\/app-store.png\" \/>\n<meta name=\"twitter:card\" content=\"summary_large_image\" \/>\n<meta name=\"twitter:site\" content=\"@courmayeurski\" \/>\n<meta name=\"twitter:label1\" content=\"Dur\u00e9e de lecture estim\u00e9e\" \/>\n\t<meta name=\"twitter:data1\" content=\"2 minutes\" \/>\n<script type=\"application\/ld+json\" class=\"yoast-schema-graph\">{\"@context\":\"https:\/\/schema.org\",\"@graph\":[{\"@type\":\"WebPage\",\"@id\":\"https:\/\/www.courmayeur-montblanc.com\/fr\/app-courmayer\/\",\"url\":\"https:\/\/www.courmayeur-montblanc.com\/fr\/app-courmayer\/\",\"name\":\"App Courmayeur - Courmayeur Mont Blanc Funivie\",\"isPartOf\":{\"@id\":\"https:\/\/www.courmayeur-montblanc.com\/fr\/#website\"},\"primaryImageOfPage\":{\"@id\":\"https:\/\/www.courmayeur-montblanc.com\/fr\/app-courmayer\/#primaryimage\"},\"image\":{\"@id\":\"https:\/\/www.courmayeur-montblanc.com\/fr\/app-courmayer\/#primaryimage\"},\"thumbnailUrl\":\"https:\/\/www.courmayeur-montblanc.com\/app\/uploads\/2022\/06\/app-store.png\",\"datePublished\":\"2022-06-13T23:26:49+00:00\",\"dateModified\":\"2022-12-20T22:37:00+00:00\",\"breadcrumb\":{\"@id\":\"https:\/\/www.courmayeur-montblanc.com\/fr\/app-courmayer\/#breadcrumb\"},\"inLanguage\":\"fr-FR\",\"potentialAction\":[{\"@type\":\"ReadAction\",\"target\":[\"https:\/\/www.courmayeur-montblanc.com\/fr\/app-courmayer\/\"]}]},{\"@type\":\"ImageObject\",\"inLanguage\":\"fr-FR\",\"@id\":\"https:\/\/www.courmayeur-montblanc.com\/fr\/app-courmayer\/#primaryimage\",\"url\":\"https:\/\/www.courmayeur-montblanc.com\/app\/uploads\/2022\/06\/app-store.png\",\"contentUrl\":\"https:\/\/www.courmayeur-montblanc.com\/app\/uploads\/2022\/06\/app-store.png\"},{\"@type\":\"BreadcrumbList\",\"@id\":\"https:\/\/www.courmayeur-montblanc.com\/fr\/app-courmayer\/#breadcrumb\",\"itemListElement\":[{\"@type\":\"ListItem\",\"position\":1,\"name\":\"Homepage\",\"item\":\"https:\/\/www.courmayeur-montblanc.com\/fr\/\"},{\"@type\":\"ListItem\",\"position\":2,\"name\":\"App Courmayeur\"}]},{\"@type\":\"WebSite\",\"@id\":\"https:\/\/www.courmayeur-montblanc.com\/fr\/#website\",\"url\":\"https:\/\/www.courmayeur-montblanc.com\/fr\/\",\"name\":\"Courmayeur Mont Blanc Funivie\",\"description\":\"\",\"publisher\":{\"@id\":\"https:\/\/www.courmayeur-montblanc.com\/fr\/#organization\"},\"potentialAction\":[{\"@type\":\"SearchAction\",\"target\":{\"@type\":\"EntryPoint\",\"urlTemplate\":\"https:\/\/www.courmayeur-montblanc.com\/fr\/?s={search_term_string}\"},\"query-input\":{\"@type\":\"PropertyValueSpecification\",\"valueRequired\":true,\"valueName\":\"search_term_string\"}}],\"inLanguage\":\"fr-FR\"},{\"@type\":\"Organization\",\"@id\":\"https:\/\/www.courmayeur-montblanc.com\/fr\/#organization\",\"name\":\"Courmayeur Mont Blanc Funivie\",\"url\":\"https:\/\/www.courmayeur-montblanc.com\/fr\/\",\"logo\":{\"@type\":\"ImageObject\",\"inLanguage\":\"fr-FR\",\"@id\":\"https:\/\/www.courmayeur-montblanc.com\/fr\/#\/schema\/logo\/image\/\",\"url\":\"https:\/\/www.courmayeur-montblanc.com\/app\/uploads\/2022\/11\/cmbf-logo.png\",\"contentUrl\":\"https:\/\/www.courmayeur-montblanc.com\/app\/uploads\/2022\/11\/cmbf-logo.png\",\"width\":800,\"height\":179,\"caption\":\"Courmayeur Mont Blanc Funivie\"},\"image\":{\"@id\":\"https:\/\/www.courmayeur-montblanc.com\/fr\/#\/schema\/logo\/image\/\"},\"sameAs\":[\"https:\/\/www.facebook.com\/funiviecourmayeur\",\"https:\/\/x.com\/courmayeurski\",\"https:\/\/www.instagram.com\/courmayeur\/\",\"https:\/\/www.youtube.com\/channel\/UCrJ-6g0ooek9MIumfwdKGGw\/featured\"]}]}<\/script>\n<!-- \/ Yoast SEO plugin. -->","yoast_head_json":{"title":"App Courmayeur - Courmayeur Mont Blanc Funivie","robots":{"index":"index","follow":"follow","max-snippet":"max-snippet:-1","max-image-preview":"max-image-preview:large","max-video-preview":"max-video-preview:-1"},"canonical":"https:\/\/www.courmayeur-montblanc.com\/fr\/app-courmayer\/","og_locale":"fr_FR","og_type":"article","og_title":"App Courmayeur - Courmayeur Mont Blanc Funivie","og_description":"Profitez au maximum de vos journ\u00e9es de ski avec l&#8217;application officielle Courmayeur ! L\u2019application propose une s\u00e9rie de fonctionnalit\u00e9s con\u00e7ues pour optimiser votre exp\u00e9rience avant, pendant et apr\u00e8s votre voyage. C\u2019est tr\u00e8s simple, planifiez vos vacances et obtenez des mises \u00e0 jour en temps r\u00e9el sur les conditions des pistes. Configurez votre profil Skitude et [&hellip;]","og_url":"https:\/\/www.courmayeur-montblanc.com\/fr\/app-courmayer\/","og_site_name":"Courmayeur Mont Blanc Funivie","article_publisher":"https:\/\/www.facebook.com\/funiviecourmayeur","article_modified_time":"2022-12-20T22:37:00+00:00","og_image":[{"url":"https:\/\/www.courmayeur-montblanc.com\/app\/uploads\/2022\/06\/app-store.png","type":"","width":"","height":""}],"twitter_card":"summary_large_image","twitter_site":"@courmayeurski","twitter_misc":{"Dur\u00e9e de lecture estim\u00e9e":"2 minutes"},"schema":{"@context":"https:\/\/schema.org","@graph":[{"@type":"WebPage","@id":"https:\/\/www.courmayeur-montblanc.com\/fr\/app-courmayer\/","url":"https:\/\/www.courmayeur-montblanc.com\/fr\/app-courmayer\/","name":"App Courmayeur - Courmayeur Mont Blanc Funivie","isPartOf":{"@id":"https:\/\/www.courmayeur-montblanc.com\/fr\/#website"},"primaryImageOfPage":{"@id":"https:\/\/www.courmayeur-montblanc.com\/fr\/app-courmayer\/#primaryimage"},"image":{"@id":"https:\/\/www.courmayeur-montblanc.com\/fr\/app-courmayer\/#primaryimage"},"thumbnailUrl":"https:\/\/www.courmayeur-montblanc.com\/app\/uploads\/2022\/06\/app-store.png","datePublished":"2022-06-13T23:26:49+00:00","dateModified":"2022-12-20T22:37:00+00:00","breadcrumb":{"@id":"https:\/\/www.courmayeur-montblanc.com\/fr\/app-courmayer\/#breadcrumb"},"inLanguage":"fr-FR","potentialAction":[{"@type":"ReadAction","target":["https:\/\/www.courmayeur-montblanc.com\/fr\/app-courmayer\/"]}]},{"@type":"ImageObject","inLanguage":"fr-FR","@id":"https:\/\/www.courmayeur-montblanc.com\/fr\/app-courmayer\/#primaryimage","url":"https:\/\/www.courmayeur-montblanc.com\/app\/uploads\/2022\/06\/app-store.png","contentUrl":"https:\/\/www.courmayeur-montblanc.com\/app\/uploads\/2022\/06\/app-store.png"},{"@type":"BreadcrumbList","@id":"https:\/\/www.courmayeur-montblanc.com\/fr\/app-courmayer\/#breadcrumb","itemListElement":[{"@type":"ListItem","position":1,"name":"Homepage","item":"https:\/\/www.courmayeur-montblanc.com\/fr\/"},{"@type":"ListItem","position":2,"name":"App Courmayeur"}]},{"@type":"WebSite","@id":"https:\/\/www.courmayeur-montblanc.com\/fr\/#website","url":"https:\/\/www.courmayeur-montblanc.com\/fr\/","name":"Courmayeur Mont Blanc Funivie","description":"","publisher":{"@id":"https:\/\/www.courmayeur-montblanc.com\/fr\/#organization"},"potentialAction":[{"@type":"SearchAction","target":{"@type":"EntryPoint","urlTemplate":"https:\/\/www.courmayeur-montblanc.com\/fr\/?s={search_term_string}"},"query-input":{"@type":"PropertyValueSpecification","valueRequired":true,"valueName":"search_term_string"}}],"inLanguage":"fr-FR"},{"@type":"Organization","@id":"https:\/\/www.courmayeur-montblanc.com\/fr\/#organization","name":"Courmayeur Mont Blanc Funivie","url":"https:\/\/www.courmayeur-montblanc.com\/fr\/","logo":{"@type":"ImageObject","inLanguage":"fr-FR","@id":"https:\/\/www.courmayeur-montblanc.com\/fr\/#\/schema\/logo\/image\/","url":"https:\/\/www.courmayeur-montblanc.com\/app\/uploads\/2022\/11\/cmbf-logo.png","contentUrl":"https:\/\/www.courmayeur-montblanc.com\/app\/uploads\/2022\/11\/cmbf-logo.png","width":800,"height":179,"caption":"Courmayeur Mont Blanc Funivie"},"image":{"@id":"https:\/\/www.courmayeur-montblanc.com\/fr\/#\/schema\/logo\/image\/"},"sameAs":["https:\/\/www.facebook.com\/funiviecourmayeur","https:\/\/x.com\/courmayeurski","https:\/\/www.instagram.com\/courmayeur\/","https:\/\/www.youtube.com\/channel\/UCrJ-6g0ooek9MIumfwdKGGw\/featured"]}]}},"_links":{"self":[{"href":"https:\/\/www.courmayeur-montblanc.com\/fr\/wp-json\/wp\/v2\/pages\/3455","targetHints":{"allow":["GET"]}}],"collection":[{"href":"https:\/\/www.courmayeur-montblanc.com\/fr\/wp-json\/wp\/v2\/pages"}],"about":[{"href":"https:\/\/www.courmayeur-montblanc.com\/fr\/wp-json\/wp\/v2\/types\/page"}],"author":[{"embeddable":true,"href":"https:\/\/www.courmayeur-montblanc.com\/fr\/wp-json\/wp\/v2\/users\/1"}],"replies":[{"embeddable":true,"href":"https:\/\/www.courmayeur-montblanc.com\/fr\/wp-json\/wp\/v2\/comments?post=3455"}],"version-history":[{"count":12,"href":"https:\/\/www.courmayeur-montblanc.com\/fr\/wp-json\/wp\/v2\/pages\/3455\/revisions"}],"predecessor-version":[{"id":5877,"href":"https:\/\/www.courmayeur-montblanc.com\/fr\/wp-json\/wp\/v2\/pages\/3455\/revisions\/5877"}],"wp:attachment":[{"href":"https:\/\/www.courmayeur-montblanc.com\/fr\/wp-json\/wp\/v2\/media?parent=3455"}],"curies":[{"name":"wp","href":"https:\/\/api.w.org\/{rel}","templated":true}]}}