{"id":3464,"date":"2022-05-12T01:40:27","date_gmt":"2022-05-11T23:40:27","guid":{"rendered":"https:\/\/staging.cmbf.it\/activites-dete\/fun-park\/"},"modified":"2024-04-18T17:01:51","modified_gmt":"2024-04-18T15:01:51","slug":"fun-park","status":"publish","type":"page","link":"https:\/\/www.courmayeur-montblanc.com\/fr\/activites-dhiver\/fun-park\/","title":{"rendered":"Fun Park"},"content":{"rendered":"\n<p><\/p>\n\n\n\n<div class=\"wp-block-group text-justify\"><div class=\"wp-block-group__inner-container is-layout-flow wp-block-group-is-layout-flow\">\n<p class=\"text-justify\">Le parc dispose d&#8217;une piste pour d\u00e9butants \u00e9quip\u00e9e de 3 tapis roulants pour la remont\u00e9e, id\u00e9ale pour faire ses premiers pas \u00e0 ski pour les adultes comme pour les enfants. Un tubing track et une fantastique piste de bob pour des descentes folles dans la neige.<br>L&#8217;aire de jeux, d\u00e9di\u00e9e aux enfants, est compos\u00e9e de structures gonflables, de trampolines, de man\u00e8ges et de toboggans.<br>Des entr\u00e9es journ\u00e9e ou apr\u00e8s-midi avec possibilit\u00e9 de pass multi-journaliers.<br>Il est possible de louer la piste avec \u00e9clairage nocturne de 17h \u00e0 19h pour organiser des animations et f\u00eates pour vos enfants.<\/p>\n<\/div><\/div>\n","protected":false},"excerpt":{"rendered":"<p>Le parc dispose d&#8217;une piste pour d\u00e9butants \u00e9quip\u00e9e de 3 tapis roulants pour la remont\u00e9e, id\u00e9ale pour faire ses premiers pas \u00e0 ski pour les adultes comme pour les enfants. Un tubing track et une fantastique piste de bob pour des descentes folles dans la neige.L&#8217;aire de jeux, d\u00e9di\u00e9e aux enfants, est compos\u00e9e de structures [&hellip;]<\/p>\n","protected":false},"author":1,"featured_media":4836,"parent":3485,"menu_order":3,"comment_status":"closed","ping_status":"closed","template":"","meta":{"_acf_changed":false,"_themeisle_gutenberg_block_has_review":false,"footnotes":""},"class_list":["post-3464","page","type-page","status-publish","has-post-thumbnail","hentry"],"acf":[],"yoast_head":"<!-- This site is optimized with the Yoast SEO plugin v26.2 - https:\/\/yoast.com\/wordpress\/plugins\/seo\/ -->\n<title>Fun Park - Courmayeur Mont Blanc Funivie<\/title>\n<meta name=\"robots\" content=\"index, follow, max-snippet:-1, max-image-preview:large, max-video-preview:-1\" \/>\n<link rel=\"canonical\" href=\"https:\/\/www.courmayeur-montblanc.com\/fr\/activites-dhiver\/fun-park\/\" \/>\n<meta property=\"og:locale\" content=\"fr_FR\" \/>\n<meta property=\"og:type\" content=\"article\" \/>\n<meta property=\"og:title\" content=\"Fun Park - Courmayeur Mont Blanc Funivie\" \/>\n<meta property=\"og:description\" content=\"Le parc dispose d&#8217;une piste pour d\u00e9butants \u00e9quip\u00e9e de 3 tapis roulants pour la remont\u00e9e, id\u00e9ale pour faire ses premiers pas \u00e0 ski pour les adultes comme pour les enfants. Un tubing track et une fantastique piste de bob pour des descentes folles dans la neige.L&#8217;aire de jeux, d\u00e9di\u00e9e aux enfants, est compos\u00e9e de structures [&hellip;]\" \/>\n<meta property=\"og:url\" content=\"https:\/\/www.courmayeur-montblanc.com\/fr\/activites-dhiver\/fun-park\/\" \/>\n<meta property=\"og:site_name\" content=\"Courmayeur Mont Blanc Funivie\" \/>\n<meta property=\"article:publisher\" content=\"https:\/\/www.facebook.com\/funiviecourmayeur\" \/>\n<meta property=\"article:modified_time\" content=\"2024-04-18T15:01:51+00:00\" \/>\n<meta property=\"og:image\" content=\"https:\/\/www.courmayeur-montblanc.com\/app\/uploads\/2022\/11\/funpark-dolonne-provvisorio.jpg\" \/>\n\t<meta property=\"og:image:width\" content=\"1980\" \/>\n\t<meta property=\"og:image:height\" content=\"1227\" \/>\n\t<meta property=\"og:image:type\" content=\"image\/jpeg\" \/>\n<meta name=\"twitter:card\" content=\"summary_large_image\" \/>\n<meta name=\"twitter:site\" content=\"@courmayeurski\" \/>\n<meta name=\"twitter:label1\" content=\"Dur\u00e9e de lecture estim\u00e9e\" \/>\n\t<meta name=\"twitter:data1\" content=\"1 minute\" \/>\n<script type=\"application\/ld+json\" class=\"yoast-schema-graph\">{\"@context\":\"https:\/\/schema.org\",\"@graph\":[{\"@type\":\"WebPage\",\"@id\":\"https:\/\/www.courmayeur-montblanc.com\/fr\/activites-dhiver\/fun-park\/\",\"url\":\"https:\/\/www.courmayeur-montblanc.com\/fr\/activites-dhiver\/fun-park\/\",\"name\":\"Fun Park - Courmayeur Mont Blanc Funivie\",\"isPartOf\":{\"@id\":\"https:\/\/www.courmayeur-montblanc.com\/fr\/#website\"},\"primaryImageOfPage\":{\"@id\":\"https:\/\/www.courmayeur-montblanc.com\/fr\/activites-dhiver\/fun-park\/#primaryimage\"},\"image\":{\"@id\":\"https:\/\/www.courmayeur-montblanc.com\/fr\/activites-dhiver\/fun-park\/#primaryimage\"},\"thumbnailUrl\":\"https:\/\/www.courmayeur-montblanc.com\/app\/uploads\/2022\/11\/funpark-dolonne-provvisorio.jpg\",\"datePublished\":\"2022-05-11T23:40:27+00:00\",\"dateModified\":\"2024-04-18T15:01:51+00:00\",\"breadcrumb\":{\"@id\":\"https:\/\/www.courmayeur-montblanc.com\/fr\/activites-dhiver\/fun-park\/#breadcrumb\"},\"inLanguage\":\"fr-FR\",\"potentialAction\":[{\"@type\":\"ReadAction\",\"target\":[\"https:\/\/www.courmayeur-montblanc.com\/fr\/activites-dhiver\/fun-park\/\"]}]},{\"@type\":\"ImageObject\",\"inLanguage\":\"fr-FR\",\"@id\":\"https:\/\/www.courmayeur-montblanc.com\/fr\/activites-dhiver\/fun-park\/#primaryimage\",\"url\":\"https:\/\/www.courmayeur-montblanc.com\/app\/uploads\/2022\/11\/funpark-dolonne-provvisorio.jpg\",\"contentUrl\":\"https:\/\/www.courmayeur-montblanc.com\/app\/uploads\/2022\/11\/funpark-dolonne-provvisorio.jpg\",\"width\":1980,\"height\":1227},{\"@type\":\"BreadcrumbList\",\"@id\":\"https:\/\/www.courmayeur-montblanc.com\/fr\/activites-dhiver\/fun-park\/#breadcrumb\",\"itemListElement\":[{\"@type\":\"ListItem\",\"position\":1,\"name\":\"Homepage\",\"item\":\"https:\/\/www.courmayeur-montblanc.com\/fr\/\"},{\"@type\":\"ListItem\",\"position\":2,\"name\":\"Activit\u00e9s d&#8217;hiver\",\"item\":\"https:\/\/www.courmayeur-montblanc.com\/fr\/activites-dhiver\/\"},{\"@type\":\"ListItem\",\"position\":3,\"name\":\"Fun Park\"}]},{\"@type\":\"WebSite\",\"@id\":\"https:\/\/www.courmayeur-montblanc.com\/fr\/#website\",\"url\":\"https:\/\/www.courmayeur-montblanc.com\/fr\/\",\"name\":\"Courmayeur Mont Blanc Funivie\",\"description\":\"\",\"publisher\":{\"@id\":\"https:\/\/www.courmayeur-montblanc.com\/fr\/#organization\"},\"potentialAction\":[{\"@type\":\"SearchAction\",\"target\":{\"@type\":\"EntryPoint\",\"urlTemplate\":\"https:\/\/www.courmayeur-montblanc.com\/fr\/?s={search_term_string}\"},\"query-input\":{\"@type\":\"PropertyValueSpecification\",\"valueRequired\":true,\"valueName\":\"search_term_string\"}}],\"inLanguage\":\"fr-FR\"},{\"@type\":\"Organization\",\"@id\":\"https:\/\/www.courmayeur-montblanc.com\/fr\/#organization\",\"name\":\"Courmayeur Mont Blanc Funivie\",\"url\":\"https:\/\/www.courmayeur-montblanc.com\/fr\/\",\"logo\":{\"@type\":\"ImageObject\",\"inLanguage\":\"fr-FR\",\"@id\":\"https:\/\/www.courmayeur-montblanc.com\/fr\/#\/schema\/logo\/image\/\",\"url\":\"https:\/\/www.courmayeur-montblanc.com\/app\/uploads\/2022\/11\/cmbf-logo.png\",\"contentUrl\":\"https:\/\/www.courmayeur-montblanc.com\/app\/uploads\/2022\/11\/cmbf-logo.png\",\"width\":800,\"height\":179,\"caption\":\"Courmayeur Mont Blanc Funivie\"},\"image\":{\"@id\":\"https:\/\/www.courmayeur-montblanc.com\/fr\/#\/schema\/logo\/image\/\"},\"sameAs\":[\"https:\/\/www.facebook.com\/funiviecourmayeur\",\"https:\/\/x.com\/courmayeurski\",\"https:\/\/www.instagram.com\/courmayeur\/\",\"https:\/\/www.youtube.com\/channel\/UCrJ-6g0ooek9MIumfwdKGGw\/featured\"]}]}<\/script>\n<!-- \/ Yoast SEO plugin. -->","yoast_head_json":{"title":"Fun Park - Courmayeur Mont Blanc Funivie","robots":{"index":"index","follow":"follow","max-snippet":"max-snippet:-1","max-image-preview":"max-image-preview:large","max-video-preview":"max-video-preview:-1"},"canonical":"https:\/\/www.courmayeur-montblanc.com\/fr\/activites-dhiver\/fun-park\/","og_locale":"fr_FR","og_type":"article","og_title":"Fun Park - Courmayeur Mont Blanc Funivie","og_description":"Le parc dispose d&#8217;une piste pour d\u00e9butants \u00e9quip\u00e9e de 3 tapis roulants pour la remont\u00e9e, id\u00e9ale pour faire ses premiers pas \u00e0 ski pour les adultes comme pour les enfants. Un tubing track et une fantastique piste de bob pour des descentes folles dans la neige.L&#8217;aire de jeux, d\u00e9di\u00e9e aux enfants, est compos\u00e9e de structures [&hellip;]","og_url":"https:\/\/www.courmayeur-montblanc.com\/fr\/activites-dhiver\/fun-park\/","og_site_name":"Courmayeur Mont Blanc Funivie","article_publisher":"https:\/\/www.facebook.com\/funiviecourmayeur","article_modified_time":"2024-04-18T15:01:51+00:00","og_image":[{"width":1980,"height":1227,"url":"https:\/\/www.courmayeur-montblanc.com\/app\/uploads\/2022\/11\/funpark-dolonne-provvisorio.jpg","type":"image\/jpeg"}],"twitter_card":"summary_large_image","twitter_site":"@courmayeurski","twitter_misc":{"Dur\u00e9e de lecture estim\u00e9e":"1 minute"},"schema":{"@context":"https:\/\/schema.org","@graph":[{"@type":"WebPage","@id":"https:\/\/www.courmayeur-montblanc.com\/fr\/activites-dhiver\/fun-park\/","url":"https:\/\/www.courmayeur-montblanc.com\/fr\/activites-dhiver\/fun-park\/","name":"Fun Park - Courmayeur Mont Blanc Funivie","isPartOf":{"@id":"https:\/\/www.courmayeur-montblanc.com\/fr\/#website"},"primaryImageOfPage":{"@id":"https:\/\/www.courmayeur-montblanc.com\/fr\/activites-dhiver\/fun-park\/#primaryimage"},"image":{"@id":"https:\/\/www.courmayeur-montblanc.com\/fr\/activites-dhiver\/fun-park\/#primaryimage"},"thumbnailUrl":"https:\/\/www.courmayeur-montblanc.com\/app\/uploads\/2022\/11\/funpark-dolonne-provvisorio.jpg","datePublished":"2022-05-11T23:40:27+00:00","dateModified":"2024-04-18T15:01:51+00:00","breadcrumb":{"@id":"https:\/\/www.courmayeur-montblanc.com\/fr\/activites-dhiver\/fun-park\/#breadcrumb"},"inLanguage":"fr-FR","potentialAction":[{"@type":"ReadAction","target":["https:\/\/www.courmayeur-montblanc.com\/fr\/activites-dhiver\/fun-park\/"]}]},{"@type":"ImageObject","inLanguage":"fr-FR","@id":"https:\/\/www.courmayeur-montblanc.com\/fr\/activites-dhiver\/fun-park\/#primaryimage","url":"https:\/\/www.courmayeur-montblanc.com\/app\/uploads\/2022\/11\/funpark-dolonne-provvisorio.jpg","contentUrl":"https:\/\/www.courmayeur-montblanc.com\/app\/uploads\/2022\/11\/funpark-dolonne-provvisorio.jpg","width":1980,"height":1227},{"@type":"BreadcrumbList","@id":"https:\/\/www.courmayeur-montblanc.com\/fr\/activites-dhiver\/fun-park\/#breadcrumb","itemListElement":[{"@type":"ListItem","position":1,"name":"Homepage","item":"https:\/\/www.courmayeur-montblanc.com\/fr\/"},{"@type":"ListItem","position":2,"name":"Activit\u00e9s d&#8217;hiver","item":"https:\/\/www.courmayeur-montblanc.com\/fr\/activites-dhiver\/"},{"@type":"ListItem","position":3,"name":"Fun Park"}]},{"@type":"WebSite","@id":"https:\/\/www.courmayeur-montblanc.com\/fr\/#website","url":"https:\/\/www.courmayeur-montblanc.com\/fr\/","name":"Courmayeur Mont Blanc Funivie","description":"","publisher":{"@id":"https:\/\/www.courmayeur-montblanc.com\/fr\/#organization"},"potentialAction":[{"@type":"SearchAction","target":{"@type":"EntryPoint","urlTemplate":"https:\/\/www.courmayeur-montblanc.com\/fr\/?s={search_term_string}"},"query-input":{"@type":"PropertyValueSpecification","valueRequired":true,"valueName":"search_term_string"}}],"inLanguage":"fr-FR"},{"@type":"Organization","@id":"https:\/\/www.courmayeur-montblanc.com\/fr\/#organization","name":"Courmayeur Mont Blanc Funivie","url":"https:\/\/www.courmayeur-montblanc.com\/fr\/","logo":{"@type":"ImageObject","inLanguage":"fr-FR","@id":"https:\/\/www.courmayeur-montblanc.com\/fr\/#\/schema\/logo\/image\/","url":"https:\/\/www.courmayeur-montblanc.com\/app\/uploads\/2022\/11\/cmbf-logo.png","contentUrl":"https:\/\/www.courmayeur-montblanc.com\/app\/uploads\/2022\/11\/cmbf-logo.png","width":800,"height":179,"caption":"Courmayeur Mont Blanc Funivie"},"image":{"@id":"https:\/\/www.courmayeur-montblanc.com\/fr\/#\/schema\/logo\/image\/"},"sameAs":["https:\/\/www.facebook.com\/funiviecourmayeur","https:\/\/x.com\/courmayeurski","https:\/\/www.instagram.com\/courmayeur\/","https:\/\/www.youtube.com\/channel\/UCrJ-6g0ooek9MIumfwdKGGw\/featured"]}]}},"_links":{"self":[{"href":"https:\/\/www.courmayeur-montblanc.com\/fr\/wp-json\/wp\/v2\/pages\/3464","targetHints":{"allow":["GET"]}}],"collection":[{"href":"https:\/\/www.courmayeur-montblanc.com\/fr\/wp-json\/wp\/v2\/pages"}],"about":[{"href":"https:\/\/www.courmayeur-montblanc.com\/fr\/wp-json\/wp\/v2\/types\/page"}],"author":[{"embeddable":true,"href":"https:\/\/www.courmayeur-montblanc.com\/fr\/wp-json\/wp\/v2\/users\/1"}],"replies":[{"embeddable":true,"href":"https:\/\/www.courmayeur-montblanc.com\/fr\/wp-json\/wp\/v2\/comments?post=3464"}],"version-history":[{"count":7,"href":"https:\/\/www.courmayeur-montblanc.com\/fr\/wp-json\/wp\/v2\/pages\/3464\/revisions"}],"predecessor-version":[{"id":9256,"href":"https:\/\/www.courmayeur-montblanc.com\/fr\/wp-json\/wp\/v2\/pages\/3464\/revisions\/9256"}],"up":[{"embeddable":true,"href":"https:\/\/www.courmayeur-montblanc.com\/fr\/wp-json\/wp\/v2\/pages\/3485"}],"wp:featuredmedia":[{"embeddable":true,"href":"https:\/\/www.courmayeur-montblanc.com\/fr\/wp-json\/wp\/v2\/media\/4836"}],"wp:attachment":[{"href":"https:\/\/www.courmayeur-montblanc.com\/fr\/wp-json\/wp\/v2\/media?parent=3464"}],"curies":[{"name":"wp","href":"https:\/\/api.w.org\/{rel}","templated":true}]}}