{"id":3470,"date":"2022-05-12T01:40:34","date_gmt":"2022-05-11T23:40:34","guid":{"rendered":"https:\/\/staging.cmbf.it\/activites-dete\/skyway\/"},"modified":"2023-04-14T14:48:13","modified_gmt":"2023-04-14T12:48:13","slug":"skyway","status":"publish","type":"page","link":"https:\/\/www.courmayeur-montblanc.com\/fr\/activites-dete\/skyway\/","title":{"rendered":"Skyway"},"content":{"rendered":"\n<p>\n          <strong>L\u2019ascension au point le plus haut d\u2019Italie avec Skyway Monte Bianco.<\/strong>\n        <\/p>\n\n<div class=\"wp-block-group text-justify\"><div class=\"wp-block-group__inner-container is-layout-constrained wp-block-group-is-layout-constrained\">\n<p>Suivez la route pour le ciel pour atteindre la montagne la plus haute d\u2019Italie, en touchant les sommets avec un doigt. Skyway Monte Bianco est une merveille de l\u2019ing\u00e9nierie italienne avec des cabines tournantes \u00e0 360\u00b0 pour vivre une exp\u00e9rience unique au pied du Mont Blanc.<\/p>\n\n\n\n<p>Les trois stations accueillent des exp\u00e9riences culturelles, naturelles, cin\u00e9matographiques, artistiques et \u0153nogastronomiques, pour une journ\u00e9e compl\u00e8te en altitude.<\/p>\n\n\n\n<p>L\u2019exp\u00e9rience gourmet \u00e0 Skyway est un voyage dans le voyage. Dans la station interm\u00e9diaire \u00e0 Pavillon_The Mountain 2173m vous trouverez le Mountain Bar pour une pause rapide avec un sandwich pour ne pas rater un moment de la journ\u00e9e au pied du Mont Blanc, tandis que le Restaurant Alpin est l\u2019endroit id\u00e9al pour un d\u00e9jeuner pour ceux qui veulent profiter d&#8217;une pause gourmande sans perdre les saveurs authentiques de la montagne.<\/p>\n\n\n\n<p>Dans la station de Punta Helbronner \u00e0 3466m vous pourrez vous assoir au Kartell Bistrot Panoramic, le caf\u00e9 le plus haut d\u2019Italie, pour d\u00e9guster gouter une polenta avec un verre de vin ou une tarte maison en regardant les cath\u00e9drales de granite du Mont Blanc.<\/p>\n\n\n\n<p>Achetez sur notre site <a href=\"http:\/\/www.montebianco.com\">www.montebianco.com<\/a><\/p>\n<\/div><\/div>\n","protected":false},"excerpt":{"rendered":"<p>L\u2019ascension au point le plus haut d\u2019Italie avec Skyway Monte Bianco. Suivez la route pour le ciel pour atteindre la montagne la plus haute d\u2019Italie, en touchant les sommets avec un doigt. Skyway Monte Bianco est une merveille de l\u2019ing\u00e9nierie italienne avec des cabines tournantes \u00e0 360\u00b0 pour vivre une exp\u00e9rience unique au pied du [&hellip;]<\/p>\n","protected":false},"author":1,"featured_media":1276,"parent":3458,"menu_order":4,"comment_status":"closed","ping_status":"closed","template":"","meta":{"_acf_changed":false,"_themeisle_gutenberg_block_has_review":false,"footnotes":""},"class_list":["post-3470","page","type-page","status-publish","has-post-thumbnail","hentry"],"acf":[],"yoast_head":"<!-- This site is optimized with the Yoast SEO plugin v26.2 - https:\/\/yoast.com\/wordpress\/plugins\/seo\/ -->\n<title>Skyway - Courmayeur Mont Blanc Funivie<\/title>\n<meta name=\"robots\" content=\"index, follow, max-snippet:-1, max-image-preview:large, max-video-preview:-1\" \/>\n<link rel=\"canonical\" href=\"https:\/\/www.courmayeur-montblanc.com\/fr\/activites-dete\/skyway\/\" \/>\n<meta property=\"og:locale\" content=\"fr_FR\" \/>\n<meta property=\"og:type\" content=\"article\" \/>\n<meta property=\"og:title\" content=\"Skyway - Courmayeur Mont Blanc Funivie\" \/>\n<meta property=\"og:description\" content=\"L\u2019ascension au point le plus haut d\u2019Italie avec Skyway Monte Bianco. Suivez la route pour le ciel pour atteindre la montagne la plus haute d\u2019Italie, en touchant les sommets avec un doigt. Skyway Monte Bianco est une merveille de l\u2019ing\u00e9nierie italienne avec des cabines tournantes \u00e0 360\u00b0 pour vivre une exp\u00e9rience unique au pied du [&hellip;]\" \/>\n<meta property=\"og:url\" content=\"https:\/\/www.courmayeur-montblanc.com\/fr\/activites-dete\/skyway\/\" \/>\n<meta property=\"og:site_name\" content=\"Courmayeur Mont Blanc Funivie\" \/>\n<meta property=\"article:publisher\" content=\"https:\/\/www.facebook.com\/funiviecourmayeur\" \/>\n<meta property=\"article:modified_time\" content=\"2023-04-14T12:48:13+00:00\" \/>\n<meta property=\"og:image\" content=\"https:\/\/www.courmayeur-montblanc.com\/app\/uploads\/2022\/07\/skyway.jpg\" \/>\n\t<meta property=\"og:image:width\" content=\"1160\" \/>\n\t<meta property=\"og:image:height\" content=\"1000\" \/>\n\t<meta property=\"og:image:type\" content=\"image\/jpeg\" \/>\n<meta name=\"twitter:card\" content=\"summary_large_image\" \/>\n<meta name=\"twitter:site\" content=\"@courmayeurski\" \/>\n<meta name=\"twitter:label1\" content=\"Dur\u00e9e de lecture estim\u00e9e\" \/>\n\t<meta name=\"twitter:data1\" content=\"1 minute\" \/>\n<script type=\"application\/ld+json\" class=\"yoast-schema-graph\">{\"@context\":\"https:\/\/schema.org\",\"@graph\":[{\"@type\":\"WebPage\",\"@id\":\"https:\/\/www.courmayeur-montblanc.com\/fr\/activites-dete\/skyway\/\",\"url\":\"https:\/\/www.courmayeur-montblanc.com\/fr\/activites-dete\/skyway\/\",\"name\":\"Skyway - Courmayeur Mont Blanc Funivie\",\"isPartOf\":{\"@id\":\"https:\/\/www.courmayeur-montblanc.com\/fr\/#website\"},\"primaryImageOfPage\":{\"@id\":\"https:\/\/www.courmayeur-montblanc.com\/fr\/activites-dete\/skyway\/#primaryimage\"},\"image\":{\"@id\":\"https:\/\/www.courmayeur-montblanc.com\/fr\/activites-dete\/skyway\/#primaryimage\"},\"thumbnailUrl\":\"https:\/\/www.courmayeur-montblanc.com\/app\/uploads\/2022\/07\/skyway.jpg\",\"datePublished\":\"2022-05-11T23:40:34+00:00\",\"dateModified\":\"2023-04-14T12:48:13+00:00\",\"breadcrumb\":{\"@id\":\"https:\/\/www.courmayeur-montblanc.com\/fr\/activites-dete\/skyway\/#breadcrumb\"},\"inLanguage\":\"fr-FR\",\"potentialAction\":[{\"@type\":\"ReadAction\",\"target\":[\"https:\/\/www.courmayeur-montblanc.com\/fr\/activites-dete\/skyway\/\"]}]},{\"@type\":\"ImageObject\",\"inLanguage\":\"fr-FR\",\"@id\":\"https:\/\/www.courmayeur-montblanc.com\/fr\/activites-dete\/skyway\/#primaryimage\",\"url\":\"https:\/\/www.courmayeur-montblanc.com\/app\/uploads\/2022\/07\/skyway.jpg\",\"contentUrl\":\"https:\/\/www.courmayeur-montblanc.com\/app\/uploads\/2022\/07\/skyway.jpg\",\"width\":1160,\"height\":1000},{\"@type\":\"BreadcrumbList\",\"@id\":\"https:\/\/www.courmayeur-montblanc.com\/fr\/activites-dete\/skyway\/#breadcrumb\",\"itemListElement\":[{\"@type\":\"ListItem\",\"position\":1,\"name\":\"Homepage\",\"item\":\"https:\/\/www.courmayeur-montblanc.com\/fr\/\"},{\"@type\":\"ListItem\",\"position\":2,\"name\":\"Activit\u00e9s d&#8217;\u00e9t\u00e9\",\"item\":\"https:\/\/www.courmayeur-montblanc.com\/fr\/activites-dete\/\"},{\"@type\":\"ListItem\",\"position\":3,\"name\":\"Skyway\"}]},{\"@type\":\"WebSite\",\"@id\":\"https:\/\/www.courmayeur-montblanc.com\/fr\/#website\",\"url\":\"https:\/\/www.courmayeur-montblanc.com\/fr\/\",\"name\":\"Courmayeur Mont Blanc Funivie\",\"description\":\"\",\"publisher\":{\"@id\":\"https:\/\/www.courmayeur-montblanc.com\/fr\/#organization\"},\"potentialAction\":[{\"@type\":\"SearchAction\",\"target\":{\"@type\":\"EntryPoint\",\"urlTemplate\":\"https:\/\/www.courmayeur-montblanc.com\/fr\/?s={search_term_string}\"},\"query-input\":{\"@type\":\"PropertyValueSpecification\",\"valueRequired\":true,\"valueName\":\"search_term_string\"}}],\"inLanguage\":\"fr-FR\"},{\"@type\":\"Organization\",\"@id\":\"https:\/\/www.courmayeur-montblanc.com\/fr\/#organization\",\"name\":\"Courmayeur Mont Blanc Funivie\",\"url\":\"https:\/\/www.courmayeur-montblanc.com\/fr\/\",\"logo\":{\"@type\":\"ImageObject\",\"inLanguage\":\"fr-FR\",\"@id\":\"https:\/\/www.courmayeur-montblanc.com\/fr\/#\/schema\/logo\/image\/\",\"url\":\"https:\/\/www.courmayeur-montblanc.com\/app\/uploads\/2022\/11\/cmbf-logo.png\",\"contentUrl\":\"https:\/\/www.courmayeur-montblanc.com\/app\/uploads\/2022\/11\/cmbf-logo.png\",\"width\":800,\"height\":179,\"caption\":\"Courmayeur Mont Blanc Funivie\"},\"image\":{\"@id\":\"https:\/\/www.courmayeur-montblanc.com\/fr\/#\/schema\/logo\/image\/\"},\"sameAs\":[\"https:\/\/www.facebook.com\/funiviecourmayeur\",\"https:\/\/x.com\/courmayeurski\",\"https:\/\/www.instagram.com\/courmayeur\/\",\"https:\/\/www.youtube.com\/channel\/UCrJ-6g0ooek9MIumfwdKGGw\/featured\"]}]}<\/script>\n<!-- \/ Yoast SEO plugin. -->","yoast_head_json":{"title":"Skyway - Courmayeur Mont Blanc Funivie","robots":{"index":"index","follow":"follow","max-snippet":"max-snippet:-1","max-image-preview":"max-image-preview:large","max-video-preview":"max-video-preview:-1"},"canonical":"https:\/\/www.courmayeur-montblanc.com\/fr\/activites-dete\/skyway\/","og_locale":"fr_FR","og_type":"article","og_title":"Skyway - Courmayeur Mont Blanc Funivie","og_description":"L\u2019ascension au point le plus haut d\u2019Italie avec Skyway Monte Bianco. Suivez la route pour le ciel pour atteindre la montagne la plus haute d\u2019Italie, en touchant les sommets avec un doigt. Skyway Monte Bianco est une merveille de l\u2019ing\u00e9nierie italienne avec des cabines tournantes \u00e0 360\u00b0 pour vivre une exp\u00e9rience unique au pied du [&hellip;]","og_url":"https:\/\/www.courmayeur-montblanc.com\/fr\/activites-dete\/skyway\/","og_site_name":"Courmayeur Mont Blanc Funivie","article_publisher":"https:\/\/www.facebook.com\/funiviecourmayeur","article_modified_time":"2023-04-14T12:48:13+00:00","og_image":[{"width":1160,"height":1000,"url":"https:\/\/www.courmayeur-montblanc.com\/app\/uploads\/2022\/07\/skyway.jpg","type":"image\/jpeg"}],"twitter_card":"summary_large_image","twitter_site":"@courmayeurski","twitter_misc":{"Dur\u00e9e de lecture estim\u00e9e":"1 minute"},"schema":{"@context":"https:\/\/schema.org","@graph":[{"@type":"WebPage","@id":"https:\/\/www.courmayeur-montblanc.com\/fr\/activites-dete\/skyway\/","url":"https:\/\/www.courmayeur-montblanc.com\/fr\/activites-dete\/skyway\/","name":"Skyway - Courmayeur Mont Blanc Funivie","isPartOf":{"@id":"https:\/\/www.courmayeur-montblanc.com\/fr\/#website"},"primaryImageOfPage":{"@id":"https:\/\/www.courmayeur-montblanc.com\/fr\/activites-dete\/skyway\/#primaryimage"},"image":{"@id":"https:\/\/www.courmayeur-montblanc.com\/fr\/activites-dete\/skyway\/#primaryimage"},"thumbnailUrl":"https:\/\/www.courmayeur-montblanc.com\/app\/uploads\/2022\/07\/skyway.jpg","datePublished":"2022-05-11T23:40:34+00:00","dateModified":"2023-04-14T12:48:13+00:00","breadcrumb":{"@id":"https:\/\/www.courmayeur-montblanc.com\/fr\/activites-dete\/skyway\/#breadcrumb"},"inLanguage":"fr-FR","potentialAction":[{"@type":"ReadAction","target":["https:\/\/www.courmayeur-montblanc.com\/fr\/activites-dete\/skyway\/"]}]},{"@type":"ImageObject","inLanguage":"fr-FR","@id":"https:\/\/www.courmayeur-montblanc.com\/fr\/activites-dete\/skyway\/#primaryimage","url":"https:\/\/www.courmayeur-montblanc.com\/app\/uploads\/2022\/07\/skyway.jpg","contentUrl":"https:\/\/www.courmayeur-montblanc.com\/app\/uploads\/2022\/07\/skyway.jpg","width":1160,"height":1000},{"@type":"BreadcrumbList","@id":"https:\/\/www.courmayeur-montblanc.com\/fr\/activites-dete\/skyway\/#breadcrumb","itemListElement":[{"@type":"ListItem","position":1,"name":"Homepage","item":"https:\/\/www.courmayeur-montblanc.com\/fr\/"},{"@type":"ListItem","position":2,"name":"Activit\u00e9s d&#8217;\u00e9t\u00e9","item":"https:\/\/www.courmayeur-montblanc.com\/fr\/activites-dete\/"},{"@type":"ListItem","position":3,"name":"Skyway"}]},{"@type":"WebSite","@id":"https:\/\/www.courmayeur-montblanc.com\/fr\/#website","url":"https:\/\/www.courmayeur-montblanc.com\/fr\/","name":"Courmayeur Mont Blanc Funivie","description":"","publisher":{"@id":"https:\/\/www.courmayeur-montblanc.com\/fr\/#organization"},"potentialAction":[{"@type":"SearchAction","target":{"@type":"EntryPoint","urlTemplate":"https:\/\/www.courmayeur-montblanc.com\/fr\/?s={search_term_string}"},"query-input":{"@type":"PropertyValueSpecification","valueRequired":true,"valueName":"search_term_string"}}],"inLanguage":"fr-FR"},{"@type":"Organization","@id":"https:\/\/www.courmayeur-montblanc.com\/fr\/#organization","name":"Courmayeur Mont Blanc Funivie","url":"https:\/\/www.courmayeur-montblanc.com\/fr\/","logo":{"@type":"ImageObject","inLanguage":"fr-FR","@id":"https:\/\/www.courmayeur-montblanc.com\/fr\/#\/schema\/logo\/image\/","url":"https:\/\/www.courmayeur-montblanc.com\/app\/uploads\/2022\/11\/cmbf-logo.png","contentUrl":"https:\/\/www.courmayeur-montblanc.com\/app\/uploads\/2022\/11\/cmbf-logo.png","width":800,"height":179,"caption":"Courmayeur Mont Blanc Funivie"},"image":{"@id":"https:\/\/www.courmayeur-montblanc.com\/fr\/#\/schema\/logo\/image\/"},"sameAs":["https:\/\/www.facebook.com\/funiviecourmayeur","https:\/\/x.com\/courmayeurski","https:\/\/www.instagram.com\/courmayeur\/","https:\/\/www.youtube.com\/channel\/UCrJ-6g0ooek9MIumfwdKGGw\/featured"]}]}},"_links":{"self":[{"href":"https:\/\/www.courmayeur-montblanc.com\/fr\/wp-json\/wp\/v2\/pages\/3470","targetHints":{"allow":["GET"]}}],"collection":[{"href":"https:\/\/www.courmayeur-montblanc.com\/fr\/wp-json\/wp\/v2\/pages"}],"about":[{"href":"https:\/\/www.courmayeur-montblanc.com\/fr\/wp-json\/wp\/v2\/types\/page"}],"author":[{"embeddable":true,"href":"https:\/\/www.courmayeur-montblanc.com\/fr\/wp-json\/wp\/v2\/users\/1"}],"replies":[{"embeddable":true,"href":"https:\/\/www.courmayeur-montblanc.com\/fr\/wp-json\/wp\/v2\/comments?post=3470"}],"version-history":[{"count":11,"href":"https:\/\/www.courmayeur-montblanc.com\/fr\/wp-json\/wp\/v2\/pages\/3470\/revisions"}],"predecessor-version":[{"id":6329,"href":"https:\/\/www.courmayeur-montblanc.com\/fr\/wp-json\/wp\/v2\/pages\/3470\/revisions\/6329"}],"up":[{"embeddable":true,"href":"https:\/\/www.courmayeur-montblanc.com\/fr\/wp-json\/wp\/v2\/pages\/3458"}],"wp:featuredmedia":[{"embeddable":true,"href":"https:\/\/www.courmayeur-montblanc.com\/fr\/wp-json\/wp\/v2\/media\/1276"}],"wp:attachment":[{"href":"https:\/\/www.courmayeur-montblanc.com\/fr\/wp-json\/wp\/v2\/media?parent=3470"}],"curies":[{"name":"wp","href":"https:\/\/api.w.org\/{rel}","templated":true}]}}