{"id":3473,"date":"2022-05-12T01:40:20","date_gmt":"2022-05-11T23:40:20","guid":{"rendered":"https:\/\/staging.cmbf.it\/activites-dete\/randonnee-et-course-a-pied\/"},"modified":"2025-06-10T12:25:05","modified_gmt":"2025-06-10T10:25:05","slug":"randonnee-et-course-a-pied","status":"publish","type":"page","link":"https:\/\/www.courmayeur-montblanc.com\/fr\/activites-dete\/randonnee-et-course-a-pied\/","title":{"rendered":"Randonn\u00e9e et course \u00e0 pied"},"content":{"rendered":"\n<div class=\"wp-block-buttons is-content-justification-right is-layout-flex wp-container-core-buttons-is-layout-765c4724 wp-block-buttons-is-layout-flex\">\n<div class=\"wp-block-button aligncenter\"><a class=\"wp-block-button__link has-luminous-vivid-amber-background-color has-background has-text-align-right wp-element-button\" href=\"https:\/\/www.courmayeur-montblanc.com\/fr\/billets-et-forfaits-ski\/tarifs-ete\/\" target=\"_blank\" rel=\"noreferrer noopener\">TARIFS D&#8217;\u00c9T\u00c9<\/a><\/div>\n<\/div>\n\n\n\n<p>\n          <strong>A&#8217; la d\u00e9couverte des Alpes<\/strong>\n        <\/p>\n\n\n\n<div class=\"wp-block-group text-justify\"><div class=\"wp-block-group__inner-container is-layout-flow wp-block-group-is-layout-flow\">\n<p class=\"text-justify\">Rejoignez <strong>Plan Checrouit<\/strong>, <strong>Maison Vieille<\/strong> ou <strong>Pr\u00e9 de Pascal<\/strong> avec nos remont\u00e9es et d\u00e9couvrez les nombreux sentiers pour les passionn\u00e9s de trekking et de running dans le c\u0153ur des Alpes. Profitez des paysages incroyables entour\u00e9s de verdure qui encadreront vos excursions en montagne et promenez-vous en famille le long des sentiers entour\u00e9s des sommets les plus encroyables. <br>\u00cates-vous un amoureux des trails? Entra\u00eenez-vous sur les parcours de l&#8217;Ultra trail du Mont Blanc et du Tor des G\u00e9ants, qui vous mettront \u00e0 l&#8217;\u00e9preuve, testeront vos comp\u00e9tences et vous pousseront \u00e0 donner le meilleur de vous-m\u00eame.  <br>Marchez et respirez la nature le long des sentiers de montagne du Tour du Mont Blanc.<\/p>\n<\/div><\/div>\n\n\n\n<p>Pr\u00e9parez-vous \u00e0 la beaut\u00e9.<\/p>\n\n\n\n<p class=\"has-text-align-center has-background\" style=\"background-color:#c3c3c3\"><a href=\"https:\/\/www.courmayeur-montblanc.com\/fr\/%C3%A9v%C3%A9nements\/trekking-per-tutti-2025\/\" target=\"_blank\" rel=\"noreferrer noopener\"><strong>Cliquez ici pour d\u00e9couvrir les rendez-vous avec nos Guides Randonneurs Naturalistes pour profiter pleinement des panoramas du Mont Blanc.<\/strong><\/a><\/p>\n\n\n\n<div style=\"height:39px\" aria-hidden=\"true\" class=\"wp-block-spacer\"><\/div>\n\n\n\n<h2 class=\"wp-block-heading has-text-align-center\">EXCURSIONS INOUBLIABLES<\/h2>\n\n\n\n<div id=\"wp-block-themeisle-blocks-advanced-columns-395b328b\" class=\"wp-block-themeisle-blocks-advanced-columns alignfull has-3-columns has-desktop-equal-layout has-tablet-equal-layout has-mobile-collapsedRows-layout has-vertical-top ticss-c00aadba\"><div class=\"wp-block-themeisle-blocks-advanced-columns-overlay\"><\/div><div class=\"innerblocks-wrap\">\n<div id=\"wp-block-themeisle-blocks-advanced-column-942f14fa\" class=\"wp-block-themeisle-blocks-advanced-column\">\n<h4 class=\"wp-block-heading has-text-align-center\"><strong>UNE AVENTURE EN FAMILLE<\/strong>:<br><strong>PROMENADE AU LAC CHECROUIT<\/strong><\/h4>\n\n\n\n<p>Un itin\u00e9raire simple et adapte aux adultes et enfants pour une journ\u00e9e en pleine nature en face au Mont Blanc. La route est accessible avec la t\u00e9l\u00e9cabine Dolonne et la t\u00e9l\u00e9si\u00e8ge Maison Vieille. Derri\u00e8re le <strong>refuge Maison Vieille<\/strong> vous suivez le sentier num\u00e9ro 6, que monte doucement \u00e0 travers les <strong>prairies en fleur,<\/strong> jusqu\u2019\u00e0 la destination, le <strong>Lac Checrouit<\/strong> \u00e0 2000 m, dont les eaux vertes et bleues refl\u00e8tent les sommets imposants de la cha\u00eene du Mont-Blanc.  <\/p>\n\n\n\n<figure class=\"wp-block-table is-style-stripes\" style=\"font-size:14px\"><table class=\"has-fixed-layout\"><tbody><tr><td><strong>DEPART<\/strong><\/td><td>RIF. MAISON VIELLE (1952 m)<\/td><\/tr><tr><td><strong>ARRIV\u00c9E<\/strong><\/td><td>LAGO CHECROUIT (2161 m)<\/td><\/tr><tr><td><strong>DIFFICOLT\u00c9<\/strong><\/td><td>SIMPLE<\/td><\/tr><tr><td><strong><strong>DUR\u00c9<\/strong>E<\/strong><\/td><td>00h45 (all\u00e9 simple)<\/td><\/tr><\/tbody><\/table><\/figure>\n<\/div>\n\n\n\n<div id=\"wp-block-themeisle-blocks-advanced-column-0dd84cac\" class=\"wp-block-themeisle-blocks-advanced-column\">\n<h4 class=\"wp-block-heading has-text-align-center\"><strong>RANDONN\u00c9ES:<\/strong><br><strong>LE GRAND BALCON DU VAL VENY<\/strong><\/h4>\n\n\n\n<p>Entre les \u00e9tapes les plus spectaculaires du <strong>Tour du Mont Blanc<\/strong>, le balcon de la <strong>Val Veny,<\/strong> avec le d\u00e9part du refuge Maison Vielle qu\u2019on peut rejoindre avec la t\u00e9l\u00e9cabine Dolonne et la t\u00e9l\u00e9si\u00e8ge Maison Vielle, longe toute la vall\u00e9e qui offre des <strong>points de vue<\/strong> et des <strong>vues incroyables<\/strong> sur la cha\u00eene du <strong>Mont Blanc<\/strong>. Une balade d\u2019une journ\u00e9e en face au toit d\u2019Europe, compl\u00e8tement <strong>entour\u00e9s<\/strong> par le <strong>vert.<\/strong><\/p>\n\n\n\n<figure class=\"wp-block-table is-style-stripes\" style=\"font-size:14px\"><table class=\"has-fixed-layout\"><tbody><tr><td><strong>DEPART<\/strong><\/td><td>RIF. MAISON VIELLE (1952 m)<\/td><\/tr><tr><td><strong>ARRIV\u00c9E<\/strong><\/td><td>LA VISAILLE (1667 m)<\/td><\/tr><tr><td><strong>DIFFICOLT\u00c9<\/strong><\/td><td>EXCURSIONISME<\/td><\/tr><tr><td><strong><strong>DUR\u00c9<\/strong>E<\/strong><\/td><td>03h00 (all\u00e9 simple \u2013 retour en bus)<\/td><\/tr><\/tbody><\/table><\/figure>\n<\/div>\n\n\n\n<div id=\"wp-block-themeisle-blocks-advanced-column-07b3d357\" class=\"wp-block-themeisle-blocks-advanced-column\">\n<h4 class=\"wp-block-heading has-text-align-center\"><strong>LA MAGIE DU VAL VENY :<\/strong> <strong>EXCURSION AU MONT CH\u00c9TIF<\/strong><\/h4>\n\n\n\n<p>En empruntant le <strong>t\u00e9l\u00e9si\u00e8ge Zerotta,<\/strong> on atteint Courba Dzeleuna, un <strong>magnifique balcon naturel<\/strong> sur la Val Veny. En poursuivant le sentier qui serpente \u00e0 travers <strong>les affleurements rocheux <\/strong>de la cr\u00eate, on arrive au sommet du Mont Ch\u00e9tif et \u00e0 la statue de la Vierge. La <strong>vue<\/strong> est <strong>unique<\/strong> et incomparable : un <strong>panorama magique<\/strong> sur toute la cha\u00eene du <strong>Mont-Blanc<\/strong>, embrassant d\u2019un seul regard l\u2019ensemble du massif, du Col de la Seigne, fronti\u00e8re avec la France, jusqu\u2019au Col Ferret, fronti\u00e8re suisse.<br>Pour ceux qui souhaitent allonger l\u2019itin\u00e9raire, il est possible de prendre le <strong>t\u00e9l\u00e9ph\u00e9rique Val Veny<\/strong> qui arrive \u00e0 Pr\u00e9 de Pascal. De l\u00e0, commence le sentier n\u00b05-5A qui m\u00e8ne \u00e0 Courba Dzeleuna.<\/p>\n\n\n\n<figure class=\"wp-block-table is-style-stripes\" style=\"font-size:14px\"><table class=\"has-fixed-layout\"><tbody><tr><td><strong>DEPART<\/strong><\/td><td>COURBA DZELEUNA (2080 m) ou PR\u00c9 DE PASCAL (1903 m)<\/td><\/tr><tr><td><strong>ARRIV\u00c9E<\/strong><\/td><td>MONT CH\u00c9TIF (2343 m)<\/td><\/tr><tr><td><strong>DIFFICOLT\u00c9<\/strong><\/td><td>RANDONNEURS EXP\u00c9RIMENT\u00c9S<\/td><\/tr><tr><td><strong><strong>DUR\u00c9<\/strong>E<\/strong><\/td><td>01h30 (all\u00e9 simple de Courba Dzeleuna, +30min de Pr\u00e9 de Pascal)<\/td><\/tr><\/tbody><\/table><\/figure>\n<\/div>\n<\/div><\/div>\n\n\n\n<div style=\"height:26px\" aria-hidden=\"true\" class=\"wp-block-spacer\"><\/div>\n\n\n<div class=\"wp-block-image\">\n<figure class=\"aligncenter size-large\"><img loading=\"lazy\" decoding=\"async\" width=\"1024\" height=\"603\" src=\"https:\/\/www.courmayeur-montblanc.com\/app\/uploads\/2025\/05\/Mappa-percorsi-estate-CMBF-1024x603.jpg\" alt=\"\" class=\"wp-image-11807\" srcset=\"https:\/\/www.courmayeur-montblanc.com\/app\/uploads\/2025\/05\/Mappa-percorsi-estate-CMBF-1024x603.jpg 1024w, https:\/\/www.courmayeur-montblanc.com\/app\/uploads\/2025\/05\/Mappa-percorsi-estate-CMBF-300x177.jpg 300w, https:\/\/www.courmayeur-montblanc.com\/app\/uploads\/2025\/05\/Mappa-percorsi-estate-CMBF-768x452.jpg 768w, https:\/\/www.courmayeur-montblanc.com\/app\/uploads\/2025\/05\/Mappa-percorsi-estate-CMBF-1536x904.jpg 1536w, https:\/\/www.courmayeur-montblanc.com\/app\/uploads\/2025\/05\/Mappa-percorsi-estate-CMBF-2048x1206.jpg 2048w\" sizes=\"auto, (max-width: 1024px) 100vw, 1024px\" \/><\/figure><\/div>\n\n\n<div style=\"height:26px\" aria-hidden=\"true\" class=\"wp-block-spacer\"><\/div>\n","protected":false},"excerpt":{"rendered":"<p>A&#8217; la d\u00e9couverte des Alpes Rejoignez Plan Checrouit, Maison Vieille ou Pr\u00e9 de Pascal avec nos remont\u00e9es et d\u00e9couvrez les nombreux sentiers pour les passionn\u00e9s de trekking et de running dans le c\u0153ur des Alpes. Profitez des paysages incroyables entour\u00e9s de verdure qui encadreront vos excursions en montagne et promenez-vous en famille le long des [&hellip;]<\/p>\n","protected":false},"author":1,"featured_media":9409,"parent":3458,"menu_order":2,"comment_status":"closed","ping_status":"closed","template":"template-container.php","meta":{"_acf_changed":false,"_themeisle_gutenberg_block_has_review":false,"footnotes":""},"class_list":["post-3473","page","type-page","status-publish","has-post-thumbnail","hentry"],"acf":[],"yoast_head":"<!-- This site is optimized with the Yoast SEO plugin v26.2 - https:\/\/yoast.com\/wordpress\/plugins\/seo\/ -->\n<title>Randonn\u00e9e et course \u00e0 pied - Courmayeur Mont Blanc Funivie<\/title>\n<meta name=\"robots\" content=\"index, follow, max-snippet:-1, max-image-preview:large, max-video-preview:-1\" \/>\n<link rel=\"canonical\" href=\"https:\/\/www.courmayeur-montblanc.com\/fr\/activites-dete\/randonnee-et-course-a-pied\/\" \/>\n<meta property=\"og:locale\" content=\"fr_FR\" \/>\n<meta property=\"og:type\" content=\"article\" \/>\n<meta property=\"og:title\" content=\"Randonn\u00e9e et course \u00e0 pied - Courmayeur Mont Blanc Funivie\" \/>\n<meta property=\"og:description\" content=\"A&#8217; la d\u00e9couverte des Alpes Rejoignez Plan Checrouit, Maison Vieille ou Pr\u00e9 de Pascal avec nos remont\u00e9es et d\u00e9couvrez les nombreux sentiers pour les passionn\u00e9s de trekking et de running dans le c\u0153ur des Alpes. Profitez des paysages incroyables entour\u00e9s de verdure qui encadreront vos excursions en montagne et promenez-vous en famille le long des [&hellip;]\" \/>\n<meta property=\"og:url\" content=\"https:\/\/www.courmayeur-montblanc.com\/fr\/activites-dete\/randonnee-et-course-a-pied\/\" \/>\n<meta property=\"og:site_name\" content=\"Courmayeur Mont Blanc Funivie\" \/>\n<meta property=\"article:publisher\" content=\"https:\/\/www.facebook.com\/funiviecourmayeur\" \/>\n<meta property=\"article:modified_time\" content=\"2025-06-10T10:25:05+00:00\" \/>\n<meta property=\"og:image\" content=\"https:\/\/www.courmayeur-montblanc.com\/app\/uploads\/2024\/06\/cover-trekking-1.jpg\" \/>\n\t<meta property=\"og:image:width\" content=\"2560\" \/>\n\t<meta property=\"og:image:height\" content=\"1312\" \/>\n\t<meta property=\"og:image:type\" content=\"image\/jpeg\" \/>\n<meta name=\"twitter:card\" content=\"summary_large_image\" \/>\n<meta name=\"twitter:site\" content=\"@courmayeurski\" \/>\n<meta name=\"twitter:label1\" content=\"Dur\u00e9e de lecture estim\u00e9e\" \/>\n\t<meta name=\"twitter:data1\" content=\"3 minutes\" \/>\n<script type=\"application\/ld+json\" class=\"yoast-schema-graph\">{\"@context\":\"https:\/\/schema.org\",\"@graph\":[{\"@type\":\"WebPage\",\"@id\":\"https:\/\/www.courmayeur-montblanc.com\/fr\/activites-dete\/randonnee-et-course-a-pied\/\",\"url\":\"https:\/\/www.courmayeur-montblanc.com\/fr\/activites-dete\/randonnee-et-course-a-pied\/\",\"name\":\"Randonn\u00e9e et course \u00e0 pied - Courmayeur Mont Blanc Funivie\",\"isPartOf\":{\"@id\":\"https:\/\/www.courmayeur-montblanc.com\/fr\/#website\"},\"primaryImageOfPage\":{\"@id\":\"https:\/\/www.courmayeur-montblanc.com\/fr\/activites-dete\/randonnee-et-course-a-pied\/#primaryimage\"},\"image\":{\"@id\":\"https:\/\/www.courmayeur-montblanc.com\/fr\/activites-dete\/randonnee-et-course-a-pied\/#primaryimage\"},\"thumbnailUrl\":\"https:\/\/www.courmayeur-montblanc.com\/app\/uploads\/2024\/06\/cover-trekking-1.jpg\",\"datePublished\":\"2022-05-11T23:40:20+00:00\",\"dateModified\":\"2025-06-10T10:25:05+00:00\",\"breadcrumb\":{\"@id\":\"https:\/\/www.courmayeur-montblanc.com\/fr\/activites-dete\/randonnee-et-course-a-pied\/#breadcrumb\"},\"inLanguage\":\"fr-FR\",\"potentialAction\":[{\"@type\":\"ReadAction\",\"target\":[\"https:\/\/www.courmayeur-montblanc.com\/fr\/activites-dete\/randonnee-et-course-a-pied\/\"]}]},{\"@type\":\"ImageObject\",\"inLanguage\":\"fr-FR\",\"@id\":\"https:\/\/www.courmayeur-montblanc.com\/fr\/activites-dete\/randonnee-et-course-a-pied\/#primaryimage\",\"url\":\"https:\/\/www.courmayeur-montblanc.com\/app\/uploads\/2024\/06\/cover-trekking-1.jpg\",\"contentUrl\":\"https:\/\/www.courmayeur-montblanc.com\/app\/uploads\/2024\/06\/cover-trekking-1.jpg\",\"width\":2560,\"height\":1312},{\"@type\":\"BreadcrumbList\",\"@id\":\"https:\/\/www.courmayeur-montblanc.com\/fr\/activites-dete\/randonnee-et-course-a-pied\/#breadcrumb\",\"itemListElement\":[{\"@type\":\"ListItem\",\"position\":1,\"name\":\"Homepage\",\"item\":\"https:\/\/www.courmayeur-montblanc.com\/fr\/\"},{\"@type\":\"ListItem\",\"position\":2,\"name\":\"Activit\u00e9s d&#8217;\u00e9t\u00e9\",\"item\":\"https:\/\/www.courmayeur-montblanc.com\/fr\/activites-dete\/\"},{\"@type\":\"ListItem\",\"position\":3,\"name\":\"Randonn\u00e9e et course \u00e0 pied\"}]},{\"@type\":\"WebSite\",\"@id\":\"https:\/\/www.courmayeur-montblanc.com\/fr\/#website\",\"url\":\"https:\/\/www.courmayeur-montblanc.com\/fr\/\",\"name\":\"Courmayeur Mont Blanc Funivie\",\"description\":\"\",\"publisher\":{\"@id\":\"https:\/\/www.courmayeur-montblanc.com\/fr\/#organization\"},\"potentialAction\":[{\"@type\":\"SearchAction\",\"target\":{\"@type\":\"EntryPoint\",\"urlTemplate\":\"https:\/\/www.courmayeur-montblanc.com\/fr\/?s={search_term_string}\"},\"query-input\":{\"@type\":\"PropertyValueSpecification\",\"valueRequired\":true,\"valueName\":\"search_term_string\"}}],\"inLanguage\":\"fr-FR\"},{\"@type\":\"Organization\",\"@id\":\"https:\/\/www.courmayeur-montblanc.com\/fr\/#organization\",\"name\":\"Courmayeur Mont Blanc Funivie\",\"url\":\"https:\/\/www.courmayeur-montblanc.com\/fr\/\",\"logo\":{\"@type\":\"ImageObject\",\"inLanguage\":\"fr-FR\",\"@id\":\"https:\/\/www.courmayeur-montblanc.com\/fr\/#\/schema\/logo\/image\/\",\"url\":\"https:\/\/www.courmayeur-montblanc.com\/app\/uploads\/2022\/11\/cmbf-logo.png\",\"contentUrl\":\"https:\/\/www.courmayeur-montblanc.com\/app\/uploads\/2022\/11\/cmbf-logo.png\",\"width\":800,\"height\":179,\"caption\":\"Courmayeur Mont Blanc Funivie\"},\"image\":{\"@id\":\"https:\/\/www.courmayeur-montblanc.com\/fr\/#\/schema\/logo\/image\/\"},\"sameAs\":[\"https:\/\/www.facebook.com\/funiviecourmayeur\",\"https:\/\/x.com\/courmayeurski\",\"https:\/\/www.instagram.com\/courmayeur\/\",\"https:\/\/www.youtube.com\/channel\/UCrJ-6g0ooek9MIumfwdKGGw\/featured\"]}]}<\/script>\n<!-- \/ Yoast SEO plugin. -->","yoast_head_json":{"title":"Randonn\u00e9e et course \u00e0 pied - Courmayeur Mont Blanc Funivie","robots":{"index":"index","follow":"follow","max-snippet":"max-snippet:-1","max-image-preview":"max-image-preview:large","max-video-preview":"max-video-preview:-1"},"canonical":"https:\/\/www.courmayeur-montblanc.com\/fr\/activites-dete\/randonnee-et-course-a-pied\/","og_locale":"fr_FR","og_type":"article","og_title":"Randonn\u00e9e et course \u00e0 pied - Courmayeur Mont Blanc Funivie","og_description":"A&#8217; la d\u00e9couverte des Alpes Rejoignez Plan Checrouit, Maison Vieille ou Pr\u00e9 de Pascal avec nos remont\u00e9es et d\u00e9couvrez les nombreux sentiers pour les passionn\u00e9s de trekking et de running dans le c\u0153ur des Alpes. Profitez des paysages incroyables entour\u00e9s de verdure qui encadreront vos excursions en montagne et promenez-vous en famille le long des [&hellip;]","og_url":"https:\/\/www.courmayeur-montblanc.com\/fr\/activites-dete\/randonnee-et-course-a-pied\/","og_site_name":"Courmayeur Mont Blanc Funivie","article_publisher":"https:\/\/www.facebook.com\/funiviecourmayeur","article_modified_time":"2025-06-10T10:25:05+00:00","og_image":[{"width":2560,"height":1312,"url":"https:\/\/www.courmayeur-montblanc.com\/app\/uploads\/2024\/06\/cover-trekking-1.jpg","type":"image\/jpeg"}],"twitter_card":"summary_large_image","twitter_site":"@courmayeurski","twitter_misc":{"Dur\u00e9e de lecture estim\u00e9e":"3 minutes"},"schema":{"@context":"https:\/\/schema.org","@graph":[{"@type":"WebPage","@id":"https:\/\/www.courmayeur-montblanc.com\/fr\/activites-dete\/randonnee-et-course-a-pied\/","url":"https:\/\/www.courmayeur-montblanc.com\/fr\/activites-dete\/randonnee-et-course-a-pied\/","name":"Randonn\u00e9e et course \u00e0 pied - Courmayeur Mont Blanc Funivie","isPartOf":{"@id":"https:\/\/www.courmayeur-montblanc.com\/fr\/#website"},"primaryImageOfPage":{"@id":"https:\/\/www.courmayeur-montblanc.com\/fr\/activites-dete\/randonnee-et-course-a-pied\/#primaryimage"},"image":{"@id":"https:\/\/www.courmayeur-montblanc.com\/fr\/activites-dete\/randonnee-et-course-a-pied\/#primaryimage"},"thumbnailUrl":"https:\/\/www.courmayeur-montblanc.com\/app\/uploads\/2024\/06\/cover-trekking-1.jpg","datePublished":"2022-05-11T23:40:20+00:00","dateModified":"2025-06-10T10:25:05+00:00","breadcrumb":{"@id":"https:\/\/www.courmayeur-montblanc.com\/fr\/activites-dete\/randonnee-et-course-a-pied\/#breadcrumb"},"inLanguage":"fr-FR","potentialAction":[{"@type":"ReadAction","target":["https:\/\/www.courmayeur-montblanc.com\/fr\/activites-dete\/randonnee-et-course-a-pied\/"]}]},{"@type":"ImageObject","inLanguage":"fr-FR","@id":"https:\/\/www.courmayeur-montblanc.com\/fr\/activites-dete\/randonnee-et-course-a-pied\/#primaryimage","url":"https:\/\/www.courmayeur-montblanc.com\/app\/uploads\/2024\/06\/cover-trekking-1.jpg","contentUrl":"https:\/\/www.courmayeur-montblanc.com\/app\/uploads\/2024\/06\/cover-trekking-1.jpg","width":2560,"height":1312},{"@type":"BreadcrumbList","@id":"https:\/\/www.courmayeur-montblanc.com\/fr\/activites-dete\/randonnee-et-course-a-pied\/#breadcrumb","itemListElement":[{"@type":"ListItem","position":1,"name":"Homepage","item":"https:\/\/www.courmayeur-montblanc.com\/fr\/"},{"@type":"ListItem","position":2,"name":"Activit\u00e9s d&#8217;\u00e9t\u00e9","item":"https:\/\/www.courmayeur-montblanc.com\/fr\/activites-dete\/"},{"@type":"ListItem","position":3,"name":"Randonn\u00e9e et course \u00e0 pied"}]},{"@type":"WebSite","@id":"https:\/\/www.courmayeur-montblanc.com\/fr\/#website","url":"https:\/\/www.courmayeur-montblanc.com\/fr\/","name":"Courmayeur Mont Blanc Funivie","description":"","publisher":{"@id":"https:\/\/www.courmayeur-montblanc.com\/fr\/#organization"},"potentialAction":[{"@type":"SearchAction","target":{"@type":"EntryPoint","urlTemplate":"https:\/\/www.courmayeur-montblanc.com\/fr\/?s={search_term_string}"},"query-input":{"@type":"PropertyValueSpecification","valueRequired":true,"valueName":"search_term_string"}}],"inLanguage":"fr-FR"},{"@type":"Organization","@id":"https:\/\/www.courmayeur-montblanc.com\/fr\/#organization","name":"Courmayeur Mont Blanc Funivie","url":"https:\/\/www.courmayeur-montblanc.com\/fr\/","logo":{"@type":"ImageObject","inLanguage":"fr-FR","@id":"https:\/\/www.courmayeur-montblanc.com\/fr\/#\/schema\/logo\/image\/","url":"https:\/\/www.courmayeur-montblanc.com\/app\/uploads\/2022\/11\/cmbf-logo.png","contentUrl":"https:\/\/www.courmayeur-montblanc.com\/app\/uploads\/2022\/11\/cmbf-logo.png","width":800,"height":179,"caption":"Courmayeur Mont Blanc Funivie"},"image":{"@id":"https:\/\/www.courmayeur-montblanc.com\/fr\/#\/schema\/logo\/image\/"},"sameAs":["https:\/\/www.facebook.com\/funiviecourmayeur","https:\/\/x.com\/courmayeurski","https:\/\/www.instagram.com\/courmayeur\/","https:\/\/www.youtube.com\/channel\/UCrJ-6g0ooek9MIumfwdKGGw\/featured"]}]}},"_links":{"self":[{"href":"https:\/\/www.courmayeur-montblanc.com\/fr\/wp-json\/wp\/v2\/pages\/3473","targetHints":{"allow":["GET"]}}],"collection":[{"href":"https:\/\/www.courmayeur-montblanc.com\/fr\/wp-json\/wp\/v2\/pages"}],"about":[{"href":"https:\/\/www.courmayeur-montblanc.com\/fr\/wp-json\/wp\/v2\/types\/page"}],"author":[{"embeddable":true,"href":"https:\/\/www.courmayeur-montblanc.com\/fr\/wp-json\/wp\/v2\/users\/1"}],"replies":[{"embeddable":true,"href":"https:\/\/www.courmayeur-montblanc.com\/fr\/wp-json\/wp\/v2\/comments?post=3473"}],"version-history":[{"count":34,"href":"https:\/\/www.courmayeur-montblanc.com\/fr\/wp-json\/wp\/v2\/pages\/3473\/revisions"}],"predecessor-version":[{"id":11933,"href":"https:\/\/www.courmayeur-montblanc.com\/fr\/wp-json\/wp\/v2\/pages\/3473\/revisions\/11933"}],"up":[{"embeddable":true,"href":"https:\/\/www.courmayeur-montblanc.com\/fr\/wp-json\/wp\/v2\/pages\/3458"}],"wp:featuredmedia":[{"embeddable":true,"href":"https:\/\/www.courmayeur-montblanc.com\/fr\/wp-json\/wp\/v2\/media\/9409"}],"wp:attachment":[{"href":"https:\/\/www.courmayeur-montblanc.com\/fr\/wp-json\/wp\/v2\/media?parent=3473"}],"curies":[{"name":"wp","href":"https:\/\/api.w.org\/{rel}","templated":true}]}}