{"id":3479,"date":"2022-05-02T22:44:22","date_gmt":"2022-05-02T20:44:22","guid":{"rendered":"https:\/\/staging.cmbf.it\/gourmet\/gourmet\/"},"modified":"2022-11-20T10:21:58","modified_gmt":"2022-11-20T09:21:58","slug":"gourmet","status":"publish","type":"page","link":"https:\/\/www.courmayeur-montblanc.com\/fr\/gourmet\/gourmet\/","title":{"rendered":"Gourmet"},"content":{"rendered":"\n<div class=\"wp-block-group text-justify\"><div class=\"wp-block-group__inner-container is-layout-flow wp-block-group-is-layout-flow\">\n<p>\n          <strong>L\u2019Haute cuisine dans les Alpes<\/strong>\n        <\/p>\n\n\n\n<p>Entre restaurants chics et refuges au go\u00fbt authentique, \u00e0 Courmayeur il y a l&#8217;embarras du choix.<\/p>\n\n\n\n<p>La meilleure cuisine des Alpes et l&#8217;hospitalit\u00e9 authentique des refuges de montagne.<\/p>\n<\/div><\/div>\n\n\n\n<p>\n          <strong>RESTAURANTS VERSANT CHECROUIT<\/strong>\n        <\/p>\n\n\n<section id=\"activity-grid-block_62c5eb5f10231\" class=\"activity-grid mb-3\">\n        <div class=\"activity\" data-id=\"1473\">\n        <div class=\"activity-logo\">\n            <img loading=\"lazy\" decoding=\"async\" width=\"150\" height=\"150\" src=\"https:\/\/www.courmayeur-montblanc.com\/app\/uploads\/2022\/07\/logo_chez_ollier.jpg\" class=\"attachment-large size-large wp-post-image\" alt=\"\" \/>        <\/div>\n        <div class=\"activity-title\">\n            Chez Ollier        <\/div>\n    <\/div>\n        <div class=\"activity\" data-id=\"1474\">\n        <div class=\"activity-logo\">\n            <img loading=\"lazy\" decoding=\"async\" width=\"150\" height=\"150\" src=\"https:\/\/www.courmayeur-montblanc.com\/app\/uploads\/2022\/07\/logo_chiecco.jpg\" class=\"attachment-large size-large wp-post-image\" alt=\"\" \/>        <\/div>\n        <div class=\"activity-title\">\n            Chiecco        <\/div>\n    <\/div>\n        <div class=\"activity\" data-id=\"2663\">\n        <div class=\"activity-logo\">\n            <img loading=\"lazy\" decoding=\"async\" width=\"640\" height=\"640\" src=\"https:\/\/www.courmayeur-montblanc.com\/app\/uploads\/2022\/12\/logo-les-dames-1024x1024.png\" class=\"attachment-large size-large wp-post-image\" alt=\"\" srcset=\"https:\/\/www.courmayeur-montblanc.com\/app\/uploads\/2022\/12\/logo-les-dames-1024x1024.png 1024w, https:\/\/www.courmayeur-montblanc.com\/app\/uploads\/2022\/12\/logo-les-dames-300x300.png 300w, https:\/\/www.courmayeur-montblanc.com\/app\/uploads\/2022\/12\/logo-les-dames-150x150.png 150w, https:\/\/www.courmayeur-montblanc.com\/app\/uploads\/2022\/12\/logo-les-dames-768x768.png 768w\" sizes=\"auto, (max-width: 640px) 100vw, 640px\" \/>        <\/div>\n        <div class=\"activity-title\">\n            Les Dames Anglaises        <\/div>\n    <\/div>\n        <div class=\"activity\" data-id=\"1534\">\n        <div class=\"activity-logo\">\n            <img loading=\"lazy\" decoding=\"async\" width=\"150\" height=\"150\" src=\"https:\/\/www.courmayeur-montblanc.com\/app\/uploads\/2022\/07\/logo_maison_vieille_0.jpg\" class=\"attachment-large size-large wp-post-image\" alt=\"\" \/>        <\/div>\n        <div class=\"activity-title\">\n            Maison Vieille        <\/div>\n    <\/div>\n    <\/section>\n\n\n\n\n<div style=\"height:37px\" aria-hidden=\"true\" class=\"wp-block-spacer\"><\/div>\n\n\n\n<p>\n          <strong>RESTAURANTS VERSANT VAL VENY<\/strong>\n        <\/p>\n\n\n<section id=\"activity-grid-block_634d5cd5f6a69\" class=\"activity-grid mb-3\">\n        <div class=\"activity\" data-id=\"1469\">\n        <div class=\"activity-logo\">\n            <img loading=\"lazy\" decoding=\"async\" width=\"640\" height=\"644\" src=\"https:\/\/www.courmayeur-montblanc.com\/app\/uploads\/2022\/07\/logo-capitain-des-alpes_1-1018x1024.jpg\" class=\"attachment-large size-large wp-post-image\" alt=\"\" srcset=\"https:\/\/www.courmayeur-montblanc.com\/app\/uploads\/2022\/07\/logo-capitain-des-alpes_1-1018x1024.jpg 1018w, https:\/\/www.courmayeur-montblanc.com\/app\/uploads\/2022\/07\/logo-capitain-des-alpes_1-298x300.jpg 298w, https:\/\/www.courmayeur-montblanc.com\/app\/uploads\/2022\/07\/logo-capitain-des-alpes_1-150x150.jpg 150w, https:\/\/www.courmayeur-montblanc.com\/app\/uploads\/2022\/07\/logo-capitain-des-alpes_1-768x772.jpg 768w, https:\/\/www.courmayeur-montblanc.com\/app\/uploads\/2022\/07\/logo-capitain-des-alpes_1-1527x1536.jpg 1527w, https:\/\/www.courmayeur-montblanc.com\/app\/uploads\/2022\/07\/logo-capitain-des-alpes_1-2037x2048.jpg 2037w\" sizes=\"auto, (max-width: 640px) 100vw, 640px\" \/>        <\/div>\n        <div class=\"activity-title\">\n            Capitan des Alpes        <\/div>\n    <\/div>\n        <div class=\"activity\" data-id=\"1501\">\n        <div class=\"activity-logo\">\n            <img loading=\"lazy\" decoding=\"async\" width=\"640\" height=\"664\" src=\"https:\/\/www.courmayeur-montblanc.com\/app\/uploads\/2025\/05\/Logo-Courba-Dzeleuna-987x1024.jpg\" class=\"attachment-large size-large wp-post-image\" alt=\"\" srcset=\"https:\/\/www.courmayeur-montblanc.com\/app\/uploads\/2025\/05\/Logo-Courba-Dzeleuna-987x1024.jpg 987w, https:\/\/www.courmayeur-montblanc.com\/app\/uploads\/2025\/05\/Logo-Courba-Dzeleuna-289x300.jpg 289w, https:\/\/www.courmayeur-montblanc.com\/app\/uploads\/2025\/05\/Logo-Courba-Dzeleuna-768x797.jpg 768w, https:\/\/www.courmayeur-montblanc.com\/app\/uploads\/2025\/05\/Logo-Courba-Dzeleuna.jpg 1148w\" sizes=\"auto, (max-width: 640px) 100vw, 640px\" \/>        <\/div>\n        <div class=\"activity-title\">\n            Courba Dzeleuna        <\/div>\n    <\/div>\n        <div class=\"activity\" data-id=\"1514\">\n        <div class=\"activity-logo\">\n            <img loading=\"lazy\" decoding=\"async\" width=\"130\" height=\"129\" src=\"https:\/\/www.courmayeur-montblanc.com\/app\/uploads\/2022\/07\/1-Logo-La-Fodze_2.jpg\" class=\"attachment-large size-large wp-post-image\" alt=\"\" \/>        <\/div>\n        <div class=\"activity-title\">\n            La Fodze        <\/div>\n    <\/div>\n        <div class=\"activity\" data-id=\"1529\">\n        <div class=\"activity-logo\">\n            <img loading=\"lazy\" decoding=\"async\" width=\"150\" height=\"150\" src=\"https:\/\/www.courmayeur-montblanc.com\/app\/uploads\/2022\/07\/logo_la_grolla_0.jpg\" class=\"attachment-large size-large wp-post-image\" alt=\"\" \/>        <\/div>\n        <div class=\"activity-title\">\n            La Grolla        <\/div>\n    <\/div>\n        <div class=\"activity\" data-id=\"1525\">\n        <div class=\"activity-logo\">\n            <img loading=\"lazy\" decoding=\"async\" width=\"150\" height=\"150\" src=\"https:\/\/www.courmayeur-montblanc.com\/app\/uploads\/2022\/07\/logo_la_zerotta_0.jpg\" class=\"attachment-large size-large wp-post-image\" alt=\"\" \/>        <\/div>\n        <div class=\"activity-title\">\n            La Zerotta        <\/div>\n    <\/div>\n        <div class=\"activity\" data-id=\"1538\">\n        <div class=\"activity-logo\">\n            <img loading=\"lazy\" decoding=\"async\" width=\"150\" height=\"150\" src=\"https:\/\/www.courmayeur-montblanc.com\/app\/uploads\/2022\/07\/logo_pre_pascal_0.jpg\" class=\"attachment-large size-large wp-post-image\" alt=\"\" \/>        <\/div>\n        <div class=\"activity-title\">\n            Pr\u00e9 de Pascal        <\/div>\n    <\/div>\n        <div class=\"activity\" data-id=\"1542\">\n        <div class=\"activity-logo\">\n            <img loading=\"lazy\" decoding=\"async\" width=\"640\" height=\"640\" src=\"https:\/\/www.courmayeur-montblanc.com\/app\/uploads\/2022\/07\/Logo-definitivo_0-1024x1024.jpg\" class=\"attachment-large size-large wp-post-image\" alt=\"\" srcset=\"https:\/\/www.courmayeur-montblanc.com\/app\/uploads\/2022\/07\/Logo-definitivo_0-1024x1024.jpg 1024w, https:\/\/www.courmayeur-montblanc.com\/app\/uploads\/2022\/07\/Logo-definitivo_0-300x300.jpg 300w, https:\/\/www.courmayeur-montblanc.com\/app\/uploads\/2022\/07\/Logo-definitivo_0-150x150.jpg 150w, https:\/\/www.courmayeur-montblanc.com\/app\/uploads\/2022\/07\/Logo-definitivo_0-768x768.jpg 768w, https:\/\/www.courmayeur-montblanc.com\/app\/uploads\/2022\/07\/Logo-definitivo_0.jpg 1515w\" sizes=\"auto, (max-width: 640px) 100vw, 640px\" \/>        <\/div>\n        <div class=\"activity-title\">\n            Rif. Monte Bianco        <\/div>\n    <\/div>\n    <\/section>\n\n","protected":false},"excerpt":{"rendered":"<p>L\u2019Haute cuisine dans les Alpes Entre restaurants chics et refuges au go\u00fbt authentique, \u00e0 Courmayeur il y a l&#8217;embarras du choix. La meilleure cuisine des Alpes et l&#8217;hospitalit\u00e9 authentique des refuges de montagne. RESTAURANTS VERSANT CHECROUIT RESTAURANTS VERSANT VAL VENY<\/p>\n","protected":false},"author":1,"featured_media":0,"parent":3476,"menu_order":0,"comment_status":"closed","ping_status":"closed","template":"","meta":{"_acf_changed":false,"_themeisle_gutenberg_block_has_review":false,"footnotes":""},"class_list":["post-3479","page","type-page","status-publish","hentry"],"acf":[],"yoast_head":"<!-- This site is optimized with the Yoast SEO plugin v26.2 - https:\/\/yoast.com\/wordpress\/plugins\/seo\/ -->\n<title>Gourmet - Courmayeur Mont Blanc Funivie<\/title>\n<meta name=\"robots\" content=\"index, follow, max-snippet:-1, max-image-preview:large, max-video-preview:-1\" \/>\n<link rel=\"canonical\" href=\"https:\/\/www.courmayeur-montblanc.com\/fr\/gourmet\/gourmet\/\" \/>\n<meta property=\"og:locale\" content=\"fr_FR\" \/>\n<meta property=\"og:type\" content=\"article\" \/>\n<meta property=\"og:title\" content=\"Gourmet - Courmayeur Mont Blanc Funivie\" \/>\n<meta property=\"og:description\" content=\"L\u2019Haute cuisine dans les Alpes Entre restaurants chics et refuges au go\u00fbt authentique, \u00e0 Courmayeur il y a l&#8217;embarras du choix. La meilleure cuisine des Alpes et l&#8217;hospitalit\u00e9 authentique des refuges de montagne. RESTAURANTS VERSANT CHECROUIT RESTAURANTS VERSANT VAL VENY\" \/>\n<meta property=\"og:url\" content=\"https:\/\/www.courmayeur-montblanc.com\/fr\/gourmet\/gourmet\/\" \/>\n<meta property=\"og:site_name\" content=\"Courmayeur Mont Blanc Funivie\" \/>\n<meta property=\"article:publisher\" content=\"https:\/\/www.facebook.com\/funiviecourmayeur\" \/>\n<meta property=\"article:modified_time\" content=\"2022-11-20T09:21:58+00:00\" \/>\n<meta name=\"twitter:card\" content=\"summary_large_image\" \/>\n<meta name=\"twitter:site\" content=\"@courmayeurski\" \/>\n<meta name=\"twitter:label1\" content=\"Dur\u00e9e de lecture estim\u00e9e\" \/>\n\t<meta name=\"twitter:data1\" content=\"1 minute\" \/>\n<script type=\"application\/ld+json\" class=\"yoast-schema-graph\">{\"@context\":\"https:\/\/schema.org\",\"@graph\":[{\"@type\":\"WebPage\",\"@id\":\"https:\/\/www.courmayeur-montblanc.com\/fr\/gourmet\/gourmet\/\",\"url\":\"https:\/\/www.courmayeur-montblanc.com\/fr\/gourmet\/gourmet\/\",\"name\":\"Gourmet - Courmayeur Mont Blanc Funivie\",\"isPartOf\":{\"@id\":\"https:\/\/www.courmayeur-montblanc.com\/fr\/#website\"},\"datePublished\":\"2022-05-02T20:44:22+00:00\",\"dateModified\":\"2022-11-20T09:21:58+00:00\",\"breadcrumb\":{\"@id\":\"https:\/\/www.courmayeur-montblanc.com\/fr\/gourmet\/gourmet\/#breadcrumb\"},\"inLanguage\":\"fr-FR\",\"potentialAction\":[{\"@type\":\"ReadAction\",\"target\":[\"https:\/\/www.courmayeur-montblanc.com\/fr\/gourmet\/gourmet\/\"]}]},{\"@type\":\"BreadcrumbList\",\"@id\":\"https:\/\/www.courmayeur-montblanc.com\/fr\/gourmet\/gourmet\/#breadcrumb\",\"itemListElement\":[{\"@type\":\"ListItem\",\"position\":1,\"name\":\"Homepage\",\"item\":\"https:\/\/www.courmayeur-montblanc.com\/fr\/\"},{\"@type\":\"ListItem\",\"position\":2,\"name\":\"Gourmet\",\"item\":\"https:\/\/www.courmayeur-montblanc.com\/fr\/gourmet\/\"},{\"@type\":\"ListItem\",\"position\":3,\"name\":\"Gourmet\"}]},{\"@type\":\"WebSite\",\"@id\":\"https:\/\/www.courmayeur-montblanc.com\/fr\/#website\",\"url\":\"https:\/\/www.courmayeur-montblanc.com\/fr\/\",\"name\":\"Courmayeur Mont Blanc Funivie\",\"description\":\"\",\"publisher\":{\"@id\":\"https:\/\/www.courmayeur-montblanc.com\/fr\/#organization\"},\"potentialAction\":[{\"@type\":\"SearchAction\",\"target\":{\"@type\":\"EntryPoint\",\"urlTemplate\":\"https:\/\/www.courmayeur-montblanc.com\/fr\/?s={search_term_string}\"},\"query-input\":{\"@type\":\"PropertyValueSpecification\",\"valueRequired\":true,\"valueName\":\"search_term_string\"}}],\"inLanguage\":\"fr-FR\"},{\"@type\":\"Organization\",\"@id\":\"https:\/\/www.courmayeur-montblanc.com\/fr\/#organization\",\"name\":\"Courmayeur Mont Blanc Funivie\",\"url\":\"https:\/\/www.courmayeur-montblanc.com\/fr\/\",\"logo\":{\"@type\":\"ImageObject\",\"inLanguage\":\"fr-FR\",\"@id\":\"https:\/\/www.courmayeur-montblanc.com\/fr\/#\/schema\/logo\/image\/\",\"url\":\"https:\/\/www.courmayeur-montblanc.com\/app\/uploads\/2022\/11\/cmbf-logo.png\",\"contentUrl\":\"https:\/\/www.courmayeur-montblanc.com\/app\/uploads\/2022\/11\/cmbf-logo.png\",\"width\":800,\"height\":179,\"caption\":\"Courmayeur Mont Blanc Funivie\"},\"image\":{\"@id\":\"https:\/\/www.courmayeur-montblanc.com\/fr\/#\/schema\/logo\/image\/\"},\"sameAs\":[\"https:\/\/www.facebook.com\/funiviecourmayeur\",\"https:\/\/x.com\/courmayeurski\",\"https:\/\/www.instagram.com\/courmayeur\/\",\"https:\/\/www.youtube.com\/channel\/UCrJ-6g0ooek9MIumfwdKGGw\/featured\"]}]}<\/script>\n<!-- \/ Yoast SEO plugin. -->","yoast_head_json":{"title":"Gourmet - Courmayeur Mont Blanc Funivie","robots":{"index":"index","follow":"follow","max-snippet":"max-snippet:-1","max-image-preview":"max-image-preview:large","max-video-preview":"max-video-preview:-1"},"canonical":"https:\/\/www.courmayeur-montblanc.com\/fr\/gourmet\/gourmet\/","og_locale":"fr_FR","og_type":"article","og_title":"Gourmet - Courmayeur Mont Blanc Funivie","og_description":"L\u2019Haute cuisine dans les Alpes Entre restaurants chics et refuges au go\u00fbt authentique, \u00e0 Courmayeur il y a l&#8217;embarras du choix. La meilleure cuisine des Alpes et l&#8217;hospitalit\u00e9 authentique des refuges de montagne. RESTAURANTS VERSANT CHECROUIT RESTAURANTS VERSANT VAL VENY","og_url":"https:\/\/www.courmayeur-montblanc.com\/fr\/gourmet\/gourmet\/","og_site_name":"Courmayeur Mont Blanc Funivie","article_publisher":"https:\/\/www.facebook.com\/funiviecourmayeur","article_modified_time":"2022-11-20T09:21:58+00:00","twitter_card":"summary_large_image","twitter_site":"@courmayeurski","twitter_misc":{"Dur\u00e9e de lecture estim\u00e9e":"1 minute"},"schema":{"@context":"https:\/\/schema.org","@graph":[{"@type":"WebPage","@id":"https:\/\/www.courmayeur-montblanc.com\/fr\/gourmet\/gourmet\/","url":"https:\/\/www.courmayeur-montblanc.com\/fr\/gourmet\/gourmet\/","name":"Gourmet - Courmayeur Mont Blanc Funivie","isPartOf":{"@id":"https:\/\/www.courmayeur-montblanc.com\/fr\/#website"},"datePublished":"2022-05-02T20:44:22+00:00","dateModified":"2022-11-20T09:21:58+00:00","breadcrumb":{"@id":"https:\/\/www.courmayeur-montblanc.com\/fr\/gourmet\/gourmet\/#breadcrumb"},"inLanguage":"fr-FR","potentialAction":[{"@type":"ReadAction","target":["https:\/\/www.courmayeur-montblanc.com\/fr\/gourmet\/gourmet\/"]}]},{"@type":"BreadcrumbList","@id":"https:\/\/www.courmayeur-montblanc.com\/fr\/gourmet\/gourmet\/#breadcrumb","itemListElement":[{"@type":"ListItem","position":1,"name":"Homepage","item":"https:\/\/www.courmayeur-montblanc.com\/fr\/"},{"@type":"ListItem","position":2,"name":"Gourmet","item":"https:\/\/www.courmayeur-montblanc.com\/fr\/gourmet\/"},{"@type":"ListItem","position":3,"name":"Gourmet"}]},{"@type":"WebSite","@id":"https:\/\/www.courmayeur-montblanc.com\/fr\/#website","url":"https:\/\/www.courmayeur-montblanc.com\/fr\/","name":"Courmayeur Mont Blanc Funivie","description":"","publisher":{"@id":"https:\/\/www.courmayeur-montblanc.com\/fr\/#organization"},"potentialAction":[{"@type":"SearchAction","target":{"@type":"EntryPoint","urlTemplate":"https:\/\/www.courmayeur-montblanc.com\/fr\/?s={search_term_string}"},"query-input":{"@type":"PropertyValueSpecification","valueRequired":true,"valueName":"search_term_string"}}],"inLanguage":"fr-FR"},{"@type":"Organization","@id":"https:\/\/www.courmayeur-montblanc.com\/fr\/#organization","name":"Courmayeur Mont Blanc Funivie","url":"https:\/\/www.courmayeur-montblanc.com\/fr\/","logo":{"@type":"ImageObject","inLanguage":"fr-FR","@id":"https:\/\/www.courmayeur-montblanc.com\/fr\/#\/schema\/logo\/image\/","url":"https:\/\/www.courmayeur-montblanc.com\/app\/uploads\/2022\/11\/cmbf-logo.png","contentUrl":"https:\/\/www.courmayeur-montblanc.com\/app\/uploads\/2022\/11\/cmbf-logo.png","width":800,"height":179,"caption":"Courmayeur Mont Blanc Funivie"},"image":{"@id":"https:\/\/www.courmayeur-montblanc.com\/fr\/#\/schema\/logo\/image\/"},"sameAs":["https:\/\/www.facebook.com\/funiviecourmayeur","https:\/\/x.com\/courmayeurski","https:\/\/www.instagram.com\/courmayeur\/","https:\/\/www.youtube.com\/channel\/UCrJ-6g0ooek9MIumfwdKGGw\/featured"]}]}},"_links":{"self":[{"href":"https:\/\/www.courmayeur-montblanc.com\/fr\/wp-json\/wp\/v2\/pages\/3479","targetHints":{"allow":["GET"]}}],"collection":[{"href":"https:\/\/www.courmayeur-montblanc.com\/fr\/wp-json\/wp\/v2\/pages"}],"about":[{"href":"https:\/\/www.courmayeur-montblanc.com\/fr\/wp-json\/wp\/v2\/types\/page"}],"author":[{"embeddable":true,"href":"https:\/\/www.courmayeur-montblanc.com\/fr\/wp-json\/wp\/v2\/users\/1"}],"replies":[{"embeddable":true,"href":"https:\/\/www.courmayeur-montblanc.com\/fr\/wp-json\/wp\/v2\/comments?post=3479"}],"version-history":[{"count":6,"href":"https:\/\/www.courmayeur-montblanc.com\/fr\/wp-json\/wp\/v2\/pages\/3479\/revisions"}],"predecessor-version":[{"id":5497,"href":"https:\/\/www.courmayeur-montblanc.com\/fr\/wp-json\/wp\/v2\/pages\/3479\/revisions\/5497"}],"up":[{"embeddable":true,"href":"https:\/\/www.courmayeur-montblanc.com\/fr\/wp-json\/wp\/v2\/pages\/3476"}],"wp:attachment":[{"href":"https:\/\/www.courmayeur-montblanc.com\/fr\/wp-json\/wp\/v2\/media?parent=3479"}],"curies":[{"name":"wp","href":"https:\/\/api.w.org\/{rel}","templated":true}]}}