{"id":3482,"date":"2022-05-12T01:55:10","date_gmt":"2022-05-11T23:55:10","guid":{"rendered":"https:\/\/staging.cmbf.it\/gourmet\/apres-ski-et-diners\/"},"modified":"2025-12-16T13:25:38","modified_gmt":"2025-12-16T12:25:38","slug":"apres-ski-et-diners","status":"publish","type":"page","link":"https:\/\/www.courmayeur-montblanc.com\/fr\/gourmet\/apres-ski-et-diners\/","title":{"rendered":"Apr\u00e8s-ski et d\u00eeners"},"content":{"rendered":"\n<p class=\"text-justify\"><strong>Jusqu&#8217;\u00e0 minuit, une exp\u00e9rience unique.<\/strong><\/p>\n\n\n\n<div class=\"wp-block-group text-justify\"><div class=\"wp-block-group__inner-container is-layout-flow wp-block-group-is-layout-flow\">\n<p class=\"ticss-bc7ac370 text-justify\">Pour permettre aux amateurs d&#8217;apr\u00e8s-ski de profiter du coucher de soleil avec un ap\u00e9ritif dans les restaurants et chalets de <strong>Plan Checrouit<\/strong>, ou de profiter d&#8217;un d\u00eener sp\u00e9cial en altitude, le t\u00e9l\u00e9ph\u00e9rique de Courmayeur est ouvert tous les soirs jusqu&#8217;\u00e0 minuit. Et quand la soir\u00e9e se termine, elle vous procure l\u2019\u00e9motion d&#8217;une descente sous les \u00e9toiles. <br>Pour les d\u00eeners en motoneige, en revanche, le versant du Val Veny propose des refuges \u00e9quip\u00e9s pour ce type d&#8217;aventure, avec des menus traditionnels et des \u00e9l\u00e9gants chalets. <br>Il est recommand\u00e9 de r\u00e9server pour les diner car la soci\u00e9t\u00e9 ne garantit pas l\u2019ouverture des restaurants.<\/p>\n\n\n\n<p>D\u00e9couvrez toutes les propositions pour vos d\u00eeners du soir, rendez chaque \u00e9v\u00e9nement m\u00e9morable et vivez la soir\u00e9e romantique parfaite.<\/p>\n<\/div><\/div>\n\n\n\n<h2 class=\"wp-block-heading\">TARIFS<\/h2>\n\n\n\n<div class=\"wp-block-group text-justify\"><div class=\"wp-block-group__inner-container is-layout-flow wp-block-group-is-layout-flow\">\n<p>\u20ac 12,50 aller-retour, tarif unique. <br>Les d\u00e9tenteurs de forfaits saisonniers et de forfaits multi-jours cons\u00e9cutifs, \u00e0 partir de 4 jours, pourront utiliser le service gratuitement. Le Teleskipass, en revanche, n&#8217;est pas valable car il est exclusivement d\u00e9di\u00e9 aux skieurs. Les clients pr\u00e9sents dans la zone avant 16h45 seront transport\u00e9s vers l&#8217;aval sans frais suppl\u00e9mentaires, quel que soit le type de titre de transport dont ils disposent.<\/p>\n<\/div><\/div>\n\n\n\n<h2 class=\"wp-block-heading\">TEMPS D&#8217;EX\u00c9CUTION<\/h2>\n\n\n\n<div class=\"wp-block-group text-justify\"><div class=\"wp-block-group__inner-container is-layout-flow wp-block-group-is-layout-flow\">\n<p>A partir de 17h00, les trajets du t\u00e9l\u00e9ph\u00e9rique s&#8217;effectuent \u00e0 intervalles r\u00e9guliers de 20 minutes (17h00 \/ 17h20 \/ 17h40 \/ 18h00, etc.). Lorsque le t\u00e9l\u00e9ph\u00e9rique est plein, le trajet d\u00e9marre imm\u00e9diatement, sans respecter la cadence de 20 minutes. <br>Pour des raisons de s\u00e9curit\u00e9, lors du service du soir, la limite maximale est de 60 personnes transport\u00e9es.<\/p>\n<\/div><\/div>\n\n\n\n<h2 class=\"wp-block-heading\">LIMITES<\/h2>\n\n\n\n<div class=\"wp-block-group text-justify\"><div class=\"wp-block-group__inner-container is-layout-flow wp-block-group-is-layout-flow\">\n<p>Sauf autorisation, la mont\u00e9e \u00e0 skis n&#8217;est pas autoris\u00e9e, veuillez noter qu&#8217;il est interdit de skier sur le domaine apr\u00e8s 17h00. <br><strong>La soci\u00e9t\u00e9 se r\u00e9serve le droit de refuser le transport aux personnes en \u00e9tat psychophysique alt\u00e9r\u00e9, conform\u00e9ment \u00e0 la r\u00e9glementation.<\/strong><\/p>\n<\/div><\/div>\n\n\n\n<div style=\"height:37px\" aria-hidden=\"true\" class=\"wp-block-spacer\"><\/div>\n\n\n<section id=\"activity-grid-block_f0ccccd0f9c5f1428ebf778d32e3954b\" class=\"activity-grid mb-3\">\n        <div class=\"activity\" data-id=\"1449\">\n        <div class=\"activity-logo\">\n            <img loading=\"lazy\" decoding=\"async\" width=\"150\" height=\"150\" src=\"https:\/\/www.courmayeur-montblanc.com\/app\/uploads\/2022\/07\/logo_du_soleil.jpg\" class=\"attachment-large size-large wp-post-image\" alt=\"\" \/>        <\/div>\n        <div class=\"activity-title\">\n            Bar du Soleil        <\/div>\n    <\/div>\n        <div class=\"activity\" data-id=\"1470\">\n        <div class=\"activity-logo\">\n            <img loading=\"lazy\" decoding=\"async\" width=\"150\" height=\"150\" src=\"https:\/\/www.courmayeur-montblanc.com\/app\/uploads\/2022\/07\/logo_chateau_branlant.jpg\" class=\"attachment-large size-large wp-post-image\" alt=\"\" \/>        <\/div>\n        <div class=\"activity-title\">\n            Chateau Branlant        <\/div>\n    <\/div>\n        <div class=\"activity\" data-id=\"1474\">\n        <div class=\"activity-logo\">\n            <img loading=\"lazy\" decoding=\"async\" width=\"150\" height=\"150\" src=\"https:\/\/www.courmayeur-montblanc.com\/app\/uploads\/2022\/07\/logo_chiecco.jpg\" class=\"attachment-large size-large wp-post-image\" alt=\"\" \/>        <\/div>\n        <div class=\"activity-title\">\n            Chiecco        <\/div>\n    <\/div>\n        <div class=\"activity\" data-id=\"1477\">\n        <div class=\"activity-logo\">\n            <img loading=\"lazy\" decoding=\"async\" width=\"133\" height=\"133\" src=\"https:\/\/www.courmayeur-montblanc.com\/app\/uploads\/2022\/07\/Christiania.jpg\" class=\"attachment-large size-large wp-post-image\" alt=\"\" \/>        <\/div>\n        <div class=\"activity-title\">\n            Christiania        <\/div>\n    <\/div>\n        <div class=\"activity\" data-id=\"1510\">\n        <div class=\"activity-logo\">\n            <img loading=\"lazy\" decoding=\"async\" width=\"150\" height=\"150\" src=\"https:\/\/www.courmayeur-montblanc.com\/app\/uploads\/2022\/07\/logo-la-chaumiere.jpg\" class=\"attachment-large size-large wp-post-image\" alt=\"\" \/>        <\/div>\n        <div class=\"activity-title\">\n            La Chaumi\u00e8re        <\/div>\n    <\/div>\n        <div class=\"activity\" data-id=\"1518\">\n        <div class=\"activity-logo\">\n            <img loading=\"lazy\" decoding=\"async\" width=\"638\" height=\"721\" src=\"https:\/\/www.courmayeur-montblanc.com\/app\/uploads\/2022\/07\/Immagine_0.jpg\" class=\"attachment-large size-large wp-post-image\" alt=\"\" srcset=\"https:\/\/www.courmayeur-montblanc.com\/app\/uploads\/2022\/07\/Immagine_0.jpg 638w, https:\/\/www.courmayeur-montblanc.com\/app\/uploads\/2022\/07\/Immagine_0-265x300.jpg 265w\" sizes=\"auto, (max-width: 638px) 100vw, 638px\" \/>        <\/div>\n        <div class=\"activity-title\">\n            La Loge Du Massif        <\/div>\n    <\/div>\n        <div class=\"activity\" data-id=\"2663\">\n        <div class=\"activity-logo\">\n            <img loading=\"lazy\" decoding=\"async\" width=\"640\" height=\"640\" src=\"https:\/\/www.courmayeur-montblanc.com\/app\/uploads\/2022\/12\/logo-les-dames-1024x1024.png\" class=\"attachment-large size-large wp-post-image\" alt=\"\" srcset=\"https:\/\/www.courmayeur-montblanc.com\/app\/uploads\/2022\/12\/logo-les-dames-1024x1024.png 1024w, https:\/\/www.courmayeur-montblanc.com\/app\/uploads\/2022\/12\/logo-les-dames-300x300.png 300w, https:\/\/www.courmayeur-montblanc.com\/app\/uploads\/2022\/12\/logo-les-dames-150x150.png 150w, https:\/\/www.courmayeur-montblanc.com\/app\/uploads\/2022\/12\/logo-les-dames-768x768.png 768w\" sizes=\"auto, (max-width: 640px) 100vw, 640px\" \/>        <\/div>\n        <div class=\"activity-title\">\n            Les Dames Anglaises        <\/div>\n    <\/div>\n        <div class=\"activity\" data-id=\"1550\">\n        <div class=\"activity-logo\">\n            <img loading=\"lazy\" decoding=\"async\" width=\"640\" height=\"640\" src=\"https:\/\/www.courmayeur-montblanc.com\/app\/uploads\/2026\/02\/s-logo-imc-cover-igfb-white.jpeg\" class=\"attachment-large size-large wp-post-image\" alt=\"\" srcset=\"https:\/\/www.courmayeur-montblanc.com\/app\/uploads\/2026\/02\/s-logo-imc-cover-igfb-white.jpeg 1200w, https:\/\/www.courmayeur-montblanc.com\/app\/uploads\/2026\/02\/s-logo-imc-cover-igfb-white-768x768.jpeg 768w\" sizes=\"auto, (max-width: 640px) 100vw, 640px\" \/>        <\/div>\n        <div class=\"activity-title\">\n            Super G        <\/div>\n    <\/div>\n        <div class=\"activity\" data-id=\"1471\">\n        <div class=\"activity-logo\">\n            <img loading=\"lazy\" decoding=\"async\" width=\"540\" height=\"454\" src=\"https:\/\/www.courmayeur-montblanc.com\/app\/uploads\/2022\/07\/Compatto-colore-positivo.png\" class=\"attachment-large size-large wp-post-image\" alt=\"\" srcset=\"https:\/\/www.courmayeur-montblanc.com\/app\/uploads\/2022\/07\/Compatto-colore-positivo.png 540w, https:\/\/www.courmayeur-montblanc.com\/app\/uploads\/2022\/07\/Compatto-colore-positivo-300x252.png 300w\" sizes=\"auto, (max-width: 540px) 100vw, 540px\" \/>        <\/div>\n        <div class=\"activity-title\">\n            The Outsider        <\/div>\n    <\/div>\n    <\/section>\n\n\n\n\n<div style=\"height:37px\" aria-hidden=\"true\" class=\"wp-block-spacer\"><\/div>\n\n\n\n<p><\/p>\n","protected":false},"excerpt":{"rendered":"<p>Jusqu&#8217;\u00e0 minuit, une exp\u00e9rience unique. Pour permettre aux amateurs d&#8217;apr\u00e8s-ski de profiter du coucher de soleil avec un ap\u00e9ritif dans les restaurants et chalets de Plan Checrouit, ou de profiter d&#8217;un d\u00eener sp\u00e9cial en altitude, le t\u00e9l\u00e9ph\u00e9rique de Courmayeur est ouvert tous les soirs jusqu&#8217;\u00e0 minuit. Et quand la soir\u00e9e se termine, elle vous procure [&hellip;]<\/p>\n","protected":false},"author":1,"featured_media":3233,"parent":3476,"menu_order":1,"comment_status":"closed","ping_status":"closed","template":"template-container.php","meta":{"_acf_changed":false,"_themeisle_gutenberg_block_has_review":false,"footnotes":""},"class_list":["post-3482","page","type-page","status-publish","has-post-thumbnail","hentry"],"acf":[],"yoast_head":"<!-- This site is optimized with the Yoast SEO plugin v26.2 - https:\/\/yoast.com\/wordpress\/plugins\/seo\/ -->\n<title>Apr\u00e8s-ski et d\u00eeners - Courmayeur Mont Blanc Funivie<\/title>\n<meta name=\"robots\" content=\"index, follow, max-snippet:-1, max-image-preview:large, max-video-preview:-1\" \/>\n<link rel=\"canonical\" href=\"https:\/\/www.courmayeur-montblanc.com\/fr\/gourmet\/apres-ski-et-diners\/\" \/>\n<meta property=\"og:locale\" content=\"fr_FR\" \/>\n<meta property=\"og:type\" content=\"article\" \/>\n<meta property=\"og:title\" content=\"Apr\u00e8s-ski et d\u00eeners - Courmayeur Mont Blanc Funivie\" \/>\n<meta property=\"og:description\" content=\"Jusqu&#8217;\u00e0 minuit, une exp\u00e9rience unique. Pour permettre aux amateurs d&#8217;apr\u00e8s-ski de profiter du coucher de soleil avec un ap\u00e9ritif dans les restaurants et chalets de Plan Checrouit, ou de profiter d&#8217;un d\u00eener sp\u00e9cial en altitude, le t\u00e9l\u00e9ph\u00e9rique de Courmayeur est ouvert tous les soirs jusqu&#8217;\u00e0 minuit. Et quand la soir\u00e9e se termine, elle vous procure [&hellip;]\" \/>\n<meta property=\"og:url\" content=\"https:\/\/www.courmayeur-montblanc.com\/fr\/gourmet\/apres-ski-et-diners\/\" \/>\n<meta property=\"og:site_name\" content=\"Courmayeur Mont Blanc Funivie\" \/>\n<meta property=\"article:publisher\" content=\"https:\/\/www.facebook.com\/funiviecourmayeur\" \/>\n<meta property=\"article:modified_time\" content=\"2025-12-16T12:25:38+00:00\" \/>\n<meta property=\"og:image\" content=\"https:\/\/www.courmayeur-montblanc.com\/app\/uploads\/2022\/10\/cover-after-ski-e-cene-mk2_CA8A6657-scaled.jpg\" \/>\n\t<meta property=\"og:image:width\" content=\"2560\" \/>\n\t<meta property=\"og:image:height\" content=\"891\" \/>\n\t<meta property=\"og:image:type\" content=\"image\/jpeg\" \/>\n<meta name=\"twitter:card\" content=\"summary_large_image\" \/>\n<meta name=\"twitter:site\" content=\"@courmayeurski\" \/>\n<meta name=\"twitter:label1\" content=\"Dur\u00e9e de lecture estim\u00e9e\" \/>\n\t<meta name=\"twitter:data1\" content=\"2 minutes\" \/>\n<script type=\"application\/ld+json\" class=\"yoast-schema-graph\">{\"@context\":\"https:\/\/schema.org\",\"@graph\":[{\"@type\":\"WebPage\",\"@id\":\"https:\/\/www.courmayeur-montblanc.com\/fr\/gourmet\/apres-ski-et-diners\/\",\"url\":\"https:\/\/www.courmayeur-montblanc.com\/fr\/gourmet\/apres-ski-et-diners\/\",\"name\":\"Apr\u00e8s-ski et d\u00eeners - Courmayeur Mont Blanc Funivie\",\"isPartOf\":{\"@id\":\"https:\/\/www.courmayeur-montblanc.com\/fr\/#website\"},\"primaryImageOfPage\":{\"@id\":\"https:\/\/www.courmayeur-montblanc.com\/fr\/gourmet\/apres-ski-et-diners\/#primaryimage\"},\"image\":{\"@id\":\"https:\/\/www.courmayeur-montblanc.com\/fr\/gourmet\/apres-ski-et-diners\/#primaryimage\"},\"thumbnailUrl\":\"https:\/\/www.courmayeur-montblanc.com\/app\/uploads\/2022\/10\/cover-after-ski-e-cene-mk2_CA8A6657-scaled.jpg\",\"datePublished\":\"2022-05-11T23:55:10+00:00\",\"dateModified\":\"2025-12-16T12:25:38+00:00\",\"breadcrumb\":{\"@id\":\"https:\/\/www.courmayeur-montblanc.com\/fr\/gourmet\/apres-ski-et-diners\/#breadcrumb\"},\"inLanguage\":\"fr-FR\",\"potentialAction\":[{\"@type\":\"ReadAction\",\"target\":[\"https:\/\/www.courmayeur-montblanc.com\/fr\/gourmet\/apres-ski-et-diners\/\"]}]},{\"@type\":\"ImageObject\",\"inLanguage\":\"fr-FR\",\"@id\":\"https:\/\/www.courmayeur-montblanc.com\/fr\/gourmet\/apres-ski-et-diners\/#primaryimage\",\"url\":\"https:\/\/www.courmayeur-montblanc.com\/app\/uploads\/2022\/10\/cover-after-ski-e-cene-mk2_CA8A6657-scaled.jpg\",\"contentUrl\":\"https:\/\/www.courmayeur-montblanc.com\/app\/uploads\/2022\/10\/cover-after-ski-e-cene-mk2_CA8A6657-scaled.jpg\",\"width\":2560,\"height\":891},{\"@type\":\"BreadcrumbList\",\"@id\":\"https:\/\/www.courmayeur-montblanc.com\/fr\/gourmet\/apres-ski-et-diners\/#breadcrumb\",\"itemListElement\":[{\"@type\":\"ListItem\",\"position\":1,\"name\":\"Homepage\",\"item\":\"https:\/\/www.courmayeur-montblanc.com\/fr\/\"},{\"@type\":\"ListItem\",\"position\":2,\"name\":\"Gourmet\",\"item\":\"https:\/\/www.courmayeur-montblanc.com\/fr\/gourmet\/\"},{\"@type\":\"ListItem\",\"position\":3,\"name\":\"Apr\u00e8s-ski et d\u00eeners\"}]},{\"@type\":\"WebSite\",\"@id\":\"https:\/\/www.courmayeur-montblanc.com\/fr\/#website\",\"url\":\"https:\/\/www.courmayeur-montblanc.com\/fr\/\",\"name\":\"Courmayeur Mont Blanc Funivie\",\"description\":\"\",\"publisher\":{\"@id\":\"https:\/\/www.courmayeur-montblanc.com\/fr\/#organization\"},\"potentialAction\":[{\"@type\":\"SearchAction\",\"target\":{\"@type\":\"EntryPoint\",\"urlTemplate\":\"https:\/\/www.courmayeur-montblanc.com\/fr\/?s={search_term_string}\"},\"query-input\":{\"@type\":\"PropertyValueSpecification\",\"valueRequired\":true,\"valueName\":\"search_term_string\"}}],\"inLanguage\":\"fr-FR\"},{\"@type\":\"Organization\",\"@id\":\"https:\/\/www.courmayeur-montblanc.com\/fr\/#organization\",\"name\":\"Courmayeur Mont Blanc Funivie\",\"url\":\"https:\/\/www.courmayeur-montblanc.com\/fr\/\",\"logo\":{\"@type\":\"ImageObject\",\"inLanguage\":\"fr-FR\",\"@id\":\"https:\/\/www.courmayeur-montblanc.com\/fr\/#\/schema\/logo\/image\/\",\"url\":\"https:\/\/www.courmayeur-montblanc.com\/app\/uploads\/2022\/11\/cmbf-logo.png\",\"contentUrl\":\"https:\/\/www.courmayeur-montblanc.com\/app\/uploads\/2022\/11\/cmbf-logo.png\",\"width\":800,\"height\":179,\"caption\":\"Courmayeur Mont Blanc Funivie\"},\"image\":{\"@id\":\"https:\/\/www.courmayeur-montblanc.com\/fr\/#\/schema\/logo\/image\/\"},\"sameAs\":[\"https:\/\/www.facebook.com\/funiviecourmayeur\",\"https:\/\/x.com\/courmayeurski\",\"https:\/\/www.instagram.com\/courmayeur\/\",\"https:\/\/www.youtube.com\/channel\/UCrJ-6g0ooek9MIumfwdKGGw\/featured\"]}]}<\/script>\n<!-- \/ Yoast SEO plugin. -->","yoast_head_json":{"title":"Apr\u00e8s-ski et d\u00eeners - Courmayeur Mont Blanc Funivie","robots":{"index":"index","follow":"follow","max-snippet":"max-snippet:-1","max-image-preview":"max-image-preview:large","max-video-preview":"max-video-preview:-1"},"canonical":"https:\/\/www.courmayeur-montblanc.com\/fr\/gourmet\/apres-ski-et-diners\/","og_locale":"fr_FR","og_type":"article","og_title":"Apr\u00e8s-ski et d\u00eeners - Courmayeur Mont Blanc Funivie","og_description":"Jusqu&#8217;\u00e0 minuit, une exp\u00e9rience unique. Pour permettre aux amateurs d&#8217;apr\u00e8s-ski de profiter du coucher de soleil avec un ap\u00e9ritif dans les restaurants et chalets de Plan Checrouit, ou de profiter d&#8217;un d\u00eener sp\u00e9cial en altitude, le t\u00e9l\u00e9ph\u00e9rique de Courmayeur est ouvert tous les soirs jusqu&#8217;\u00e0 minuit. Et quand la soir\u00e9e se termine, elle vous procure [&hellip;]","og_url":"https:\/\/www.courmayeur-montblanc.com\/fr\/gourmet\/apres-ski-et-diners\/","og_site_name":"Courmayeur Mont Blanc Funivie","article_publisher":"https:\/\/www.facebook.com\/funiviecourmayeur","article_modified_time":"2025-12-16T12:25:38+00:00","og_image":[{"width":2560,"height":891,"url":"https:\/\/www.courmayeur-montblanc.com\/app\/uploads\/2022\/10\/cover-after-ski-e-cene-mk2_CA8A6657-scaled.jpg","type":"image\/jpeg"}],"twitter_card":"summary_large_image","twitter_site":"@courmayeurski","twitter_misc":{"Dur\u00e9e de lecture estim\u00e9e":"2 minutes"},"schema":{"@context":"https:\/\/schema.org","@graph":[{"@type":"WebPage","@id":"https:\/\/www.courmayeur-montblanc.com\/fr\/gourmet\/apres-ski-et-diners\/","url":"https:\/\/www.courmayeur-montblanc.com\/fr\/gourmet\/apres-ski-et-diners\/","name":"Apr\u00e8s-ski et d\u00eeners - Courmayeur Mont Blanc Funivie","isPartOf":{"@id":"https:\/\/www.courmayeur-montblanc.com\/fr\/#website"},"primaryImageOfPage":{"@id":"https:\/\/www.courmayeur-montblanc.com\/fr\/gourmet\/apres-ski-et-diners\/#primaryimage"},"image":{"@id":"https:\/\/www.courmayeur-montblanc.com\/fr\/gourmet\/apres-ski-et-diners\/#primaryimage"},"thumbnailUrl":"https:\/\/www.courmayeur-montblanc.com\/app\/uploads\/2022\/10\/cover-after-ski-e-cene-mk2_CA8A6657-scaled.jpg","datePublished":"2022-05-11T23:55:10+00:00","dateModified":"2025-12-16T12:25:38+00:00","breadcrumb":{"@id":"https:\/\/www.courmayeur-montblanc.com\/fr\/gourmet\/apres-ski-et-diners\/#breadcrumb"},"inLanguage":"fr-FR","potentialAction":[{"@type":"ReadAction","target":["https:\/\/www.courmayeur-montblanc.com\/fr\/gourmet\/apres-ski-et-diners\/"]}]},{"@type":"ImageObject","inLanguage":"fr-FR","@id":"https:\/\/www.courmayeur-montblanc.com\/fr\/gourmet\/apres-ski-et-diners\/#primaryimage","url":"https:\/\/www.courmayeur-montblanc.com\/app\/uploads\/2022\/10\/cover-after-ski-e-cene-mk2_CA8A6657-scaled.jpg","contentUrl":"https:\/\/www.courmayeur-montblanc.com\/app\/uploads\/2022\/10\/cover-after-ski-e-cene-mk2_CA8A6657-scaled.jpg","width":2560,"height":891},{"@type":"BreadcrumbList","@id":"https:\/\/www.courmayeur-montblanc.com\/fr\/gourmet\/apres-ski-et-diners\/#breadcrumb","itemListElement":[{"@type":"ListItem","position":1,"name":"Homepage","item":"https:\/\/www.courmayeur-montblanc.com\/fr\/"},{"@type":"ListItem","position":2,"name":"Gourmet","item":"https:\/\/www.courmayeur-montblanc.com\/fr\/gourmet\/"},{"@type":"ListItem","position":3,"name":"Apr\u00e8s-ski et d\u00eeners"}]},{"@type":"WebSite","@id":"https:\/\/www.courmayeur-montblanc.com\/fr\/#website","url":"https:\/\/www.courmayeur-montblanc.com\/fr\/","name":"Courmayeur Mont Blanc Funivie","description":"","publisher":{"@id":"https:\/\/www.courmayeur-montblanc.com\/fr\/#organization"},"potentialAction":[{"@type":"SearchAction","target":{"@type":"EntryPoint","urlTemplate":"https:\/\/www.courmayeur-montblanc.com\/fr\/?s={search_term_string}"},"query-input":{"@type":"PropertyValueSpecification","valueRequired":true,"valueName":"search_term_string"}}],"inLanguage":"fr-FR"},{"@type":"Organization","@id":"https:\/\/www.courmayeur-montblanc.com\/fr\/#organization","name":"Courmayeur Mont Blanc Funivie","url":"https:\/\/www.courmayeur-montblanc.com\/fr\/","logo":{"@type":"ImageObject","inLanguage":"fr-FR","@id":"https:\/\/www.courmayeur-montblanc.com\/fr\/#\/schema\/logo\/image\/","url":"https:\/\/www.courmayeur-montblanc.com\/app\/uploads\/2022\/11\/cmbf-logo.png","contentUrl":"https:\/\/www.courmayeur-montblanc.com\/app\/uploads\/2022\/11\/cmbf-logo.png","width":800,"height":179,"caption":"Courmayeur Mont Blanc Funivie"},"image":{"@id":"https:\/\/www.courmayeur-montblanc.com\/fr\/#\/schema\/logo\/image\/"},"sameAs":["https:\/\/www.facebook.com\/funiviecourmayeur","https:\/\/x.com\/courmayeurski","https:\/\/www.instagram.com\/courmayeur\/","https:\/\/www.youtube.com\/channel\/UCrJ-6g0ooek9MIumfwdKGGw\/featured"]}]}},"_links":{"self":[{"href":"https:\/\/www.courmayeur-montblanc.com\/fr\/wp-json\/wp\/v2\/pages\/3482","targetHints":{"allow":["GET"]}}],"collection":[{"href":"https:\/\/www.courmayeur-montblanc.com\/fr\/wp-json\/wp\/v2\/pages"}],"about":[{"href":"https:\/\/www.courmayeur-montblanc.com\/fr\/wp-json\/wp\/v2\/types\/page"}],"author":[{"embeddable":true,"href":"https:\/\/www.courmayeur-montblanc.com\/fr\/wp-json\/wp\/v2\/users\/1"}],"replies":[{"embeddable":true,"href":"https:\/\/www.courmayeur-montblanc.com\/fr\/wp-json\/wp\/v2\/comments?post=3482"}],"version-history":[{"count":17,"href":"https:\/\/www.courmayeur-montblanc.com\/fr\/wp-json\/wp\/v2\/pages\/3482\/revisions"}],"predecessor-version":[{"id":13383,"href":"https:\/\/www.courmayeur-montblanc.com\/fr\/wp-json\/wp\/v2\/pages\/3482\/revisions\/13383"}],"up":[{"embeddable":true,"href":"https:\/\/www.courmayeur-montblanc.com\/fr\/wp-json\/wp\/v2\/pages\/3476"}],"wp:featuredmedia":[{"embeddable":true,"href":"https:\/\/www.courmayeur-montblanc.com\/fr\/wp-json\/wp\/v2\/media\/3233"}],"wp:attachment":[{"href":"https:\/\/www.courmayeur-montblanc.com\/fr\/wp-json\/wp\/v2\/media?parent=3482"}],"curies":[{"name":"wp","href":"https:\/\/api.w.org\/{rel}","templated":true}]}}