{"id":3488,"date":"2022-05-12T01:34:13","date_gmt":"2022-05-11T23:34:13","guid":{"rendered":"https:\/\/staging.cmbf.it\/activites-dhiver\/freeride\/"},"modified":"2026-01-31T15:57:21","modified_gmt":"2026-01-31T14:57:21","slug":"freeride","status":"publish","type":"page","link":"https:\/\/www.courmayeur-montblanc.com\/fr\/activites-dhiver\/freeride\/","title":{"rendered":"Freeride"},"content":{"rendered":"\n<p>\n          <strong>Amusez-vous sur les pistes tout comme en dehors de celles-ci<\/strong>\n        <\/p>\n\n\n\n<div class=\"wp-block-group text-justify\"><div class=\"wp-block-group__inner-container is-layout-flow wp-block-group-is-layout-flow\">\n<div class=\"wp-block-group\"><div class=\"wp-block-group__inner-container is-layout-flow wp-block-group-is-layout-flow\">\n<div class=\"wp-block-group text-justify\"><div class=\"wp-block-group__inner-container is-layout-flow wp-block-group-is-layout-flow\">\n<p>Les guides de montagne les plus exp\u00e9riment\u00e9s et les moniteurs de ski les plus qualifi\u00e9s vous attendent pour vous faire d\u00e9couvrir un paysage merveilleux, plein de surprises enchanteresses.  <br>Si vous \u00eates un passionn\u00e9 de <strong>freeride<\/strong>, vous aimerez <strong>Youla<\/strong> et <strong>Arp<\/strong>, la partie la plus haute et la plus sauvage du domaine skiable de Courmayeur, o\u00f9 vous pourrez profiter de la vue imprenable sur les plus hauts sommets du Mont Blanc et ses t\u00e9l\u00e9ph\u00e9riques historiques.<br>Vous serez ravis gr\u00e2ce aux pentes majestueuses, aux itin\u00e9raires et aux descentes \u00e0 sensations fortes entour\u00e9s de majestueuses vues.<\/p>\n\n\n\n<p>Jamais vu une \u00e9vasion aussi excitante.<\/p>\n<\/div><\/div>\n<\/div><\/div>\n<\/div><\/div>\n\n\n\n<blockquote class=\"wp-block-quote text-justify is-layout-flow wp-block-quote-is-layout-flow\">\n<p>Les sentiers hors-pistes partent du <strong>domaine skiable<\/strong>, ni balis\u00e9s, ni contr\u00f4l\u00e9s, ni prot\u00e9g\u00e9s des dangers de la haute montagne o\u00f9 le danger, notamment d&#8217;avalanches, est cach\u00e9 et nul ne peut le pr\u00e9voir \u00e0 l&#8217;avance.<\/p>\n<\/blockquote>\n\n\n\n<div class=\"wp-block-buttons is-content-justification-center is-layout-flex wp-container-core-buttons-is-layout-16018d1d wp-block-buttons-is-layout-flex\">\n<div class=\"wp-block-button\"><a class=\"wp-block-button__link has-luminous-vivid-amber-background-color has-text-color has-background wp-element-button\" href=\"https:\/\/bollettinovalanghe.regione.vda.it\/accueil\" style=\"color:#292929\" target=\"_blank\" rel=\"noreferrer noopener\"><strong>CONSULTEZ ICI LE BULLETIN NEIGE ET AVALANCHES<\/strong><\/a><\/div>\n<\/div>\n","protected":false},"excerpt":{"rendered":"<p>Amusez-vous sur les pistes tout comme en dehors de celles-ci Les guides de montagne les plus exp\u00e9riment\u00e9s et les moniteurs de ski les plus qualifi\u00e9s vous attendent pour vous faire d\u00e9couvrir un paysage merveilleux, plein de surprises enchanteresses. Si vous \u00eates un passionn\u00e9 de freeride, vous aimerez Youla et Arp, la partie la plus haute [&hellip;]<\/p>\n","protected":false},"author":1,"featured_media":12560,"parent":3485,"menu_order":1,"comment_status":"closed","ping_status":"closed","template":"","meta":{"_acf_changed":false,"_themeisle_gutenberg_block_has_review":false,"footnotes":""},"class_list":["post-3488","page","type-page","status-publish","has-post-thumbnail","hentry"],"acf":[],"yoast_head":"<!-- This site is optimized with the Yoast SEO plugin v26.2 - https:\/\/yoast.com\/wordpress\/plugins\/seo\/ -->\n<title>Freeride - Courmayeur Mont Blanc Funivie<\/title>\n<meta name=\"robots\" content=\"index, follow, max-snippet:-1, max-image-preview:large, max-video-preview:-1\" \/>\n<link rel=\"canonical\" href=\"https:\/\/www.courmayeur-montblanc.com\/fr\/activites-dhiver\/freeride\/\" \/>\n<meta property=\"og:locale\" content=\"fr_FR\" \/>\n<meta property=\"og:type\" content=\"article\" \/>\n<meta property=\"og:title\" content=\"Freeride - Courmayeur Mont Blanc Funivie\" \/>\n<meta property=\"og:description\" content=\"Amusez-vous sur les pistes tout comme en dehors de celles-ci Les guides de montagne les plus exp\u00e9riment\u00e9s et les moniteurs de ski les plus qualifi\u00e9s vous attendent pour vous faire d\u00e9couvrir un paysage merveilleux, plein de surprises enchanteresses. Si vous \u00eates un passionn\u00e9 de freeride, vous aimerez Youla et Arp, la partie la plus haute [&hellip;]\" \/>\n<meta property=\"og:url\" content=\"https:\/\/www.courmayeur-montblanc.com\/fr\/activites-dhiver\/freeride\/\" \/>\n<meta property=\"og:site_name\" content=\"Courmayeur Mont Blanc Funivie\" \/>\n<meta property=\"article:publisher\" content=\"https:\/\/www.facebook.com\/funiviecourmayeur\" \/>\n<meta property=\"article:modified_time\" content=\"2026-01-31T14:57:21+00:00\" \/>\n<meta property=\"og:image\" content=\"https:\/\/www.courmayeur-montblanc.com\/app\/uploads\/2025\/08\/web-Courmayeur-Mont-Blanc-Funivie-ph-Lorenzo-Belfrond_1I2A6977.jpg\" \/>\n\t<meta property=\"og:image:width\" content=\"2560\" \/>\n\t<meta property=\"og:image:height\" content=\"1707\" \/>\n\t<meta property=\"og:image:type\" content=\"image\/jpeg\" \/>\n<meta name=\"twitter:card\" content=\"summary_large_image\" \/>\n<meta name=\"twitter:site\" content=\"@courmayeurski\" \/>\n<meta name=\"twitter:label1\" content=\"Dur\u00e9e de lecture estim\u00e9e\" \/>\n\t<meta name=\"twitter:data1\" content=\"1 minute\" \/>\n<script type=\"application\/ld+json\" class=\"yoast-schema-graph\">{\"@context\":\"https:\/\/schema.org\",\"@graph\":[{\"@type\":\"WebPage\",\"@id\":\"https:\/\/www.courmayeur-montblanc.com\/fr\/activites-dhiver\/freeride\/\",\"url\":\"https:\/\/www.courmayeur-montblanc.com\/fr\/activites-dhiver\/freeride\/\",\"name\":\"Freeride - Courmayeur Mont Blanc Funivie\",\"isPartOf\":{\"@id\":\"https:\/\/www.courmayeur-montblanc.com\/fr\/#website\"},\"primaryImageOfPage\":{\"@id\":\"https:\/\/www.courmayeur-montblanc.com\/fr\/activites-dhiver\/freeride\/#primaryimage\"},\"image\":{\"@id\":\"https:\/\/www.courmayeur-montblanc.com\/fr\/activites-dhiver\/freeride\/#primaryimage\"},\"thumbnailUrl\":\"https:\/\/www.courmayeur-montblanc.com\/app\/uploads\/2025\/08\/web-Courmayeur-Mont-Blanc-Funivie-ph-Lorenzo-Belfrond_1I2A6977.jpg\",\"datePublished\":\"2022-05-11T23:34:13+00:00\",\"dateModified\":\"2026-01-31T14:57:21+00:00\",\"breadcrumb\":{\"@id\":\"https:\/\/www.courmayeur-montblanc.com\/fr\/activites-dhiver\/freeride\/#breadcrumb\"},\"inLanguage\":\"fr-FR\",\"potentialAction\":[{\"@type\":\"ReadAction\",\"target\":[\"https:\/\/www.courmayeur-montblanc.com\/fr\/activites-dhiver\/freeride\/\"]}]},{\"@type\":\"ImageObject\",\"inLanguage\":\"fr-FR\",\"@id\":\"https:\/\/www.courmayeur-montblanc.com\/fr\/activites-dhiver\/freeride\/#primaryimage\",\"url\":\"https:\/\/www.courmayeur-montblanc.com\/app\/uploads\/2025\/08\/web-Courmayeur-Mont-Blanc-Funivie-ph-Lorenzo-Belfrond_1I2A6977.jpg\",\"contentUrl\":\"https:\/\/www.courmayeur-montblanc.com\/app\/uploads\/2025\/08\/web-Courmayeur-Mont-Blanc-Funivie-ph-Lorenzo-Belfrond_1I2A6977.jpg\",\"width\":2560,\"height\":1707},{\"@type\":\"BreadcrumbList\",\"@id\":\"https:\/\/www.courmayeur-montblanc.com\/fr\/activites-dhiver\/freeride\/#breadcrumb\",\"itemListElement\":[{\"@type\":\"ListItem\",\"position\":1,\"name\":\"Homepage\",\"item\":\"https:\/\/www.courmayeur-montblanc.com\/fr\/\"},{\"@type\":\"ListItem\",\"position\":2,\"name\":\"Activit\u00e9s d&#8217;hiver\",\"item\":\"https:\/\/www.courmayeur-montblanc.com\/fr\/activites-dhiver\/\"},{\"@type\":\"ListItem\",\"position\":3,\"name\":\"Freeride\"}]},{\"@type\":\"WebSite\",\"@id\":\"https:\/\/www.courmayeur-montblanc.com\/fr\/#website\",\"url\":\"https:\/\/www.courmayeur-montblanc.com\/fr\/\",\"name\":\"Courmayeur Mont Blanc Funivie\",\"description\":\"\",\"publisher\":{\"@id\":\"https:\/\/www.courmayeur-montblanc.com\/fr\/#organization\"},\"potentialAction\":[{\"@type\":\"SearchAction\",\"target\":{\"@type\":\"EntryPoint\",\"urlTemplate\":\"https:\/\/www.courmayeur-montblanc.com\/fr\/?s={search_term_string}\"},\"query-input\":{\"@type\":\"PropertyValueSpecification\",\"valueRequired\":true,\"valueName\":\"search_term_string\"}}],\"inLanguage\":\"fr-FR\"},{\"@type\":\"Organization\",\"@id\":\"https:\/\/www.courmayeur-montblanc.com\/fr\/#organization\",\"name\":\"Courmayeur Mont Blanc Funivie\",\"url\":\"https:\/\/www.courmayeur-montblanc.com\/fr\/\",\"logo\":{\"@type\":\"ImageObject\",\"inLanguage\":\"fr-FR\",\"@id\":\"https:\/\/www.courmayeur-montblanc.com\/fr\/#\/schema\/logo\/image\/\",\"url\":\"https:\/\/www.courmayeur-montblanc.com\/app\/uploads\/2022\/11\/cmbf-logo.png\",\"contentUrl\":\"https:\/\/www.courmayeur-montblanc.com\/app\/uploads\/2022\/11\/cmbf-logo.png\",\"width\":800,\"height\":179,\"caption\":\"Courmayeur Mont Blanc Funivie\"},\"image\":{\"@id\":\"https:\/\/www.courmayeur-montblanc.com\/fr\/#\/schema\/logo\/image\/\"},\"sameAs\":[\"https:\/\/www.facebook.com\/funiviecourmayeur\",\"https:\/\/x.com\/courmayeurski\",\"https:\/\/www.instagram.com\/courmayeur\/\",\"https:\/\/www.youtube.com\/channel\/UCrJ-6g0ooek9MIumfwdKGGw\/featured\"]}]}<\/script>\n<!-- \/ Yoast SEO plugin. -->","yoast_head_json":{"title":"Freeride - Courmayeur Mont Blanc Funivie","robots":{"index":"index","follow":"follow","max-snippet":"max-snippet:-1","max-image-preview":"max-image-preview:large","max-video-preview":"max-video-preview:-1"},"canonical":"https:\/\/www.courmayeur-montblanc.com\/fr\/activites-dhiver\/freeride\/","og_locale":"fr_FR","og_type":"article","og_title":"Freeride - Courmayeur Mont Blanc Funivie","og_description":"Amusez-vous sur les pistes tout comme en dehors de celles-ci Les guides de montagne les plus exp\u00e9riment\u00e9s et les moniteurs de ski les plus qualifi\u00e9s vous attendent pour vous faire d\u00e9couvrir un paysage merveilleux, plein de surprises enchanteresses. Si vous \u00eates un passionn\u00e9 de freeride, vous aimerez Youla et Arp, la partie la plus haute [&hellip;]","og_url":"https:\/\/www.courmayeur-montblanc.com\/fr\/activites-dhiver\/freeride\/","og_site_name":"Courmayeur Mont Blanc Funivie","article_publisher":"https:\/\/www.facebook.com\/funiviecourmayeur","article_modified_time":"2026-01-31T14:57:21+00:00","og_image":[{"width":2560,"height":1707,"url":"https:\/\/www.courmayeur-montblanc.com\/app\/uploads\/2025\/08\/web-Courmayeur-Mont-Blanc-Funivie-ph-Lorenzo-Belfrond_1I2A6977.jpg","type":"image\/jpeg"}],"twitter_card":"summary_large_image","twitter_site":"@courmayeurski","twitter_misc":{"Dur\u00e9e de lecture estim\u00e9e":"1 minute"},"schema":{"@context":"https:\/\/schema.org","@graph":[{"@type":"WebPage","@id":"https:\/\/www.courmayeur-montblanc.com\/fr\/activites-dhiver\/freeride\/","url":"https:\/\/www.courmayeur-montblanc.com\/fr\/activites-dhiver\/freeride\/","name":"Freeride - Courmayeur Mont Blanc Funivie","isPartOf":{"@id":"https:\/\/www.courmayeur-montblanc.com\/fr\/#website"},"primaryImageOfPage":{"@id":"https:\/\/www.courmayeur-montblanc.com\/fr\/activites-dhiver\/freeride\/#primaryimage"},"image":{"@id":"https:\/\/www.courmayeur-montblanc.com\/fr\/activites-dhiver\/freeride\/#primaryimage"},"thumbnailUrl":"https:\/\/www.courmayeur-montblanc.com\/app\/uploads\/2025\/08\/web-Courmayeur-Mont-Blanc-Funivie-ph-Lorenzo-Belfrond_1I2A6977.jpg","datePublished":"2022-05-11T23:34:13+00:00","dateModified":"2026-01-31T14:57:21+00:00","breadcrumb":{"@id":"https:\/\/www.courmayeur-montblanc.com\/fr\/activites-dhiver\/freeride\/#breadcrumb"},"inLanguage":"fr-FR","potentialAction":[{"@type":"ReadAction","target":["https:\/\/www.courmayeur-montblanc.com\/fr\/activites-dhiver\/freeride\/"]}]},{"@type":"ImageObject","inLanguage":"fr-FR","@id":"https:\/\/www.courmayeur-montblanc.com\/fr\/activites-dhiver\/freeride\/#primaryimage","url":"https:\/\/www.courmayeur-montblanc.com\/app\/uploads\/2025\/08\/web-Courmayeur-Mont-Blanc-Funivie-ph-Lorenzo-Belfrond_1I2A6977.jpg","contentUrl":"https:\/\/www.courmayeur-montblanc.com\/app\/uploads\/2025\/08\/web-Courmayeur-Mont-Blanc-Funivie-ph-Lorenzo-Belfrond_1I2A6977.jpg","width":2560,"height":1707},{"@type":"BreadcrumbList","@id":"https:\/\/www.courmayeur-montblanc.com\/fr\/activites-dhiver\/freeride\/#breadcrumb","itemListElement":[{"@type":"ListItem","position":1,"name":"Homepage","item":"https:\/\/www.courmayeur-montblanc.com\/fr\/"},{"@type":"ListItem","position":2,"name":"Activit\u00e9s d&#8217;hiver","item":"https:\/\/www.courmayeur-montblanc.com\/fr\/activites-dhiver\/"},{"@type":"ListItem","position":3,"name":"Freeride"}]},{"@type":"WebSite","@id":"https:\/\/www.courmayeur-montblanc.com\/fr\/#website","url":"https:\/\/www.courmayeur-montblanc.com\/fr\/","name":"Courmayeur Mont Blanc Funivie","description":"","publisher":{"@id":"https:\/\/www.courmayeur-montblanc.com\/fr\/#organization"},"potentialAction":[{"@type":"SearchAction","target":{"@type":"EntryPoint","urlTemplate":"https:\/\/www.courmayeur-montblanc.com\/fr\/?s={search_term_string}"},"query-input":{"@type":"PropertyValueSpecification","valueRequired":true,"valueName":"search_term_string"}}],"inLanguage":"fr-FR"},{"@type":"Organization","@id":"https:\/\/www.courmayeur-montblanc.com\/fr\/#organization","name":"Courmayeur Mont Blanc Funivie","url":"https:\/\/www.courmayeur-montblanc.com\/fr\/","logo":{"@type":"ImageObject","inLanguage":"fr-FR","@id":"https:\/\/www.courmayeur-montblanc.com\/fr\/#\/schema\/logo\/image\/","url":"https:\/\/www.courmayeur-montblanc.com\/app\/uploads\/2022\/11\/cmbf-logo.png","contentUrl":"https:\/\/www.courmayeur-montblanc.com\/app\/uploads\/2022\/11\/cmbf-logo.png","width":800,"height":179,"caption":"Courmayeur Mont Blanc Funivie"},"image":{"@id":"https:\/\/www.courmayeur-montblanc.com\/fr\/#\/schema\/logo\/image\/"},"sameAs":["https:\/\/www.facebook.com\/funiviecourmayeur","https:\/\/x.com\/courmayeurski","https:\/\/www.instagram.com\/courmayeur\/","https:\/\/www.youtube.com\/channel\/UCrJ-6g0ooek9MIumfwdKGGw\/featured"]}]}},"_links":{"self":[{"href":"https:\/\/www.courmayeur-montblanc.com\/fr\/wp-json\/wp\/v2\/pages\/3488","targetHints":{"allow":["GET"]}}],"collection":[{"href":"https:\/\/www.courmayeur-montblanc.com\/fr\/wp-json\/wp\/v2\/pages"}],"about":[{"href":"https:\/\/www.courmayeur-montblanc.com\/fr\/wp-json\/wp\/v2\/types\/page"}],"author":[{"embeddable":true,"href":"https:\/\/www.courmayeur-montblanc.com\/fr\/wp-json\/wp\/v2\/users\/1"}],"replies":[{"embeddable":true,"href":"https:\/\/www.courmayeur-montblanc.com\/fr\/wp-json\/wp\/v2\/comments?post=3488"}],"version-history":[{"count":10,"href":"https:\/\/www.courmayeur-montblanc.com\/fr\/wp-json\/wp\/v2\/pages\/3488\/revisions"}],"predecessor-version":[{"id":13624,"href":"https:\/\/www.courmayeur-montblanc.com\/fr\/wp-json\/wp\/v2\/pages\/3488\/revisions\/13624"}],"up":[{"embeddable":true,"href":"https:\/\/www.courmayeur-montblanc.com\/fr\/wp-json\/wp\/v2\/pages\/3485"}],"wp:featuredmedia":[{"embeddable":true,"href":"https:\/\/www.courmayeur-montblanc.com\/fr\/wp-json\/wp\/v2\/media\/12560"}],"wp:attachment":[{"href":"https:\/\/www.courmayeur-montblanc.com\/fr\/wp-json\/wp\/v2\/media?parent=3488"}],"curies":[{"name":"wp","href":"https:\/\/api.w.org\/{rel}","templated":true}]}}