{"id":3491,"date":"2022-05-12T01:35:32","date_gmt":"2022-05-11T23:35:32","guid":{"rendered":"https:\/\/staging.cmbf.it\/activites-dhiver\/heliski\/"},"modified":"2022-12-20T23:32:40","modified_gmt":"2022-12-20T22:32:40","slug":"heliski","status":"publish","type":"page","link":"https:\/\/www.courmayeur-montblanc.com\/fr\/activites-dhiver\/heliski\/","title":{"rendered":"H\u00e9liski"},"content":{"rendered":"\n<p><strong>Le ciel n&#8217;est plus la limite<\/strong><\/p>\n\n\n\n<div class=\"wp-block-group text-justify\"><div class=\"wp-block-group__inner-container is-layout-flow wp-block-group-is-layout-flow\">\n<p>Vous r\u00eavez de voler et d\u2019atteindre des pentes cach\u00e9es, accessibles uniquement depuis le ciel ? Avec l\u2019<strong>h\u00e9liski<\/strong>, c\u2019est possible !<\/p>\n\n\n\n<p>D\u00e9collez \u00e0 la d\u00e9couverte de paysages secrets, directement depuis le domaine et atterrissez sur le <strong>Mont Fortin<\/strong> et d&#8217;autres sommets pour vivre des descentes pleines d&#8217;adr\u00e9naline, en maximisant votre journ\u00e9e sur la neige. Accompagn\u00e9s par des moniteurs de ski et des guides de montagne, vous restez en toute s\u00e9curit\u00e9. Une fois la descente hors-piste termin\u00e9e, rendez-vous dans l\u2019un des restaurants du domaine, rafra\u00eechissez-vous et terminez la journ\u00e9e par une descente sur piste !<\/p>\n\n\n\n<p>L\u2019Heliski, c&#8217;est de l&#8217;adr\u00e9naline \u00e0 saisir au vol.<\/p>\n<\/div><\/div>\n\n\n<div class=\"wp-bootstrap-blocks-row row align-items-center\">\n\t\n\n<div class=\"col-12 col-md\">\n\t\t\t\n\n<figure class=\"wp-block-image size-full\"><a href=\"https:\/\/www.heliski-courmayeur.com\/it\/\" target=\"_blank\" rel=\"noreferrer noopener\"><img loading=\"lazy\" decoding=\"async\" width=\"419\" height=\"120\" src=\"https:\/\/www.courmayeur-montblanc.com\/app\/uploads\/2022\/06\/heliski-courmayeur.png\" alt=\"\" class=\"wp-image-1113\" srcset=\"https:\/\/www.courmayeur-montblanc.com\/app\/uploads\/2022\/06\/heliski-courmayeur.png 419w, https:\/\/www.courmayeur-montblanc.com\/app\/uploads\/2022\/06\/heliski-courmayeur-300x86.png 300w\" sizes=\"auto, (max-width: 419px) 100vw, 419px\" \/><\/a><\/figure>\n\n\t<\/div>\n\n\n\n<div class=\"col-12 col-md\">\n\t\t\t\n\n<figure class=\"wp-block-image size-full\"><a href=\"https:\/\/www.scuolascimontebianco.com\" target=\"_blank\" rel=\"noreferrer noopener\"><img loading=\"lazy\" decoding=\"async\" width=\"350\" height=\"159\" src=\"https:\/\/www.courmayeur-montblanc.com\/app\/uploads\/2022\/06\/monte-bianco.png\" alt=\"\" class=\"wp-image-1038\" srcset=\"https:\/\/www.courmayeur-montblanc.com\/app\/uploads\/2022\/06\/monte-bianco.png 350w, https:\/\/www.courmayeur-montblanc.com\/app\/uploads\/2022\/06\/monte-bianco-300x136.png 300w\" sizes=\"auto, (max-width: 350px) 100vw, 350px\" \/><\/a><\/figure>\n\n\t<\/div>\n\n\n\n<div class=\"col-12 col-md\">\n\t\t\t\n\n<figure class=\"wp-block-image size-full\"><a href=\"https:\/\/www.courmayeurski.com\" target=\"_blank\" rel=\"noreferrer noopener\"><img loading=\"lazy\" decoding=\"async\" width=\"345\" height=\"145\" src=\"https:\/\/www.courmayeur-montblanc.com\/app\/uploads\/2022\/06\/Logo-scuola-sci-Courmayeur.png\" alt=\"\" class=\"wp-image-1026\" srcset=\"https:\/\/www.courmayeur-montblanc.com\/app\/uploads\/2022\/06\/Logo-scuola-sci-Courmayeur.png 345w, https:\/\/www.courmayeur-montblanc.com\/app\/uploads\/2022\/06\/Logo-scuola-sci-Courmayeur-300x126.png 300w\" sizes=\"auto, (max-width: 345px) 100vw, 345px\" \/><\/a><\/figure>\n\n\t<\/div>\n\n\n\n<div class=\"col-12 col-md\">\n\t\t\t\n<div class=\"wp-block-image\">\n<figure class=\"aligncenter size-full is-resized\"><a href=\"http:\/\/www.guidecourmayeur.com\/\" target=\"_blank\" rel=\"noreferrer noopener\"><img loading=\"lazy\" decoding=\"async\" src=\"https:\/\/www.courmayeur-montblanc.com\/app\/uploads\/2022\/06\/image.jpeg\" alt=\"\" class=\"wp-image-1019\" width=\"83\" height=\"108\" srcset=\"https:\/\/www.courmayeur-montblanc.com\/app\/uploads\/2022\/06\/image.jpeg 331w, https:\/\/www.courmayeur-montblanc.com\/app\/uploads\/2022\/06\/image-228x300.jpeg 228w\" sizes=\"auto, (max-width: 83px) 100vw, 83px\" \/><\/a><\/figure><\/div>\n\t<\/div>\n\n<\/div>\n","protected":false},"excerpt":{"rendered":"<p>Le ciel n&#8217;est plus la limite Vous r\u00eavez de voler et d\u2019atteindre des pentes cach\u00e9es, accessibles uniquement depuis le ciel ? Avec l\u2019h\u00e9liski, c\u2019est possible ! D\u00e9collez \u00e0 la d\u00e9couverte de paysages secrets, directement depuis le domaine et atterrissez sur le Mont Fortin et d&#8217;autres sommets pour vivre des descentes pleines d&#8217;adr\u00e9naline, en maximisant votre [&hellip;]<\/p>\n","protected":false},"author":1,"featured_media":3088,"parent":3485,"menu_order":3,"comment_status":"closed","ping_status":"closed","template":"","meta":{"_acf_changed":false,"_themeisle_gutenberg_block_has_review":false,"footnotes":""},"class_list":["post-3491","page","type-page","status-publish","has-post-thumbnail","hentry"],"acf":[],"yoast_head":"<!-- This site is optimized with the Yoast SEO plugin v26.2 - https:\/\/yoast.com\/wordpress\/plugins\/seo\/ -->\n<title>H\u00e9liski - Courmayeur Mont Blanc Funivie<\/title>\n<meta name=\"robots\" content=\"index, follow, max-snippet:-1, max-image-preview:large, max-video-preview:-1\" \/>\n<link rel=\"canonical\" href=\"https:\/\/www.courmayeur-montblanc.com\/fr\/activites-dhiver\/heliski\/\" \/>\n<meta property=\"og:locale\" content=\"fr_FR\" \/>\n<meta property=\"og:type\" content=\"article\" \/>\n<meta property=\"og:title\" content=\"H\u00e9liski - Courmayeur Mont Blanc Funivie\" \/>\n<meta property=\"og:description\" content=\"Le ciel n&#8217;est plus la limite Vous r\u00eavez de voler et d\u2019atteindre des pentes cach\u00e9es, accessibles uniquement depuis le ciel ? Avec l\u2019h\u00e9liski, c\u2019est possible ! D\u00e9collez \u00e0 la d\u00e9couverte de paysages secrets, directement depuis le domaine et atterrissez sur le Mont Fortin et d&#8217;autres sommets pour vivre des descentes pleines d&#8217;adr\u00e9naline, en maximisant votre [&hellip;]\" \/>\n<meta property=\"og:url\" content=\"https:\/\/www.courmayeur-montblanc.com\/fr\/activites-dhiver\/heliski\/\" \/>\n<meta property=\"og:site_name\" content=\"Courmayeur Mont Blanc Funivie\" \/>\n<meta property=\"article:publisher\" content=\"https:\/\/www.facebook.com\/funiviecourmayeur\" \/>\n<meta property=\"article:modified_time\" content=\"2022-12-20T22:32:40+00:00\" \/>\n<meta property=\"og:image\" content=\"https:\/\/www.courmayeur-montblanc.com\/app\/uploads\/2022\/10\/slider-heliski_CA8A9100-scaled.jpg\" \/>\n\t<meta property=\"og:image:width\" content=\"2560\" \/>\n\t<meta property=\"og:image:height\" content=\"1707\" \/>\n\t<meta property=\"og:image:type\" content=\"image\/jpeg\" \/>\n<meta name=\"twitter:card\" content=\"summary_large_image\" \/>\n<meta name=\"twitter:site\" content=\"@courmayeurski\" \/>\n<meta name=\"twitter:label1\" content=\"Dur\u00e9e de lecture estim\u00e9e\" \/>\n\t<meta name=\"twitter:data1\" content=\"2 minutes\" \/>\n<script type=\"application\/ld+json\" class=\"yoast-schema-graph\">{\"@context\":\"https:\/\/schema.org\",\"@graph\":[{\"@type\":\"WebPage\",\"@id\":\"https:\/\/www.courmayeur-montblanc.com\/fr\/activites-dhiver\/heliski\/\",\"url\":\"https:\/\/www.courmayeur-montblanc.com\/fr\/activites-dhiver\/heliski\/\",\"name\":\"H\u00e9liski - Courmayeur Mont Blanc Funivie\",\"isPartOf\":{\"@id\":\"https:\/\/www.courmayeur-montblanc.com\/fr\/#website\"},\"primaryImageOfPage\":{\"@id\":\"https:\/\/www.courmayeur-montblanc.com\/fr\/activites-dhiver\/heliski\/#primaryimage\"},\"image\":{\"@id\":\"https:\/\/www.courmayeur-montblanc.com\/fr\/activites-dhiver\/heliski\/#primaryimage\"},\"thumbnailUrl\":\"https:\/\/www.courmayeur-montblanc.com\/app\/uploads\/2022\/10\/slider-heliski_CA8A9100-scaled.jpg\",\"datePublished\":\"2022-05-11T23:35:32+00:00\",\"dateModified\":\"2022-12-20T22:32:40+00:00\",\"breadcrumb\":{\"@id\":\"https:\/\/www.courmayeur-montblanc.com\/fr\/activites-dhiver\/heliski\/#breadcrumb\"},\"inLanguage\":\"fr-FR\",\"potentialAction\":[{\"@type\":\"ReadAction\",\"target\":[\"https:\/\/www.courmayeur-montblanc.com\/fr\/activites-dhiver\/heliski\/\"]}]},{\"@type\":\"ImageObject\",\"inLanguage\":\"fr-FR\",\"@id\":\"https:\/\/www.courmayeur-montblanc.com\/fr\/activites-dhiver\/heliski\/#primaryimage\",\"url\":\"https:\/\/www.courmayeur-montblanc.com\/app\/uploads\/2022\/10\/slider-heliski_CA8A9100-scaled.jpg\",\"contentUrl\":\"https:\/\/www.courmayeur-montblanc.com\/app\/uploads\/2022\/10\/slider-heliski_CA8A9100-scaled.jpg\",\"width\":2560,\"height\":1707},{\"@type\":\"BreadcrumbList\",\"@id\":\"https:\/\/www.courmayeur-montblanc.com\/fr\/activites-dhiver\/heliski\/#breadcrumb\",\"itemListElement\":[{\"@type\":\"ListItem\",\"position\":1,\"name\":\"Homepage\",\"item\":\"https:\/\/www.courmayeur-montblanc.com\/fr\/\"},{\"@type\":\"ListItem\",\"position\":2,\"name\":\"Activit\u00e9s d&#8217;hiver\",\"item\":\"https:\/\/www.courmayeur-montblanc.com\/fr\/activites-dhiver\/\"},{\"@type\":\"ListItem\",\"position\":3,\"name\":\"H\u00e9liski\"}]},{\"@type\":\"WebSite\",\"@id\":\"https:\/\/www.courmayeur-montblanc.com\/fr\/#website\",\"url\":\"https:\/\/www.courmayeur-montblanc.com\/fr\/\",\"name\":\"Courmayeur Mont Blanc Funivie\",\"description\":\"\",\"publisher\":{\"@id\":\"https:\/\/www.courmayeur-montblanc.com\/fr\/#organization\"},\"potentialAction\":[{\"@type\":\"SearchAction\",\"target\":{\"@type\":\"EntryPoint\",\"urlTemplate\":\"https:\/\/www.courmayeur-montblanc.com\/fr\/?s={search_term_string}\"},\"query-input\":{\"@type\":\"PropertyValueSpecification\",\"valueRequired\":true,\"valueName\":\"search_term_string\"}}],\"inLanguage\":\"fr-FR\"},{\"@type\":\"Organization\",\"@id\":\"https:\/\/www.courmayeur-montblanc.com\/fr\/#organization\",\"name\":\"Courmayeur Mont Blanc Funivie\",\"url\":\"https:\/\/www.courmayeur-montblanc.com\/fr\/\",\"logo\":{\"@type\":\"ImageObject\",\"inLanguage\":\"fr-FR\",\"@id\":\"https:\/\/www.courmayeur-montblanc.com\/fr\/#\/schema\/logo\/image\/\",\"url\":\"https:\/\/www.courmayeur-montblanc.com\/app\/uploads\/2022\/11\/cmbf-logo.png\",\"contentUrl\":\"https:\/\/www.courmayeur-montblanc.com\/app\/uploads\/2022\/11\/cmbf-logo.png\",\"width\":800,\"height\":179,\"caption\":\"Courmayeur Mont Blanc Funivie\"},\"image\":{\"@id\":\"https:\/\/www.courmayeur-montblanc.com\/fr\/#\/schema\/logo\/image\/\"},\"sameAs\":[\"https:\/\/www.facebook.com\/funiviecourmayeur\",\"https:\/\/x.com\/courmayeurski\",\"https:\/\/www.instagram.com\/courmayeur\/\",\"https:\/\/www.youtube.com\/channel\/UCrJ-6g0ooek9MIumfwdKGGw\/featured\"]}]}<\/script>\n<!-- \/ Yoast SEO plugin. -->","yoast_head_json":{"title":"H\u00e9liski - Courmayeur Mont Blanc Funivie","robots":{"index":"index","follow":"follow","max-snippet":"max-snippet:-1","max-image-preview":"max-image-preview:large","max-video-preview":"max-video-preview:-1"},"canonical":"https:\/\/www.courmayeur-montblanc.com\/fr\/activites-dhiver\/heliski\/","og_locale":"fr_FR","og_type":"article","og_title":"H\u00e9liski - Courmayeur Mont Blanc Funivie","og_description":"Le ciel n&#8217;est plus la limite Vous r\u00eavez de voler et d\u2019atteindre des pentes cach\u00e9es, accessibles uniquement depuis le ciel ? Avec l\u2019h\u00e9liski, c\u2019est possible ! D\u00e9collez \u00e0 la d\u00e9couverte de paysages secrets, directement depuis le domaine et atterrissez sur le Mont Fortin et d&#8217;autres sommets pour vivre des descentes pleines d&#8217;adr\u00e9naline, en maximisant votre [&hellip;]","og_url":"https:\/\/www.courmayeur-montblanc.com\/fr\/activites-dhiver\/heliski\/","og_site_name":"Courmayeur Mont Blanc Funivie","article_publisher":"https:\/\/www.facebook.com\/funiviecourmayeur","article_modified_time":"2022-12-20T22:32:40+00:00","og_image":[{"width":2560,"height":1707,"url":"https:\/\/www.courmayeur-montblanc.com\/app\/uploads\/2022\/10\/slider-heliski_CA8A9100-scaled.jpg","type":"image\/jpeg"}],"twitter_card":"summary_large_image","twitter_site":"@courmayeurski","twitter_misc":{"Dur\u00e9e de lecture estim\u00e9e":"2 minutes"},"schema":{"@context":"https:\/\/schema.org","@graph":[{"@type":"WebPage","@id":"https:\/\/www.courmayeur-montblanc.com\/fr\/activites-dhiver\/heliski\/","url":"https:\/\/www.courmayeur-montblanc.com\/fr\/activites-dhiver\/heliski\/","name":"H\u00e9liski - Courmayeur Mont Blanc Funivie","isPartOf":{"@id":"https:\/\/www.courmayeur-montblanc.com\/fr\/#website"},"primaryImageOfPage":{"@id":"https:\/\/www.courmayeur-montblanc.com\/fr\/activites-dhiver\/heliski\/#primaryimage"},"image":{"@id":"https:\/\/www.courmayeur-montblanc.com\/fr\/activites-dhiver\/heliski\/#primaryimage"},"thumbnailUrl":"https:\/\/www.courmayeur-montblanc.com\/app\/uploads\/2022\/10\/slider-heliski_CA8A9100-scaled.jpg","datePublished":"2022-05-11T23:35:32+00:00","dateModified":"2022-12-20T22:32:40+00:00","breadcrumb":{"@id":"https:\/\/www.courmayeur-montblanc.com\/fr\/activites-dhiver\/heliski\/#breadcrumb"},"inLanguage":"fr-FR","potentialAction":[{"@type":"ReadAction","target":["https:\/\/www.courmayeur-montblanc.com\/fr\/activites-dhiver\/heliski\/"]}]},{"@type":"ImageObject","inLanguage":"fr-FR","@id":"https:\/\/www.courmayeur-montblanc.com\/fr\/activites-dhiver\/heliski\/#primaryimage","url":"https:\/\/www.courmayeur-montblanc.com\/app\/uploads\/2022\/10\/slider-heliski_CA8A9100-scaled.jpg","contentUrl":"https:\/\/www.courmayeur-montblanc.com\/app\/uploads\/2022\/10\/slider-heliski_CA8A9100-scaled.jpg","width":2560,"height":1707},{"@type":"BreadcrumbList","@id":"https:\/\/www.courmayeur-montblanc.com\/fr\/activites-dhiver\/heliski\/#breadcrumb","itemListElement":[{"@type":"ListItem","position":1,"name":"Homepage","item":"https:\/\/www.courmayeur-montblanc.com\/fr\/"},{"@type":"ListItem","position":2,"name":"Activit\u00e9s d&#8217;hiver","item":"https:\/\/www.courmayeur-montblanc.com\/fr\/activites-dhiver\/"},{"@type":"ListItem","position":3,"name":"H\u00e9liski"}]},{"@type":"WebSite","@id":"https:\/\/www.courmayeur-montblanc.com\/fr\/#website","url":"https:\/\/www.courmayeur-montblanc.com\/fr\/","name":"Courmayeur Mont Blanc Funivie","description":"","publisher":{"@id":"https:\/\/www.courmayeur-montblanc.com\/fr\/#organization"},"potentialAction":[{"@type":"SearchAction","target":{"@type":"EntryPoint","urlTemplate":"https:\/\/www.courmayeur-montblanc.com\/fr\/?s={search_term_string}"},"query-input":{"@type":"PropertyValueSpecification","valueRequired":true,"valueName":"search_term_string"}}],"inLanguage":"fr-FR"},{"@type":"Organization","@id":"https:\/\/www.courmayeur-montblanc.com\/fr\/#organization","name":"Courmayeur Mont Blanc Funivie","url":"https:\/\/www.courmayeur-montblanc.com\/fr\/","logo":{"@type":"ImageObject","inLanguage":"fr-FR","@id":"https:\/\/www.courmayeur-montblanc.com\/fr\/#\/schema\/logo\/image\/","url":"https:\/\/www.courmayeur-montblanc.com\/app\/uploads\/2022\/11\/cmbf-logo.png","contentUrl":"https:\/\/www.courmayeur-montblanc.com\/app\/uploads\/2022\/11\/cmbf-logo.png","width":800,"height":179,"caption":"Courmayeur Mont Blanc Funivie"},"image":{"@id":"https:\/\/www.courmayeur-montblanc.com\/fr\/#\/schema\/logo\/image\/"},"sameAs":["https:\/\/www.facebook.com\/funiviecourmayeur","https:\/\/x.com\/courmayeurski","https:\/\/www.instagram.com\/courmayeur\/","https:\/\/www.youtube.com\/channel\/UCrJ-6g0ooek9MIumfwdKGGw\/featured"]}]}},"_links":{"self":[{"href":"https:\/\/www.courmayeur-montblanc.com\/fr\/wp-json\/wp\/v2\/pages\/3491","targetHints":{"allow":["GET"]}}],"collection":[{"href":"https:\/\/www.courmayeur-montblanc.com\/fr\/wp-json\/wp\/v2\/pages"}],"about":[{"href":"https:\/\/www.courmayeur-montblanc.com\/fr\/wp-json\/wp\/v2\/types\/page"}],"author":[{"embeddable":true,"href":"https:\/\/www.courmayeur-montblanc.com\/fr\/wp-json\/wp\/v2\/users\/1"}],"replies":[{"embeddable":true,"href":"https:\/\/www.courmayeur-montblanc.com\/fr\/wp-json\/wp\/v2\/comments?post=3491"}],"version-history":[{"count":9,"href":"https:\/\/www.courmayeur-montblanc.com\/fr\/wp-json\/wp\/v2\/pages\/3491\/revisions"}],"predecessor-version":[{"id":5867,"href":"https:\/\/www.courmayeur-montblanc.com\/fr\/wp-json\/wp\/v2\/pages\/3491\/revisions\/5867"}],"up":[{"embeddable":true,"href":"https:\/\/www.courmayeur-montblanc.com\/fr\/wp-json\/wp\/v2\/pages\/3485"}],"wp:featuredmedia":[{"embeddable":true,"href":"https:\/\/www.courmayeur-montblanc.com\/fr\/wp-json\/wp\/v2\/media\/3088"}],"wp:attachment":[{"href":"https:\/\/www.courmayeur-montblanc.com\/fr\/wp-json\/wp\/v2\/media?parent=3491"}],"curies":[{"name":"wp","href":"https:\/\/api.w.org\/{rel}","templated":true}]}}