{"id":3496,"date":"2022-05-12T01:33:34","date_gmt":"2022-05-11T23:33:34","guid":{"rendered":"https:\/\/staging.cmbf.it\/activites-dhiver\/ski-alpin\/"},"modified":"2022-12-20T23:29:56","modified_gmt":"2022-12-20T22:29:56","slug":"ski-alpin","status":"publish","type":"page","link":"https:\/\/www.courmayeur-montblanc.com\/fr\/activites-dhiver\/ski-alpin\/","title":{"rendered":"Ski alpin"},"content":{"rendered":"\n<p>\n          <strong>Pistes de ski parfaites<\/strong>\n        <\/p>\n\n\n\n<div class=\"wp-block-group text-justify\"><div class=\"wp-block-group__inner-container is-layout-flow wp-block-group-is-layout-flow\">\n<p>Au c\u0153ur des Alpes, au pied du Mont Blanc, choisissez l&#8217;intensit\u00e9 de votre exp\u00e9rience et profitez de l&#8217;\u00e9motion exclusive d&#8217;un panorama unique.  <br>18 remont\u00e9es m\u00e9caniques, 11 pistes bleues, 17 pistes rouges, 5 pistes noires et d&#8217;innombrables hors-pistes pour skieurs experts et d\u00e9butants ne sont que le d\u00e9but d&#8217;une aventure qui embrasse les pentes autour du Mont Blanc. Le point de d\u00e9part id\u00e9al pour le ski sans fronti\u00e8res.  <br>La fiert\u00e9 de la r\u00e9gion de Courmayeur r\u00e9side dans les pistes parfaitement dam\u00e9es et la qualit\u00e9 incomparable de la neige. Le syst\u00e8me de battage g\u00e9olocalis\u00e9, associ\u00e9 au professionnalisme de nos dameurs, permet de contr\u00f4ler en permanence l&#8217;\u00e9paisseur du manteau neigeux pour une efficace r\u00e9partition de la neige sur la piste et pour g\u00e9rer au mieux la production de neige programm\u00e9e, dans l\u2019objectif d&#8217;optimiser la consommation \u00e9n\u00e9rg\u00e9tique et de l\u2019eau. Le nouveau syst\u00e8me d&#8217;enneigement programm\u00e9 couvre plus de 80% de la superficie et gr\u00e2ce \u00e0 une technologie de pointe, il offre des performances tr\u00e8s \u00e9lev\u00e9es.<\/p>\n<\/div><\/div>\n\n\n\n<p>L&#8217;aventure ne vient que de commencer.<\/p>\n\n\n\n<div style=\"height:37px\" aria-hidden=\"true\" class=\"wp-block-spacer\"><\/div>\n","protected":false},"excerpt":{"rendered":"<p>Pistes de ski parfaites Au c\u0153ur des Alpes, au pied du Mont Blanc, choisissez l&#8217;intensit\u00e9 de votre exp\u00e9rience et profitez de l&#8217;\u00e9motion exclusive d&#8217;un panorama unique. 18 remont\u00e9es m\u00e9caniques, 11 pistes bleues, 17 pistes rouges, 5 pistes noires et d&#8217;innombrables hors-pistes pour skieurs experts et d\u00e9butants ne sont que le d\u00e9but d&#8217;une aventure qui embrasse [&hellip;]<\/p>\n","protected":false},"author":1,"featured_media":13221,"parent":3485,"menu_order":0,"comment_status":"closed","ping_status":"closed","template":"","meta":{"_acf_changed":false,"_themeisle_gutenberg_block_has_review":false,"footnotes":""},"class_list":["post-3496","page","type-page","status-publish","has-post-thumbnail","hentry"],"acf":[],"yoast_head":"<!-- This site is optimized with the Yoast SEO plugin v26.2 - https:\/\/yoast.com\/wordpress\/plugins\/seo\/ -->\n<title>Ski alpin - Courmayeur Mont Blanc Funivie<\/title>\n<meta name=\"robots\" content=\"index, follow, max-snippet:-1, max-image-preview:large, max-video-preview:-1\" \/>\n<link rel=\"canonical\" href=\"https:\/\/www.courmayeur-montblanc.com\/fr\/activites-dhiver\/ski-alpin\/\" \/>\n<meta property=\"og:locale\" content=\"fr_FR\" \/>\n<meta property=\"og:type\" content=\"article\" \/>\n<meta property=\"og:title\" content=\"Ski alpin - Courmayeur Mont Blanc Funivie\" \/>\n<meta property=\"og:description\" content=\"Pistes de ski parfaites Au c\u0153ur des Alpes, au pied du Mont Blanc, choisissez l&#8217;intensit\u00e9 de votre exp\u00e9rience et profitez de l&#8217;\u00e9motion exclusive d&#8217;un panorama unique. 18 remont\u00e9es m\u00e9caniques, 11 pistes bleues, 17 pistes rouges, 5 pistes noires et d&#8217;innombrables hors-pistes pour skieurs experts et d\u00e9butants ne sont que le d\u00e9but d&#8217;une aventure qui embrasse [&hellip;]\" \/>\n<meta property=\"og:url\" content=\"https:\/\/www.courmayeur-montblanc.com\/fr\/activites-dhiver\/ski-alpin\/\" \/>\n<meta property=\"og:site_name\" content=\"Courmayeur Mont Blanc Funivie\" \/>\n<meta property=\"article:publisher\" content=\"https:\/\/www.facebook.com\/funiviecourmayeur\" \/>\n<meta property=\"article:modified_time\" content=\"2022-12-20T22:29:56+00:00\" \/>\n<meta property=\"og:image\" content=\"https:\/\/www.courmayeur-montblanc.com\/app\/uploads\/2022\/10\/sci-alpino-in-evidenza_LNZ_0573-scaled.jpg\" \/>\n\t<meta property=\"og:image:width\" content=\"2560\" \/>\n\t<meta property=\"og:image:height\" content=\"1707\" \/>\n\t<meta property=\"og:image:type\" content=\"image\/jpeg\" \/>\n<meta name=\"twitter:card\" content=\"summary_large_image\" \/>\n<meta name=\"twitter:site\" content=\"@courmayeurski\" \/>\n<meta name=\"twitter:label1\" content=\"Dur\u00e9e de lecture estim\u00e9e\" \/>\n\t<meta name=\"twitter:data1\" content=\"1 minute\" \/>\n<script type=\"application\/ld+json\" class=\"yoast-schema-graph\">{\"@context\":\"https:\/\/schema.org\",\"@graph\":[{\"@type\":\"WebPage\",\"@id\":\"https:\/\/www.courmayeur-montblanc.com\/fr\/activites-dhiver\/ski-alpin\/\",\"url\":\"https:\/\/www.courmayeur-montblanc.com\/fr\/activites-dhiver\/ski-alpin\/\",\"name\":\"Ski alpin - Courmayeur Mont Blanc Funivie\",\"isPartOf\":{\"@id\":\"https:\/\/www.courmayeur-montblanc.com\/fr\/#website\"},\"primaryImageOfPage\":{\"@id\":\"https:\/\/www.courmayeur-montblanc.com\/fr\/activites-dhiver\/ski-alpin\/#primaryimage\"},\"image\":{\"@id\":\"https:\/\/www.courmayeur-montblanc.com\/fr\/activites-dhiver\/ski-alpin\/#primaryimage\"},\"thumbnailUrl\":\"https:\/\/www.courmayeur-montblanc.com\/app\/uploads\/2025\/11\/web-2025-winter-courmayeur-mont-blanc-funivie-ph-lorenzo-belfrond-1i2a1186.jpg\",\"datePublished\":\"2022-05-11T23:33:34+00:00\",\"dateModified\":\"2022-12-20T22:29:56+00:00\",\"breadcrumb\":{\"@id\":\"https:\/\/www.courmayeur-montblanc.com\/fr\/activites-dhiver\/ski-alpin\/#breadcrumb\"},\"inLanguage\":\"fr-FR\",\"potentialAction\":[{\"@type\":\"ReadAction\",\"target\":[\"https:\/\/www.courmayeur-montblanc.com\/fr\/activites-dhiver\/ski-alpin\/\"]}]},{\"@type\":\"ImageObject\",\"inLanguage\":\"fr-FR\",\"@id\":\"https:\/\/www.courmayeur-montblanc.com\/fr\/activites-dhiver\/ski-alpin\/#primaryimage\",\"url\":\"https:\/\/www.courmayeur-montblanc.com\/app\/uploads\/2025\/11\/web-2025-winter-courmayeur-mont-blanc-funivie-ph-lorenzo-belfrond-1i2a1186.jpg\",\"contentUrl\":\"https:\/\/www.courmayeur-montblanc.com\/app\/uploads\/2025\/11\/web-2025-winter-courmayeur-mont-blanc-funivie-ph-lorenzo-belfrond-1i2a1186.jpg\",\"width\":6000,\"height\":4000},{\"@type\":\"BreadcrumbList\",\"@id\":\"https:\/\/www.courmayeur-montblanc.com\/fr\/activites-dhiver\/ski-alpin\/#breadcrumb\",\"itemListElement\":[{\"@type\":\"ListItem\",\"position\":1,\"name\":\"Homepage\",\"item\":\"https:\/\/www.courmayeur-montblanc.com\/fr\/\"},{\"@type\":\"ListItem\",\"position\":2,\"name\":\"Activit\u00e9s d&#8217;hiver\",\"item\":\"https:\/\/www.courmayeur-montblanc.com\/fr\/activites-dhiver\/\"},{\"@type\":\"ListItem\",\"position\":3,\"name\":\"Ski alpin\"}]},{\"@type\":\"WebSite\",\"@id\":\"https:\/\/www.courmayeur-montblanc.com\/fr\/#website\",\"url\":\"https:\/\/www.courmayeur-montblanc.com\/fr\/\",\"name\":\"Courmayeur Mont Blanc Funivie\",\"description\":\"\",\"publisher\":{\"@id\":\"https:\/\/www.courmayeur-montblanc.com\/fr\/#organization\"},\"potentialAction\":[{\"@type\":\"SearchAction\",\"target\":{\"@type\":\"EntryPoint\",\"urlTemplate\":\"https:\/\/www.courmayeur-montblanc.com\/fr\/?s={search_term_string}\"},\"query-input\":{\"@type\":\"PropertyValueSpecification\",\"valueRequired\":true,\"valueName\":\"search_term_string\"}}],\"inLanguage\":\"fr-FR\"},{\"@type\":\"Organization\",\"@id\":\"https:\/\/www.courmayeur-montblanc.com\/fr\/#organization\",\"name\":\"Courmayeur Mont Blanc Funivie\",\"url\":\"https:\/\/www.courmayeur-montblanc.com\/fr\/\",\"logo\":{\"@type\":\"ImageObject\",\"inLanguage\":\"fr-FR\",\"@id\":\"https:\/\/www.courmayeur-montblanc.com\/fr\/#\/schema\/logo\/image\/\",\"url\":\"https:\/\/www.courmayeur-montblanc.com\/app\/uploads\/2022\/11\/cmbf-logo.png\",\"contentUrl\":\"https:\/\/www.courmayeur-montblanc.com\/app\/uploads\/2022\/11\/cmbf-logo.png\",\"width\":800,\"height\":179,\"caption\":\"Courmayeur Mont Blanc Funivie\"},\"image\":{\"@id\":\"https:\/\/www.courmayeur-montblanc.com\/fr\/#\/schema\/logo\/image\/\"},\"sameAs\":[\"https:\/\/www.facebook.com\/funiviecourmayeur\",\"https:\/\/x.com\/courmayeurski\",\"https:\/\/www.instagram.com\/courmayeur\/\",\"https:\/\/www.youtube.com\/channel\/UCrJ-6g0ooek9MIumfwdKGGw\/featured\"]}]}<\/script>\n<!-- \/ Yoast SEO plugin. -->","yoast_head_json":{"title":"Ski alpin - Courmayeur Mont Blanc Funivie","robots":{"index":"index","follow":"follow","max-snippet":"max-snippet:-1","max-image-preview":"max-image-preview:large","max-video-preview":"max-video-preview:-1"},"canonical":"https:\/\/www.courmayeur-montblanc.com\/fr\/activites-dhiver\/ski-alpin\/","og_locale":"fr_FR","og_type":"article","og_title":"Ski alpin - Courmayeur Mont Blanc Funivie","og_description":"Pistes de ski parfaites Au c\u0153ur des Alpes, au pied du Mont Blanc, choisissez l&#8217;intensit\u00e9 de votre exp\u00e9rience et profitez de l&#8217;\u00e9motion exclusive d&#8217;un panorama unique. 18 remont\u00e9es m\u00e9caniques, 11 pistes bleues, 17 pistes rouges, 5 pistes noires et d&#8217;innombrables hors-pistes pour skieurs experts et d\u00e9butants ne sont que le d\u00e9but d&#8217;une aventure qui embrasse [&hellip;]","og_url":"https:\/\/www.courmayeur-montblanc.com\/fr\/activites-dhiver\/ski-alpin\/","og_site_name":"Courmayeur Mont Blanc Funivie","article_publisher":"https:\/\/www.facebook.com\/funiviecourmayeur","article_modified_time":"2022-12-20T22:29:56+00:00","og_image":[{"width":2560,"height":1707,"url":"https:\/\/www.courmayeur-montblanc.com\/app\/uploads\/2022\/10\/sci-alpino-in-evidenza_LNZ_0573-scaled.jpg","type":"image\/jpeg"}],"twitter_card":"summary_large_image","twitter_site":"@courmayeurski","twitter_misc":{"Dur\u00e9e de lecture estim\u00e9e":"1 minute"},"schema":{"@context":"https:\/\/schema.org","@graph":[{"@type":"WebPage","@id":"https:\/\/www.courmayeur-montblanc.com\/fr\/activites-dhiver\/ski-alpin\/","url":"https:\/\/www.courmayeur-montblanc.com\/fr\/activites-dhiver\/ski-alpin\/","name":"Ski alpin - Courmayeur Mont Blanc Funivie","isPartOf":{"@id":"https:\/\/www.courmayeur-montblanc.com\/fr\/#website"},"primaryImageOfPage":{"@id":"https:\/\/www.courmayeur-montblanc.com\/fr\/activites-dhiver\/ski-alpin\/#primaryimage"},"image":{"@id":"https:\/\/www.courmayeur-montblanc.com\/fr\/activites-dhiver\/ski-alpin\/#primaryimage"},"thumbnailUrl":"https:\/\/www.courmayeur-montblanc.com\/app\/uploads\/2025\/11\/web-2025-winter-courmayeur-mont-blanc-funivie-ph-lorenzo-belfrond-1i2a1186.jpg","datePublished":"2022-05-11T23:33:34+00:00","dateModified":"2022-12-20T22:29:56+00:00","breadcrumb":{"@id":"https:\/\/www.courmayeur-montblanc.com\/fr\/activites-dhiver\/ski-alpin\/#breadcrumb"},"inLanguage":"fr-FR","potentialAction":[{"@type":"ReadAction","target":["https:\/\/www.courmayeur-montblanc.com\/fr\/activites-dhiver\/ski-alpin\/"]}]},{"@type":"ImageObject","inLanguage":"fr-FR","@id":"https:\/\/www.courmayeur-montblanc.com\/fr\/activites-dhiver\/ski-alpin\/#primaryimage","url":"https:\/\/www.courmayeur-montblanc.com\/app\/uploads\/2025\/11\/web-2025-winter-courmayeur-mont-blanc-funivie-ph-lorenzo-belfrond-1i2a1186.jpg","contentUrl":"https:\/\/www.courmayeur-montblanc.com\/app\/uploads\/2025\/11\/web-2025-winter-courmayeur-mont-blanc-funivie-ph-lorenzo-belfrond-1i2a1186.jpg","width":6000,"height":4000},{"@type":"BreadcrumbList","@id":"https:\/\/www.courmayeur-montblanc.com\/fr\/activites-dhiver\/ski-alpin\/#breadcrumb","itemListElement":[{"@type":"ListItem","position":1,"name":"Homepage","item":"https:\/\/www.courmayeur-montblanc.com\/fr\/"},{"@type":"ListItem","position":2,"name":"Activit\u00e9s d&#8217;hiver","item":"https:\/\/www.courmayeur-montblanc.com\/fr\/activites-dhiver\/"},{"@type":"ListItem","position":3,"name":"Ski alpin"}]},{"@type":"WebSite","@id":"https:\/\/www.courmayeur-montblanc.com\/fr\/#website","url":"https:\/\/www.courmayeur-montblanc.com\/fr\/","name":"Courmayeur Mont Blanc Funivie","description":"","publisher":{"@id":"https:\/\/www.courmayeur-montblanc.com\/fr\/#organization"},"potentialAction":[{"@type":"SearchAction","target":{"@type":"EntryPoint","urlTemplate":"https:\/\/www.courmayeur-montblanc.com\/fr\/?s={search_term_string}"},"query-input":{"@type":"PropertyValueSpecification","valueRequired":true,"valueName":"search_term_string"}}],"inLanguage":"fr-FR"},{"@type":"Organization","@id":"https:\/\/www.courmayeur-montblanc.com\/fr\/#organization","name":"Courmayeur Mont Blanc Funivie","url":"https:\/\/www.courmayeur-montblanc.com\/fr\/","logo":{"@type":"ImageObject","inLanguage":"fr-FR","@id":"https:\/\/www.courmayeur-montblanc.com\/fr\/#\/schema\/logo\/image\/","url":"https:\/\/www.courmayeur-montblanc.com\/app\/uploads\/2022\/11\/cmbf-logo.png","contentUrl":"https:\/\/www.courmayeur-montblanc.com\/app\/uploads\/2022\/11\/cmbf-logo.png","width":800,"height":179,"caption":"Courmayeur Mont Blanc Funivie"},"image":{"@id":"https:\/\/www.courmayeur-montblanc.com\/fr\/#\/schema\/logo\/image\/"},"sameAs":["https:\/\/www.facebook.com\/funiviecourmayeur","https:\/\/x.com\/courmayeurski","https:\/\/www.instagram.com\/courmayeur\/","https:\/\/www.youtube.com\/channel\/UCrJ-6g0ooek9MIumfwdKGGw\/featured"]}]}},"_links":{"self":[{"href":"https:\/\/www.courmayeur-montblanc.com\/fr\/wp-json\/wp\/v2\/pages\/3496","targetHints":{"allow":["GET"]}}],"collection":[{"href":"https:\/\/www.courmayeur-montblanc.com\/fr\/wp-json\/wp\/v2\/pages"}],"about":[{"href":"https:\/\/www.courmayeur-montblanc.com\/fr\/wp-json\/wp\/v2\/types\/page"}],"author":[{"embeddable":true,"href":"https:\/\/www.courmayeur-montblanc.com\/fr\/wp-json\/wp\/v2\/users\/1"}],"replies":[{"embeddable":true,"href":"https:\/\/www.courmayeur-montblanc.com\/fr\/wp-json\/wp\/v2\/comments?post=3496"}],"version-history":[{"count":12,"href":"https:\/\/www.courmayeur-montblanc.com\/fr\/wp-json\/wp\/v2\/pages\/3496\/revisions"}],"predecessor-version":[{"id":5862,"href":"https:\/\/www.courmayeur-montblanc.com\/fr\/wp-json\/wp\/v2\/pages\/3496\/revisions\/5862"}],"up":[{"embeddable":true,"href":"https:\/\/www.courmayeur-montblanc.com\/fr\/wp-json\/wp\/v2\/pages\/3485"}],"wp:featuredmedia":[{"embeddable":true,"href":"https:\/\/www.courmayeur-montblanc.com\/fr\/wp-json\/wp\/v2\/media\/13221"}],"wp:attachment":[{"href":"https:\/\/www.courmayeur-montblanc.com\/fr\/wp-json\/wp\/v2\/media?parent=3496"}],"curies":[{"name":"wp","href":"https:\/\/api.w.org\/{rel}","templated":true}]}}