{"id":3499,"date":"2022-05-12T01:36:25","date_gmt":"2022-05-11T23:36:25","guid":{"rendered":"https:\/\/staging.cmbf.it\/activites-dhiver\/skyway\/"},"modified":"2025-12-04T09:51:10","modified_gmt":"2025-12-04T08:51:10","slug":"skyway","status":"publish","type":"page","link":"https:\/\/www.courmayeur-montblanc.com\/fr\/activites-dhiver\/skyway\/","title":{"rendered":"Skyway Monte Bianco"},"content":{"rendered":"\n<p><strong>The Way to the top of Italy<\/strong>.<\/p>\n\n\n\n<div class=\"wp-block-group text-justify\"><div class=\"wp-block-group__inner-container is-layout-flow wp-block-group-is-layout-flow\">\n<div class=\"wp-block-group te\"><div class=\"wp-block-group__inner-container is-layout-constrained wp-block-group-is-layout-constrained\">\n<p>Suivre la voie du ciel pour gravir la plus haute montagne d&#8217;Italie, effleurer les sommets du doigt. C&#8217;est Skyway Monte Bianco, une merveille d&#8217;ing\u00e9nierie avec des cabines qui tournent \u00e0 360 degr\u00e9s pour une exp\u00e9rience d&#8217;ascension unique au pied du Mont Blanc.<\/p>\n\n\n\n<p>Les trois stations de Skyway accueillent des exp\u00e9riences culturelles, naturelles, cin\u00e9matographiques, artistiques et gastronomiques, pour une journ\u00e9e compl\u00e8te en altitude.<\/p>\n\n\n\n<p>L&#8217;exp\u00e9rience gastronomique est un voyage dans le voyage. Au d\u00e9part, le Caf\u00e9 des Alpinistes est l&#8217;arr\u00eat avant l&#8217;ascension vers le Mont Blanc, tandis qu&#8217;\u00e0 la station interm\u00e9diaire du Pavillon (2 173 m) vous trouverez le Mountain Bar, qui propose une pause rapide avec un sandwich, pour ne pas manquer un instant de votre journ\u00e9e au pied du Mont Blanc, le Ristorante Alpino est le lieu pour ceux qui veulent profiter d&#8217;une pause gastronomique sans perdre les saveurs authentiques de la montagne.<\/p>\n\n\n\n<p>\u00c0 la station de Punta Helbronner (3 466 m), le Kartell Bistrot Panoramic est le caf\u00e9 le plus haut d&#8217;Italie, pour d\u00e9couvrir les saveurs authentiques de la tradition vald\u00f4taine, en admirant les cath\u00e9drales granitiques du Mont Blanc.<\/p>\n\n\n\n<p>Pour les skieurs experts, Punta Helbronner est le point de d\u00e9part de la Vall\u00e9e Blanche, un itin\u00e9raire hors-piste l\u00e9gendaire qui traverse le c\u0153ur du massif du Mont Blanc. Plus de 20 kilom\u00e8tres de descente entre glaciers, s\u00e9racs et panoramas uniques, \u00e0 vivre toujours accompagn\u00e9 d&#8217;un guide de haute montagne, jusqu&#8217;\u00e0 atteindre Chamonix en France.<\/p>\n\n\n\n<p>Skyway Monte Bianco est une exp\u00e9rience : verticale, alpine, durable, gastronomique et culturelle. Nous vous emmenons au point le plus haut d&#8217;Italie et au plus proche du Mont Blanc.<\/p>\n\n\n\n<p>Dans chaque station, il est possible de vivre la montagne : espaces d&#8217;exposition, restaurants et bars, l&#8217;exposition de cristaux, l&#8217;histoire du t\u00e9l\u00e9ph\u00e9rique de 1941 \u00e0 aujourd&#8217;hui, en \u00e9t\u00e9 le Jardin Botanique Saussurea, le Terrier des Marmottes, LaFeltrinelli et une salle surr\u00e9aliste, la &#8220;Mont Blanc Infinity Room&#8221;, qui permet de vivre le Mont Blanc et ses couleurs en toutes saisons.<\/p>\n\n\n\n<p class=\"text-justify\">Vous pouvez acheter votre billet sur le site <a href=\"http:\/\/www.montebianco.com\">www.montebianco.com<\/a><\/p>\n<\/div><\/div>\n<\/div><\/div>\n","protected":false},"excerpt":{"rendered":"<p>The Way to the top of Italy. Suivre la voie du ciel pour gravir la plus haute montagne d&#8217;Italie, effleurer les sommets du doigt. C&#8217;est Skyway Monte Bianco, une merveille d&#8217;ing\u00e9nierie avec des cabines qui tournent \u00e0 360 degr\u00e9s pour une exp\u00e9rience d&#8217;ascension unique au pied du Mont Blanc. Les trois stations de Skyway accueillent [&hellip;]<\/p>\n","protected":false},"author":1,"featured_media":13318,"parent":3485,"menu_order":4,"comment_status":"closed","ping_status":"closed","template":"","meta":{"_acf_changed":false,"_themeisle_gutenberg_block_has_review":false,"footnotes":""},"class_list":["post-3499","page","type-page","status-publish","has-post-thumbnail","hentry"],"acf":[],"yoast_head":"<!-- This site is optimized with the Yoast SEO plugin v26.2 - https:\/\/yoast.com\/wordpress\/plugins\/seo\/ -->\n<title>Skyway Monte Bianco - Courmayeur Mont Blanc Funivie<\/title>\n<meta name=\"robots\" content=\"index, follow, max-snippet:-1, max-image-preview:large, max-video-preview:-1\" \/>\n<link rel=\"canonical\" href=\"https:\/\/www.courmayeur-montblanc.com\/fr\/activites-dhiver\/skyway\/\" \/>\n<meta property=\"og:locale\" content=\"fr_FR\" \/>\n<meta property=\"og:type\" content=\"article\" \/>\n<meta property=\"og:title\" content=\"Skyway Monte Bianco - Courmayeur Mont Blanc Funivie\" \/>\n<meta property=\"og:description\" content=\"The Way to the top of Italy. Suivre la voie du ciel pour gravir la plus haute montagne d&#8217;Italie, effleurer les sommets du doigt. C&#8217;est Skyway Monte Bianco, une merveille d&#8217;ing\u00e9nierie avec des cabines qui tournent \u00e0 360 degr\u00e9s pour une exp\u00e9rience d&#8217;ascension unique au pied du Mont Blanc. Les trois stations de Skyway accueillent [&hellip;]\" \/>\n<meta property=\"og:url\" content=\"https:\/\/www.courmayeur-montblanc.com\/fr\/activites-dhiver\/skyway\/\" \/>\n<meta property=\"og:site_name\" content=\"Courmayeur Mont Blanc Funivie\" \/>\n<meta property=\"article:publisher\" content=\"https:\/\/www.facebook.com\/funiviecourmayeur\" \/>\n<meta property=\"article:modified_time\" content=\"2025-12-04T08:51:10+00:00\" \/>\n<meta property=\"og:image\" content=\"https:\/\/www.courmayeur-montblanc.com\/app\/uploads\/2025\/12\/skywaymb-puntahelbronner-sebastien-montaz-1024x813.jpg\" \/>\n\t<meta property=\"og:image:width\" content=\"1024\" \/>\n\t<meta property=\"og:image:height\" content=\"813\" \/>\n\t<meta property=\"og:image:type\" content=\"image\/jpeg\" \/>\n<meta name=\"twitter:card\" content=\"summary_large_image\" \/>\n<meta name=\"twitter:site\" content=\"@courmayeurski\" \/>\n<meta name=\"twitter:label1\" content=\"Dur\u00e9e de lecture estim\u00e9e\" \/>\n\t<meta name=\"twitter:data1\" content=\"2 minutes\" \/>\n<script type=\"application\/ld+json\" class=\"yoast-schema-graph\">{\"@context\":\"https:\/\/schema.org\",\"@graph\":[{\"@type\":\"WebPage\",\"@id\":\"https:\/\/www.courmayeur-montblanc.com\/fr\/activites-dhiver\/skyway\/\",\"url\":\"https:\/\/www.courmayeur-montblanc.com\/fr\/activites-dhiver\/skyway\/\",\"name\":\"Skyway Monte Bianco - Courmayeur Mont Blanc Funivie\",\"isPartOf\":{\"@id\":\"https:\/\/www.courmayeur-montblanc.com\/fr\/#website\"},\"primaryImageOfPage\":{\"@id\":\"https:\/\/www.courmayeur-montblanc.com\/fr\/activites-dhiver\/skyway\/#primaryimage\"},\"image\":{\"@id\":\"https:\/\/www.courmayeur-montblanc.com\/fr\/activites-dhiver\/skyway\/#primaryimage\"},\"thumbnailUrl\":\"https:\/\/www.courmayeur-montblanc.com\/app\/uploads\/2025\/12\/skywaymb-puntahelbronner-sebastien-montaz.jpg\",\"datePublished\":\"2022-05-11T23:36:25+00:00\",\"dateModified\":\"2025-12-04T08:51:10+00:00\",\"breadcrumb\":{\"@id\":\"https:\/\/www.courmayeur-montblanc.com\/fr\/activites-dhiver\/skyway\/#breadcrumb\"},\"inLanguage\":\"fr-FR\",\"potentialAction\":[{\"@type\":\"ReadAction\",\"target\":[\"https:\/\/www.courmayeur-montblanc.com\/fr\/activites-dhiver\/skyway\/\"]}]},{\"@type\":\"ImageObject\",\"inLanguage\":\"fr-FR\",\"@id\":\"https:\/\/www.courmayeur-montblanc.com\/fr\/activites-dhiver\/skyway\/#primaryimage\",\"url\":\"https:\/\/www.courmayeur-montblanc.com\/app\/uploads\/2025\/12\/skywaymb-puntahelbronner-sebastien-montaz.jpg\",\"contentUrl\":\"https:\/\/www.courmayeur-montblanc.com\/app\/uploads\/2025\/12\/skywaymb-puntahelbronner-sebastien-montaz.jpg\",\"width\":4716,\"height\":3743},{\"@type\":\"BreadcrumbList\",\"@id\":\"https:\/\/www.courmayeur-montblanc.com\/fr\/activites-dhiver\/skyway\/#breadcrumb\",\"itemListElement\":[{\"@type\":\"ListItem\",\"position\":1,\"name\":\"Homepage\",\"item\":\"https:\/\/www.courmayeur-montblanc.com\/fr\/\"},{\"@type\":\"ListItem\",\"position\":2,\"name\":\"Activit\u00e9s d&#8217;hiver\",\"item\":\"https:\/\/www.courmayeur-montblanc.com\/fr\/activites-dhiver\/\"},{\"@type\":\"ListItem\",\"position\":3,\"name\":\"Skyway Monte Bianco\"}]},{\"@type\":\"WebSite\",\"@id\":\"https:\/\/www.courmayeur-montblanc.com\/fr\/#website\",\"url\":\"https:\/\/www.courmayeur-montblanc.com\/fr\/\",\"name\":\"Courmayeur Mont Blanc Funivie\",\"description\":\"\",\"publisher\":{\"@id\":\"https:\/\/www.courmayeur-montblanc.com\/fr\/#organization\"},\"potentialAction\":[{\"@type\":\"SearchAction\",\"target\":{\"@type\":\"EntryPoint\",\"urlTemplate\":\"https:\/\/www.courmayeur-montblanc.com\/fr\/?s={search_term_string}\"},\"query-input\":{\"@type\":\"PropertyValueSpecification\",\"valueRequired\":true,\"valueName\":\"search_term_string\"}}],\"inLanguage\":\"fr-FR\"},{\"@type\":\"Organization\",\"@id\":\"https:\/\/www.courmayeur-montblanc.com\/fr\/#organization\",\"name\":\"Courmayeur Mont Blanc Funivie\",\"url\":\"https:\/\/www.courmayeur-montblanc.com\/fr\/\",\"logo\":{\"@type\":\"ImageObject\",\"inLanguage\":\"fr-FR\",\"@id\":\"https:\/\/www.courmayeur-montblanc.com\/fr\/#\/schema\/logo\/image\/\",\"url\":\"https:\/\/www.courmayeur-montblanc.com\/app\/uploads\/2022\/11\/cmbf-logo.png\",\"contentUrl\":\"https:\/\/www.courmayeur-montblanc.com\/app\/uploads\/2022\/11\/cmbf-logo.png\",\"width\":800,\"height\":179,\"caption\":\"Courmayeur Mont Blanc Funivie\"},\"image\":{\"@id\":\"https:\/\/www.courmayeur-montblanc.com\/fr\/#\/schema\/logo\/image\/\"},\"sameAs\":[\"https:\/\/www.facebook.com\/funiviecourmayeur\",\"https:\/\/x.com\/courmayeurski\",\"https:\/\/www.instagram.com\/courmayeur\/\",\"https:\/\/www.youtube.com\/channel\/UCrJ-6g0ooek9MIumfwdKGGw\/featured\"]}]}<\/script>\n<!-- \/ Yoast SEO plugin. -->","yoast_head_json":{"title":"Skyway Monte Bianco - Courmayeur Mont Blanc Funivie","robots":{"index":"index","follow":"follow","max-snippet":"max-snippet:-1","max-image-preview":"max-image-preview:large","max-video-preview":"max-video-preview:-1"},"canonical":"https:\/\/www.courmayeur-montblanc.com\/fr\/activites-dhiver\/skyway\/","og_locale":"fr_FR","og_type":"article","og_title":"Skyway Monte Bianco - Courmayeur Mont Blanc Funivie","og_description":"The Way to the top of Italy. Suivre la voie du ciel pour gravir la plus haute montagne d&#8217;Italie, effleurer les sommets du doigt. C&#8217;est Skyway Monte Bianco, une merveille d&#8217;ing\u00e9nierie avec des cabines qui tournent \u00e0 360 degr\u00e9s pour une exp\u00e9rience d&#8217;ascension unique au pied du Mont Blanc. Les trois stations de Skyway accueillent [&hellip;]","og_url":"https:\/\/www.courmayeur-montblanc.com\/fr\/activites-dhiver\/skyway\/","og_site_name":"Courmayeur Mont Blanc Funivie","article_publisher":"https:\/\/www.facebook.com\/funiviecourmayeur","article_modified_time":"2025-12-04T08:51:10+00:00","og_image":[{"width":1024,"height":813,"url":"https:\/\/www.courmayeur-montblanc.com\/app\/uploads\/2025\/12\/skywaymb-puntahelbronner-sebastien-montaz-1024x813.jpg","type":"image\/jpeg"}],"twitter_card":"summary_large_image","twitter_site":"@courmayeurski","twitter_misc":{"Dur\u00e9e de lecture estim\u00e9e":"2 minutes"},"schema":{"@context":"https:\/\/schema.org","@graph":[{"@type":"WebPage","@id":"https:\/\/www.courmayeur-montblanc.com\/fr\/activites-dhiver\/skyway\/","url":"https:\/\/www.courmayeur-montblanc.com\/fr\/activites-dhiver\/skyway\/","name":"Skyway Monte Bianco - Courmayeur Mont Blanc Funivie","isPartOf":{"@id":"https:\/\/www.courmayeur-montblanc.com\/fr\/#website"},"primaryImageOfPage":{"@id":"https:\/\/www.courmayeur-montblanc.com\/fr\/activites-dhiver\/skyway\/#primaryimage"},"image":{"@id":"https:\/\/www.courmayeur-montblanc.com\/fr\/activites-dhiver\/skyway\/#primaryimage"},"thumbnailUrl":"https:\/\/www.courmayeur-montblanc.com\/app\/uploads\/2025\/12\/skywaymb-puntahelbronner-sebastien-montaz.jpg","datePublished":"2022-05-11T23:36:25+00:00","dateModified":"2025-12-04T08:51:10+00:00","breadcrumb":{"@id":"https:\/\/www.courmayeur-montblanc.com\/fr\/activites-dhiver\/skyway\/#breadcrumb"},"inLanguage":"fr-FR","potentialAction":[{"@type":"ReadAction","target":["https:\/\/www.courmayeur-montblanc.com\/fr\/activites-dhiver\/skyway\/"]}]},{"@type":"ImageObject","inLanguage":"fr-FR","@id":"https:\/\/www.courmayeur-montblanc.com\/fr\/activites-dhiver\/skyway\/#primaryimage","url":"https:\/\/www.courmayeur-montblanc.com\/app\/uploads\/2025\/12\/skywaymb-puntahelbronner-sebastien-montaz.jpg","contentUrl":"https:\/\/www.courmayeur-montblanc.com\/app\/uploads\/2025\/12\/skywaymb-puntahelbronner-sebastien-montaz.jpg","width":4716,"height":3743},{"@type":"BreadcrumbList","@id":"https:\/\/www.courmayeur-montblanc.com\/fr\/activites-dhiver\/skyway\/#breadcrumb","itemListElement":[{"@type":"ListItem","position":1,"name":"Homepage","item":"https:\/\/www.courmayeur-montblanc.com\/fr\/"},{"@type":"ListItem","position":2,"name":"Activit\u00e9s d&#8217;hiver","item":"https:\/\/www.courmayeur-montblanc.com\/fr\/activites-dhiver\/"},{"@type":"ListItem","position":3,"name":"Skyway Monte Bianco"}]},{"@type":"WebSite","@id":"https:\/\/www.courmayeur-montblanc.com\/fr\/#website","url":"https:\/\/www.courmayeur-montblanc.com\/fr\/","name":"Courmayeur Mont Blanc Funivie","description":"","publisher":{"@id":"https:\/\/www.courmayeur-montblanc.com\/fr\/#organization"},"potentialAction":[{"@type":"SearchAction","target":{"@type":"EntryPoint","urlTemplate":"https:\/\/www.courmayeur-montblanc.com\/fr\/?s={search_term_string}"},"query-input":{"@type":"PropertyValueSpecification","valueRequired":true,"valueName":"search_term_string"}}],"inLanguage":"fr-FR"},{"@type":"Organization","@id":"https:\/\/www.courmayeur-montblanc.com\/fr\/#organization","name":"Courmayeur Mont Blanc Funivie","url":"https:\/\/www.courmayeur-montblanc.com\/fr\/","logo":{"@type":"ImageObject","inLanguage":"fr-FR","@id":"https:\/\/www.courmayeur-montblanc.com\/fr\/#\/schema\/logo\/image\/","url":"https:\/\/www.courmayeur-montblanc.com\/app\/uploads\/2022\/11\/cmbf-logo.png","contentUrl":"https:\/\/www.courmayeur-montblanc.com\/app\/uploads\/2022\/11\/cmbf-logo.png","width":800,"height":179,"caption":"Courmayeur Mont Blanc Funivie"},"image":{"@id":"https:\/\/www.courmayeur-montblanc.com\/fr\/#\/schema\/logo\/image\/"},"sameAs":["https:\/\/www.facebook.com\/funiviecourmayeur","https:\/\/x.com\/courmayeurski","https:\/\/www.instagram.com\/courmayeur\/","https:\/\/www.youtube.com\/channel\/UCrJ-6g0ooek9MIumfwdKGGw\/featured"]}]}},"_links":{"self":[{"href":"https:\/\/www.courmayeur-montblanc.com\/fr\/wp-json\/wp\/v2\/pages\/3499","targetHints":{"allow":["GET"]}}],"collection":[{"href":"https:\/\/www.courmayeur-montblanc.com\/fr\/wp-json\/wp\/v2\/pages"}],"about":[{"href":"https:\/\/www.courmayeur-montblanc.com\/fr\/wp-json\/wp\/v2\/types\/page"}],"author":[{"embeddable":true,"href":"https:\/\/www.courmayeur-montblanc.com\/fr\/wp-json\/wp\/v2\/users\/1"}],"replies":[{"embeddable":true,"href":"https:\/\/www.courmayeur-montblanc.com\/fr\/wp-json\/wp\/v2\/comments?post=3499"}],"version-history":[{"count":8,"href":"https:\/\/www.courmayeur-montblanc.com\/fr\/wp-json\/wp\/v2\/pages\/3499\/revisions"}],"predecessor-version":[{"id":13346,"href":"https:\/\/www.courmayeur-montblanc.com\/fr\/wp-json\/wp\/v2\/pages\/3499\/revisions\/13346"}],"up":[{"embeddable":true,"href":"https:\/\/www.courmayeur-montblanc.com\/fr\/wp-json\/wp\/v2\/pages\/3485"}],"wp:featuredmedia":[{"embeddable":true,"href":"https:\/\/www.courmayeur-montblanc.com\/fr\/wp-json\/wp\/v2\/media\/13318"}],"wp:attachment":[{"href":"https:\/\/www.courmayeur-montblanc.com\/fr\/wp-json\/wp\/v2\/media?parent=3499"}],"curies":[{"name":"wp","href":"https:\/\/api.w.org\/{rel}","templated":true}]}}