{"id":3502,"date":"2022-05-12T01:34:54","date_gmt":"2022-05-11T23:34:54","guid":{"rendered":"https:\/\/staging.cmbf.it\/activites-dhiver\/snowpark\/"},"modified":"2023-10-11T14:23:33","modified_gmt":"2023-10-11T12:23:33","slug":"snowpark","status":"publish","type":"page","link":"https:\/\/www.courmayeur-montblanc.com\/fr\/activites-dhiver\/snowpark\/","title":{"rendered":"Snowpark"},"content":{"rendered":"\n<p><strong>Le terrain de jeu pour ceux qui aiment l&#8217;acrobatie.<\/strong><\/p>\n\n<div class=\"wp-block-group text-justify\"><div class=\"wp-block-group__inner-container is-layout-flow wp-block-group-is-layout-flow\">\n<p>Le c\u0153ur de la station de ski vibre gr\u00e2ce au Snowpark, con\u00e7u pour les amateurs de ski acrobatique.  <br\/>Situ\u00e9 \u00e0 2000 m\u00e8tres d&#8217;altitude, le parc est soign\u00e9 dans les moindres d\u00e9tails en d\u00e9tail et \u00e9quip\u00e9 d&#8217;une zone <strong>Progressive<\/strong> avec trois lignes pour tous les niveaux de rail, whoop et funbox, deux types de sauts \u2013 facile et moyen \u2013 et des rails tr\u00e8s faciles \u00e0 aborder, adapt\u00e9s pour enfants et d\u00e9butants.<br\/>Les installations, adapt\u00e9es \u00e0 tous les niveaux de ride, sont entretenues quotidiennement et les atterrissages frais\u00e9s chaque matin avant l\u2019ouverture pour offrir les meilleures conditions possibles.<\/p>\n\n\n\n<p>Faites un saut dans le plaisir.<\/p>\n<\/div><\/div>\n","protected":false},"excerpt":{"rendered":"<p>Le terrain de jeu pour ceux qui aiment l&#8217;acrobatie. Le c\u0153ur de la station de ski vibre gr\u00e2ce au Snowpark, con\u00e7u pour les amateurs de ski acrobatique. Situ\u00e9 \u00e0 2000 m\u00e8tres d&#8217;altitude, le parc est soign\u00e9 dans les moindres d\u00e9tails en d\u00e9tail et \u00e9quip\u00e9 d&#8217;une zone Progressive avec trois lignes pour tous les niveaux de [&hellip;]<\/p>\n","protected":false},"author":1,"featured_media":2834,"parent":3485,"menu_order":2,"comment_status":"closed","ping_status":"closed","template":"template-container.php","meta":{"_acf_changed":false,"_themeisle_gutenberg_block_has_review":false,"footnotes":""},"class_list":["post-3502","page","type-page","status-publish","has-post-thumbnail","hentry"],"acf":[],"yoast_head":"<!-- This site is optimized with the Yoast SEO plugin v26.2 - https:\/\/yoast.com\/wordpress\/plugins\/seo\/ -->\n<title>Snowpark - Courmayeur Mont Blanc Funivie<\/title>\n<meta name=\"robots\" content=\"index, follow, max-snippet:-1, max-image-preview:large, max-video-preview:-1\" \/>\n<link rel=\"canonical\" href=\"https:\/\/www.courmayeur-montblanc.com\/fr\/activites-dhiver\/snowpark\/\" \/>\n<meta property=\"og:locale\" content=\"fr_FR\" \/>\n<meta property=\"og:type\" content=\"article\" \/>\n<meta property=\"og:title\" content=\"Snowpark - Courmayeur Mont Blanc Funivie\" \/>\n<meta property=\"og:description\" content=\"Le terrain de jeu pour ceux qui aiment l&#8217;acrobatie. Le c\u0153ur de la station de ski vibre gr\u00e2ce au Snowpark, con\u00e7u pour les amateurs de ski acrobatique. Situ\u00e9 \u00e0 2000 m\u00e8tres d&#8217;altitude, le parc est soign\u00e9 dans les moindres d\u00e9tails en d\u00e9tail et \u00e9quip\u00e9 d&#8217;une zone Progressive avec trois lignes pour tous les niveaux de [&hellip;]\" \/>\n<meta property=\"og:url\" content=\"https:\/\/www.courmayeur-montblanc.com\/fr\/activites-dhiver\/snowpark\/\" \/>\n<meta property=\"og:site_name\" content=\"Courmayeur Mont Blanc Funivie\" \/>\n<meta property=\"article:publisher\" content=\"https:\/\/www.facebook.com\/funiviecourmayeur\" \/>\n<meta property=\"article:modified_time\" content=\"2023-10-11T12:23:33+00:00\" \/>\n<meta property=\"og:image\" content=\"https:\/\/www.courmayeur-montblanc.com\/app\/uploads\/2022\/10\/slider-snowpark_LNZ_9125-scaled.jpg\" \/>\n\t<meta property=\"og:image:width\" content=\"2560\" \/>\n\t<meta property=\"og:image:height\" content=\"1707\" \/>\n\t<meta property=\"og:image:type\" content=\"image\/jpeg\" \/>\n<meta name=\"twitter:card\" content=\"summary_large_image\" \/>\n<meta name=\"twitter:site\" content=\"@courmayeurski\" \/>\n<meta name=\"twitter:label1\" content=\"Dur\u00e9e de lecture estim\u00e9e\" \/>\n\t<meta name=\"twitter:data1\" content=\"1 minute\" \/>\n<script type=\"application\/ld+json\" class=\"yoast-schema-graph\">{\"@context\":\"https:\/\/schema.org\",\"@graph\":[{\"@type\":\"WebPage\",\"@id\":\"https:\/\/www.courmayeur-montblanc.com\/fr\/activites-dhiver\/snowpark\/\",\"url\":\"https:\/\/www.courmayeur-montblanc.com\/fr\/activites-dhiver\/snowpark\/\",\"name\":\"Snowpark - Courmayeur Mont Blanc Funivie\",\"isPartOf\":{\"@id\":\"https:\/\/www.courmayeur-montblanc.com\/fr\/#website\"},\"primaryImageOfPage\":{\"@id\":\"https:\/\/www.courmayeur-montblanc.com\/fr\/activites-dhiver\/snowpark\/#primaryimage\"},\"image\":{\"@id\":\"https:\/\/www.courmayeur-montblanc.com\/fr\/activites-dhiver\/snowpark\/#primaryimage\"},\"thumbnailUrl\":\"https:\/\/www.courmayeur-montblanc.com\/app\/uploads\/2022\/10\/slider-snowpark_LNZ_9125-scaled.jpg\",\"datePublished\":\"2022-05-11T23:34:54+00:00\",\"dateModified\":\"2023-10-11T12:23:33+00:00\",\"breadcrumb\":{\"@id\":\"https:\/\/www.courmayeur-montblanc.com\/fr\/activites-dhiver\/snowpark\/#breadcrumb\"},\"inLanguage\":\"fr-FR\",\"potentialAction\":[{\"@type\":\"ReadAction\",\"target\":[\"https:\/\/www.courmayeur-montblanc.com\/fr\/activites-dhiver\/snowpark\/\"]}]},{\"@type\":\"ImageObject\",\"inLanguage\":\"fr-FR\",\"@id\":\"https:\/\/www.courmayeur-montblanc.com\/fr\/activites-dhiver\/snowpark\/#primaryimage\",\"url\":\"https:\/\/www.courmayeur-montblanc.com\/app\/uploads\/2022\/10\/slider-snowpark_LNZ_9125-scaled.jpg\",\"contentUrl\":\"https:\/\/www.courmayeur-montblanc.com\/app\/uploads\/2022\/10\/slider-snowpark_LNZ_9125-scaled.jpg\",\"width\":2560,\"height\":1707,\"caption\":\"snowpark\"},{\"@type\":\"BreadcrumbList\",\"@id\":\"https:\/\/www.courmayeur-montblanc.com\/fr\/activites-dhiver\/snowpark\/#breadcrumb\",\"itemListElement\":[{\"@type\":\"ListItem\",\"position\":1,\"name\":\"Homepage\",\"item\":\"https:\/\/www.courmayeur-montblanc.com\/fr\/\"},{\"@type\":\"ListItem\",\"position\":2,\"name\":\"Activit\u00e9s d&#8217;hiver\",\"item\":\"https:\/\/www.courmayeur-montblanc.com\/fr\/activites-dhiver\/\"},{\"@type\":\"ListItem\",\"position\":3,\"name\":\"Snowpark\"}]},{\"@type\":\"WebSite\",\"@id\":\"https:\/\/www.courmayeur-montblanc.com\/fr\/#website\",\"url\":\"https:\/\/www.courmayeur-montblanc.com\/fr\/\",\"name\":\"Courmayeur Mont Blanc Funivie\",\"description\":\"\",\"publisher\":{\"@id\":\"https:\/\/www.courmayeur-montblanc.com\/fr\/#organization\"},\"potentialAction\":[{\"@type\":\"SearchAction\",\"target\":{\"@type\":\"EntryPoint\",\"urlTemplate\":\"https:\/\/www.courmayeur-montblanc.com\/fr\/?s={search_term_string}\"},\"query-input\":{\"@type\":\"PropertyValueSpecification\",\"valueRequired\":true,\"valueName\":\"search_term_string\"}}],\"inLanguage\":\"fr-FR\"},{\"@type\":\"Organization\",\"@id\":\"https:\/\/www.courmayeur-montblanc.com\/fr\/#organization\",\"name\":\"Courmayeur Mont Blanc Funivie\",\"url\":\"https:\/\/www.courmayeur-montblanc.com\/fr\/\",\"logo\":{\"@type\":\"ImageObject\",\"inLanguage\":\"fr-FR\",\"@id\":\"https:\/\/www.courmayeur-montblanc.com\/fr\/#\/schema\/logo\/image\/\",\"url\":\"https:\/\/www.courmayeur-montblanc.com\/app\/uploads\/2022\/11\/cmbf-logo.png\",\"contentUrl\":\"https:\/\/www.courmayeur-montblanc.com\/app\/uploads\/2022\/11\/cmbf-logo.png\",\"width\":800,\"height\":179,\"caption\":\"Courmayeur Mont Blanc Funivie\"},\"image\":{\"@id\":\"https:\/\/www.courmayeur-montblanc.com\/fr\/#\/schema\/logo\/image\/\"},\"sameAs\":[\"https:\/\/www.facebook.com\/funiviecourmayeur\",\"https:\/\/x.com\/courmayeurski\",\"https:\/\/www.instagram.com\/courmayeur\/\",\"https:\/\/www.youtube.com\/channel\/UCrJ-6g0ooek9MIumfwdKGGw\/featured\"]}]}<\/script>\n<!-- \/ Yoast SEO plugin. -->","yoast_head_json":{"title":"Snowpark - Courmayeur Mont Blanc Funivie","robots":{"index":"index","follow":"follow","max-snippet":"max-snippet:-1","max-image-preview":"max-image-preview:large","max-video-preview":"max-video-preview:-1"},"canonical":"https:\/\/www.courmayeur-montblanc.com\/fr\/activites-dhiver\/snowpark\/","og_locale":"fr_FR","og_type":"article","og_title":"Snowpark - Courmayeur Mont Blanc Funivie","og_description":"Le terrain de jeu pour ceux qui aiment l&#8217;acrobatie. Le c\u0153ur de la station de ski vibre gr\u00e2ce au Snowpark, con\u00e7u pour les amateurs de ski acrobatique. Situ\u00e9 \u00e0 2000 m\u00e8tres d&#8217;altitude, le parc est soign\u00e9 dans les moindres d\u00e9tails en d\u00e9tail et \u00e9quip\u00e9 d&#8217;une zone Progressive avec trois lignes pour tous les niveaux de [&hellip;]","og_url":"https:\/\/www.courmayeur-montblanc.com\/fr\/activites-dhiver\/snowpark\/","og_site_name":"Courmayeur Mont Blanc Funivie","article_publisher":"https:\/\/www.facebook.com\/funiviecourmayeur","article_modified_time":"2023-10-11T12:23:33+00:00","og_image":[{"width":2560,"height":1707,"url":"https:\/\/www.courmayeur-montblanc.com\/app\/uploads\/2022\/10\/slider-snowpark_LNZ_9125-scaled.jpg","type":"image\/jpeg"}],"twitter_card":"summary_large_image","twitter_site":"@courmayeurski","twitter_misc":{"Dur\u00e9e de lecture estim\u00e9e":"1 minute"},"schema":{"@context":"https:\/\/schema.org","@graph":[{"@type":"WebPage","@id":"https:\/\/www.courmayeur-montblanc.com\/fr\/activites-dhiver\/snowpark\/","url":"https:\/\/www.courmayeur-montblanc.com\/fr\/activites-dhiver\/snowpark\/","name":"Snowpark - Courmayeur Mont Blanc Funivie","isPartOf":{"@id":"https:\/\/www.courmayeur-montblanc.com\/fr\/#website"},"primaryImageOfPage":{"@id":"https:\/\/www.courmayeur-montblanc.com\/fr\/activites-dhiver\/snowpark\/#primaryimage"},"image":{"@id":"https:\/\/www.courmayeur-montblanc.com\/fr\/activites-dhiver\/snowpark\/#primaryimage"},"thumbnailUrl":"https:\/\/www.courmayeur-montblanc.com\/app\/uploads\/2022\/10\/slider-snowpark_LNZ_9125-scaled.jpg","datePublished":"2022-05-11T23:34:54+00:00","dateModified":"2023-10-11T12:23:33+00:00","breadcrumb":{"@id":"https:\/\/www.courmayeur-montblanc.com\/fr\/activites-dhiver\/snowpark\/#breadcrumb"},"inLanguage":"fr-FR","potentialAction":[{"@type":"ReadAction","target":["https:\/\/www.courmayeur-montblanc.com\/fr\/activites-dhiver\/snowpark\/"]}]},{"@type":"ImageObject","inLanguage":"fr-FR","@id":"https:\/\/www.courmayeur-montblanc.com\/fr\/activites-dhiver\/snowpark\/#primaryimage","url":"https:\/\/www.courmayeur-montblanc.com\/app\/uploads\/2022\/10\/slider-snowpark_LNZ_9125-scaled.jpg","contentUrl":"https:\/\/www.courmayeur-montblanc.com\/app\/uploads\/2022\/10\/slider-snowpark_LNZ_9125-scaled.jpg","width":2560,"height":1707,"caption":"snowpark"},{"@type":"BreadcrumbList","@id":"https:\/\/www.courmayeur-montblanc.com\/fr\/activites-dhiver\/snowpark\/#breadcrumb","itemListElement":[{"@type":"ListItem","position":1,"name":"Homepage","item":"https:\/\/www.courmayeur-montblanc.com\/fr\/"},{"@type":"ListItem","position":2,"name":"Activit\u00e9s d&#8217;hiver","item":"https:\/\/www.courmayeur-montblanc.com\/fr\/activites-dhiver\/"},{"@type":"ListItem","position":3,"name":"Snowpark"}]},{"@type":"WebSite","@id":"https:\/\/www.courmayeur-montblanc.com\/fr\/#website","url":"https:\/\/www.courmayeur-montblanc.com\/fr\/","name":"Courmayeur Mont Blanc Funivie","description":"","publisher":{"@id":"https:\/\/www.courmayeur-montblanc.com\/fr\/#organization"},"potentialAction":[{"@type":"SearchAction","target":{"@type":"EntryPoint","urlTemplate":"https:\/\/www.courmayeur-montblanc.com\/fr\/?s={search_term_string}"},"query-input":{"@type":"PropertyValueSpecification","valueRequired":true,"valueName":"search_term_string"}}],"inLanguage":"fr-FR"},{"@type":"Organization","@id":"https:\/\/www.courmayeur-montblanc.com\/fr\/#organization","name":"Courmayeur Mont Blanc Funivie","url":"https:\/\/www.courmayeur-montblanc.com\/fr\/","logo":{"@type":"ImageObject","inLanguage":"fr-FR","@id":"https:\/\/www.courmayeur-montblanc.com\/fr\/#\/schema\/logo\/image\/","url":"https:\/\/www.courmayeur-montblanc.com\/app\/uploads\/2022\/11\/cmbf-logo.png","contentUrl":"https:\/\/www.courmayeur-montblanc.com\/app\/uploads\/2022\/11\/cmbf-logo.png","width":800,"height":179,"caption":"Courmayeur Mont Blanc Funivie"},"image":{"@id":"https:\/\/www.courmayeur-montblanc.com\/fr\/#\/schema\/logo\/image\/"},"sameAs":["https:\/\/www.facebook.com\/funiviecourmayeur","https:\/\/x.com\/courmayeurski","https:\/\/www.instagram.com\/courmayeur\/","https:\/\/www.youtube.com\/channel\/UCrJ-6g0ooek9MIumfwdKGGw\/featured"]}]}},"_links":{"self":[{"href":"https:\/\/www.courmayeur-montblanc.com\/fr\/wp-json\/wp\/v2\/pages\/3502","targetHints":{"allow":["GET"]}}],"collection":[{"href":"https:\/\/www.courmayeur-montblanc.com\/fr\/wp-json\/wp\/v2\/pages"}],"about":[{"href":"https:\/\/www.courmayeur-montblanc.com\/fr\/wp-json\/wp\/v2\/types\/page"}],"author":[{"embeddable":true,"href":"https:\/\/www.courmayeur-montblanc.com\/fr\/wp-json\/wp\/v2\/users\/1"}],"replies":[{"embeddable":true,"href":"https:\/\/www.courmayeur-montblanc.com\/fr\/wp-json\/wp\/v2\/comments?post=3502"}],"version-history":[{"count":8,"href":"https:\/\/www.courmayeur-montblanc.com\/fr\/wp-json\/wp\/v2\/pages\/3502\/revisions"}],"predecessor-version":[{"id":7576,"href":"https:\/\/www.courmayeur-montblanc.com\/fr\/wp-json\/wp\/v2\/pages\/3502\/revisions\/7576"}],"up":[{"embeddable":true,"href":"https:\/\/www.courmayeur-montblanc.com\/fr\/wp-json\/wp\/v2\/pages\/3485"}],"wp:featuredmedia":[{"embeddable":true,"href":"https:\/\/www.courmayeur-montblanc.com\/fr\/wp-json\/wp\/v2\/media\/2834"}],"wp:attachment":[{"href":"https:\/\/www.courmayeur-montblanc.com\/fr\/wp-json\/wp\/v2\/media?parent=3502"}],"curies":[{"name":"wp","href":"https:\/\/api.w.org\/{rel}","templated":true}]}}