{"id":3507,"date":"2022-05-12T01:51:46","date_gmt":"2022-05-11T23:51:46","guid":{"rendered":"https:\/\/staging.cmbf.it\/services\/club-enfant\/"},"modified":"2022-11-09T01:26:22","modified_gmt":"2022-11-09T00:26:22","slug":"club-enfant","status":"publish","type":"page","link":"https:\/\/www.courmayeur-montblanc.com\/fr\/services\/club-enfant\/","title":{"rendered":"Club Enfant"},"content":{"rendered":"\n<p><strong>Le royaume des enfants<\/strong><\/p>\n\n<div class=\"wp-block-group text-justify\"><div class=\"wp-block-group__inner-container is-layout-flow wp-block-group-is-layout-flow\">\n<p><strong>Snow White Point Experience<\/strong> est le mini club g\u00e9r\u00e9 par l&#8217;\u00e9cole de ski et de snowboard du Mont Blanc en collaboration avec <strong>Lo Tat\u00e0<\/strong>.  <br\/>Situ\u00e9 \u00e0 Plan Checrouit, \u00e0 <strong>quelques pas de l&#8217;arriv\u00e9e du t\u00e9l\u00e9ph\u00e9rique et de l&#8217;\u00e9cole de ski du Mont Blanc<\/strong>, il accueille les enfants de 0 \u00e0 10 ans dans des espaces chaleureux et confortables, o\u00f9 les petits h\u00f4tes trouvent tout ce dont ils ont besoin pour s&#8217;amuser.  <br\/>Profitez des pistes de ski pendant que vos enfants s&#8217;amusent avec des \u00e9ducateurs professionnels.<\/p>\n<\/div><\/div>\n\n<p>Il n\u2019y a pas d\u2019\u00e2ge pour s\u2019amuser.<\/p>\n","protected":false},"excerpt":{"rendered":"<p>Le royaume des enfants Snow White Point Experience est le mini club g\u00e9r\u00e9 par l&#8217;\u00e9cole de ski et de snowboard du Mont Blanc en collaboration avec Lo Tat\u00e0. Situ\u00e9 \u00e0 Plan Checrouit, \u00e0 quelques pas de l&#8217;arriv\u00e9e du t\u00e9l\u00e9ph\u00e9rique et de l&#8217;\u00e9cole de ski du Mont Blanc, il accueille les enfants de 0 \u00e0 10 [&hellip;]<\/p>\n","protected":false},"author":1,"featured_media":0,"parent":3505,"menu_order":15,"comment_status":"closed","ping_status":"closed","template":"","meta":{"_acf_changed":false,"_themeisle_gutenberg_block_has_review":false,"footnotes":""},"class_list":["post-3507","page","type-page","status-publish","hentry"],"acf":[],"yoast_head":"<!-- This site is optimized with the Yoast SEO plugin v26.2 - https:\/\/yoast.com\/wordpress\/plugins\/seo\/ -->\n<title>Club Enfant - Courmayeur Mont Blanc Funivie<\/title>\n<meta name=\"robots\" content=\"index, follow, max-snippet:-1, max-image-preview:large, max-video-preview:-1\" \/>\n<link rel=\"canonical\" href=\"https:\/\/www.courmayeur-montblanc.com\/fr\/services\/club-enfant\/\" \/>\n<meta property=\"og:locale\" content=\"fr_FR\" \/>\n<meta property=\"og:type\" content=\"article\" \/>\n<meta property=\"og:title\" content=\"Club Enfant - Courmayeur Mont Blanc Funivie\" \/>\n<meta property=\"og:description\" content=\"Le royaume des enfants Snow White Point Experience est le mini club g\u00e9r\u00e9 par l&#8217;\u00e9cole de ski et de snowboard du Mont Blanc en collaboration avec Lo Tat\u00e0. Situ\u00e9 \u00e0 Plan Checrouit, \u00e0 quelques pas de l&#8217;arriv\u00e9e du t\u00e9l\u00e9ph\u00e9rique et de l&#8217;\u00e9cole de ski du Mont Blanc, il accueille les enfants de 0 \u00e0 10 [&hellip;]\" \/>\n<meta property=\"og:url\" content=\"https:\/\/www.courmayeur-montblanc.com\/fr\/services\/club-enfant\/\" \/>\n<meta property=\"og:site_name\" content=\"Courmayeur Mont Blanc Funivie\" \/>\n<meta property=\"article:publisher\" content=\"https:\/\/www.facebook.com\/funiviecourmayeur\" \/>\n<meta property=\"article:modified_time\" content=\"2022-11-09T00:26:22+00:00\" \/>\n<meta name=\"twitter:card\" content=\"summary_large_image\" \/>\n<meta name=\"twitter:site\" content=\"@courmayeurski\" \/>\n<meta name=\"twitter:label1\" content=\"Dur\u00e9e de lecture estim\u00e9e\" \/>\n\t<meta name=\"twitter:data1\" content=\"1 minute\" \/>\n<script type=\"application\/ld+json\" class=\"yoast-schema-graph\">{\"@context\":\"https:\/\/schema.org\",\"@graph\":[{\"@type\":\"WebPage\",\"@id\":\"https:\/\/www.courmayeur-montblanc.com\/fr\/services\/club-enfant\/\",\"url\":\"https:\/\/www.courmayeur-montblanc.com\/fr\/services\/club-enfant\/\",\"name\":\"Club Enfant - Courmayeur Mont Blanc Funivie\",\"isPartOf\":{\"@id\":\"https:\/\/www.courmayeur-montblanc.com\/fr\/#website\"},\"datePublished\":\"2022-05-11T23:51:46+00:00\",\"dateModified\":\"2022-11-09T00:26:22+00:00\",\"breadcrumb\":{\"@id\":\"https:\/\/www.courmayeur-montblanc.com\/fr\/services\/club-enfant\/#breadcrumb\"},\"inLanguage\":\"fr-FR\",\"potentialAction\":[{\"@type\":\"ReadAction\",\"target\":[\"https:\/\/www.courmayeur-montblanc.com\/fr\/services\/club-enfant\/\"]}]},{\"@type\":\"BreadcrumbList\",\"@id\":\"https:\/\/www.courmayeur-montblanc.com\/fr\/services\/club-enfant\/#breadcrumb\",\"itemListElement\":[{\"@type\":\"ListItem\",\"position\":1,\"name\":\"Homepage\",\"item\":\"https:\/\/www.courmayeur-montblanc.com\/fr\/\"},{\"@type\":\"ListItem\",\"position\":2,\"name\":\"Services\",\"item\":\"https:\/\/www.courmayeur-montblanc.com\/fr\/services\/\"},{\"@type\":\"ListItem\",\"position\":3,\"name\":\"Club Enfant\"}]},{\"@type\":\"WebSite\",\"@id\":\"https:\/\/www.courmayeur-montblanc.com\/fr\/#website\",\"url\":\"https:\/\/www.courmayeur-montblanc.com\/fr\/\",\"name\":\"Courmayeur Mont Blanc Funivie\",\"description\":\"\",\"publisher\":{\"@id\":\"https:\/\/www.courmayeur-montblanc.com\/fr\/#organization\"},\"potentialAction\":[{\"@type\":\"SearchAction\",\"target\":{\"@type\":\"EntryPoint\",\"urlTemplate\":\"https:\/\/www.courmayeur-montblanc.com\/fr\/?s={search_term_string}\"},\"query-input\":{\"@type\":\"PropertyValueSpecification\",\"valueRequired\":true,\"valueName\":\"search_term_string\"}}],\"inLanguage\":\"fr-FR\"},{\"@type\":\"Organization\",\"@id\":\"https:\/\/www.courmayeur-montblanc.com\/fr\/#organization\",\"name\":\"Courmayeur Mont Blanc Funivie\",\"url\":\"https:\/\/www.courmayeur-montblanc.com\/fr\/\",\"logo\":{\"@type\":\"ImageObject\",\"inLanguage\":\"fr-FR\",\"@id\":\"https:\/\/www.courmayeur-montblanc.com\/fr\/#\/schema\/logo\/image\/\",\"url\":\"https:\/\/www.courmayeur-montblanc.com\/app\/uploads\/2022\/11\/cmbf-logo.png\",\"contentUrl\":\"https:\/\/www.courmayeur-montblanc.com\/app\/uploads\/2022\/11\/cmbf-logo.png\",\"width\":800,\"height\":179,\"caption\":\"Courmayeur Mont Blanc Funivie\"},\"image\":{\"@id\":\"https:\/\/www.courmayeur-montblanc.com\/fr\/#\/schema\/logo\/image\/\"},\"sameAs\":[\"https:\/\/www.facebook.com\/funiviecourmayeur\",\"https:\/\/x.com\/courmayeurski\",\"https:\/\/www.instagram.com\/courmayeur\/\",\"https:\/\/www.youtube.com\/channel\/UCrJ-6g0ooek9MIumfwdKGGw\/featured\"]}]}<\/script>\n<!-- \/ Yoast SEO plugin. -->","yoast_head_json":{"title":"Club Enfant - Courmayeur Mont Blanc Funivie","robots":{"index":"index","follow":"follow","max-snippet":"max-snippet:-1","max-image-preview":"max-image-preview:large","max-video-preview":"max-video-preview:-1"},"canonical":"https:\/\/www.courmayeur-montblanc.com\/fr\/services\/club-enfant\/","og_locale":"fr_FR","og_type":"article","og_title":"Club Enfant - Courmayeur Mont Blanc Funivie","og_description":"Le royaume des enfants Snow White Point Experience est le mini club g\u00e9r\u00e9 par l&#8217;\u00e9cole de ski et de snowboard du Mont Blanc en collaboration avec Lo Tat\u00e0. Situ\u00e9 \u00e0 Plan Checrouit, \u00e0 quelques pas de l&#8217;arriv\u00e9e du t\u00e9l\u00e9ph\u00e9rique et de l&#8217;\u00e9cole de ski du Mont Blanc, il accueille les enfants de 0 \u00e0 10 [&hellip;]","og_url":"https:\/\/www.courmayeur-montblanc.com\/fr\/services\/club-enfant\/","og_site_name":"Courmayeur Mont Blanc Funivie","article_publisher":"https:\/\/www.facebook.com\/funiviecourmayeur","article_modified_time":"2022-11-09T00:26:22+00:00","twitter_card":"summary_large_image","twitter_site":"@courmayeurski","twitter_misc":{"Dur\u00e9e de lecture estim\u00e9e":"1 minute"},"schema":{"@context":"https:\/\/schema.org","@graph":[{"@type":"WebPage","@id":"https:\/\/www.courmayeur-montblanc.com\/fr\/services\/club-enfant\/","url":"https:\/\/www.courmayeur-montblanc.com\/fr\/services\/club-enfant\/","name":"Club Enfant - Courmayeur Mont Blanc Funivie","isPartOf":{"@id":"https:\/\/www.courmayeur-montblanc.com\/fr\/#website"},"datePublished":"2022-05-11T23:51:46+00:00","dateModified":"2022-11-09T00:26:22+00:00","breadcrumb":{"@id":"https:\/\/www.courmayeur-montblanc.com\/fr\/services\/club-enfant\/#breadcrumb"},"inLanguage":"fr-FR","potentialAction":[{"@type":"ReadAction","target":["https:\/\/www.courmayeur-montblanc.com\/fr\/services\/club-enfant\/"]}]},{"@type":"BreadcrumbList","@id":"https:\/\/www.courmayeur-montblanc.com\/fr\/services\/club-enfant\/#breadcrumb","itemListElement":[{"@type":"ListItem","position":1,"name":"Homepage","item":"https:\/\/www.courmayeur-montblanc.com\/fr\/"},{"@type":"ListItem","position":2,"name":"Services","item":"https:\/\/www.courmayeur-montblanc.com\/fr\/services\/"},{"@type":"ListItem","position":3,"name":"Club Enfant"}]},{"@type":"WebSite","@id":"https:\/\/www.courmayeur-montblanc.com\/fr\/#website","url":"https:\/\/www.courmayeur-montblanc.com\/fr\/","name":"Courmayeur Mont Blanc Funivie","description":"","publisher":{"@id":"https:\/\/www.courmayeur-montblanc.com\/fr\/#organization"},"potentialAction":[{"@type":"SearchAction","target":{"@type":"EntryPoint","urlTemplate":"https:\/\/www.courmayeur-montblanc.com\/fr\/?s={search_term_string}"},"query-input":{"@type":"PropertyValueSpecification","valueRequired":true,"valueName":"search_term_string"}}],"inLanguage":"fr-FR"},{"@type":"Organization","@id":"https:\/\/www.courmayeur-montblanc.com\/fr\/#organization","name":"Courmayeur Mont Blanc Funivie","url":"https:\/\/www.courmayeur-montblanc.com\/fr\/","logo":{"@type":"ImageObject","inLanguage":"fr-FR","@id":"https:\/\/www.courmayeur-montblanc.com\/fr\/#\/schema\/logo\/image\/","url":"https:\/\/www.courmayeur-montblanc.com\/app\/uploads\/2022\/11\/cmbf-logo.png","contentUrl":"https:\/\/www.courmayeur-montblanc.com\/app\/uploads\/2022\/11\/cmbf-logo.png","width":800,"height":179,"caption":"Courmayeur Mont Blanc Funivie"},"image":{"@id":"https:\/\/www.courmayeur-montblanc.com\/fr\/#\/schema\/logo\/image\/"},"sameAs":["https:\/\/www.facebook.com\/funiviecourmayeur","https:\/\/x.com\/courmayeurski","https:\/\/www.instagram.com\/courmayeur\/","https:\/\/www.youtube.com\/channel\/UCrJ-6g0ooek9MIumfwdKGGw\/featured"]}]}},"_links":{"self":[{"href":"https:\/\/www.courmayeur-montblanc.com\/fr\/wp-json\/wp\/v2\/pages\/3507","targetHints":{"allow":["GET"]}}],"collection":[{"href":"https:\/\/www.courmayeur-montblanc.com\/fr\/wp-json\/wp\/v2\/pages"}],"about":[{"href":"https:\/\/www.courmayeur-montblanc.com\/fr\/wp-json\/wp\/v2\/types\/page"}],"author":[{"embeddable":true,"href":"https:\/\/www.courmayeur-montblanc.com\/fr\/wp-json\/wp\/v2\/users\/1"}],"replies":[{"embeddable":true,"href":"https:\/\/www.courmayeur-montblanc.com\/fr\/wp-json\/wp\/v2\/comments?post=3507"}],"version-history":[{"count":3,"href":"https:\/\/www.courmayeur-montblanc.com\/fr\/wp-json\/wp\/v2\/pages\/3507\/revisions"}],"predecessor-version":[{"id":4803,"href":"https:\/\/www.courmayeur-montblanc.com\/fr\/wp-json\/wp\/v2\/pages\/3507\/revisions\/4803"}],"up":[{"embeddable":true,"href":"https:\/\/www.courmayeur-montblanc.com\/fr\/wp-json\/wp\/v2\/pages\/3505"}],"wp:attachment":[{"href":"https:\/\/www.courmayeur-montblanc.com\/fr\/wp-json\/wp\/v2\/media?parent=3507"}],"curies":[{"name":"wp","href":"https:\/\/api.w.org\/{rel}","templated":true}]}}