{"id":3513,"date":"2022-05-12T01:51:17","date_gmt":"2022-05-11T23:51:17","guid":{"rendered":"https:\/\/staging.cmbf.it\/services\/location-ski\/"},"modified":"2022-11-09T01:26:22","modified_gmt":"2022-11-09T00:26:22","slug":"location-ski","status":"publish","type":"page","link":"https:\/\/www.courmayeur-montblanc.com\/fr\/services\/location-ski\/","title":{"rendered":"Location ski"},"content":{"rendered":"\n<p><strong>L&#8217;\u00e9quipement que vous recherchez est toujours \u00e0 votre disposition.<\/strong><\/p>\n\n<p class=\"text-justify\">Que vous soyez un skieur expert ou un d\u00e9butant, les nombreuses locations de Courmayeur vous aideront \u00e0 trouver ce dont vous avez besoin et vous informeront des derni\u00e8res tendances pour vos sessions de ski et de snowboard.<\/p>\n\n<p><strong>Location de ski sur le domaine skiable<\/strong><\/p>\n<section id=\"activity-grid-block_62c8a4add77d6\" class=\"activity-grid mb-3\">\n        <div class=\"activity\" data-id=\"1564\">\n        <div class=\"activity-logo\">\n            <img loading=\"lazy\" decoding=\"async\" width=\"204\" height=\"182\" src=\"https:\/\/www.courmayeur-montblanc.com\/app\/uploads\/2022\/07\/Logo-noleggio-Alpineve.png\" class=\"attachment-large size-large wp-post-image\" alt=\"\" \/>        <\/div>\n        <div class=\"activity-title\">\n            Noleggio Alpineve        <\/div>\n    <\/div>\n        <div class=\"activity\" data-id=\"1566\">\n        <div class=\"activity-logo\">\n            <img loading=\"lazy\" decoding=\"async\" width=\"150\" height=\"150\" src=\"https:\/\/www.courmayeur-montblanc.com\/app\/uploads\/2022\/07\/noleggio-savoye.png\" class=\"attachment-large size-large wp-post-image\" alt=\"\" \/>        <\/div>\n        <div class=\"activity-title\">\n            Savoye Sport        <\/div>\n    <\/div>\n        <div class=\"activity\" data-id=\"1560\">\n        <div class=\"activity-logo\">\n            <img loading=\"lazy\" decoding=\"async\" width=\"150\" height=\"150\" src=\"https:\/\/www.courmayeur-montblanc.com\/app\/uploads\/2022\/07\/skiin-checrouit.png\" class=\"attachment-large size-large wp-post-image\" alt=\"\" \/>        <\/div>\n        <div class=\"activity-title\">\n            SKI IN Checrouit        <\/div>\n    <\/div>\n        <div class=\"activity\" data-id=\"1565\">\n        <div class=\"activity-logo\">\n            <img loading=\"lazy\" decoding=\"async\" width=\"150\" height=\"150\" src=\"https:\/\/www.courmayeur-montblanc.com\/app\/uploads\/2022\/07\/neleggio-lo-chalet.png\" class=\"attachment-large size-large wp-post-image\" alt=\"\" \/>        <\/div>\n        <div class=\"activity-title\">\n            Ski Rental Lo Chalet        <\/div>\n    <\/div>\n    <\/section>\n\n\n<hr class=\"wp-block-separator has-alpha-channel-opacity\"\/>\n\n<p><strong>Location de ski dans la vall\u00e9e<\/strong><\/p>\n\n<p class=\"has-vivid-red-color has-text-color\"><\/p>\n<section id=\"activity-grid-block_6343184e13c0f\" class=\"activity-grid mb-3\">\n        <div class=\"activity\" data-id=\"1563\">\n        <div class=\"activity-logo\">\n            <img loading=\"lazy\" decoding=\"async\" width=\"150\" height=\"150\" src=\"https:\/\/www.courmayeur-montblanc.com\/app\/uploads\/2022\/07\/neleggio-4810.png\" class=\"attachment-large size-large wp-post-image\" alt=\"\" \/>        <\/div>\n        <div class=\"activity-title\">\n            4810 Sport        <\/div>\n    <\/div>\n        <div class=\"activity\" data-id=\"1561\">\n        <div class=\"activity-logo\">\n            <img loading=\"lazy\" decoding=\"async\" width=\"640\" height=\"640\" src=\"https:\/\/www.courmayeur-montblanc.com\/app\/uploads\/2022\/07\/mont-blanc-ski-rental-logo-1.jpg\" class=\"attachment-large size-large wp-post-image\" alt=\"\" srcset=\"https:\/\/www.courmayeur-montblanc.com\/app\/uploads\/2022\/07\/mont-blanc-ski-rental-logo-1.jpg 1240w, https:\/\/www.courmayeur-montblanc.com\/app\/uploads\/2022\/07\/mont-blanc-ski-rental-logo-1-768x768.jpg 768w\" sizes=\"auto, (max-width: 640px) 100vw, 640px\" \/>        <\/div>\n        <div class=\"activity-title\">\n            Mont Blanc Ski Rental        <\/div>\n    <\/div>\n        <div class=\"activity\" data-id=\"1562\">\n        <div class=\"activity-logo\">\n            <img loading=\"lazy\" decoding=\"async\" width=\"640\" height=\"640\" src=\"https:\/\/www.courmayeur-montblanc.com\/app\/uploads\/2025\/12\/nolo-courma.jpg\" class=\"attachment-large size-large wp-post-image\" alt=\"\" srcset=\"https:\/\/www.courmayeur-montblanc.com\/app\/uploads\/2025\/12\/nolo-courma.jpg 1181w, https:\/\/www.courmayeur-montblanc.com\/app\/uploads\/2025\/12\/nolo-courma-768x768.jpg 768w\" sizes=\"auto, (max-width: 640px) 100vw, 640px\" \/>        <\/div>\n        <div class=\"activity-title\">\n            Nolocourma        <\/div>\n    <\/div>\n        <div class=\"activity\" data-id=\"11583\">\n        <div class=\"activity-logo\">\n            <img loading=\"lazy\" decoding=\"async\" width=\"150\" height=\"150\" src=\"https:\/\/www.courmayeur-montblanc.com\/app\/uploads\/2022\/07\/skiin-checrouit.png\" class=\"attachment-large size-large wp-post-image\" alt=\"\" \/>        <\/div>\n        <div class=\"activity-title\">\n            SKI IN        <\/div>\n    <\/div>\n        <div class=\"activity\" data-id=\"12022\">\n        <div class=\"activity-logo\">\n            <img loading=\"lazy\" decoding=\"async\" width=\"150\" height=\"150\" src=\"https:\/\/www.courmayeur-montblanc.com\/app\/uploads\/2022\/07\/neleggio-lo-chalet.png\" class=\"attachment-large size-large wp-post-image\" alt=\"\" \/>        <\/div>\n        <div class=\"activity-title\">\n            Ski Rental Lo Chalet        <\/div>\n    <\/div>\n    <\/section>\n\n","protected":false},"excerpt":{"rendered":"<p>L&#8217;\u00e9quipement que vous recherchez est toujours \u00e0 votre disposition. Que vous soyez un skieur expert ou un d\u00e9butant, les nombreuses locations de Courmayeur vous aideront \u00e0 trouver ce dont vous avez besoin et vous informeront des derni\u00e8res tendances pour vos sessions de ski et de snowboard. Location de ski sur le domaine skiable Location de [&hellip;]<\/p>\n","protected":false},"author":1,"featured_media":0,"parent":3505,"menu_order":10,"comment_status":"closed","ping_status":"closed","template":"","meta":{"_acf_changed":false,"_themeisle_gutenberg_block_has_review":false,"footnotes":""},"class_list":["post-3513","page","type-page","status-publish","hentry"],"acf":[],"yoast_head":"<!-- This site is optimized with the Yoast SEO plugin v26.2 - https:\/\/yoast.com\/wordpress\/plugins\/seo\/ -->\n<title>Location ski - Courmayeur Mont Blanc Funivie<\/title>\n<meta name=\"robots\" content=\"index, follow, max-snippet:-1, max-image-preview:large, max-video-preview:-1\" \/>\n<link rel=\"canonical\" href=\"https:\/\/www.courmayeur-montblanc.com\/fr\/services\/location-ski\/\" \/>\n<meta property=\"og:locale\" content=\"fr_FR\" \/>\n<meta property=\"og:type\" content=\"article\" \/>\n<meta property=\"og:title\" content=\"Location ski - Courmayeur Mont Blanc Funivie\" \/>\n<meta property=\"og:description\" content=\"L&#8217;\u00e9quipement que vous recherchez est toujours \u00e0 votre disposition. Que vous soyez un skieur expert ou un d\u00e9butant, les nombreuses locations de Courmayeur vous aideront \u00e0 trouver ce dont vous avez besoin et vous informeront des derni\u00e8res tendances pour vos sessions de ski et de snowboard. Location de ski sur le domaine skiable Location de [&hellip;]\" \/>\n<meta property=\"og:url\" content=\"https:\/\/www.courmayeur-montblanc.com\/fr\/services\/location-ski\/\" \/>\n<meta property=\"og:site_name\" content=\"Courmayeur Mont Blanc Funivie\" \/>\n<meta property=\"article:publisher\" content=\"https:\/\/www.facebook.com\/funiviecourmayeur\" \/>\n<meta property=\"article:modified_time\" content=\"2022-11-09T00:26:22+00:00\" \/>\n<meta name=\"twitter:card\" content=\"summary_large_image\" \/>\n<meta name=\"twitter:site\" content=\"@courmayeurski\" \/>\n<script type=\"application\/ld+json\" class=\"yoast-schema-graph\">{\"@context\":\"https:\/\/schema.org\",\"@graph\":[{\"@type\":\"WebPage\",\"@id\":\"https:\/\/www.courmayeur-montblanc.com\/fr\/services\/location-ski\/\",\"url\":\"https:\/\/www.courmayeur-montblanc.com\/fr\/services\/location-ski\/\",\"name\":\"Location ski - Courmayeur Mont Blanc Funivie\",\"isPartOf\":{\"@id\":\"https:\/\/www.courmayeur-montblanc.com\/fr\/#website\"},\"datePublished\":\"2022-05-11T23:51:17+00:00\",\"dateModified\":\"2022-11-09T00:26:22+00:00\",\"breadcrumb\":{\"@id\":\"https:\/\/www.courmayeur-montblanc.com\/fr\/services\/location-ski\/#breadcrumb\"},\"inLanguage\":\"fr-FR\",\"potentialAction\":[{\"@type\":\"ReadAction\",\"target\":[\"https:\/\/www.courmayeur-montblanc.com\/fr\/services\/location-ski\/\"]}]},{\"@type\":\"BreadcrumbList\",\"@id\":\"https:\/\/www.courmayeur-montblanc.com\/fr\/services\/location-ski\/#breadcrumb\",\"itemListElement\":[{\"@type\":\"ListItem\",\"position\":1,\"name\":\"Homepage\",\"item\":\"https:\/\/www.courmayeur-montblanc.com\/fr\/\"},{\"@type\":\"ListItem\",\"position\":2,\"name\":\"Services\",\"item\":\"https:\/\/www.courmayeur-montblanc.com\/fr\/services\/\"},{\"@type\":\"ListItem\",\"position\":3,\"name\":\"Location ski\"}]},{\"@type\":\"WebSite\",\"@id\":\"https:\/\/www.courmayeur-montblanc.com\/fr\/#website\",\"url\":\"https:\/\/www.courmayeur-montblanc.com\/fr\/\",\"name\":\"Courmayeur Mont Blanc Funivie\",\"description\":\"\",\"publisher\":{\"@id\":\"https:\/\/www.courmayeur-montblanc.com\/fr\/#organization\"},\"potentialAction\":[{\"@type\":\"SearchAction\",\"target\":{\"@type\":\"EntryPoint\",\"urlTemplate\":\"https:\/\/www.courmayeur-montblanc.com\/fr\/?s={search_term_string}\"},\"query-input\":{\"@type\":\"PropertyValueSpecification\",\"valueRequired\":true,\"valueName\":\"search_term_string\"}}],\"inLanguage\":\"fr-FR\"},{\"@type\":\"Organization\",\"@id\":\"https:\/\/www.courmayeur-montblanc.com\/fr\/#organization\",\"name\":\"Courmayeur Mont Blanc Funivie\",\"url\":\"https:\/\/www.courmayeur-montblanc.com\/fr\/\",\"logo\":{\"@type\":\"ImageObject\",\"inLanguage\":\"fr-FR\",\"@id\":\"https:\/\/www.courmayeur-montblanc.com\/fr\/#\/schema\/logo\/image\/\",\"url\":\"https:\/\/www.courmayeur-montblanc.com\/app\/uploads\/2022\/11\/cmbf-logo.png\",\"contentUrl\":\"https:\/\/www.courmayeur-montblanc.com\/app\/uploads\/2022\/11\/cmbf-logo.png\",\"width\":800,\"height\":179,\"caption\":\"Courmayeur Mont Blanc Funivie\"},\"image\":{\"@id\":\"https:\/\/www.courmayeur-montblanc.com\/fr\/#\/schema\/logo\/image\/\"},\"sameAs\":[\"https:\/\/www.facebook.com\/funiviecourmayeur\",\"https:\/\/x.com\/courmayeurski\",\"https:\/\/www.instagram.com\/courmayeur\/\",\"https:\/\/www.youtube.com\/channel\/UCrJ-6g0ooek9MIumfwdKGGw\/featured\"]}]}<\/script>\n<!-- \/ Yoast SEO plugin. -->","yoast_head_json":{"title":"Location ski - Courmayeur Mont Blanc Funivie","robots":{"index":"index","follow":"follow","max-snippet":"max-snippet:-1","max-image-preview":"max-image-preview:large","max-video-preview":"max-video-preview:-1"},"canonical":"https:\/\/www.courmayeur-montblanc.com\/fr\/services\/location-ski\/","og_locale":"fr_FR","og_type":"article","og_title":"Location ski - Courmayeur Mont Blanc Funivie","og_description":"L&#8217;\u00e9quipement que vous recherchez est toujours \u00e0 votre disposition. Que vous soyez un skieur expert ou un d\u00e9butant, les nombreuses locations de Courmayeur vous aideront \u00e0 trouver ce dont vous avez besoin et vous informeront des derni\u00e8res tendances pour vos sessions de ski et de snowboard. Location de ski sur le domaine skiable Location de [&hellip;]","og_url":"https:\/\/www.courmayeur-montblanc.com\/fr\/services\/location-ski\/","og_site_name":"Courmayeur Mont Blanc Funivie","article_publisher":"https:\/\/www.facebook.com\/funiviecourmayeur","article_modified_time":"2022-11-09T00:26:22+00:00","twitter_card":"summary_large_image","twitter_site":"@courmayeurski","schema":{"@context":"https:\/\/schema.org","@graph":[{"@type":"WebPage","@id":"https:\/\/www.courmayeur-montblanc.com\/fr\/services\/location-ski\/","url":"https:\/\/www.courmayeur-montblanc.com\/fr\/services\/location-ski\/","name":"Location ski - Courmayeur Mont Blanc Funivie","isPartOf":{"@id":"https:\/\/www.courmayeur-montblanc.com\/fr\/#website"},"datePublished":"2022-05-11T23:51:17+00:00","dateModified":"2022-11-09T00:26:22+00:00","breadcrumb":{"@id":"https:\/\/www.courmayeur-montblanc.com\/fr\/services\/location-ski\/#breadcrumb"},"inLanguage":"fr-FR","potentialAction":[{"@type":"ReadAction","target":["https:\/\/www.courmayeur-montblanc.com\/fr\/services\/location-ski\/"]}]},{"@type":"BreadcrumbList","@id":"https:\/\/www.courmayeur-montblanc.com\/fr\/services\/location-ski\/#breadcrumb","itemListElement":[{"@type":"ListItem","position":1,"name":"Homepage","item":"https:\/\/www.courmayeur-montblanc.com\/fr\/"},{"@type":"ListItem","position":2,"name":"Services","item":"https:\/\/www.courmayeur-montblanc.com\/fr\/services\/"},{"@type":"ListItem","position":3,"name":"Location ski"}]},{"@type":"WebSite","@id":"https:\/\/www.courmayeur-montblanc.com\/fr\/#website","url":"https:\/\/www.courmayeur-montblanc.com\/fr\/","name":"Courmayeur Mont Blanc Funivie","description":"","publisher":{"@id":"https:\/\/www.courmayeur-montblanc.com\/fr\/#organization"},"potentialAction":[{"@type":"SearchAction","target":{"@type":"EntryPoint","urlTemplate":"https:\/\/www.courmayeur-montblanc.com\/fr\/?s={search_term_string}"},"query-input":{"@type":"PropertyValueSpecification","valueRequired":true,"valueName":"search_term_string"}}],"inLanguage":"fr-FR"},{"@type":"Organization","@id":"https:\/\/www.courmayeur-montblanc.com\/fr\/#organization","name":"Courmayeur Mont Blanc Funivie","url":"https:\/\/www.courmayeur-montblanc.com\/fr\/","logo":{"@type":"ImageObject","inLanguage":"fr-FR","@id":"https:\/\/www.courmayeur-montblanc.com\/fr\/#\/schema\/logo\/image\/","url":"https:\/\/www.courmayeur-montblanc.com\/app\/uploads\/2022\/11\/cmbf-logo.png","contentUrl":"https:\/\/www.courmayeur-montblanc.com\/app\/uploads\/2022\/11\/cmbf-logo.png","width":800,"height":179,"caption":"Courmayeur Mont Blanc Funivie"},"image":{"@id":"https:\/\/www.courmayeur-montblanc.com\/fr\/#\/schema\/logo\/image\/"},"sameAs":["https:\/\/www.facebook.com\/funiviecourmayeur","https:\/\/x.com\/courmayeurski","https:\/\/www.instagram.com\/courmayeur\/","https:\/\/www.youtube.com\/channel\/UCrJ-6g0ooek9MIumfwdKGGw\/featured"]}]}},"_links":{"self":[{"href":"https:\/\/www.courmayeur-montblanc.com\/fr\/wp-json\/wp\/v2\/pages\/3513","targetHints":{"allow":["GET"]}}],"collection":[{"href":"https:\/\/www.courmayeur-montblanc.com\/fr\/wp-json\/wp\/v2\/pages"}],"about":[{"href":"https:\/\/www.courmayeur-montblanc.com\/fr\/wp-json\/wp\/v2\/types\/page"}],"author":[{"embeddable":true,"href":"https:\/\/www.courmayeur-montblanc.com\/fr\/wp-json\/wp\/v2\/users\/1"}],"replies":[{"embeddable":true,"href":"https:\/\/www.courmayeur-montblanc.com\/fr\/wp-json\/wp\/v2\/comments?post=3513"}],"version-history":[{"count":3,"href":"https:\/\/www.courmayeur-montblanc.com\/fr\/wp-json\/wp\/v2\/pages\/3513\/revisions"}],"predecessor-version":[{"id":4799,"href":"https:\/\/www.courmayeur-montblanc.com\/fr\/wp-json\/wp\/v2\/pages\/3513\/revisions\/4799"}],"up":[{"embeddable":true,"href":"https:\/\/www.courmayeur-montblanc.com\/fr\/wp-json\/wp\/v2\/pages\/3505"}],"wp:attachment":[{"href":"https:\/\/www.courmayeur-montblanc.com\/fr\/wp-json\/wp\/v2\/media?parent=3513"}],"curies":[{"name":"wp","href":"https:\/\/api.w.org\/{rel}","templated":true}]}}