{"id":3516,"date":"2022-05-12T01:50:49","date_gmt":"2022-05-11T23:50:49","guid":{"rendered":"https:\/\/staging.cmbf.it\/services\/ecoles-de-ski\/"},"modified":"2022-11-20T10:17:47","modified_gmt":"2022-11-20T09:17:47","slug":"ecoles-de-ski","status":"publish","type":"page","link":"https:\/\/www.courmayeur-montblanc.com\/fr\/services\/ecoles-de-ski\/","title":{"rendered":"\u00c9coles de ski"},"content":{"rendered":"\n<p><strong>Le ski et le snowboard n&#8217;auront plus de secrets<\/strong><\/p>\n\n\n\n<div class=\"wp-block-group text-justify\"><div class=\"wp-block-group__inner-container is-layout-flow wp-block-group-is-layout-flow\">\n<p>Plus de 300 moniteurs pour vous aider \u00e0 d\u00e9couvrir vos talents dans la neige.  <br>Passion, pr\u00e9paration et comp\u00e9tence sont les points forts des \u00e9coles de ski du domaine skiable. Que vous soyez d\u00e9butant ou avanc\u00e9, adulte ou enfant, nos \u00e9coles de ski et de snowboard proposent des cours pour tous les niveaux.  <br>Chacun aura la possibilit\u00e9 de s\u2019am\u00e9liorer en s\u2019amusant dans un lieu enchant\u00e9.<\/p>\n<\/div><\/div>\n\n\n\n<p>Que pourriez-vous demander de plus?<\/p>\n","protected":false},"excerpt":{"rendered":"<p>Le ski et le snowboard n&#8217;auront plus de secrets Plus de 300 moniteurs pour vous aider \u00e0 d\u00e9couvrir vos talents dans la neige. Passion, pr\u00e9paration et comp\u00e9tence sont les points forts des \u00e9coles de ski du domaine skiable. Que vous soyez d\u00e9butant ou avanc\u00e9, adulte ou enfant, nos \u00e9coles de ski et de snowboard proposent [&hellip;]<\/p>\n","protected":false},"author":1,"featured_media":0,"parent":3505,"menu_order":5,"comment_status":"closed","ping_status":"closed","template":"","meta":{"_acf_changed":false,"_themeisle_gutenberg_block_has_review":false,"footnotes":""},"class_list":["post-3516","page","type-page","status-publish","hentry"],"acf":[],"yoast_head":"<!-- This site is optimized with the Yoast SEO plugin v26.2 - https:\/\/yoast.com\/wordpress\/plugins\/seo\/ -->\n<title>\u00c9coles de ski - Courmayeur Mont Blanc Funivie<\/title>\n<meta name=\"robots\" content=\"index, follow, max-snippet:-1, max-image-preview:large, max-video-preview:-1\" \/>\n<link rel=\"canonical\" href=\"https:\/\/www.courmayeur-montblanc.com\/fr\/services\/ecoles-de-ski\/\" \/>\n<meta property=\"og:locale\" content=\"fr_FR\" \/>\n<meta property=\"og:type\" content=\"article\" \/>\n<meta property=\"og:title\" content=\"\u00c9coles de ski - Courmayeur Mont Blanc Funivie\" \/>\n<meta property=\"og:description\" content=\"Le ski et le snowboard n&#8217;auront plus de secrets Plus de 300 moniteurs pour vous aider \u00e0 d\u00e9couvrir vos talents dans la neige. Passion, pr\u00e9paration et comp\u00e9tence sont les points forts des \u00e9coles de ski du domaine skiable. Que vous soyez d\u00e9butant ou avanc\u00e9, adulte ou enfant, nos \u00e9coles de ski et de snowboard proposent [&hellip;]\" \/>\n<meta property=\"og:url\" content=\"https:\/\/www.courmayeur-montblanc.com\/fr\/services\/ecoles-de-ski\/\" \/>\n<meta property=\"og:site_name\" content=\"Courmayeur Mont Blanc Funivie\" \/>\n<meta property=\"article:publisher\" content=\"https:\/\/www.facebook.com\/funiviecourmayeur\" \/>\n<meta property=\"article:modified_time\" content=\"2022-11-20T09:17:47+00:00\" \/>\n<meta name=\"twitter:card\" content=\"summary_large_image\" \/>\n<meta name=\"twitter:site\" content=\"@courmayeurski\" \/>\n<meta name=\"twitter:label1\" content=\"Dur\u00e9e de lecture estim\u00e9e\" \/>\n\t<meta name=\"twitter:data1\" content=\"1 minute\" \/>\n<script type=\"application\/ld+json\" class=\"yoast-schema-graph\">{\"@context\":\"https:\/\/schema.org\",\"@graph\":[{\"@type\":\"WebPage\",\"@id\":\"https:\/\/www.courmayeur-montblanc.com\/fr\/services\/ecoles-de-ski\/\",\"url\":\"https:\/\/www.courmayeur-montblanc.com\/fr\/services\/ecoles-de-ski\/\",\"name\":\"\u00c9coles de ski - Courmayeur Mont Blanc Funivie\",\"isPartOf\":{\"@id\":\"https:\/\/www.courmayeur-montblanc.com\/fr\/#website\"},\"datePublished\":\"2022-05-11T23:50:49+00:00\",\"dateModified\":\"2022-11-20T09:17:47+00:00\",\"breadcrumb\":{\"@id\":\"https:\/\/www.courmayeur-montblanc.com\/fr\/services\/ecoles-de-ski\/#breadcrumb\"},\"inLanguage\":\"fr-FR\",\"potentialAction\":[{\"@type\":\"ReadAction\",\"target\":[\"https:\/\/www.courmayeur-montblanc.com\/fr\/services\/ecoles-de-ski\/\"]}]},{\"@type\":\"BreadcrumbList\",\"@id\":\"https:\/\/www.courmayeur-montblanc.com\/fr\/services\/ecoles-de-ski\/#breadcrumb\",\"itemListElement\":[{\"@type\":\"ListItem\",\"position\":1,\"name\":\"Homepage\",\"item\":\"https:\/\/www.courmayeur-montblanc.com\/fr\/\"},{\"@type\":\"ListItem\",\"position\":2,\"name\":\"Services\",\"item\":\"https:\/\/www.courmayeur-montblanc.com\/fr\/services\/\"},{\"@type\":\"ListItem\",\"position\":3,\"name\":\"\u00c9coles de ski\"}]},{\"@type\":\"WebSite\",\"@id\":\"https:\/\/www.courmayeur-montblanc.com\/fr\/#website\",\"url\":\"https:\/\/www.courmayeur-montblanc.com\/fr\/\",\"name\":\"Courmayeur Mont Blanc Funivie\",\"description\":\"\",\"publisher\":{\"@id\":\"https:\/\/www.courmayeur-montblanc.com\/fr\/#organization\"},\"potentialAction\":[{\"@type\":\"SearchAction\",\"target\":{\"@type\":\"EntryPoint\",\"urlTemplate\":\"https:\/\/www.courmayeur-montblanc.com\/fr\/?s={search_term_string}\"},\"query-input\":{\"@type\":\"PropertyValueSpecification\",\"valueRequired\":true,\"valueName\":\"search_term_string\"}}],\"inLanguage\":\"fr-FR\"},{\"@type\":\"Organization\",\"@id\":\"https:\/\/www.courmayeur-montblanc.com\/fr\/#organization\",\"name\":\"Courmayeur Mont Blanc Funivie\",\"url\":\"https:\/\/www.courmayeur-montblanc.com\/fr\/\",\"logo\":{\"@type\":\"ImageObject\",\"inLanguage\":\"fr-FR\",\"@id\":\"https:\/\/www.courmayeur-montblanc.com\/fr\/#\/schema\/logo\/image\/\",\"url\":\"https:\/\/www.courmayeur-montblanc.com\/app\/uploads\/2022\/11\/cmbf-logo.png\",\"contentUrl\":\"https:\/\/www.courmayeur-montblanc.com\/app\/uploads\/2022\/11\/cmbf-logo.png\",\"width\":800,\"height\":179,\"caption\":\"Courmayeur Mont Blanc Funivie\"},\"image\":{\"@id\":\"https:\/\/www.courmayeur-montblanc.com\/fr\/#\/schema\/logo\/image\/\"},\"sameAs\":[\"https:\/\/www.facebook.com\/funiviecourmayeur\",\"https:\/\/x.com\/courmayeurski\",\"https:\/\/www.instagram.com\/courmayeur\/\",\"https:\/\/www.youtube.com\/channel\/UCrJ-6g0ooek9MIumfwdKGGw\/featured\"]}]}<\/script>\n<!-- \/ Yoast SEO plugin. -->","yoast_head_json":{"title":"\u00c9coles de ski - Courmayeur Mont Blanc Funivie","robots":{"index":"index","follow":"follow","max-snippet":"max-snippet:-1","max-image-preview":"max-image-preview:large","max-video-preview":"max-video-preview:-1"},"canonical":"https:\/\/www.courmayeur-montblanc.com\/fr\/services\/ecoles-de-ski\/","og_locale":"fr_FR","og_type":"article","og_title":"\u00c9coles de ski - Courmayeur Mont Blanc Funivie","og_description":"Le ski et le snowboard n&#8217;auront plus de secrets Plus de 300 moniteurs pour vous aider \u00e0 d\u00e9couvrir vos talents dans la neige. Passion, pr\u00e9paration et comp\u00e9tence sont les points forts des \u00e9coles de ski du domaine skiable. Que vous soyez d\u00e9butant ou avanc\u00e9, adulte ou enfant, nos \u00e9coles de ski et de snowboard proposent [&hellip;]","og_url":"https:\/\/www.courmayeur-montblanc.com\/fr\/services\/ecoles-de-ski\/","og_site_name":"Courmayeur Mont Blanc Funivie","article_publisher":"https:\/\/www.facebook.com\/funiviecourmayeur","article_modified_time":"2022-11-20T09:17:47+00:00","twitter_card":"summary_large_image","twitter_site":"@courmayeurski","twitter_misc":{"Dur\u00e9e de lecture estim\u00e9e":"1 minute"},"schema":{"@context":"https:\/\/schema.org","@graph":[{"@type":"WebPage","@id":"https:\/\/www.courmayeur-montblanc.com\/fr\/services\/ecoles-de-ski\/","url":"https:\/\/www.courmayeur-montblanc.com\/fr\/services\/ecoles-de-ski\/","name":"\u00c9coles de ski - Courmayeur Mont Blanc Funivie","isPartOf":{"@id":"https:\/\/www.courmayeur-montblanc.com\/fr\/#website"},"datePublished":"2022-05-11T23:50:49+00:00","dateModified":"2022-11-20T09:17:47+00:00","breadcrumb":{"@id":"https:\/\/www.courmayeur-montblanc.com\/fr\/services\/ecoles-de-ski\/#breadcrumb"},"inLanguage":"fr-FR","potentialAction":[{"@type":"ReadAction","target":["https:\/\/www.courmayeur-montblanc.com\/fr\/services\/ecoles-de-ski\/"]}]},{"@type":"BreadcrumbList","@id":"https:\/\/www.courmayeur-montblanc.com\/fr\/services\/ecoles-de-ski\/#breadcrumb","itemListElement":[{"@type":"ListItem","position":1,"name":"Homepage","item":"https:\/\/www.courmayeur-montblanc.com\/fr\/"},{"@type":"ListItem","position":2,"name":"Services","item":"https:\/\/www.courmayeur-montblanc.com\/fr\/services\/"},{"@type":"ListItem","position":3,"name":"\u00c9coles de ski"}]},{"@type":"WebSite","@id":"https:\/\/www.courmayeur-montblanc.com\/fr\/#website","url":"https:\/\/www.courmayeur-montblanc.com\/fr\/","name":"Courmayeur Mont Blanc Funivie","description":"","publisher":{"@id":"https:\/\/www.courmayeur-montblanc.com\/fr\/#organization"},"potentialAction":[{"@type":"SearchAction","target":{"@type":"EntryPoint","urlTemplate":"https:\/\/www.courmayeur-montblanc.com\/fr\/?s={search_term_string}"},"query-input":{"@type":"PropertyValueSpecification","valueRequired":true,"valueName":"search_term_string"}}],"inLanguage":"fr-FR"},{"@type":"Organization","@id":"https:\/\/www.courmayeur-montblanc.com\/fr\/#organization","name":"Courmayeur Mont Blanc Funivie","url":"https:\/\/www.courmayeur-montblanc.com\/fr\/","logo":{"@type":"ImageObject","inLanguage":"fr-FR","@id":"https:\/\/www.courmayeur-montblanc.com\/fr\/#\/schema\/logo\/image\/","url":"https:\/\/www.courmayeur-montblanc.com\/app\/uploads\/2022\/11\/cmbf-logo.png","contentUrl":"https:\/\/www.courmayeur-montblanc.com\/app\/uploads\/2022\/11\/cmbf-logo.png","width":800,"height":179,"caption":"Courmayeur Mont Blanc Funivie"},"image":{"@id":"https:\/\/www.courmayeur-montblanc.com\/fr\/#\/schema\/logo\/image\/"},"sameAs":["https:\/\/www.facebook.com\/funiviecourmayeur","https:\/\/x.com\/courmayeurski","https:\/\/www.instagram.com\/courmayeur\/","https:\/\/www.youtube.com\/channel\/UCrJ-6g0ooek9MIumfwdKGGw\/featured"]}]}},"_links":{"self":[{"href":"https:\/\/www.courmayeur-montblanc.com\/fr\/wp-json\/wp\/v2\/pages\/3516","targetHints":{"allow":["GET"]}}],"collection":[{"href":"https:\/\/www.courmayeur-montblanc.com\/fr\/wp-json\/wp\/v2\/pages"}],"about":[{"href":"https:\/\/www.courmayeur-montblanc.com\/fr\/wp-json\/wp\/v2\/types\/page"}],"author":[{"embeddable":true,"href":"https:\/\/www.courmayeur-montblanc.com\/fr\/wp-json\/wp\/v2\/users\/1"}],"replies":[{"embeddable":true,"href":"https:\/\/www.courmayeur-montblanc.com\/fr\/wp-json\/wp\/v2\/comments?post=3516"}],"version-history":[{"count":5,"href":"https:\/\/www.courmayeur-montblanc.com\/fr\/wp-json\/wp\/v2\/pages\/3516\/revisions"}],"predecessor-version":[{"id":5886,"href":"https:\/\/www.courmayeur-montblanc.com\/fr\/wp-json\/wp\/v2\/pages\/3516\/revisions\/5886"}],"up":[{"embeddable":true,"href":"https:\/\/www.courmayeur-montblanc.com\/fr\/wp-json\/wp\/v2\/pages\/3505"}],"wp:attachment":[{"href":"https:\/\/www.courmayeur-montblanc.com\/fr\/wp-json\/wp\/v2\/media?parent=3516"}],"curies":[{"name":"wp","href":"https:\/\/api.w.org\/{rel}","templated":true}]}}