{"id":3530,"date":"2022-05-12T01:30:20","date_gmt":"2022-05-11T23:30:20","guid":{"rendered":"https:\/\/staging.cmbf.it\/pistes-remontees-mecaniques\/skirama-3d\/"},"modified":"2026-04-15T13:56:38","modified_gmt":"2026-04-15T11:56:38","slug":"skirama","status":"publish","type":"page","link":"https:\/\/www.courmayeur-montblanc.com\/fr\/pistes-remontees-mecaniques\/skirama\/","title":{"rendered":"Skirama"},"content":{"rendered":"\n<p>Explorez le domaine de <strong>Courmayeur<\/strong>, entre remont\u00e9es m\u00e9caniques et \u00e9motions hors-piste.<\/p>\n\n\n\n<h4 class=\"wp-block-heading\">Carte d&#8217;\u00c9t\u00e9<\/h4>\n\n\n\n<figure class=\"wp-block-image size-large\"><a href=\"https:\/\/www.courmayeur-montblanc.com\/app\/uploads\/2025\/05\/Mappa-percorsi-estate-CMBF.jpg\"><img loading=\"lazy\" decoding=\"async\" width=\"1024\" height=\"603\" src=\"https:\/\/www.courmayeur-montblanc.com\/app\/uploads\/2025\/05\/Mappa-percorsi-estate-CMBF-1024x603.jpg\" alt=\"\" class=\"wp-image-11807\" srcset=\"https:\/\/www.courmayeur-montblanc.com\/app\/uploads\/2025\/05\/Mappa-percorsi-estate-CMBF-1024x603.jpg 1024w, https:\/\/www.courmayeur-montblanc.com\/app\/uploads\/2025\/05\/Mappa-percorsi-estate-CMBF-300x177.jpg 300w, https:\/\/www.courmayeur-montblanc.com\/app\/uploads\/2025\/05\/Mappa-percorsi-estate-CMBF-768x452.jpg 768w, https:\/\/www.courmayeur-montblanc.com\/app\/uploads\/2025\/05\/Mappa-percorsi-estate-CMBF-1536x904.jpg 1536w, https:\/\/www.courmayeur-montblanc.com\/app\/uploads\/2025\/05\/Mappa-percorsi-estate-CMBF-2048x1206.jpg 2048w\" sizes=\"auto, (max-width: 1024px) 100vw, 1024px\" \/><\/a><\/figure>\n\n\n\n<div style=\"height:25px\" aria-hidden=\"true\" class=\"wp-block-spacer\"><\/div>\n\n\n\n<h2 class=\"wp-block-heading has-medium-font-size\">Domaine Skiable<\/h2>\n\n\n\n<figure class=\"wp-block-image size-large\"><a href=\"https:\/\/www.courmayeur-montblanc.com\/app\/uploads\/2025\/10\/CARTACEO_alta-ABILMENTE-AGO25-WEB.jpg\"><img loading=\"lazy\" decoding=\"async\" width=\"1024\" height=\"673\" src=\"https:\/\/www.courmayeur-montblanc.com\/wp\/..\/app\/uploads\/2025\/10\/CARTACEO_alta-ABILMENTE-AGO25-WEB-1024x673.jpg\" alt=\"\" class=\"wp-image-13094\" srcset=\"https:\/\/www.courmayeur-montblanc.com\/app\/uploads\/2025\/10\/CARTACEO_alta-ABILMENTE-AGO25-WEB-1024x673.jpg 1024w, https:\/\/www.courmayeur-montblanc.com\/app\/uploads\/2025\/10\/CARTACEO_alta-ABILMENTE-AGO25-WEB-300x197.jpg 300w, https:\/\/www.courmayeur-montblanc.com\/app\/uploads\/2025\/10\/CARTACEO_alta-ABILMENTE-AGO25-WEB-768x504.jpg 768w, https:\/\/www.courmayeur-montblanc.com\/app\/uploads\/2025\/10\/CARTACEO_alta-ABILMENTE-AGO25-WEB-1536x1009.jpg 1536w, https:\/\/www.courmayeur-montblanc.com\/app\/uploads\/2025\/10\/CARTACEO_alta-ABILMENTE-AGO25-WEB.jpg 1920w\" sizes=\"auto, (max-width: 1024px) 100vw, 1024px\" \/><\/a><\/figure>\n\n\n<div class=\"wp-bootstrap-blocks-row row\">\n\t\n\n<div class=\"col-12 col-md-6\">\n\t\t\t\n\n<h2 class=\"wp-block-heading has-medium-font-size\">Versant Checrouit<\/h2>\n\n\n\n<figure class=\"wp-block-image size-full\"><a href=\"https:\/\/www.courmayeur-montblanc.com\/app\/uploads\/2022\/09\/Versante-Plan-Checrouit.pdf\" target=\"_blank\" rel=\"noreferrer noopener\"><img loading=\"lazy\" decoding=\"async\" width=\"790\" height=\"511\" src=\"https:\/\/www.courmayeur-montblanc.com\/app\/uploads\/2022\/11\/ZONE_CHECROUIT_LOGO-02_0.jpg\" alt=\"\" class=\"wp-image-4751\" srcset=\"https:\/\/www.courmayeur-montblanc.com\/app\/uploads\/2022\/11\/ZONE_CHECROUIT_LOGO-02_0.jpg 790w, https:\/\/www.courmayeur-montblanc.com\/app\/uploads\/2022\/11\/ZONE_CHECROUIT_LOGO-02_0-300x194.jpg 300w, https:\/\/www.courmayeur-montblanc.com\/app\/uploads\/2022\/11\/ZONE_CHECROUIT_LOGO-02_0-768x497.jpg 768w\" sizes=\"auto, (max-width: 790px) 100vw, 790px\" \/><\/a><\/figure>\n\n\n\n<div style=\"height:15px\" aria-hidden=\"true\" class=\"wp-block-spacer\"><\/div>\n\n\t<\/div>\n\n\n\n<div class=\"col-12 col-md-6\">\n\t\t\t\n\n<h2 class=\"wp-block-heading has-medium-font-size\">Versant Val Veny<\/h2>\n\n\n\n<figure class=\"wp-block-image size-large\"><a href=\"https:\/\/www.courmayeur-montblanc.com\/app\/uploads\/2022\/09\/Versante-Val-Veny.pdf\" target=\"_blank\" rel=\"noreferrer noopener\"><img loading=\"lazy\" decoding=\"async\" width=\"1024\" height=\"663\" src=\"https:\/\/www.courmayeur-montblanc.com\/app\/uploads\/2022\/11\/ZONE_VAL-VENY-WEB_18-1024x663.jpg\" alt=\"\" class=\"wp-image-4748\" srcset=\"https:\/\/www.courmayeur-montblanc.com\/app\/uploads\/2022\/11\/ZONE_VAL-VENY-WEB_18-1024x663.jpg 1024w, https:\/\/www.courmayeur-montblanc.com\/app\/uploads\/2022\/11\/ZONE_VAL-VENY-WEB_18-300x194.jpg 300w, https:\/\/www.courmayeur-montblanc.com\/app\/uploads\/2022\/11\/ZONE_VAL-VENY-WEB_18-768x497.jpg 768w, https:\/\/www.courmayeur-montblanc.com\/app\/uploads\/2022\/11\/ZONE_VAL-VENY-WEB_18-1536x995.jpg 1536w, https:\/\/www.courmayeur-montblanc.com\/app\/uploads\/2022\/11\/ZONE_VAL-VENY-WEB_18.jpg 1544w\" sizes=\"auto, (max-width: 1024px) 100vw, 1024px\" \/><\/a><\/figure>\n\n\n\n<div style=\"height:15px\" aria-hidden=\"true\" class=\"wp-block-spacer\"><\/div>\n\n\t<\/div>\n\n<\/div>\n\n\n\n<div style=\"height:30px\" aria-hidden=\"true\" class=\"wp-block-spacer\"><\/div>\n","protected":false},"excerpt":{"rendered":"<p>Explorez le domaine de Courmayeur, entre remont\u00e9es m\u00e9caniques et \u00e9motions hors-piste. Carte d&#8217;\u00c9t\u00e9 Domaine Skiable<\/p>\n","protected":false},"author":1,"featured_media":0,"parent":3356,"menu_order":0,"comment_status":"closed","ping_status":"closed","template":"","meta":{"_acf_changed":false,"_themeisle_gutenberg_block_has_review":false,"footnotes":""},"class_list":["post-3530","page","type-page","status-publish","hentry"],"acf":[],"yoast_head":"<!-- This site is optimized with the Yoast SEO plugin v26.2 - https:\/\/yoast.com\/wordpress\/plugins\/seo\/ -->\n<title>Skirama - Courmayeur Mont Blanc Funivie<\/title>\n<meta name=\"robots\" content=\"index, follow, max-snippet:-1, max-image-preview:large, max-video-preview:-1\" \/>\n<link rel=\"canonical\" href=\"https:\/\/www.courmayeur-montblanc.com\/fr\/pistes-remontees-mecaniques\/skirama\/\" \/>\n<meta property=\"og:locale\" content=\"fr_FR\" \/>\n<meta property=\"og:type\" content=\"article\" \/>\n<meta property=\"og:title\" content=\"Skirama - Courmayeur Mont Blanc Funivie\" \/>\n<meta property=\"og:description\" content=\"Explorez le domaine de Courmayeur, entre remont\u00e9es m\u00e9caniques et \u00e9motions hors-piste. Carte d&#8217;\u00c9t\u00e9 Domaine Skiable\" \/>\n<meta property=\"og:url\" content=\"https:\/\/www.courmayeur-montblanc.com\/fr\/pistes-remontees-mecaniques\/skirama\/\" \/>\n<meta property=\"og:site_name\" content=\"Courmayeur Mont Blanc Funivie\" \/>\n<meta property=\"article:publisher\" content=\"https:\/\/www.facebook.com\/funiviecourmayeur\" \/>\n<meta property=\"article:modified_time\" content=\"2026-04-15T11:56:38+00:00\" \/>\n<meta property=\"og:image\" content=\"https:\/\/www.courmayeur-montblanc.com\/app\/uploads\/2025\/05\/Mappa-percorsi-estate-CMBF.jpg\" \/>\n\t<meta property=\"og:image:width\" content=\"2560\" \/>\n\t<meta property=\"og:image:height\" content=\"1507\" \/>\n\t<meta property=\"og:image:type\" content=\"image\/jpeg\" \/>\n<meta name=\"twitter:card\" content=\"summary_large_image\" \/>\n<meta name=\"twitter:site\" content=\"@courmayeurski\" \/>\n<meta name=\"twitter:label1\" content=\"Dur\u00e9e de lecture estim\u00e9e\" \/>\n\t<meta name=\"twitter:data1\" content=\"1 minute\" \/>\n<script type=\"application\/ld+json\" class=\"yoast-schema-graph\">{\"@context\":\"https:\/\/schema.org\",\"@graph\":[{\"@type\":\"WebPage\",\"@id\":\"https:\/\/www.courmayeur-montblanc.com\/fr\/pistes-remontees-mecaniques\/skirama\/\",\"url\":\"https:\/\/www.courmayeur-montblanc.com\/fr\/pistes-remontees-mecaniques\/skirama\/\",\"name\":\"Skirama - Courmayeur Mont Blanc Funivie\",\"isPartOf\":{\"@id\":\"https:\/\/www.courmayeur-montblanc.com\/fr\/#website\"},\"primaryImageOfPage\":{\"@id\":\"https:\/\/www.courmayeur-montblanc.com\/fr\/pistes-remontees-mecaniques\/skirama\/#primaryimage\"},\"image\":{\"@id\":\"https:\/\/www.courmayeur-montblanc.com\/fr\/pistes-remontees-mecaniques\/skirama\/#primaryimage\"},\"thumbnailUrl\":\"https:\/\/www.courmayeur-montblanc.com\/app\/uploads\/2025\/05\/Mappa-percorsi-estate-CMBF-1024x603.jpg\",\"datePublished\":\"2022-05-11T23:30:20+00:00\",\"dateModified\":\"2026-04-15T11:56:38+00:00\",\"breadcrumb\":{\"@id\":\"https:\/\/www.courmayeur-montblanc.com\/fr\/pistes-remontees-mecaniques\/skirama\/#breadcrumb\"},\"inLanguage\":\"fr-FR\",\"potentialAction\":[{\"@type\":\"ReadAction\",\"target\":[\"https:\/\/www.courmayeur-montblanc.com\/fr\/pistes-remontees-mecaniques\/skirama\/\"]}]},{\"@type\":\"ImageObject\",\"inLanguage\":\"fr-FR\",\"@id\":\"https:\/\/www.courmayeur-montblanc.com\/fr\/pistes-remontees-mecaniques\/skirama\/#primaryimage\",\"url\":\"https:\/\/www.courmayeur-montblanc.com\/app\/uploads\/2025\/05\/Mappa-percorsi-estate-CMBF-1024x603.jpg\",\"contentUrl\":\"https:\/\/www.courmayeur-montblanc.com\/app\/uploads\/2025\/05\/Mappa-percorsi-estate-CMBF-1024x603.jpg\"},{\"@type\":\"BreadcrumbList\",\"@id\":\"https:\/\/www.courmayeur-montblanc.com\/fr\/pistes-remontees-mecaniques\/skirama\/#breadcrumb\",\"itemListElement\":[{\"@type\":\"ListItem\",\"position\":1,\"name\":\"Homepage\",\"item\":\"https:\/\/www.courmayeur-montblanc.com\/fr\/\"},{\"@type\":\"ListItem\",\"position\":2,\"name\":\"Pistes de ski\",\"item\":\"https:\/\/www.courmayeur-montblanc.com\/fr\/pistes-remontees-mecaniques\/\"},{\"@type\":\"ListItem\",\"position\":3,\"name\":\"Skirama\"}]},{\"@type\":\"WebSite\",\"@id\":\"https:\/\/www.courmayeur-montblanc.com\/fr\/#website\",\"url\":\"https:\/\/www.courmayeur-montblanc.com\/fr\/\",\"name\":\"Courmayeur Mont Blanc Funivie\",\"description\":\"\",\"publisher\":{\"@id\":\"https:\/\/www.courmayeur-montblanc.com\/fr\/#organization\"},\"potentialAction\":[{\"@type\":\"SearchAction\",\"target\":{\"@type\":\"EntryPoint\",\"urlTemplate\":\"https:\/\/www.courmayeur-montblanc.com\/fr\/?s={search_term_string}\"},\"query-input\":{\"@type\":\"PropertyValueSpecification\",\"valueRequired\":true,\"valueName\":\"search_term_string\"}}],\"inLanguage\":\"fr-FR\"},{\"@type\":\"Organization\",\"@id\":\"https:\/\/www.courmayeur-montblanc.com\/fr\/#organization\",\"name\":\"Courmayeur Mont Blanc Funivie\",\"url\":\"https:\/\/www.courmayeur-montblanc.com\/fr\/\",\"logo\":{\"@type\":\"ImageObject\",\"inLanguage\":\"fr-FR\",\"@id\":\"https:\/\/www.courmayeur-montblanc.com\/fr\/#\/schema\/logo\/image\/\",\"url\":\"https:\/\/www.courmayeur-montblanc.com\/app\/uploads\/2022\/11\/cmbf-logo.png\",\"contentUrl\":\"https:\/\/www.courmayeur-montblanc.com\/app\/uploads\/2022\/11\/cmbf-logo.png\",\"width\":800,\"height\":179,\"caption\":\"Courmayeur Mont Blanc Funivie\"},\"image\":{\"@id\":\"https:\/\/www.courmayeur-montblanc.com\/fr\/#\/schema\/logo\/image\/\"},\"sameAs\":[\"https:\/\/www.facebook.com\/funiviecourmayeur\",\"https:\/\/x.com\/courmayeurski\",\"https:\/\/www.instagram.com\/courmayeur\/\",\"https:\/\/www.youtube.com\/channel\/UCrJ-6g0ooek9MIumfwdKGGw\/featured\"]}]}<\/script>\n<!-- \/ Yoast SEO plugin. -->","yoast_head_json":{"title":"Skirama - Courmayeur Mont Blanc Funivie","robots":{"index":"index","follow":"follow","max-snippet":"max-snippet:-1","max-image-preview":"max-image-preview:large","max-video-preview":"max-video-preview:-1"},"canonical":"https:\/\/www.courmayeur-montblanc.com\/fr\/pistes-remontees-mecaniques\/skirama\/","og_locale":"fr_FR","og_type":"article","og_title":"Skirama - Courmayeur Mont Blanc Funivie","og_description":"Explorez le domaine de Courmayeur, entre remont\u00e9es m\u00e9caniques et \u00e9motions hors-piste. Carte d&#8217;\u00c9t\u00e9 Domaine Skiable","og_url":"https:\/\/www.courmayeur-montblanc.com\/fr\/pistes-remontees-mecaniques\/skirama\/","og_site_name":"Courmayeur Mont Blanc Funivie","article_publisher":"https:\/\/www.facebook.com\/funiviecourmayeur","article_modified_time":"2026-04-15T11:56:38+00:00","og_image":[{"width":2560,"height":1507,"url":"https:\/\/www.courmayeur-montblanc.com\/app\/uploads\/2025\/05\/Mappa-percorsi-estate-CMBF.jpg","type":"image\/jpeg"}],"twitter_card":"summary_large_image","twitter_site":"@courmayeurski","twitter_misc":{"Dur\u00e9e de lecture estim\u00e9e":"1 minute"},"schema":{"@context":"https:\/\/schema.org","@graph":[{"@type":"WebPage","@id":"https:\/\/www.courmayeur-montblanc.com\/fr\/pistes-remontees-mecaniques\/skirama\/","url":"https:\/\/www.courmayeur-montblanc.com\/fr\/pistes-remontees-mecaniques\/skirama\/","name":"Skirama - Courmayeur Mont Blanc Funivie","isPartOf":{"@id":"https:\/\/www.courmayeur-montblanc.com\/fr\/#website"},"primaryImageOfPage":{"@id":"https:\/\/www.courmayeur-montblanc.com\/fr\/pistes-remontees-mecaniques\/skirama\/#primaryimage"},"image":{"@id":"https:\/\/www.courmayeur-montblanc.com\/fr\/pistes-remontees-mecaniques\/skirama\/#primaryimage"},"thumbnailUrl":"https:\/\/www.courmayeur-montblanc.com\/app\/uploads\/2025\/05\/Mappa-percorsi-estate-CMBF-1024x603.jpg","datePublished":"2022-05-11T23:30:20+00:00","dateModified":"2026-04-15T11:56:38+00:00","breadcrumb":{"@id":"https:\/\/www.courmayeur-montblanc.com\/fr\/pistes-remontees-mecaniques\/skirama\/#breadcrumb"},"inLanguage":"fr-FR","potentialAction":[{"@type":"ReadAction","target":["https:\/\/www.courmayeur-montblanc.com\/fr\/pistes-remontees-mecaniques\/skirama\/"]}]},{"@type":"ImageObject","inLanguage":"fr-FR","@id":"https:\/\/www.courmayeur-montblanc.com\/fr\/pistes-remontees-mecaniques\/skirama\/#primaryimage","url":"https:\/\/www.courmayeur-montblanc.com\/app\/uploads\/2025\/05\/Mappa-percorsi-estate-CMBF-1024x603.jpg","contentUrl":"https:\/\/www.courmayeur-montblanc.com\/app\/uploads\/2025\/05\/Mappa-percorsi-estate-CMBF-1024x603.jpg"},{"@type":"BreadcrumbList","@id":"https:\/\/www.courmayeur-montblanc.com\/fr\/pistes-remontees-mecaniques\/skirama\/#breadcrumb","itemListElement":[{"@type":"ListItem","position":1,"name":"Homepage","item":"https:\/\/www.courmayeur-montblanc.com\/fr\/"},{"@type":"ListItem","position":2,"name":"Pistes de ski","item":"https:\/\/www.courmayeur-montblanc.com\/fr\/pistes-remontees-mecaniques\/"},{"@type":"ListItem","position":3,"name":"Skirama"}]},{"@type":"WebSite","@id":"https:\/\/www.courmayeur-montblanc.com\/fr\/#website","url":"https:\/\/www.courmayeur-montblanc.com\/fr\/","name":"Courmayeur Mont Blanc Funivie","description":"","publisher":{"@id":"https:\/\/www.courmayeur-montblanc.com\/fr\/#organization"},"potentialAction":[{"@type":"SearchAction","target":{"@type":"EntryPoint","urlTemplate":"https:\/\/www.courmayeur-montblanc.com\/fr\/?s={search_term_string}"},"query-input":{"@type":"PropertyValueSpecification","valueRequired":true,"valueName":"search_term_string"}}],"inLanguage":"fr-FR"},{"@type":"Organization","@id":"https:\/\/www.courmayeur-montblanc.com\/fr\/#organization","name":"Courmayeur Mont Blanc Funivie","url":"https:\/\/www.courmayeur-montblanc.com\/fr\/","logo":{"@type":"ImageObject","inLanguage":"fr-FR","@id":"https:\/\/www.courmayeur-montblanc.com\/fr\/#\/schema\/logo\/image\/","url":"https:\/\/www.courmayeur-montblanc.com\/app\/uploads\/2022\/11\/cmbf-logo.png","contentUrl":"https:\/\/www.courmayeur-montblanc.com\/app\/uploads\/2022\/11\/cmbf-logo.png","width":800,"height":179,"caption":"Courmayeur Mont Blanc Funivie"},"image":{"@id":"https:\/\/www.courmayeur-montblanc.com\/fr\/#\/schema\/logo\/image\/"},"sameAs":["https:\/\/www.facebook.com\/funiviecourmayeur","https:\/\/x.com\/courmayeurski","https:\/\/www.instagram.com\/courmayeur\/","https:\/\/www.youtube.com\/channel\/UCrJ-6g0ooek9MIumfwdKGGw\/featured"]}]}},"_links":{"self":[{"href":"https:\/\/www.courmayeur-montblanc.com\/fr\/wp-json\/wp\/v2\/pages\/3530","targetHints":{"allow":["GET"]}}],"collection":[{"href":"https:\/\/www.courmayeur-montblanc.com\/fr\/wp-json\/wp\/v2\/pages"}],"about":[{"href":"https:\/\/www.courmayeur-montblanc.com\/fr\/wp-json\/wp\/v2\/types\/page"}],"author":[{"embeddable":true,"href":"https:\/\/www.courmayeur-montblanc.com\/fr\/wp-json\/wp\/v2\/users\/1"}],"replies":[{"embeddable":true,"href":"https:\/\/www.courmayeur-montblanc.com\/fr\/wp-json\/wp\/v2\/comments?post=3530"}],"version-history":[{"count":23,"href":"https:\/\/www.courmayeur-montblanc.com\/fr\/wp-json\/wp\/v2\/pages\/3530\/revisions"}],"predecessor-version":[{"id":13915,"href":"https:\/\/www.courmayeur-montblanc.com\/fr\/wp-json\/wp\/v2\/pages\/3530\/revisions\/13915"}],"up":[{"embeddable":true,"href":"https:\/\/www.courmayeur-montblanc.com\/fr\/wp-json\/wp\/v2\/pages\/3356"}],"wp:attachment":[{"href":"https:\/\/www.courmayeur-montblanc.com\/fr\/wp-json\/wp\/v2\/media?parent=3530"}],"curies":[{"name":"wp","href":"https:\/\/api.w.org\/{rel}","templated":true}]}}