{"id":3535,"date":"2022-09-25T20:25:42","date_gmt":"2022-09-25T18:25:42","guid":{"rendered":"https:\/\/staging.cmbf.it\/billets-et-forfaits-ski\/tarifs-ete\/"},"modified":"2025-06-11T16:37:55","modified_gmt":"2025-06-11T14:37:55","slug":"tarifs-ete","status":"publish","type":"page","link":"https:\/\/www.courmayeur-montblanc.com\/fr\/skipass-tarifs\/tarifs-ete\/","title":{"rendered":"\u00c9t\u00e9"},"content":{"rendered":"\n<div class=\"wp-block-columns is-layout-flex wp-container-core-columns-is-layout-9d6595d7 wp-block-columns-is-layout-flex\">\n<div class=\"wp-block-column is-layout-flow wp-block-column-is-layout-flow\" style=\"flex-basis:66.66%\">\n<p>Tous les tarifs sont valides pour l\u2019\u00e9t\u00e9 2025<\/p>\n<\/div>\n<\/div>\n\n\n\n<div class=\"wp-block-columns table-scroll-container mb-3 is-layout-flex wp-container-core-columns-is-layout-9d6595d7 wp-block-columns-is-layout-flex\">\n<div class=\"wp-block-column table-scroll is-layout-flow wp-block-column-is-layout-flow\">\n<figure class=\"wp-block-image size-full\"><img loading=\"lazy\" decoding=\"async\" width=\"200\" height=\"147\" src=\"https:\/\/www.courmayeur-montblanc.com\/app\/uploads\/2024\/03\/scroll.gif\" alt=\"\" class=\"wp-image-8725\"\/><\/figure>\n\n\n\n<p><em><em>d\u00e9filer pour plus d&#8217;informations<\/em><\/em><\/p>\n<\/div>\n<\/div>\n\n\n\n<table id=\"tablepress-1\" class=\"tablepress tablepress-id-1 tbl-price-list tbl-summer-price tablepress-responsive\">\n<thead>\n<tr class=\"row-1 odd\">\n\t<th class=\"column-1\"><\/th><th class=\"column-2\">Adulte<\/th><th class=\"column-3\">Enfant <12 ans Senior<\/th>\n<\/tr>\n<\/thead>\n<tbody class=\"row-hover\">\n<tr class=\"row-2 even\">\n\t<td class=\"column-1\">Aller\/retour t\u00e9l\u00e9cabine Dolonne<\/td><td class=\"column-2\">\u20ac 17,00<\/td><td class=\"column-3\">\u20ac 10,50<\/td>\n<\/tr>\n<tr class=\"row-3 odd\">\n\t<td class=\"column-1\">Aller\/retour t\u00e9l\u00e9cabine Dolonne + t\u00e9l\u00e9si\u00e8ge Maison Vieille <\/td><td class=\"column-2\">\u20ac 21,00<\/td><td class=\"column-3\">\u20ac 12,50<\/td>\n<\/tr>\n<tr class=\"row-4 even\">\n\t<td class=\"column-1\">Aller\/retour t\u00e9l\u00e9cabine Dolonne + Piscine<\/td><td class=\"column-2\">\u20ac 29,00<\/td><td class=\"column-3\">\u20ac 18,00<\/td>\n<\/tr>\n<tr class=\"row-5 odd\">\n\t<td class=\"column-1\">Apr\u00e8s-midi a\/r t\u00e9l\u00e9cabine Dolonne + Piscine (\u00e0 partir de 13h50)<\/td><td class=\"column-2\">\u20ac 21,00<\/td><td class=\"column-3\">\u20ac 14,00<\/td>\n<\/tr>\n<tr class=\"row-6 even\">\n\t<td class=\"column-1\">Aller simple t\u00e9l\u00e9cabine Dolonne<\/td><td class=\"column-2\">\u20ac 10,50<\/td><td class=\"column-3\">\u20ac 6,50<\/td>\n<\/tr>\n<tr class=\"row-7 odd\">\n\t<td class=\"column-1\">Aller simple t\u00e9l\u00e9cabine Dolonne + t\u00e9l\u00e9si\u00e8ge Maison Vieille<\/td><td class=\"column-2\">\u20ac 16,00<\/td><td class=\"column-3\">\u20ac 9,50<\/td>\n<\/tr>\n<tr class=\"row-8 even\">\n\t<td class=\"column-1\">Aller simple t\u00e9l\u00e9si\u00e8ge Maison Vieille<\/td><td class=\"column-2\">\u20ac 6,00<\/td><td class=\"column-3\">\u20ac 4,00<br \/>\n<\/td>\n<\/tr>\n<tr class=\"row-9 odd\">\n\t<td class=\"column-1\">6 A\/R non consecutive 1\u00b0 livello (nominativo)<\/td><td class=\"column-2\">\u20ac 85,00<\/td><td class=\"column-3\">\u20ac 51,00<\/td>\n<\/tr>\n<tr class=\"row-10 even\">\n\t<td class=\"column-1\">Aller simple T\u00e9l\u00e9ph\u00e9rique Val Veny<\/td><td class=\"column-2\">\u20ac 6,00<\/td><td class=\"column-3\">\u20ac 4,00<\/td>\n<\/tr>\n<tr class=\"row-11 odd\">\n\t<td class=\"column-1\">Aller\/retour T\u00e9l\u00e9ph\u00e9rique Val Veny<\/td><td class=\"column-2\">\u20ac 10,00<\/td><td class=\"column-3\">\u20ac 6,00<\/td>\n<\/tr>\n<tr class=\"row-12 even\">\n\t<td class=\"column-1\">Corsa semplice seggiovia Zerotta<\/td><td class=\"column-2\">\u20ac 10,50<\/td><td class=\"column-3\">\u20ac 6,50<\/td>\n<\/tr>\n<tr class=\"row-13 odd\">\n\t<td class=\"column-1\">Andata\/ritorno seggiovia Zerotta<\/td><td class=\"column-2\">\u20ac 17,00<\/td><td class=\"column-3\">\u20ac 10,50<\/td>\n<\/tr>\n<tr class=\"row-14 even\">\n\t<td class=\"column-1\">Giornaliero (impianti)<\/td><td class=\"column-2\">\u20ac 30,00<\/td><td class=\"column-3\">\u20ac 18,00<\/td>\n<\/tr>\n<tr class=\"row-15 odd\">\n\t<td class=\"column-1\">Stagionale (impianti)<\/td><td class=\"column-2\">\u20ac 180,00<\/td><td class=\"column-3\">\u20ac 110,00<\/td>\n<\/tr>\n<\/tbody>\n<\/table>\n<!-- #tablepress-1 from cache -->\n\n\n\n<blockquote class=\"wp-block-quote is-layout-flow wp-block-quote-is-layout-flow\">\n<p>Chiens: <strong>\u20ac 5,00<\/strong> (obligatoirement munis de museli\u00e8re et laisse)<\/p>\n\n\n\n<p>Transport VTT gratuit (<a href=\"https:\/\/www.courmayeur-montblanc.com\/app\/uploads\/2024\/07\/Ord.-5668-Regolamentazione-circolazione-biciclette-e-planimetrie-sentieri.pdf\" target=\"_blank\" rel=\"noreferrer noopener\">info r\u00e8gles de circulation en VTT<\/a>)<\/p>\n<\/blockquote>\n\n\n\n<p class=\"text-justify\">GRATUIT\u00c9 : ENFANT &lt;4 ans, n\u00e9s apr\u00e8s le 27\/06\/2021.<br>Seulement si un adulte ach\u00e8te un billet \u00e9gal. En cas contraire, le tarif appliqu\u00e9 sera celui ENFANT &lt;12 ans.<strong><br><\/strong>ENFANT &lt;12 ans, n\u00e9s apr\u00e8s le 27\/06\/2013.<br>SENIOR, n\u00e9s avant le 01\/09\/1960.<\/p>\n\n\n\n<p><strong>R\u00e9ductions et gratuit\u00e9 li\u00e9es \u00e0 l&#8217;age<\/strong> <strong>uniquement sur pr\u00e9sentation de la pi\u00e8ce d\u2019identit\u00e9. Aucune autocertification n&#8217;est pas accept\u00e9s.<\/strong><\/p>\n","protected":false},"excerpt":{"rendered":"<p>Tous les tarifs sont valides pour l\u2019\u00e9t\u00e9 2025 Chiens: \u20ac 5,00 (obligatoirement munis de museli\u00e8re et laisse) Transport VTT gratuit (info r\u00e8gles de circulation en VTT) GRATUIT\u00c9 : ENFANT &lt;4 ans, n\u00e9s apr\u00e8s le 27\/06\/2021.Seulement si un adulte ach\u00e8te un billet \u00e9gal. En cas contraire, le tarif appliqu\u00e9 sera celui ENFANT &lt;12 ans.ENFANT &lt;12 ans, [&hellip;]<\/p>\n","protected":false},"author":1,"featured_media":0,"parent":9544,"menu_order":60,"comment_status":"closed","ping_status":"closed","template":"","meta":{"_acf_changed":false,"_themeisle_gutenberg_block_has_review":false,"footnotes":""},"class_list":["post-3535","page","type-page","status-publish","hentry"],"acf":[],"yoast_head":"<!-- This site is optimized with the Yoast SEO plugin v26.2 - https:\/\/yoast.com\/wordpress\/plugins\/seo\/ -->\n<title>\u00c9t\u00e9 - Courmayeur Mont Blanc Funivie<\/title>\n<meta name=\"robots\" content=\"index, follow, max-snippet:-1, max-image-preview:large, max-video-preview:-1\" \/>\n<link rel=\"canonical\" href=\"https:\/\/www.courmayeur-montblanc.com\/fr\/skipass-tarifs\/tarifs-ete\/\" \/>\n<meta property=\"og:locale\" content=\"fr_FR\" \/>\n<meta property=\"og:type\" content=\"article\" \/>\n<meta property=\"og:title\" content=\"\u00c9t\u00e9 - Courmayeur Mont Blanc Funivie\" \/>\n<meta property=\"og:description\" content=\"Tous les tarifs sont valides pour l\u2019\u00e9t\u00e9 2025 Chiens: \u20ac 5,00 (obligatoirement munis de museli\u00e8re et laisse) Transport VTT gratuit (info r\u00e8gles de circulation en VTT) GRATUIT\u00c9 : ENFANT &lt;4 ans, n\u00e9s apr\u00e8s le 27\/06\/2021.Seulement si un adulte ach\u00e8te un billet \u00e9gal. En cas contraire, le tarif appliqu\u00e9 sera celui ENFANT &lt;12 ans.ENFANT &lt;12 ans, [&hellip;]\" \/>\n<meta property=\"og:url\" content=\"https:\/\/www.courmayeur-montblanc.com\/fr\/skipass-tarifs\/tarifs-ete\/\" \/>\n<meta property=\"og:site_name\" content=\"Courmayeur Mont Blanc Funivie\" \/>\n<meta property=\"article:publisher\" content=\"https:\/\/www.facebook.com\/funiviecourmayeur\" \/>\n<meta property=\"article:modified_time\" content=\"2025-06-11T14:37:55+00:00\" \/>\n<meta name=\"twitter:card\" content=\"summary_large_image\" \/>\n<meta name=\"twitter:site\" content=\"@courmayeurski\" \/>\n<meta name=\"twitter:label1\" content=\"Dur\u00e9e de lecture estim\u00e9e\" \/>\n\t<meta name=\"twitter:data1\" content=\"1 minute\" \/>\n<script type=\"application\/ld+json\" class=\"yoast-schema-graph\">{\"@context\":\"https:\/\/schema.org\",\"@graph\":[{\"@type\":\"WebPage\",\"@id\":\"https:\/\/www.courmayeur-montblanc.com\/fr\/skipass-tarifs\/tarifs-ete\/\",\"url\":\"https:\/\/www.courmayeur-montblanc.com\/fr\/skipass-tarifs\/tarifs-ete\/\",\"name\":\"\u00c9t\u00e9 - Courmayeur Mont Blanc Funivie\",\"isPartOf\":{\"@id\":\"https:\/\/www.courmayeur-montblanc.com\/fr\/#website\"},\"datePublished\":\"2022-09-25T18:25:42+00:00\",\"dateModified\":\"2025-06-11T14:37:55+00:00\",\"breadcrumb\":{\"@id\":\"https:\/\/www.courmayeur-montblanc.com\/fr\/skipass-tarifs\/tarifs-ete\/#breadcrumb\"},\"inLanguage\":\"fr-FR\",\"potentialAction\":[{\"@type\":\"ReadAction\",\"target\":[\"https:\/\/www.courmayeur-montblanc.com\/fr\/skipass-tarifs\/tarifs-ete\/\"]}]},{\"@type\":\"BreadcrumbList\",\"@id\":\"https:\/\/www.courmayeur-montblanc.com\/fr\/skipass-tarifs\/tarifs-ete\/#breadcrumb\",\"itemListElement\":[{\"@type\":\"ListItem\",\"position\":1,\"name\":\"Homepage\",\"item\":\"https:\/\/www.courmayeur-montblanc.com\/fr\/\"},{\"@type\":\"ListItem\",\"position\":2,\"name\":\"Skipass et Tarifs\",\"item\":\"https:\/\/www.courmayeur-montblanc.com\/fr\/skipass-tarifs\/\"},{\"@type\":\"ListItem\",\"position\":3,\"name\":\"\u00c9t\u00e9\"}]},{\"@type\":\"WebSite\",\"@id\":\"https:\/\/www.courmayeur-montblanc.com\/fr\/#website\",\"url\":\"https:\/\/www.courmayeur-montblanc.com\/fr\/\",\"name\":\"Courmayeur Mont Blanc Funivie\",\"description\":\"\",\"publisher\":{\"@id\":\"https:\/\/www.courmayeur-montblanc.com\/fr\/#organization\"},\"potentialAction\":[{\"@type\":\"SearchAction\",\"target\":{\"@type\":\"EntryPoint\",\"urlTemplate\":\"https:\/\/www.courmayeur-montblanc.com\/fr\/?s={search_term_string}\"},\"query-input\":{\"@type\":\"PropertyValueSpecification\",\"valueRequired\":true,\"valueName\":\"search_term_string\"}}],\"inLanguage\":\"fr-FR\"},{\"@type\":\"Organization\",\"@id\":\"https:\/\/www.courmayeur-montblanc.com\/fr\/#organization\",\"name\":\"Courmayeur Mont Blanc Funivie\",\"url\":\"https:\/\/www.courmayeur-montblanc.com\/fr\/\",\"logo\":{\"@type\":\"ImageObject\",\"inLanguage\":\"fr-FR\",\"@id\":\"https:\/\/www.courmayeur-montblanc.com\/fr\/#\/schema\/logo\/image\/\",\"url\":\"https:\/\/www.courmayeur-montblanc.com\/app\/uploads\/2022\/11\/cmbf-logo.png\",\"contentUrl\":\"https:\/\/www.courmayeur-montblanc.com\/app\/uploads\/2022\/11\/cmbf-logo.png\",\"width\":800,\"height\":179,\"caption\":\"Courmayeur Mont Blanc Funivie\"},\"image\":{\"@id\":\"https:\/\/www.courmayeur-montblanc.com\/fr\/#\/schema\/logo\/image\/\"},\"sameAs\":[\"https:\/\/www.facebook.com\/funiviecourmayeur\",\"https:\/\/x.com\/courmayeurski\",\"https:\/\/www.instagram.com\/courmayeur\/\",\"https:\/\/www.youtube.com\/channel\/UCrJ-6g0ooek9MIumfwdKGGw\/featured\"]}]}<\/script>\n<!-- \/ Yoast SEO plugin. -->","yoast_head_json":{"title":"\u00c9t\u00e9 - Courmayeur Mont Blanc Funivie","robots":{"index":"index","follow":"follow","max-snippet":"max-snippet:-1","max-image-preview":"max-image-preview:large","max-video-preview":"max-video-preview:-1"},"canonical":"https:\/\/www.courmayeur-montblanc.com\/fr\/skipass-tarifs\/tarifs-ete\/","og_locale":"fr_FR","og_type":"article","og_title":"\u00c9t\u00e9 - Courmayeur Mont Blanc Funivie","og_description":"Tous les tarifs sont valides pour l\u2019\u00e9t\u00e9 2025 Chiens: \u20ac 5,00 (obligatoirement munis de museli\u00e8re et laisse) Transport VTT gratuit (info r\u00e8gles de circulation en VTT) GRATUIT\u00c9 : ENFANT &lt;4 ans, n\u00e9s apr\u00e8s le 27\/06\/2021.Seulement si un adulte ach\u00e8te un billet \u00e9gal. En cas contraire, le tarif appliqu\u00e9 sera celui ENFANT &lt;12 ans.ENFANT &lt;12 ans, [&hellip;]","og_url":"https:\/\/www.courmayeur-montblanc.com\/fr\/skipass-tarifs\/tarifs-ete\/","og_site_name":"Courmayeur Mont Blanc Funivie","article_publisher":"https:\/\/www.facebook.com\/funiviecourmayeur","article_modified_time":"2025-06-11T14:37:55+00:00","twitter_card":"summary_large_image","twitter_site":"@courmayeurski","twitter_misc":{"Dur\u00e9e de lecture estim\u00e9e":"1 minute"},"schema":{"@context":"https:\/\/schema.org","@graph":[{"@type":"WebPage","@id":"https:\/\/www.courmayeur-montblanc.com\/fr\/skipass-tarifs\/tarifs-ete\/","url":"https:\/\/www.courmayeur-montblanc.com\/fr\/skipass-tarifs\/tarifs-ete\/","name":"\u00c9t\u00e9 - Courmayeur Mont Blanc Funivie","isPartOf":{"@id":"https:\/\/www.courmayeur-montblanc.com\/fr\/#website"},"datePublished":"2022-09-25T18:25:42+00:00","dateModified":"2025-06-11T14:37:55+00:00","breadcrumb":{"@id":"https:\/\/www.courmayeur-montblanc.com\/fr\/skipass-tarifs\/tarifs-ete\/#breadcrumb"},"inLanguage":"fr-FR","potentialAction":[{"@type":"ReadAction","target":["https:\/\/www.courmayeur-montblanc.com\/fr\/skipass-tarifs\/tarifs-ete\/"]}]},{"@type":"BreadcrumbList","@id":"https:\/\/www.courmayeur-montblanc.com\/fr\/skipass-tarifs\/tarifs-ete\/#breadcrumb","itemListElement":[{"@type":"ListItem","position":1,"name":"Homepage","item":"https:\/\/www.courmayeur-montblanc.com\/fr\/"},{"@type":"ListItem","position":2,"name":"Skipass et Tarifs","item":"https:\/\/www.courmayeur-montblanc.com\/fr\/skipass-tarifs\/"},{"@type":"ListItem","position":3,"name":"\u00c9t\u00e9"}]},{"@type":"WebSite","@id":"https:\/\/www.courmayeur-montblanc.com\/fr\/#website","url":"https:\/\/www.courmayeur-montblanc.com\/fr\/","name":"Courmayeur Mont Blanc Funivie","description":"","publisher":{"@id":"https:\/\/www.courmayeur-montblanc.com\/fr\/#organization"},"potentialAction":[{"@type":"SearchAction","target":{"@type":"EntryPoint","urlTemplate":"https:\/\/www.courmayeur-montblanc.com\/fr\/?s={search_term_string}"},"query-input":{"@type":"PropertyValueSpecification","valueRequired":true,"valueName":"search_term_string"}}],"inLanguage":"fr-FR"},{"@type":"Organization","@id":"https:\/\/www.courmayeur-montblanc.com\/fr\/#organization","name":"Courmayeur Mont Blanc Funivie","url":"https:\/\/www.courmayeur-montblanc.com\/fr\/","logo":{"@type":"ImageObject","inLanguage":"fr-FR","@id":"https:\/\/www.courmayeur-montblanc.com\/fr\/#\/schema\/logo\/image\/","url":"https:\/\/www.courmayeur-montblanc.com\/app\/uploads\/2022\/11\/cmbf-logo.png","contentUrl":"https:\/\/www.courmayeur-montblanc.com\/app\/uploads\/2022\/11\/cmbf-logo.png","width":800,"height":179,"caption":"Courmayeur Mont Blanc Funivie"},"image":{"@id":"https:\/\/www.courmayeur-montblanc.com\/fr\/#\/schema\/logo\/image\/"},"sameAs":["https:\/\/www.facebook.com\/funiviecourmayeur","https:\/\/x.com\/courmayeurski","https:\/\/www.instagram.com\/courmayeur\/","https:\/\/www.youtube.com\/channel\/UCrJ-6g0ooek9MIumfwdKGGw\/featured"]}]}},"_links":{"self":[{"href":"https:\/\/www.courmayeur-montblanc.com\/fr\/wp-json\/wp\/v2\/pages\/3535","targetHints":{"allow":["GET"]}}],"collection":[{"href":"https:\/\/www.courmayeur-montblanc.com\/fr\/wp-json\/wp\/v2\/pages"}],"about":[{"href":"https:\/\/www.courmayeur-montblanc.com\/fr\/wp-json\/wp\/v2\/types\/page"}],"author":[{"embeddable":true,"href":"https:\/\/www.courmayeur-montblanc.com\/fr\/wp-json\/wp\/v2\/users\/1"}],"replies":[{"embeddable":true,"href":"https:\/\/www.courmayeur-montblanc.com\/fr\/wp-json\/wp\/v2\/comments?post=3535"}],"version-history":[{"count":26,"href":"https:\/\/www.courmayeur-montblanc.com\/fr\/wp-json\/wp\/v2\/pages\/3535\/revisions"}],"predecessor-version":[{"id":11989,"href":"https:\/\/www.courmayeur-montblanc.com\/fr\/wp-json\/wp\/v2\/pages\/3535\/revisions\/11989"}],"up":[{"embeddable":true,"href":"https:\/\/www.courmayeur-montblanc.com\/fr\/wp-json\/wp\/v2\/pages\/9544"}],"wp:attachment":[{"href":"https:\/\/www.courmayeur-montblanc.com\/fr\/wp-json\/wp\/v2\/media?parent=3535"}],"curies":[{"name":"wp","href":"https:\/\/api.w.org\/{rel}","templated":true}]}}