{"id":3563,"date":"2022-05-12T01:25:21","date_gmt":"2022-05-11T23:25:21","guid":{"rendered":"https:\/\/staging.cmbf.it\/billets-et-forfaits-ski\/assurance\/"},"modified":"2025-11-11T10:10:59","modified_gmt":"2025-11-11T09:10:59","slug":"assurance","status":"publish","type":"page","link":"https:\/\/www.courmayeur-montblanc.com\/fr\/skipass-tarifs\/assurance\/","title":{"rendered":"Assurance"},"content":{"rendered":"\n<div class=\"wp-block-group text-justify\"><div class=\"wp-block-group__inner-container is-layout-flow wp-block-group-is-layout-flow\">\n<div class=\"wp-block-group text-justify\"><div class=\"wp-block-group__inner-container is-layout-flow wp-block-group-is-layout-flow\">\n<p>Assurance journali\u00e8re ski et snowboard Snowcare<\/p>\n\n\n\n<p class=\"text-justify\">Le skieur est tenu d&#8217;avoir une police d&#8217;assurance qui couvre la responsabilit\u00e9 civile des dommages ou blessures caus\u00e9s aux tiers conform\u00e9ment \u00e0 l&#8217;art. 30 du d\u00e9cret l\u00e9gislatif 40\/2021.<br>Si vous ne l&#8217;avez pas, DEMANDEZ AUPR\u00c8S DE NOTRE BILLETTERIE <a href=\"https:\/\/urlsand.esvalabs.com\/?u=https%3A%2F%2Fwww.24hassistance.com%2Fdownload%2FAssicurazione-sci-snowboard-platinum-Set-informativo-ITA_Axeria.pdf&amp;e=a39aa7eb&amp;h=855ec746&amp;f=y&amp;p=y\">L&#8217;ASSURANCE SKI ET SNOWBOARD SNOWCARE<\/a>, ACHETABLE AVEC LE FORFAIT DE SKI.<br>Snowcare est l\u2019assurance ski et snowboard la plus r\u00e9pandue en Europe, la seule police d\u2019assurance contre les accidents et les accidents (RC) sur les skis et les snowboards que vous pouvez souscrire m\u00eame pour une seule journ\u00e9e.<br>IMPORTANT! L\u2019assurance n\u2019est valable qu\u2019en cas d\u2019intervention et demande du service de secours sur pistes sur le lieu du sinistre.<\/p>\n<\/div><\/div>\n<\/div><\/div>\n\n\n<div class=\"wp-block-image\">\n<figure class=\"aligncenter size-large is-resized\"><img loading=\"lazy\" decoding=\"async\" src=\"https:\/\/www.courmayeur-montblanc.com\/wp\/..\/app\/uploads\/2025\/11\/Snowcare-ITA-ENG-FRA-per-sito-724x1024.jpg\" alt=\"\" class=\"wp-image-13194\" style=\"width:413px;height:584px\" width=\"413\" height=\"584\" srcset=\"https:\/\/www.courmayeur-montblanc.com\/app\/uploads\/2025\/11\/Snowcare-ITA-ENG-FRA-per-sito-724x1024.jpg 724w, https:\/\/www.courmayeur-montblanc.com\/app\/uploads\/2025\/11\/Snowcare-ITA-ENG-FRA-per-sito-212x300.jpg 212w, https:\/\/www.courmayeur-montblanc.com\/app\/uploads\/2025\/11\/Snowcare-ITA-ENG-FRA-per-sito-768x1086.jpg 768w, https:\/\/www.courmayeur-montblanc.com\/app\/uploads\/2025\/11\/Snowcare-ITA-ENG-FRA-per-sito-1087x1536.jpg 1087w, https:\/\/www.courmayeur-montblanc.com\/app\/uploads\/2025\/11\/Snowcare-ITA-ENG-FRA-per-sito.jpg 1240w\" sizes=\"auto, (max-width: 413px) 100vw, 413px\" \/><\/figure><\/div>","protected":false},"excerpt":{"rendered":"<p>Assurance journali\u00e8re ski et snowboard Snowcare Le skieur est tenu d&#8217;avoir une police d&#8217;assurance qui couvre la responsabilit\u00e9 civile des dommages ou blessures caus\u00e9s aux tiers conform\u00e9ment \u00e0 l&#8217;art. 30 du d\u00e9cret l\u00e9gislatif 40\/2021.Si vous ne l&#8217;avez pas, DEMANDEZ AUPR\u00c8S DE NOTRE BILLETTERIE L&#8217;ASSURANCE SKI ET SNOWBOARD SNOWCARE, ACHETABLE AVEC LE FORFAIT DE SKI.Snowcare est [&hellip;]<\/p>\n","protected":false},"author":1,"featured_media":0,"parent":9544,"menu_order":30,"comment_status":"closed","ping_status":"closed","template":"template-container.php","meta":{"_acf_changed":false,"_themeisle_gutenberg_block_has_review":false,"footnotes":""},"class_list":["post-3563","page","type-page","status-publish","hentry"],"acf":[],"yoast_head":"<!-- This site is optimized with the Yoast SEO plugin v26.2 - https:\/\/yoast.com\/wordpress\/plugins\/seo\/ -->\n<title>Assurance - Courmayeur Mont Blanc Funivie<\/title>\n<meta name=\"robots\" content=\"index, follow, max-snippet:-1, max-image-preview:large, max-video-preview:-1\" \/>\n<link rel=\"canonical\" href=\"https:\/\/www.courmayeur-montblanc.com\/fr\/skipass-tarifs\/assurance\/\" \/>\n<meta property=\"og:locale\" content=\"fr_FR\" \/>\n<meta property=\"og:type\" content=\"article\" \/>\n<meta property=\"og:title\" content=\"Assurance - Courmayeur Mont Blanc Funivie\" \/>\n<meta property=\"og:description\" content=\"Assurance journali\u00e8re ski et snowboard Snowcare Le skieur est tenu d&#8217;avoir une police d&#8217;assurance qui couvre la responsabilit\u00e9 civile des dommages ou blessures caus\u00e9s aux tiers conform\u00e9ment \u00e0 l&#8217;art. 30 du d\u00e9cret l\u00e9gislatif 40\/2021.Si vous ne l&#8217;avez pas, DEMANDEZ AUPR\u00c8S DE NOTRE BILLETTERIE L&#8217;ASSURANCE SKI ET SNOWBOARD SNOWCARE, ACHETABLE AVEC LE FORFAIT DE SKI.Snowcare est [&hellip;]\" \/>\n<meta property=\"og:url\" content=\"https:\/\/www.courmayeur-montblanc.com\/fr\/skipass-tarifs\/assurance\/\" \/>\n<meta property=\"og:site_name\" content=\"Courmayeur Mont Blanc Funivie\" \/>\n<meta property=\"article:publisher\" content=\"https:\/\/www.facebook.com\/funiviecourmayeur\" \/>\n<meta property=\"article:modified_time\" content=\"2025-11-11T09:10:59+00:00\" \/>\n<meta property=\"og:image\" content=\"https:\/\/www.courmayeur-montblanc.com\/wp\/..\/app\/uploads\/2025\/11\/Snowcare-ITA-ENG-FRA-per-sito-724x1024.jpg\" \/>\n<meta name=\"twitter:card\" content=\"summary_large_image\" \/>\n<meta name=\"twitter:site\" content=\"@courmayeurski\" \/>\n<meta name=\"twitter:label1\" content=\"Dur\u00e9e de lecture estim\u00e9e\" \/>\n\t<meta name=\"twitter:data1\" content=\"1 minute\" \/>\n<script type=\"application\/ld+json\" class=\"yoast-schema-graph\">{\"@context\":\"https:\/\/schema.org\",\"@graph\":[{\"@type\":\"WebPage\",\"@id\":\"https:\/\/www.courmayeur-montblanc.com\/fr\/skipass-tarifs\/assurance\/\",\"url\":\"https:\/\/www.courmayeur-montblanc.com\/fr\/skipass-tarifs\/assurance\/\",\"name\":\"Assurance - Courmayeur Mont Blanc Funivie\",\"isPartOf\":{\"@id\":\"https:\/\/www.courmayeur-montblanc.com\/fr\/#website\"},\"primaryImageOfPage\":{\"@id\":\"https:\/\/www.courmayeur-montblanc.com\/fr\/skipass-tarifs\/assurance\/#primaryimage\"},\"image\":{\"@id\":\"https:\/\/www.courmayeur-montblanc.com\/fr\/skipass-tarifs\/assurance\/#primaryimage\"},\"thumbnailUrl\":\"https:\/\/www.courmayeur-montblanc.com\/wp\/..\/app\/uploads\/2025\/11\/Snowcare-ITA-ENG-FRA-per-sito-724x1024.jpg\",\"datePublished\":\"2022-05-11T23:25:21+00:00\",\"dateModified\":\"2025-11-11T09:10:59+00:00\",\"breadcrumb\":{\"@id\":\"https:\/\/www.courmayeur-montblanc.com\/fr\/skipass-tarifs\/assurance\/#breadcrumb\"},\"inLanguage\":\"fr-FR\",\"potentialAction\":[{\"@type\":\"ReadAction\",\"target\":[\"https:\/\/www.courmayeur-montblanc.com\/fr\/skipass-tarifs\/assurance\/\"]}]},{\"@type\":\"ImageObject\",\"inLanguage\":\"fr-FR\",\"@id\":\"https:\/\/www.courmayeur-montblanc.com\/fr\/skipass-tarifs\/assurance\/#primaryimage\",\"url\":\"https:\/\/www.courmayeur-montblanc.com\/wp\/..\/app\/uploads\/2025\/11\/Snowcare-ITA-ENG-FRA-per-sito-724x1024.jpg\",\"contentUrl\":\"https:\/\/www.courmayeur-montblanc.com\/wp\/..\/app\/uploads\/2025\/11\/Snowcare-ITA-ENG-FRA-per-sito-724x1024.jpg\"},{\"@type\":\"BreadcrumbList\",\"@id\":\"https:\/\/www.courmayeur-montblanc.com\/fr\/skipass-tarifs\/assurance\/#breadcrumb\",\"itemListElement\":[{\"@type\":\"ListItem\",\"position\":1,\"name\":\"Homepage\",\"item\":\"https:\/\/www.courmayeur-montblanc.com\/fr\/\"},{\"@type\":\"ListItem\",\"position\":2,\"name\":\"Skipass et Tarifs\",\"item\":\"https:\/\/www.courmayeur-montblanc.com\/fr\/skipass-tarifs\/\"},{\"@type\":\"ListItem\",\"position\":3,\"name\":\"Assurance\"}]},{\"@type\":\"WebSite\",\"@id\":\"https:\/\/www.courmayeur-montblanc.com\/fr\/#website\",\"url\":\"https:\/\/www.courmayeur-montblanc.com\/fr\/\",\"name\":\"Courmayeur Mont Blanc Funivie\",\"description\":\"\",\"publisher\":{\"@id\":\"https:\/\/www.courmayeur-montblanc.com\/fr\/#organization\"},\"potentialAction\":[{\"@type\":\"SearchAction\",\"target\":{\"@type\":\"EntryPoint\",\"urlTemplate\":\"https:\/\/www.courmayeur-montblanc.com\/fr\/?s={search_term_string}\"},\"query-input\":{\"@type\":\"PropertyValueSpecification\",\"valueRequired\":true,\"valueName\":\"search_term_string\"}}],\"inLanguage\":\"fr-FR\"},{\"@type\":\"Organization\",\"@id\":\"https:\/\/www.courmayeur-montblanc.com\/fr\/#organization\",\"name\":\"Courmayeur Mont Blanc Funivie\",\"url\":\"https:\/\/www.courmayeur-montblanc.com\/fr\/\",\"logo\":{\"@type\":\"ImageObject\",\"inLanguage\":\"fr-FR\",\"@id\":\"https:\/\/www.courmayeur-montblanc.com\/fr\/#\/schema\/logo\/image\/\",\"url\":\"https:\/\/www.courmayeur-montblanc.com\/app\/uploads\/2022\/11\/cmbf-logo.png\",\"contentUrl\":\"https:\/\/www.courmayeur-montblanc.com\/app\/uploads\/2022\/11\/cmbf-logo.png\",\"width\":800,\"height\":179,\"caption\":\"Courmayeur Mont Blanc Funivie\"},\"image\":{\"@id\":\"https:\/\/www.courmayeur-montblanc.com\/fr\/#\/schema\/logo\/image\/\"},\"sameAs\":[\"https:\/\/www.facebook.com\/funiviecourmayeur\",\"https:\/\/x.com\/courmayeurski\",\"https:\/\/www.instagram.com\/courmayeur\/\",\"https:\/\/www.youtube.com\/channel\/UCrJ-6g0ooek9MIumfwdKGGw\/featured\"]}]}<\/script>\n<!-- \/ Yoast SEO plugin. -->","yoast_head_json":{"title":"Assurance - Courmayeur Mont Blanc Funivie","robots":{"index":"index","follow":"follow","max-snippet":"max-snippet:-1","max-image-preview":"max-image-preview:large","max-video-preview":"max-video-preview:-1"},"canonical":"https:\/\/www.courmayeur-montblanc.com\/fr\/skipass-tarifs\/assurance\/","og_locale":"fr_FR","og_type":"article","og_title":"Assurance - Courmayeur Mont Blanc Funivie","og_description":"Assurance journali\u00e8re ski et snowboard Snowcare Le skieur est tenu d&#8217;avoir une police d&#8217;assurance qui couvre la responsabilit\u00e9 civile des dommages ou blessures caus\u00e9s aux tiers conform\u00e9ment \u00e0 l&#8217;art. 30 du d\u00e9cret l\u00e9gislatif 40\/2021.Si vous ne l&#8217;avez pas, DEMANDEZ AUPR\u00c8S DE NOTRE BILLETTERIE L&#8217;ASSURANCE SKI ET SNOWBOARD SNOWCARE, ACHETABLE AVEC LE FORFAIT DE SKI.Snowcare est [&hellip;]","og_url":"https:\/\/www.courmayeur-montblanc.com\/fr\/skipass-tarifs\/assurance\/","og_site_name":"Courmayeur Mont Blanc Funivie","article_publisher":"https:\/\/www.facebook.com\/funiviecourmayeur","article_modified_time":"2025-11-11T09:10:59+00:00","og_image":[{"url":"https:\/\/www.courmayeur-montblanc.com\/wp\/..\/app\/uploads\/2025\/11\/Snowcare-ITA-ENG-FRA-per-sito-724x1024.jpg","type":"","width":"","height":""}],"twitter_card":"summary_large_image","twitter_site":"@courmayeurski","twitter_misc":{"Dur\u00e9e de lecture estim\u00e9e":"1 minute"},"schema":{"@context":"https:\/\/schema.org","@graph":[{"@type":"WebPage","@id":"https:\/\/www.courmayeur-montblanc.com\/fr\/skipass-tarifs\/assurance\/","url":"https:\/\/www.courmayeur-montblanc.com\/fr\/skipass-tarifs\/assurance\/","name":"Assurance - Courmayeur Mont Blanc Funivie","isPartOf":{"@id":"https:\/\/www.courmayeur-montblanc.com\/fr\/#website"},"primaryImageOfPage":{"@id":"https:\/\/www.courmayeur-montblanc.com\/fr\/skipass-tarifs\/assurance\/#primaryimage"},"image":{"@id":"https:\/\/www.courmayeur-montblanc.com\/fr\/skipass-tarifs\/assurance\/#primaryimage"},"thumbnailUrl":"https:\/\/www.courmayeur-montblanc.com\/wp\/..\/app\/uploads\/2025\/11\/Snowcare-ITA-ENG-FRA-per-sito-724x1024.jpg","datePublished":"2022-05-11T23:25:21+00:00","dateModified":"2025-11-11T09:10:59+00:00","breadcrumb":{"@id":"https:\/\/www.courmayeur-montblanc.com\/fr\/skipass-tarifs\/assurance\/#breadcrumb"},"inLanguage":"fr-FR","potentialAction":[{"@type":"ReadAction","target":["https:\/\/www.courmayeur-montblanc.com\/fr\/skipass-tarifs\/assurance\/"]}]},{"@type":"ImageObject","inLanguage":"fr-FR","@id":"https:\/\/www.courmayeur-montblanc.com\/fr\/skipass-tarifs\/assurance\/#primaryimage","url":"https:\/\/www.courmayeur-montblanc.com\/wp\/..\/app\/uploads\/2025\/11\/Snowcare-ITA-ENG-FRA-per-sito-724x1024.jpg","contentUrl":"https:\/\/www.courmayeur-montblanc.com\/wp\/..\/app\/uploads\/2025\/11\/Snowcare-ITA-ENG-FRA-per-sito-724x1024.jpg"},{"@type":"BreadcrumbList","@id":"https:\/\/www.courmayeur-montblanc.com\/fr\/skipass-tarifs\/assurance\/#breadcrumb","itemListElement":[{"@type":"ListItem","position":1,"name":"Homepage","item":"https:\/\/www.courmayeur-montblanc.com\/fr\/"},{"@type":"ListItem","position":2,"name":"Skipass et Tarifs","item":"https:\/\/www.courmayeur-montblanc.com\/fr\/skipass-tarifs\/"},{"@type":"ListItem","position":3,"name":"Assurance"}]},{"@type":"WebSite","@id":"https:\/\/www.courmayeur-montblanc.com\/fr\/#website","url":"https:\/\/www.courmayeur-montblanc.com\/fr\/","name":"Courmayeur Mont Blanc Funivie","description":"","publisher":{"@id":"https:\/\/www.courmayeur-montblanc.com\/fr\/#organization"},"potentialAction":[{"@type":"SearchAction","target":{"@type":"EntryPoint","urlTemplate":"https:\/\/www.courmayeur-montblanc.com\/fr\/?s={search_term_string}"},"query-input":{"@type":"PropertyValueSpecification","valueRequired":true,"valueName":"search_term_string"}}],"inLanguage":"fr-FR"},{"@type":"Organization","@id":"https:\/\/www.courmayeur-montblanc.com\/fr\/#organization","name":"Courmayeur Mont Blanc Funivie","url":"https:\/\/www.courmayeur-montblanc.com\/fr\/","logo":{"@type":"ImageObject","inLanguage":"fr-FR","@id":"https:\/\/www.courmayeur-montblanc.com\/fr\/#\/schema\/logo\/image\/","url":"https:\/\/www.courmayeur-montblanc.com\/app\/uploads\/2022\/11\/cmbf-logo.png","contentUrl":"https:\/\/www.courmayeur-montblanc.com\/app\/uploads\/2022\/11\/cmbf-logo.png","width":800,"height":179,"caption":"Courmayeur Mont Blanc Funivie"},"image":{"@id":"https:\/\/www.courmayeur-montblanc.com\/fr\/#\/schema\/logo\/image\/"},"sameAs":["https:\/\/www.facebook.com\/funiviecourmayeur","https:\/\/x.com\/courmayeurski","https:\/\/www.instagram.com\/courmayeur\/","https:\/\/www.youtube.com\/channel\/UCrJ-6g0ooek9MIumfwdKGGw\/featured"]}]}},"_links":{"self":[{"href":"https:\/\/www.courmayeur-montblanc.com\/fr\/wp-json\/wp\/v2\/pages\/3563","targetHints":{"allow":["GET"]}}],"collection":[{"href":"https:\/\/www.courmayeur-montblanc.com\/fr\/wp-json\/wp\/v2\/pages"}],"about":[{"href":"https:\/\/www.courmayeur-montblanc.com\/fr\/wp-json\/wp\/v2\/types\/page"}],"author":[{"embeddable":true,"href":"https:\/\/www.courmayeur-montblanc.com\/fr\/wp-json\/wp\/v2\/users\/1"}],"replies":[{"embeddable":true,"href":"https:\/\/www.courmayeur-montblanc.com\/fr\/wp-json\/wp\/v2\/comments?post=3563"}],"version-history":[{"count":15,"href":"https:\/\/www.courmayeur-montblanc.com\/fr\/wp-json\/wp\/v2\/pages\/3563\/revisions"}],"predecessor-version":[{"id":13197,"href":"https:\/\/www.courmayeur-montblanc.com\/fr\/wp-json\/wp\/v2\/pages\/3563\/revisions\/13197"}],"up":[{"embeddable":true,"href":"https:\/\/www.courmayeur-montblanc.com\/fr\/wp-json\/wp\/v2\/pages\/9544"}],"wp:attachment":[{"href":"https:\/\/www.courmayeur-montblanc.com\/fr\/wp-json\/wp\/v2\/media?parent=3563"}],"curies":[{"name":"wp","href":"https:\/\/api.w.org\/{rel}","templated":true}]}}