{"id":3566,"date":"2022-05-12T01:21:33","date_gmt":"2022-05-11T23:21:33","guid":{"rendered":"https:\/\/staging.cmbf.it\/billets-et-forfaits-ski\/teleskipass\/"},"modified":"2025-10-07T10:49:28","modified_gmt":"2025-10-07T08:49:28","slug":"teleskipass","status":"publish","type":"page","link":"https:\/\/www.courmayeur-montblanc.com\/fr\/skipass-tarifs\/teleskipass\/","title":{"rendered":"T\u00e9leskipass"},"content":{"rendered":"\n<h3 class=\"wp-block-heading\">Qu&#8217;est-ce que c&#8217;est?<\/h3>\n\n\n\n<div class=\"wp-block-group text-justify\"><div class=\"wp-block-group__inner-container is-layout-flow wp-block-group-is-layout-flow\">\n<p>Il s&#8217;agit d&#8217;un service qui permet d&#8217;acc\u00e9der directement aux remont\u00e9es m\u00e9caniques de tous les domaines skiables de la Vall\u00e9e d&#8217;Aoste sans passer par la billetterie pour acheter et charger le forfait journ\u00e9e.<br>En fin de journ\u00e9e, les clients du service seront automatiquement d\u00e9bit\u00e9s, par carte bancaire, du montant d\u00fb pour la station choisie et du type de tarif auquel ils ont effectivement droit (r\u00e9sident ou non, jeune, adulte ou senior).<\/p>\n<\/div><\/div>\n\n\n\n<h3 class=\"wp-block-heading\">Comment l&#8217;obtenir?<\/h3>\n\n\n\n<div class=\"wp-block-group text-justify\"><div class=\"wp-block-group__inner-container is-layout-flow wp-block-group-is-layout-flow\">\n<p>Les conditions d&#8217;utilisation du TELESKIPASS sont d&#8217;\u00eatre majeur et titulaire d&#8217;une carte de cr\u00e9dit (VISA, MASTERCARD ou AMERICAN EXPRESS) et de signer, aux guichets de toutes les stations de ski de la Vall\u00e9e d&#8217;Aoste, un contrat autorisant le d\u00e9bit des sommes dues par le biais de votre propre carte de cr\u00e9dit. L&#8217;activation du service co\u00fbte 5,00 euros plus 5,00 euros pour chaque carte associ\u00e9e au contrat (maximum 5). \u00c0 la signature du contrat, un support sera fourni \u00e0 une puce \u00e9lectronique personnelle et non transf\u00e9rable (pour les r\u00e9sidents en Vall\u00e9e d\u2019Aoste leur propre &#8220;Carte R\u00e9sident&#8221;) qui permettra au skieur d&#8217;\u00eatre automatiquement reconnu par le syst\u00e8me de contr\u00f4le plac\u00e9 aux portes des remont\u00e9es m\u00e9caniques qui permettra l&#8217;acc\u00e8s gratuit et par la suite le montant d\u00fb. <br>De plus, le service TELESKIPPASS offre \u00e0 chaque client en tarif &#8220;plein&#8221;, \u00e0 partir du quatri\u00e8me forfait de ski du m\u00eame type, une r\u00e9duction de 5% sur les suivants. Remise qui, \u00e0 partir du huiti\u00e8me forfait de ski, deviendra 10%. Cette prestation n&#8217;est pas cumulable avec d&#8217;autres d\u00e9j\u00e0 pr\u00e9vues comme celles pour les r\u00e9sidents ou pour les juniors et seniors.<\/p>\n<\/div><\/div>\n\n\n\n<h3 class=\"wp-block-heading\">O\u00f9 s&#8217;inscrire \u00e0 courmayeur ?<\/h3>\n\n\n\n<p class=\"text-justify\"><strong>Pour acc\u00e9l\u00e9rer l&#8217;activation du contrat, qui sera dans tous les cas finalis\u00e9 aux guichets \u00e0 partir de 14h00, nous vous sugg\u00e9rons de vous pr\u00e9-inscrire sur le site suivant: <\/strong><a href=\"https:\/\/areaclienti.skilife.ski\/pre-reg-teleskipass.php?_gl=1*xjth9h*_ga*MTg3NTM2MjAzMS4xNzI2MjE0MTE2*_ga_78FM950X74*MTcyNjIxNjU5OC4yLjEuMTcyNjIxODc1Ny4wLjAuMA..\">https:\/\/wst.skivallee.it\/wst\/skivallee\/teleskipass<\/a><\/p>\n\n\n\n<h3 class=\"wp-block-heading\">De quoi avez-vous besoin pour vous abonner ?<\/h3>\n\n\n\n<p class=\"text-justify\">Carte d&#8217;identit\u00e9 de tous les skieurs et une photo r\u00e9cente ;<br>Code fiscal et carte de cr\u00e9dit (VISA, MASTERCARD ou AMERICAN EXPRESS) du titulaire du contrat ;<br>Adresse e-mail et num\u00e9ro de t\u00e9l\u00e9phone mobile.<\/p>\n\n\n\n<p>Pour plus d&#8217;informations : <a href=\"https:\/\/www.skilife.ski\/fr\/teleskipass\/\">http:\/\/www.skilife.ski\/teleskipass\/<\/a><\/p>\n\n\n\n<div class=\"wp-block-buttons is-layout-flex wp-block-buttons-is-layout-flex\">\n<div class=\"wp-block-button has-custom-width wp-block-button__width-100 btn-outline-primary\"><a class=\"wp-block-button__link wp-element-button\" href=\"https:\/\/www.courmayeur-montblanc.com\/fr\/billets-et-forfaits-ski\/tarifs-journaliers\/\">Tarifs journ\u00e9e<\/a><\/div>\n<\/div>\n\n\n\n<div class=\"wp-block-buttons is-layout-flex wp-block-buttons-is-layout-flex\"><\/div>\n","protected":false},"excerpt":{"rendered":"<p>Qu&#8217;est-ce que c&#8217;est? Il s&#8217;agit d&#8217;un service qui permet d&#8217;acc\u00e9der directement aux remont\u00e9es m\u00e9caniques de tous les domaines skiables de la Vall\u00e9e d&#8217;Aoste sans passer par la billetterie pour acheter et charger le forfait journ\u00e9e.En fin de journ\u00e9e, les clients du service seront automatiquement d\u00e9bit\u00e9s, par carte bancaire, du montant d\u00fb pour la station choisie [&hellip;]<\/p>\n","protected":false},"author":1,"featured_media":0,"parent":9544,"menu_order":40,"comment_status":"closed","ping_status":"closed","template":"","meta":{"_acf_changed":false,"_themeisle_gutenberg_block_has_review":false,"footnotes":""},"class_list":["post-3566","page","type-page","status-publish","hentry"],"acf":[],"yoast_head":"<!-- This site is optimized with the Yoast SEO plugin v26.2 - https:\/\/yoast.com\/wordpress\/plugins\/seo\/ -->\n<title>T\u00e9leskipass - Courmayeur Mont Blanc Funivie<\/title>\n<meta name=\"robots\" content=\"index, follow, max-snippet:-1, max-image-preview:large, max-video-preview:-1\" \/>\n<link rel=\"canonical\" href=\"https:\/\/www.courmayeur-montblanc.com\/fr\/skipass-tarifs\/teleskipass\/\" \/>\n<meta property=\"og:locale\" content=\"fr_FR\" \/>\n<meta property=\"og:type\" content=\"article\" \/>\n<meta property=\"og:title\" content=\"T\u00e9leskipass - Courmayeur Mont Blanc Funivie\" \/>\n<meta property=\"og:description\" content=\"Qu&#8217;est-ce que c&#8217;est? Il s&#8217;agit d&#8217;un service qui permet d&#8217;acc\u00e9der directement aux remont\u00e9es m\u00e9caniques de tous les domaines skiables de la Vall\u00e9e d&#8217;Aoste sans passer par la billetterie pour acheter et charger le forfait journ\u00e9e.En fin de journ\u00e9e, les clients du service seront automatiquement d\u00e9bit\u00e9s, par carte bancaire, du montant d\u00fb pour la station choisie [&hellip;]\" \/>\n<meta property=\"og:url\" content=\"https:\/\/www.courmayeur-montblanc.com\/fr\/skipass-tarifs\/teleskipass\/\" \/>\n<meta property=\"og:site_name\" content=\"Courmayeur Mont Blanc Funivie\" \/>\n<meta property=\"article:publisher\" content=\"https:\/\/www.facebook.com\/funiviecourmayeur\" \/>\n<meta property=\"article:modified_time\" content=\"2025-10-07T08:49:28+00:00\" \/>\n<meta name=\"twitter:card\" content=\"summary_large_image\" \/>\n<meta name=\"twitter:site\" content=\"@courmayeurski\" \/>\n<meta name=\"twitter:label1\" content=\"Dur\u00e9e de lecture estim\u00e9e\" \/>\n\t<meta name=\"twitter:data1\" content=\"2 minutes\" \/>\n<script type=\"application\/ld+json\" class=\"yoast-schema-graph\">{\"@context\":\"https:\/\/schema.org\",\"@graph\":[{\"@type\":\"WebPage\",\"@id\":\"https:\/\/www.courmayeur-montblanc.com\/fr\/skipass-tarifs\/teleskipass\/\",\"url\":\"https:\/\/www.courmayeur-montblanc.com\/fr\/skipass-tarifs\/teleskipass\/\",\"name\":\"T\u00e9leskipass - Courmayeur Mont Blanc Funivie\",\"isPartOf\":{\"@id\":\"https:\/\/www.courmayeur-montblanc.com\/fr\/#website\"},\"datePublished\":\"2022-05-11T23:21:33+00:00\",\"dateModified\":\"2025-10-07T08:49:28+00:00\",\"breadcrumb\":{\"@id\":\"https:\/\/www.courmayeur-montblanc.com\/fr\/skipass-tarifs\/teleskipass\/#breadcrumb\"},\"inLanguage\":\"fr-FR\",\"potentialAction\":[{\"@type\":\"ReadAction\",\"target\":[\"https:\/\/www.courmayeur-montblanc.com\/fr\/skipass-tarifs\/teleskipass\/\"]}]},{\"@type\":\"BreadcrumbList\",\"@id\":\"https:\/\/www.courmayeur-montblanc.com\/fr\/skipass-tarifs\/teleskipass\/#breadcrumb\",\"itemListElement\":[{\"@type\":\"ListItem\",\"position\":1,\"name\":\"Homepage\",\"item\":\"https:\/\/www.courmayeur-montblanc.com\/fr\/\"},{\"@type\":\"ListItem\",\"position\":2,\"name\":\"Skipass et Tarifs\",\"item\":\"https:\/\/www.courmayeur-montblanc.com\/fr\/skipass-tarifs\/\"},{\"@type\":\"ListItem\",\"position\":3,\"name\":\"T\u00e9leskipass\"}]},{\"@type\":\"WebSite\",\"@id\":\"https:\/\/www.courmayeur-montblanc.com\/fr\/#website\",\"url\":\"https:\/\/www.courmayeur-montblanc.com\/fr\/\",\"name\":\"Courmayeur Mont Blanc Funivie\",\"description\":\"\",\"publisher\":{\"@id\":\"https:\/\/www.courmayeur-montblanc.com\/fr\/#organization\"},\"potentialAction\":[{\"@type\":\"SearchAction\",\"target\":{\"@type\":\"EntryPoint\",\"urlTemplate\":\"https:\/\/www.courmayeur-montblanc.com\/fr\/?s={search_term_string}\"},\"query-input\":{\"@type\":\"PropertyValueSpecification\",\"valueRequired\":true,\"valueName\":\"search_term_string\"}}],\"inLanguage\":\"fr-FR\"},{\"@type\":\"Organization\",\"@id\":\"https:\/\/www.courmayeur-montblanc.com\/fr\/#organization\",\"name\":\"Courmayeur Mont Blanc Funivie\",\"url\":\"https:\/\/www.courmayeur-montblanc.com\/fr\/\",\"logo\":{\"@type\":\"ImageObject\",\"inLanguage\":\"fr-FR\",\"@id\":\"https:\/\/www.courmayeur-montblanc.com\/fr\/#\/schema\/logo\/image\/\",\"url\":\"https:\/\/www.courmayeur-montblanc.com\/app\/uploads\/2022\/11\/cmbf-logo.png\",\"contentUrl\":\"https:\/\/www.courmayeur-montblanc.com\/app\/uploads\/2022\/11\/cmbf-logo.png\",\"width\":800,\"height\":179,\"caption\":\"Courmayeur Mont Blanc Funivie\"},\"image\":{\"@id\":\"https:\/\/www.courmayeur-montblanc.com\/fr\/#\/schema\/logo\/image\/\"},\"sameAs\":[\"https:\/\/www.facebook.com\/funiviecourmayeur\",\"https:\/\/x.com\/courmayeurski\",\"https:\/\/www.instagram.com\/courmayeur\/\",\"https:\/\/www.youtube.com\/channel\/UCrJ-6g0ooek9MIumfwdKGGw\/featured\"]}]}<\/script>\n<!-- \/ Yoast SEO plugin. -->","yoast_head_json":{"title":"T\u00e9leskipass - Courmayeur Mont Blanc Funivie","robots":{"index":"index","follow":"follow","max-snippet":"max-snippet:-1","max-image-preview":"max-image-preview:large","max-video-preview":"max-video-preview:-1"},"canonical":"https:\/\/www.courmayeur-montblanc.com\/fr\/skipass-tarifs\/teleskipass\/","og_locale":"fr_FR","og_type":"article","og_title":"T\u00e9leskipass - Courmayeur Mont Blanc Funivie","og_description":"Qu&#8217;est-ce que c&#8217;est? Il s&#8217;agit d&#8217;un service qui permet d&#8217;acc\u00e9der directement aux remont\u00e9es m\u00e9caniques de tous les domaines skiables de la Vall\u00e9e d&#8217;Aoste sans passer par la billetterie pour acheter et charger le forfait journ\u00e9e.En fin de journ\u00e9e, les clients du service seront automatiquement d\u00e9bit\u00e9s, par carte bancaire, du montant d\u00fb pour la station choisie [&hellip;]","og_url":"https:\/\/www.courmayeur-montblanc.com\/fr\/skipass-tarifs\/teleskipass\/","og_site_name":"Courmayeur Mont Blanc Funivie","article_publisher":"https:\/\/www.facebook.com\/funiviecourmayeur","article_modified_time":"2025-10-07T08:49:28+00:00","twitter_card":"summary_large_image","twitter_site":"@courmayeurski","twitter_misc":{"Dur\u00e9e de lecture estim\u00e9e":"2 minutes"},"schema":{"@context":"https:\/\/schema.org","@graph":[{"@type":"WebPage","@id":"https:\/\/www.courmayeur-montblanc.com\/fr\/skipass-tarifs\/teleskipass\/","url":"https:\/\/www.courmayeur-montblanc.com\/fr\/skipass-tarifs\/teleskipass\/","name":"T\u00e9leskipass - Courmayeur Mont Blanc Funivie","isPartOf":{"@id":"https:\/\/www.courmayeur-montblanc.com\/fr\/#website"},"datePublished":"2022-05-11T23:21:33+00:00","dateModified":"2025-10-07T08:49:28+00:00","breadcrumb":{"@id":"https:\/\/www.courmayeur-montblanc.com\/fr\/skipass-tarifs\/teleskipass\/#breadcrumb"},"inLanguage":"fr-FR","potentialAction":[{"@type":"ReadAction","target":["https:\/\/www.courmayeur-montblanc.com\/fr\/skipass-tarifs\/teleskipass\/"]}]},{"@type":"BreadcrumbList","@id":"https:\/\/www.courmayeur-montblanc.com\/fr\/skipass-tarifs\/teleskipass\/#breadcrumb","itemListElement":[{"@type":"ListItem","position":1,"name":"Homepage","item":"https:\/\/www.courmayeur-montblanc.com\/fr\/"},{"@type":"ListItem","position":2,"name":"Skipass et Tarifs","item":"https:\/\/www.courmayeur-montblanc.com\/fr\/skipass-tarifs\/"},{"@type":"ListItem","position":3,"name":"T\u00e9leskipass"}]},{"@type":"WebSite","@id":"https:\/\/www.courmayeur-montblanc.com\/fr\/#website","url":"https:\/\/www.courmayeur-montblanc.com\/fr\/","name":"Courmayeur Mont Blanc Funivie","description":"","publisher":{"@id":"https:\/\/www.courmayeur-montblanc.com\/fr\/#organization"},"potentialAction":[{"@type":"SearchAction","target":{"@type":"EntryPoint","urlTemplate":"https:\/\/www.courmayeur-montblanc.com\/fr\/?s={search_term_string}"},"query-input":{"@type":"PropertyValueSpecification","valueRequired":true,"valueName":"search_term_string"}}],"inLanguage":"fr-FR"},{"@type":"Organization","@id":"https:\/\/www.courmayeur-montblanc.com\/fr\/#organization","name":"Courmayeur Mont Blanc Funivie","url":"https:\/\/www.courmayeur-montblanc.com\/fr\/","logo":{"@type":"ImageObject","inLanguage":"fr-FR","@id":"https:\/\/www.courmayeur-montblanc.com\/fr\/#\/schema\/logo\/image\/","url":"https:\/\/www.courmayeur-montblanc.com\/app\/uploads\/2022\/11\/cmbf-logo.png","contentUrl":"https:\/\/www.courmayeur-montblanc.com\/app\/uploads\/2022\/11\/cmbf-logo.png","width":800,"height":179,"caption":"Courmayeur Mont Blanc Funivie"},"image":{"@id":"https:\/\/www.courmayeur-montblanc.com\/fr\/#\/schema\/logo\/image\/"},"sameAs":["https:\/\/www.facebook.com\/funiviecourmayeur","https:\/\/x.com\/courmayeurski","https:\/\/www.instagram.com\/courmayeur\/","https:\/\/www.youtube.com\/channel\/UCrJ-6g0ooek9MIumfwdKGGw\/featured"]}]}},"_links":{"self":[{"href":"https:\/\/www.courmayeur-montblanc.com\/fr\/wp-json\/wp\/v2\/pages\/3566","targetHints":{"allow":["GET"]}}],"collection":[{"href":"https:\/\/www.courmayeur-montblanc.com\/fr\/wp-json\/wp\/v2\/pages"}],"about":[{"href":"https:\/\/www.courmayeur-montblanc.com\/fr\/wp-json\/wp\/v2\/types\/page"}],"author":[{"embeddable":true,"href":"https:\/\/www.courmayeur-montblanc.com\/fr\/wp-json\/wp\/v2\/users\/1"}],"replies":[{"embeddable":true,"href":"https:\/\/www.courmayeur-montblanc.com\/fr\/wp-json\/wp\/v2\/comments?post=3566"}],"version-history":[{"count":7,"href":"https:\/\/www.courmayeur-montblanc.com\/fr\/wp-json\/wp\/v2\/pages\/3566\/revisions"}],"predecessor-version":[{"id":12894,"href":"https:\/\/www.courmayeur-montblanc.com\/fr\/wp-json\/wp\/v2\/pages\/3566\/revisions\/12894"}],"up":[{"embeddable":true,"href":"https:\/\/www.courmayeur-montblanc.com\/fr\/wp-json\/wp\/v2\/pages\/9544"}],"wp:attachment":[{"href":"https:\/\/www.courmayeur-montblanc.com\/fr\/wp-json\/wp\/v2\/media?parent=3566"}],"curies":[{"name":"wp","href":"https:\/\/api.w.org\/{rel}","templated":true}]}}