{"id":3599,"date":"2022-05-07T18:07:49","date_gmt":"2022-05-07T16:07:49","guid":{"rendered":"https:\/\/staging.cmbf.it\/contacts\/questionnaire\/"},"modified":"2022-11-01T17:46:25","modified_gmt":"2022-11-01T16:46:25","slug":"questionnaire","status":"publish","type":"page","link":"https:\/\/www.courmayeur-montblanc.com\/fr\/contacts\/questionnaire\/","title":{"rendered":"Questionnaire"},"content":{"rendered":"\n<div class=\"wp-block-contact-form-7-contact-form-selector\">\n<div class=\"wpcf7 no-js\" id=\"wpcf7-f3963-o1\" lang=\"fr-FR\" dir=\"ltr\">\n<div class=\"screen-reader-response\"><p role=\"status\" aria-live=\"polite\" aria-atomic=\"true\"><\/p> <ul><\/ul><\/div>\n<form action=\"\/fr\/wp-json\/wp\/v2\/pages\/3599#wpcf7-f3963-o1\" method=\"post\" class=\"wpcf7-form init\" aria-label=\"Formulaire de contact\" novalidate=\"novalidate\" data-status=\"init\">\n<div style=\"display: none;\">\n<input type=\"hidden\" name=\"_wpcf7\" value=\"3963\" \/>\n<input type=\"hidden\" name=\"_wpcf7_version\" value=\"5.7.4\" \/>\n<input type=\"hidden\" name=\"_wpcf7_locale\" value=\"fr_FR\" \/>\n<input type=\"hidden\" name=\"_wpcf7_unit_tag\" value=\"wpcf7-f3963-o1\" \/>\n<input type=\"hidden\" name=\"_wpcf7_container_post\" value=\"0\" \/>\n<input type=\"hidden\" name=\"_wpcf7_posted_data_hash\" value=\"\" \/>\n<input type=\"hidden\" name=\"_wpcf7cf_hidden_group_fields\" value=\"[]\" \/>\n<input type=\"hidden\" name=\"_wpcf7cf_hidden_groups\" value=\"[]\" \/>\n<input type=\"hidden\" name=\"_wpcf7cf_visible_groups\" value=\"[]\" \/>\n<input type=\"hidden\" name=\"_wpcf7cf_repeaters\" value=\"[]\" \/>\n<input type=\"hidden\" name=\"_wpcf7cf_steps\" value=\"{}\" \/>\n<input type=\"hidden\" name=\"_wpcf7cf_options\" value=\"{&quot;form_id&quot;:3963,&quot;conditions&quot;:[],&quot;settings&quot;:{&quot;animation&quot;:&quot;yes&quot;,&quot;animation_intime&quot;:200,&quot;animation_outtime&quot;:200,&quot;conditions_ui&quot;:&quot;normal&quot;,&quot;notice_dismissed&quot;:false}}\" \/>\n<input type=\"hidden\" name=\"_wpcf7_recaptcha_response\" value=\"\" \/>\n<\/div>\n<div class=\"uacf7-form-wrapper-container uacf7-form-3963  \"><div class=\"main\">\n<div class=\"mt-3\">\n<div>\n<label class=\"form-label\">\u00c9valuation des pistes de ski<\/label>  \t\t<span data-name=\"valutazione_piste\"\n\t\t\tclass=\"wpcf7-form-control-wrap valutazione_piste\">\n\t\t\t<span class=\"wpcf7-form-control wpcf7-uacf7_star_rating uacf7-rating\" aria-invalid=\"false\">\n\t\t\t\t<label>\n\t\t\t\t\t<input type=\"radio\" name=\"valutazione_piste\" value=\"1\"\n\t\t\t\t\t\t \/>\n\t\t\t\t\t<span class=\"icon\"><i class=\"far fa-star\"><\/i><\/span>\n\t\t\t\t<\/label>\n\t\t\t\t<label>\n\t\t\t\t\t<input type=\"radio\" name=\"valutazione_piste\" value=\"2\"\n\t\t\t\t\t\t \/>\n\t\t\t\t\t<span class=\"icon\"><i class=\"far fa-star\"><\/i><\/span>\n\t\t\t\t\t<span class=\"icon\"><i class=\"far fa-star\"><\/i><\/span>\n\t\t\t\t<\/label>\n\t\t\t\t<label>\n\t\t\t\t\t<input type=\"radio\" name=\"valutazione_piste\" value=\"3\"\n\t\t\t\t\t\t \/>\n\t\t\t\t\t<span class=\"icon\"><i class=\"far fa-star\"><\/i><\/span>\n\t\t\t\t\t<span class=\"icon\"><i class=\"far fa-star\"><\/i><\/span>\n\t\t\t\t\t<span class=\"icon\"><i class=\"far fa-star\"><\/i><\/span>\n\t\t\t\t<\/label>\n\t\t\t\t<label>\n\t\t\t\t\t<input type=\"radio\" name=\"valutazione_piste\" value=\"4\"\n\t\t\t\t\t\t \/>\n\t\t\t\t\t<span class=\"icon\"><i class=\"far fa-star\"><\/i><\/span>\n\t\t\t\t\t<span class=\"icon\"><i class=\"far fa-star\"><\/i><\/span>\n\t\t\t\t\t<span class=\"icon\"><i class=\"far fa-star\"><\/i><\/span>\n\t\t\t\t\t<span class=\"icon\"><i class=\"far fa-star\"><\/i><\/span>\n\t\t\t\t<\/label>\n\t\t\t\t<label>\n\t\t\t\t\t<input type=\"radio\" name=\"valutazione_piste\" value=\"5\"\n\t\t\t\t\t\t \/>\n\t\t\t\t\t<span class=\"icon\"><i class=\"far fa-star\"><\/i><\/span>\n\t\t\t\t\t<span class=\"icon\"><i class=\"far fa-star\"><\/i><\/span>\n\t\t\t\t\t<span class=\"icon\"><i class=\"far fa-star\"><\/i><\/span>\n\t\t\t\t\t<span class=\"icon\"><i class=\"far fa-star\"><\/i><\/span>\n\t\t\t\t\t<span class=\"icon\"><i class=\"far fa-star\"><\/i><\/span>\n\t\t\t\t<\/label>\n\n\t\t\t<\/span>\n\t\t<\/span>\n\t\t<span>\n\t\t\t\t\t<\/span>\n\n\t\t\n<span class=\"wpcf7-form-control-wrap\" data-name=\"valutazione_piste_note\"><input size=\"40\" class=\"wpcf7-form-control wpcf7-text form-control mt-3\" aria-invalid=\"false\" placeholder=\"Notes\" value=\"\" type=\"text\" name=\"valutazione_piste_note\" \/><\/span>\n<\/div>\n\n<div class=\"mt-3\">\n<label class=\"form-label\">Remont\u00e9es m\u00e9caniques <\/label>  \t\t<span data-name=\"impianti\"\n\t\t\tclass=\"wpcf7-form-control-wrap impianti\">\n\t\t\t<span class=\"wpcf7-form-control wpcf7-uacf7_star_rating uacf7-rating\" aria-invalid=\"false\">\n\t\t\t\t<label>\n\t\t\t\t\t<input type=\"radio\" name=\"impianti\" value=\"1\"\n\t\t\t\t\t\t \/>\n\t\t\t\t\t<span class=\"icon\"><i class=\"far fa-star\"><\/i><\/span>\n\t\t\t\t<\/label>\n\t\t\t\t<label>\n\t\t\t\t\t<input type=\"radio\" name=\"impianti\" value=\"2\"\n\t\t\t\t\t\t \/>\n\t\t\t\t\t<span class=\"icon\"><i class=\"far fa-star\"><\/i><\/span>\n\t\t\t\t\t<span class=\"icon\"><i class=\"far fa-star\"><\/i><\/span>\n\t\t\t\t<\/label>\n\t\t\t\t<label>\n\t\t\t\t\t<input type=\"radio\" name=\"impianti\" value=\"3\"\n\t\t\t\t\t\t \/>\n\t\t\t\t\t<span class=\"icon\"><i class=\"far fa-star\"><\/i><\/span>\n\t\t\t\t\t<span class=\"icon\"><i class=\"far fa-star\"><\/i><\/span>\n\t\t\t\t\t<span class=\"icon\"><i class=\"far fa-star\"><\/i><\/span>\n\t\t\t\t<\/label>\n\t\t\t\t<label>\n\t\t\t\t\t<input type=\"radio\" name=\"impianti\" value=\"4\"\n\t\t\t\t\t\t \/>\n\t\t\t\t\t<span class=\"icon\"><i class=\"far fa-star\"><\/i><\/span>\n\t\t\t\t\t<span class=\"icon\"><i class=\"far fa-star\"><\/i><\/span>\n\t\t\t\t\t<span class=\"icon\"><i class=\"far fa-star\"><\/i><\/span>\n\t\t\t\t\t<span class=\"icon\"><i class=\"far fa-star\"><\/i><\/span>\n\t\t\t\t<\/label>\n\t\t\t\t<label>\n\t\t\t\t\t<input type=\"radio\" name=\"impianti\" value=\"5\"\n\t\t\t\t\t\t \/>\n\t\t\t\t\t<span class=\"icon\"><i class=\"far fa-star\"><\/i><\/span>\n\t\t\t\t\t<span class=\"icon\"><i class=\"far fa-star\"><\/i><\/span>\n\t\t\t\t\t<span class=\"icon\"><i class=\"far fa-star\"><\/i><\/span>\n\t\t\t\t\t<span class=\"icon\"><i class=\"far fa-star\"><\/i><\/span>\n\t\t\t\t\t<span class=\"icon\"><i class=\"far fa-star\"><\/i><\/span>\n\t\t\t\t<\/label>\n\n\t\t\t<\/span>\n\t\t<\/span>\n\t\t<span>\n\t\t\t\t\t<\/span>\n\n\t\t\n<span class=\"wpcf7-form-control-wrap\" data-name=\"impianti_note\"><input size=\"40\" class=\"wpcf7-form-control wpcf7-text form-control mt-3\" aria-invalid=\"false\" placeholder=\"Notes\" value=\"\" type=\"text\" name=\"impianti_note\" \/><\/span>\n<\/div>\n\n<div class=\"mt-3\">\n<label class=\"form-label\">Accueil <\/label>  \t\t<span data-name=\"accoglienza\"\n\t\t\tclass=\"wpcf7-form-control-wrap accoglienza\">\n\t\t\t<span class=\"wpcf7-form-control wpcf7-uacf7_star_rating uacf7-rating\" aria-invalid=\"false\">\n\t\t\t\t<label>\n\t\t\t\t\t<input type=\"radio\" name=\"accoglienza\" value=\"1\"\n\t\t\t\t\t\t \/>\n\t\t\t\t\t<span class=\"icon\"><i class=\"far fa-star\"><\/i><\/span>\n\t\t\t\t<\/label>\n\t\t\t\t<label>\n\t\t\t\t\t<input type=\"radio\" name=\"accoglienza\" value=\"2\"\n\t\t\t\t\t\t \/>\n\t\t\t\t\t<span class=\"icon\"><i class=\"far fa-star\"><\/i><\/span>\n\t\t\t\t\t<span class=\"icon\"><i class=\"far fa-star\"><\/i><\/span>\n\t\t\t\t<\/label>\n\t\t\t\t<label>\n\t\t\t\t\t<input type=\"radio\" name=\"accoglienza\" value=\"3\"\n\t\t\t\t\t\t \/>\n\t\t\t\t\t<span class=\"icon\"><i class=\"far fa-star\"><\/i><\/span>\n\t\t\t\t\t<span class=\"icon\"><i class=\"far fa-star\"><\/i><\/span>\n\t\t\t\t\t<span class=\"icon\"><i class=\"far fa-star\"><\/i><\/span>\n\t\t\t\t<\/label>\n\t\t\t\t<label>\n\t\t\t\t\t<input type=\"radio\" name=\"accoglienza\" value=\"4\"\n\t\t\t\t\t\t \/>\n\t\t\t\t\t<span class=\"icon\"><i class=\"far fa-star\"><\/i><\/span>\n\t\t\t\t\t<span class=\"icon\"><i class=\"far fa-star\"><\/i><\/span>\n\t\t\t\t\t<span class=\"icon\"><i class=\"far fa-star\"><\/i><\/span>\n\t\t\t\t\t<span class=\"icon\"><i class=\"far fa-star\"><\/i><\/span>\n\t\t\t\t<\/label>\n\t\t\t\t<label>\n\t\t\t\t\t<input type=\"radio\" name=\"accoglienza\" value=\"5\"\n\t\t\t\t\t\t \/>\n\t\t\t\t\t<span class=\"icon\"><i class=\"far fa-star\"><\/i><\/span>\n\t\t\t\t\t<span class=\"icon\"><i class=\"far fa-star\"><\/i><\/span>\n\t\t\t\t\t<span class=\"icon\"><i class=\"far fa-star\"><\/i><\/span>\n\t\t\t\t\t<span class=\"icon\"><i class=\"far fa-star\"><\/i><\/span>\n\t\t\t\t\t<span class=\"icon\"><i class=\"far fa-star\"><\/i><\/span>\n\t\t\t\t<\/label>\n\n\t\t\t<\/span>\n\t\t<\/span>\n\t\t<span>\n\t\t\t\t\t<\/span>\n\n\t\t\n<span class=\"wpcf7-form-control-wrap\" data-name=\"accoglienza_note\"><input size=\"40\" class=\"wpcf7-form-control wpcf7-text form-control mt-3\" aria-invalid=\"false\" placeholder=\"Notes\" value=\"\" type=\"text\" name=\"accoglienza_note\" \/><\/span>\n<\/div>\n\n<div class=\"mt-3\">\n<div class=\"row align-items-center\">\n<div class=\"col-md-6\">\n<label class=\"form-label\">Habituellement, vous fr\u00e9quentez : <\/label>  \n<\/div>\n<div class=\"col-md-6\">\n<div class=\"form-select-wrapper\"><span class=\"wpcf7-form-control-wrap\" data-name=\"frequenza\"><select class=\"wpcf7-form-control wpcf7-select form-control\" aria-invalid=\"false\" name=\"frequenza\"><option value=\"\">&#8212;Veuillez choisir une option&#8212;<\/option><option value=\"Pi\u00e9ton\">Pi\u00e9ton<\/option><option value=\"Pistes de ski faciles\">Pistes de ski faciles<\/option><option value=\"Pistes de ski moyennes\">Pistes de ski moyennes<\/option><option value=\"Pistes de ski difficiles\">Pistes de ski difficiles<\/option><option value=\"Freeride\">Freeride<\/option><\/select><\/span><\/div>\n<\/div>\n<\/div>\n<span class=\"wpcf7-form-control-wrap\" data-name=\"frequenza_note\"><input size=\"40\" class=\"wpcf7-form-control wpcf7-text form-control mt-3\" aria-invalid=\"false\" placeholder=\"Notes\" value=\"\" type=\"text\" name=\"frequenza_note\" \/><\/span>\n<\/div>\n\n<div class=\"mt-3\">\n<div class=\"row align-items-center\">\n<div class=\"col-md-6\">\n<label class=\"form-label\">Vous recommanderiez Courmayeur<\/label>  \n<\/div>\n<div class=\"col-md-6\">\n<div class=\"form-select-wrapper\"><span class=\"wpcf7-form-control-wrap\" data-name=\"consigli\"><select class=\"wpcf7-form-control wpcf7-select form-control\" aria-invalid=\"false\" name=\"consigli\"><option value=\"Oui\">Oui<\/option><option value=\"Non\">Non<\/option><\/select><\/span><\/div>\n<\/div>\n<\/div>\n<span class=\"wpcf7-form-control-wrap\" data-name=\"consigli_note\"><input size=\"40\" class=\"wpcf7-form-control wpcf7-text form-control mt-3\" aria-invalid=\"false\" placeholder=\"Notes\" value=\"\" type=\"text\" name=\"consigli_note\" \/><\/span>\n<\/div>\n\n<\/div>\n\n<p class=\"text-disclaimer\">Nous vous remercions d\u2019avoir r\u00e9pondu au questionnaire. Si ce n\u2019est pas d\u00e9j\u00e0 fait, nous vous invitons \u00e0 vous inscrire \u00e0 notre newsletter.<\/p>\n\n<div class=\"row\">\n\n<div class=\"col-md-12 mb-4\">\n<label class=\"form-label\">Nom<\/label>\n<span class=\"wpcf7-form-control-wrap\" data-name=\"nome\"><input size=\"40\" class=\"wpcf7-form-control wpcf7-text form-control\" aria-invalid=\"false\" placeholder=\"Nom\" value=\"\" type=\"text\" name=\"nome\" \/><\/span> \n<\/div>\n\n<div class=\"col-md-12 mb-4\">\n<label class=\"form-label\">Pr\u00e9nom<\/label>\n<span class=\"wpcf7-form-control-wrap\" data-name=\"cognome\"><input size=\"40\" class=\"wpcf7-form-control wpcf7-text form-control\" aria-invalid=\"false\" placeholder=\"Pr\u00e9nom\" value=\"\" type=\"text\" name=\"cognome\" \/><\/span> \n<\/div>\n\n<div class=\"col-md-12 mb-4\">\n<label class=\"form-label\">\u00c2ge<\/label>\n<span class=\"wpcf7-form-control-wrap\" data-name=\"eta\"><input size=\"40\" class=\"wpcf7-form-control wpcf7-text form-control\" aria-invalid=\"false\" placeholder=\"\u00c2ge\" value=\"\" type=\"text\" name=\"eta\" \/><\/span> \n<\/div>\n\n<div class=\"col-md-12 mb-4\">\n<label class=\"form-label\">R\u00e9sidence<\/label>\n<span class=\"wpcf7-form-control-wrap\" data-name=\"residenza\"><input size=\"40\" class=\"wpcf7-form-control wpcf7-text form-control\" aria-invalid=\"false\" placeholder=\"R\u00e9sidence\" value=\"\" type=\"text\" name=\"residenza\" \/><\/span> \n<\/div>\n\n<div class=\"col-md-12 mb-4\">\n<label class=\"form-label\">Nationalit\u00e9<\/label>\n<span class=\"wpcf7-form-control-wrap\" data-name=\"nazionalita\"><input size=\"40\" class=\"wpcf7-form-control wpcf7-text form-control\" aria-invalid=\"false\" placeholder=\"Nationalit\u00e9\" value=\"\" type=\"text\" name=\"nazionalita\" \/><\/span> \n<\/div>\n\n<div class=\"col-md-12 mb-4\">\n<label class=\"form-label\">Addresse E-mail<\/label>\n<span class=\"wpcf7-form-control-wrap\" data-name=\"email\"><input size=\"40\" class=\"wpcf7-form-control wpcf7-text wpcf7-email wpcf7-validates-as-email form-control\" aria-invalid=\"false\" placeholder=\"Addresse E-mail\" value=\"\" type=\"email\" name=\"email\" \/><\/span> \n<\/div>\n\n\n<span class=\"wpcf7-form-control-wrap\" data-name=\"privacy\"><span class=\"wpcf7-form-control wpcf7-acceptance\"><span class=\"wpcf7-list-item\"><label class=\"custom-control custom-checkbox\"><input type=\"checkbox\" name=\"privacy\" value=\"1\" aria-invalid=\"false\" class=\"custom-control-input\"><span class=\"wpcf7-list-item-label custom-control-label\">J'accepte le traitement de mes <a href=\"\/app\/uploads\/2022\/12\/Informativa-modulo-contatti-sito.pdf\" target=\"_blank\">donn\u00e9es personnelles<\/a>.<\/span><\/label><\/span><\/span><\/span>\n\n<span class=\"wpcf7-form-control-wrap\" data-name=\"trattamento_dati\"><span class=\"wpcf7-form-control wpcf7-acceptance optional\"><span class=\"wpcf7-list-item\"><label class=\"custom-control custom-checkbox\"><input type=\"checkbox\" name=\"trattamento_dati\" value=\"1\" aria-invalid=\"false\" class=\"custom-control-input\"><span class=\"wpcf7-list-item-label custom-control-label\">Je consens au traitement de mes donn\u00e9es personnelles dans le but d'envoyer du mat\u00e9riel concernant les activit\u00e9s promotionnelles et les initiatives organis\u00e9es par le titulaire<\/span><\/label><\/span><\/span><\/span>\n\n<\/div>\n\n<\/div>\n<input class=\"wpcf7-form-control has-spinner wpcf7-submit\" type=\"submit\" value=\"Envoyer\" \/><\/div><div class=\"wpcf7-response-output\" aria-hidden=\"true\"><\/div>\n<\/form>\n<\/div>\n<\/div>\n","protected":false},"excerpt":{"rendered":"","protected":false},"author":1,"featured_media":0,"parent":3589,"menu_order":3,"comment_status":"closed","ping_status":"closed","template":"","meta":{"_acf_changed":false,"_themeisle_gutenberg_block_has_review":false,"footnotes":""},"class_list":["post-3599","page","type-page","status-publish","hentry"],"acf":[],"yoast_head":"<!-- This site is optimized with the Yoast SEO plugin v26.2 - https:\/\/yoast.com\/wordpress\/plugins\/seo\/ -->\n<title>Questionnaire - Courmayeur Mont Blanc Funivie<\/title>\n<meta name=\"robots\" content=\"index, follow, max-snippet:-1, max-image-preview:large, max-video-preview:-1\" \/>\n<link rel=\"canonical\" href=\"https:\/\/www.courmayeur-montblanc.com\/fr\/contacts\/questionnaire\/\" \/>\n<meta property=\"og:locale\" content=\"fr_FR\" \/>\n<meta property=\"og:type\" content=\"article\" \/>\n<meta property=\"og:title\" content=\"Questionnaire - Courmayeur Mont Blanc Funivie\" \/>\n<meta property=\"og:url\" content=\"https:\/\/www.courmayeur-montblanc.com\/fr\/contacts\/questionnaire\/\" \/>\n<meta property=\"og:site_name\" content=\"Courmayeur Mont Blanc Funivie\" \/>\n<meta property=\"article:publisher\" content=\"https:\/\/www.facebook.com\/funiviecourmayeur\" \/>\n<meta property=\"article:modified_time\" content=\"2022-11-01T16:46:25+00:00\" \/>\n<meta name=\"twitter:card\" content=\"summary_large_image\" \/>\n<meta name=\"twitter:site\" content=\"@courmayeurski\" \/>\n<script type=\"application\/ld+json\" class=\"yoast-schema-graph\">{\"@context\":\"https:\/\/schema.org\",\"@graph\":[{\"@type\":\"WebPage\",\"@id\":\"https:\/\/www.courmayeur-montblanc.com\/fr\/contacts\/questionnaire\/\",\"url\":\"https:\/\/www.courmayeur-montblanc.com\/fr\/contacts\/questionnaire\/\",\"name\":\"Questionnaire - Courmayeur Mont Blanc Funivie\",\"isPartOf\":{\"@id\":\"https:\/\/www.courmayeur-montblanc.com\/fr\/#website\"},\"datePublished\":\"2022-05-07T16:07:49+00:00\",\"dateModified\":\"2022-11-01T16:46:25+00:00\",\"breadcrumb\":{\"@id\":\"https:\/\/www.courmayeur-montblanc.com\/fr\/contacts\/questionnaire\/#breadcrumb\"},\"inLanguage\":\"fr-FR\",\"potentialAction\":[{\"@type\":\"ReadAction\",\"target\":[\"https:\/\/www.courmayeur-montblanc.com\/fr\/contacts\/questionnaire\/\"]}]},{\"@type\":\"BreadcrumbList\",\"@id\":\"https:\/\/www.courmayeur-montblanc.com\/fr\/contacts\/questionnaire\/#breadcrumb\",\"itemListElement\":[{\"@type\":\"ListItem\",\"position\":1,\"name\":\"Homepage\",\"item\":\"https:\/\/www.courmayeur-montblanc.com\/fr\/\"},{\"@type\":\"ListItem\",\"position\":2,\"name\":\"Contacts\",\"item\":\"https:\/\/www.courmayeur-montblanc.com\/fr\/contacts\/\"},{\"@type\":\"ListItem\",\"position\":3,\"name\":\"Questionnaire\"}]},{\"@type\":\"WebSite\",\"@id\":\"https:\/\/www.courmayeur-montblanc.com\/fr\/#website\",\"url\":\"https:\/\/www.courmayeur-montblanc.com\/fr\/\",\"name\":\"Courmayeur Mont Blanc Funivie\",\"description\":\"\",\"publisher\":{\"@id\":\"https:\/\/www.courmayeur-montblanc.com\/fr\/#organization\"},\"potentialAction\":[{\"@type\":\"SearchAction\",\"target\":{\"@type\":\"EntryPoint\",\"urlTemplate\":\"https:\/\/www.courmayeur-montblanc.com\/fr\/?s={search_term_string}\"},\"query-input\":{\"@type\":\"PropertyValueSpecification\",\"valueRequired\":true,\"valueName\":\"search_term_string\"}}],\"inLanguage\":\"fr-FR\"},{\"@type\":\"Organization\",\"@id\":\"https:\/\/www.courmayeur-montblanc.com\/fr\/#organization\",\"name\":\"Courmayeur Mont Blanc Funivie\",\"url\":\"https:\/\/www.courmayeur-montblanc.com\/fr\/\",\"logo\":{\"@type\":\"ImageObject\",\"inLanguage\":\"fr-FR\",\"@id\":\"https:\/\/www.courmayeur-montblanc.com\/fr\/#\/schema\/logo\/image\/\",\"url\":\"https:\/\/www.courmayeur-montblanc.com\/app\/uploads\/2022\/11\/cmbf-logo.png\",\"contentUrl\":\"https:\/\/www.courmayeur-montblanc.com\/app\/uploads\/2022\/11\/cmbf-logo.png\",\"width\":800,\"height\":179,\"caption\":\"Courmayeur Mont Blanc Funivie\"},\"image\":{\"@id\":\"https:\/\/www.courmayeur-montblanc.com\/fr\/#\/schema\/logo\/image\/\"},\"sameAs\":[\"https:\/\/www.facebook.com\/funiviecourmayeur\",\"https:\/\/x.com\/courmayeurski\",\"https:\/\/www.instagram.com\/courmayeur\/\",\"https:\/\/www.youtube.com\/channel\/UCrJ-6g0ooek9MIumfwdKGGw\/featured\"]}]}<\/script>\n<!-- \/ Yoast SEO plugin. -->","yoast_head_json":{"title":"Questionnaire - Courmayeur Mont Blanc Funivie","robots":{"index":"index","follow":"follow","max-snippet":"max-snippet:-1","max-image-preview":"max-image-preview:large","max-video-preview":"max-video-preview:-1"},"canonical":"https:\/\/www.courmayeur-montblanc.com\/fr\/contacts\/questionnaire\/","og_locale":"fr_FR","og_type":"article","og_title":"Questionnaire - Courmayeur Mont Blanc Funivie","og_url":"https:\/\/www.courmayeur-montblanc.com\/fr\/contacts\/questionnaire\/","og_site_name":"Courmayeur Mont Blanc Funivie","article_publisher":"https:\/\/www.facebook.com\/funiviecourmayeur","article_modified_time":"2022-11-01T16:46:25+00:00","twitter_card":"summary_large_image","twitter_site":"@courmayeurski","schema":{"@context":"https:\/\/schema.org","@graph":[{"@type":"WebPage","@id":"https:\/\/www.courmayeur-montblanc.com\/fr\/contacts\/questionnaire\/","url":"https:\/\/www.courmayeur-montblanc.com\/fr\/contacts\/questionnaire\/","name":"Questionnaire - Courmayeur Mont Blanc Funivie","isPartOf":{"@id":"https:\/\/www.courmayeur-montblanc.com\/fr\/#website"},"datePublished":"2022-05-07T16:07:49+00:00","dateModified":"2022-11-01T16:46:25+00:00","breadcrumb":{"@id":"https:\/\/www.courmayeur-montblanc.com\/fr\/contacts\/questionnaire\/#breadcrumb"},"inLanguage":"fr-FR","potentialAction":[{"@type":"ReadAction","target":["https:\/\/www.courmayeur-montblanc.com\/fr\/contacts\/questionnaire\/"]}]},{"@type":"BreadcrumbList","@id":"https:\/\/www.courmayeur-montblanc.com\/fr\/contacts\/questionnaire\/#breadcrumb","itemListElement":[{"@type":"ListItem","position":1,"name":"Homepage","item":"https:\/\/www.courmayeur-montblanc.com\/fr\/"},{"@type":"ListItem","position":2,"name":"Contacts","item":"https:\/\/www.courmayeur-montblanc.com\/fr\/contacts\/"},{"@type":"ListItem","position":3,"name":"Questionnaire"}]},{"@type":"WebSite","@id":"https:\/\/www.courmayeur-montblanc.com\/fr\/#website","url":"https:\/\/www.courmayeur-montblanc.com\/fr\/","name":"Courmayeur Mont Blanc Funivie","description":"","publisher":{"@id":"https:\/\/www.courmayeur-montblanc.com\/fr\/#organization"},"potentialAction":[{"@type":"SearchAction","target":{"@type":"EntryPoint","urlTemplate":"https:\/\/www.courmayeur-montblanc.com\/fr\/?s={search_term_string}"},"query-input":{"@type":"PropertyValueSpecification","valueRequired":true,"valueName":"search_term_string"}}],"inLanguage":"fr-FR"},{"@type":"Organization","@id":"https:\/\/www.courmayeur-montblanc.com\/fr\/#organization","name":"Courmayeur Mont Blanc Funivie","url":"https:\/\/www.courmayeur-montblanc.com\/fr\/","logo":{"@type":"ImageObject","inLanguage":"fr-FR","@id":"https:\/\/www.courmayeur-montblanc.com\/fr\/#\/schema\/logo\/image\/","url":"https:\/\/www.courmayeur-montblanc.com\/app\/uploads\/2022\/11\/cmbf-logo.png","contentUrl":"https:\/\/www.courmayeur-montblanc.com\/app\/uploads\/2022\/11\/cmbf-logo.png","width":800,"height":179,"caption":"Courmayeur Mont Blanc Funivie"},"image":{"@id":"https:\/\/www.courmayeur-montblanc.com\/fr\/#\/schema\/logo\/image\/"},"sameAs":["https:\/\/www.facebook.com\/funiviecourmayeur","https:\/\/x.com\/courmayeurski","https:\/\/www.instagram.com\/courmayeur\/","https:\/\/www.youtube.com\/channel\/UCrJ-6g0ooek9MIumfwdKGGw\/featured"]}]}},"_links":{"self":[{"href":"https:\/\/www.courmayeur-montblanc.com\/fr\/wp-json\/wp\/v2\/pages\/3599","targetHints":{"allow":["GET"]}}],"collection":[{"href":"https:\/\/www.courmayeur-montblanc.com\/fr\/wp-json\/wp\/v2\/pages"}],"about":[{"href":"https:\/\/www.courmayeur-montblanc.com\/fr\/wp-json\/wp\/v2\/types\/page"}],"author":[{"embeddable":true,"href":"https:\/\/www.courmayeur-montblanc.com\/fr\/wp-json\/wp\/v2\/users\/1"}],"replies":[{"embeddable":true,"href":"https:\/\/www.courmayeur-montblanc.com\/fr\/wp-json\/wp\/v2\/comments?post=3599"}],"version-history":[{"count":2,"href":"https:\/\/www.courmayeur-montblanc.com\/fr\/wp-json\/wp\/v2\/pages\/3599\/revisions"}],"predecessor-version":[{"id":3601,"href":"https:\/\/www.courmayeur-montblanc.com\/fr\/wp-json\/wp\/v2\/pages\/3599\/revisions\/3601"}],"up":[{"embeddable":true,"href":"https:\/\/www.courmayeur-montblanc.com\/fr\/wp-json\/wp\/v2\/pages\/3589"}],"wp:attachment":[{"href":"https:\/\/www.courmayeur-montblanc.com\/fr\/wp-json\/wp\/v2\/media?parent=3599"}],"curies":[{"name":"wp","href":"https:\/\/api.w.org\/{rel}","templated":true}]}}