{"id":3602,"date":"2022-07-05T22:19:59","date_gmt":"2022-07-05T20:19:59","guid":{"rendered":"https:\/\/staging.cmbf.it\/contacts\/espace-presse\/"},"modified":"2022-11-09T00:52:12","modified_gmt":"2022-11-08T23:52:12","slug":"espace-presse","status":"publish","type":"page","link":"https:\/\/www.courmayeur-montblanc.com\/fr\/contacts\/espace-presse\/","title":{"rendered":"Espace Presse"},"content":{"rendered":"\n<p><strong>Bienvenue dans notre espace presse<\/strong><\/p>\n\n<p class=\"text-justify\">Bienvenue dans notre espace presse. Notre bureau de presse est \u00e0 votre disposition, \u00e9crivez \u00e0 <a href=\"mailto:info@cmbf.it\">info@cmbf.it<\/a>, nous serons heureux de vous r\u00e9pondre.<\/p>\n","protected":false},"excerpt":{"rendered":"<p>Bienvenue dans notre espace presse Bienvenue dans notre espace presse. Notre bureau de presse est \u00e0 votre disposition, \u00e9crivez \u00e0 info@cmbf.it, nous serons heureux de vous r\u00e9pondre.<\/p>\n","protected":false},"author":1,"featured_media":0,"parent":3589,"menu_order":2,"comment_status":"closed","ping_status":"closed","template":"","meta":{"_acf_changed":false,"_themeisle_gutenberg_block_has_review":false,"footnotes":""},"class_list":["post-3602","page","type-page","status-publish","hentry"],"acf":[],"yoast_head":"<!-- This site is optimized with the Yoast SEO plugin v26.2 - https:\/\/yoast.com\/wordpress\/plugins\/seo\/ -->\n<title>Espace Presse - Courmayeur Mont Blanc Funivie<\/title>\n<meta name=\"robots\" content=\"index, follow, max-snippet:-1, max-image-preview:large, max-video-preview:-1\" \/>\n<link rel=\"canonical\" href=\"https:\/\/www.courmayeur-montblanc.com\/fr\/contacts\/espace-presse\/\" \/>\n<meta property=\"og:locale\" content=\"fr_FR\" \/>\n<meta property=\"og:type\" content=\"article\" \/>\n<meta property=\"og:title\" content=\"Espace Presse - Courmayeur Mont Blanc Funivie\" \/>\n<meta property=\"og:description\" content=\"Bienvenue dans notre espace presse Bienvenue dans notre espace presse. Notre bureau de presse est \u00e0 votre disposition, \u00e9crivez \u00e0 info@cmbf.it, nous serons heureux de vous r\u00e9pondre.\" \/>\n<meta property=\"og:url\" content=\"https:\/\/www.courmayeur-montblanc.com\/fr\/contacts\/espace-presse\/\" \/>\n<meta property=\"og:site_name\" content=\"Courmayeur Mont Blanc Funivie\" \/>\n<meta property=\"article:publisher\" content=\"https:\/\/www.facebook.com\/funiviecourmayeur\" \/>\n<meta property=\"article:modified_time\" content=\"2022-11-08T23:52:12+00:00\" \/>\n<meta name=\"twitter:card\" content=\"summary_large_image\" \/>\n<meta name=\"twitter:site\" content=\"@courmayeurski\" \/>\n<script type=\"application\/ld+json\" class=\"yoast-schema-graph\">{\"@context\":\"https:\/\/schema.org\",\"@graph\":[{\"@type\":\"WebPage\",\"@id\":\"https:\/\/www.courmayeur-montblanc.com\/fr\/contacts\/espace-presse\/\",\"url\":\"https:\/\/www.courmayeur-montblanc.com\/fr\/contacts\/espace-presse\/\",\"name\":\"Espace Presse - Courmayeur Mont Blanc Funivie\",\"isPartOf\":{\"@id\":\"https:\/\/www.courmayeur-montblanc.com\/fr\/#website\"},\"datePublished\":\"2022-07-05T20:19:59+00:00\",\"dateModified\":\"2022-11-08T23:52:12+00:00\",\"breadcrumb\":{\"@id\":\"https:\/\/www.courmayeur-montblanc.com\/fr\/contacts\/espace-presse\/#breadcrumb\"},\"inLanguage\":\"fr-FR\",\"potentialAction\":[{\"@type\":\"ReadAction\",\"target\":[\"https:\/\/www.courmayeur-montblanc.com\/fr\/contacts\/espace-presse\/\"]}]},{\"@type\":\"BreadcrumbList\",\"@id\":\"https:\/\/www.courmayeur-montblanc.com\/fr\/contacts\/espace-presse\/#breadcrumb\",\"itemListElement\":[{\"@type\":\"ListItem\",\"position\":1,\"name\":\"Homepage\",\"item\":\"https:\/\/www.courmayeur-montblanc.com\/fr\/\"},{\"@type\":\"ListItem\",\"position\":2,\"name\":\"Contacts\",\"item\":\"https:\/\/www.courmayeur-montblanc.com\/fr\/contacts\/\"},{\"@type\":\"ListItem\",\"position\":3,\"name\":\"Espace Presse\"}]},{\"@type\":\"WebSite\",\"@id\":\"https:\/\/www.courmayeur-montblanc.com\/fr\/#website\",\"url\":\"https:\/\/www.courmayeur-montblanc.com\/fr\/\",\"name\":\"Courmayeur Mont Blanc Funivie\",\"description\":\"\",\"publisher\":{\"@id\":\"https:\/\/www.courmayeur-montblanc.com\/fr\/#organization\"},\"potentialAction\":[{\"@type\":\"SearchAction\",\"target\":{\"@type\":\"EntryPoint\",\"urlTemplate\":\"https:\/\/www.courmayeur-montblanc.com\/fr\/?s={search_term_string}\"},\"query-input\":{\"@type\":\"PropertyValueSpecification\",\"valueRequired\":true,\"valueName\":\"search_term_string\"}}],\"inLanguage\":\"fr-FR\"},{\"@type\":\"Organization\",\"@id\":\"https:\/\/www.courmayeur-montblanc.com\/fr\/#organization\",\"name\":\"Courmayeur Mont Blanc Funivie\",\"url\":\"https:\/\/www.courmayeur-montblanc.com\/fr\/\",\"logo\":{\"@type\":\"ImageObject\",\"inLanguage\":\"fr-FR\",\"@id\":\"https:\/\/www.courmayeur-montblanc.com\/fr\/#\/schema\/logo\/image\/\",\"url\":\"https:\/\/www.courmayeur-montblanc.com\/app\/uploads\/2022\/11\/cmbf-logo.png\",\"contentUrl\":\"https:\/\/www.courmayeur-montblanc.com\/app\/uploads\/2022\/11\/cmbf-logo.png\",\"width\":800,\"height\":179,\"caption\":\"Courmayeur Mont Blanc Funivie\"},\"image\":{\"@id\":\"https:\/\/www.courmayeur-montblanc.com\/fr\/#\/schema\/logo\/image\/\"},\"sameAs\":[\"https:\/\/www.facebook.com\/funiviecourmayeur\",\"https:\/\/x.com\/courmayeurski\",\"https:\/\/www.instagram.com\/courmayeur\/\",\"https:\/\/www.youtube.com\/channel\/UCrJ-6g0ooek9MIumfwdKGGw\/featured\"]}]}<\/script>\n<!-- \/ Yoast SEO plugin. -->","yoast_head_json":{"title":"Espace Presse - Courmayeur Mont Blanc Funivie","robots":{"index":"index","follow":"follow","max-snippet":"max-snippet:-1","max-image-preview":"max-image-preview:large","max-video-preview":"max-video-preview:-1"},"canonical":"https:\/\/www.courmayeur-montblanc.com\/fr\/contacts\/espace-presse\/","og_locale":"fr_FR","og_type":"article","og_title":"Espace Presse - Courmayeur Mont Blanc Funivie","og_description":"Bienvenue dans notre espace presse Bienvenue dans notre espace presse. Notre bureau de presse est \u00e0 votre disposition, \u00e9crivez \u00e0 info@cmbf.it, nous serons heureux de vous r\u00e9pondre.","og_url":"https:\/\/www.courmayeur-montblanc.com\/fr\/contacts\/espace-presse\/","og_site_name":"Courmayeur Mont Blanc Funivie","article_publisher":"https:\/\/www.facebook.com\/funiviecourmayeur","article_modified_time":"2022-11-08T23:52:12+00:00","twitter_card":"summary_large_image","twitter_site":"@courmayeurski","schema":{"@context":"https:\/\/schema.org","@graph":[{"@type":"WebPage","@id":"https:\/\/www.courmayeur-montblanc.com\/fr\/contacts\/espace-presse\/","url":"https:\/\/www.courmayeur-montblanc.com\/fr\/contacts\/espace-presse\/","name":"Espace Presse - Courmayeur Mont Blanc Funivie","isPartOf":{"@id":"https:\/\/www.courmayeur-montblanc.com\/fr\/#website"},"datePublished":"2022-07-05T20:19:59+00:00","dateModified":"2022-11-08T23:52:12+00:00","breadcrumb":{"@id":"https:\/\/www.courmayeur-montblanc.com\/fr\/contacts\/espace-presse\/#breadcrumb"},"inLanguage":"fr-FR","potentialAction":[{"@type":"ReadAction","target":["https:\/\/www.courmayeur-montblanc.com\/fr\/contacts\/espace-presse\/"]}]},{"@type":"BreadcrumbList","@id":"https:\/\/www.courmayeur-montblanc.com\/fr\/contacts\/espace-presse\/#breadcrumb","itemListElement":[{"@type":"ListItem","position":1,"name":"Homepage","item":"https:\/\/www.courmayeur-montblanc.com\/fr\/"},{"@type":"ListItem","position":2,"name":"Contacts","item":"https:\/\/www.courmayeur-montblanc.com\/fr\/contacts\/"},{"@type":"ListItem","position":3,"name":"Espace Presse"}]},{"@type":"WebSite","@id":"https:\/\/www.courmayeur-montblanc.com\/fr\/#website","url":"https:\/\/www.courmayeur-montblanc.com\/fr\/","name":"Courmayeur Mont Blanc Funivie","description":"","publisher":{"@id":"https:\/\/www.courmayeur-montblanc.com\/fr\/#organization"},"potentialAction":[{"@type":"SearchAction","target":{"@type":"EntryPoint","urlTemplate":"https:\/\/www.courmayeur-montblanc.com\/fr\/?s={search_term_string}"},"query-input":{"@type":"PropertyValueSpecification","valueRequired":true,"valueName":"search_term_string"}}],"inLanguage":"fr-FR"},{"@type":"Organization","@id":"https:\/\/www.courmayeur-montblanc.com\/fr\/#organization","name":"Courmayeur Mont Blanc Funivie","url":"https:\/\/www.courmayeur-montblanc.com\/fr\/","logo":{"@type":"ImageObject","inLanguage":"fr-FR","@id":"https:\/\/www.courmayeur-montblanc.com\/fr\/#\/schema\/logo\/image\/","url":"https:\/\/www.courmayeur-montblanc.com\/app\/uploads\/2022\/11\/cmbf-logo.png","contentUrl":"https:\/\/www.courmayeur-montblanc.com\/app\/uploads\/2022\/11\/cmbf-logo.png","width":800,"height":179,"caption":"Courmayeur Mont Blanc Funivie"},"image":{"@id":"https:\/\/www.courmayeur-montblanc.com\/fr\/#\/schema\/logo\/image\/"},"sameAs":["https:\/\/www.facebook.com\/funiviecourmayeur","https:\/\/x.com\/courmayeurski","https:\/\/www.instagram.com\/courmayeur\/","https:\/\/www.youtube.com\/channel\/UCrJ-6g0ooek9MIumfwdKGGw\/featured"]}]}},"_links":{"self":[{"href":"https:\/\/www.courmayeur-montblanc.com\/fr\/wp-json\/wp\/v2\/pages\/3602","targetHints":{"allow":["GET"]}}],"collection":[{"href":"https:\/\/www.courmayeur-montblanc.com\/fr\/wp-json\/wp\/v2\/pages"}],"about":[{"href":"https:\/\/www.courmayeur-montblanc.com\/fr\/wp-json\/wp\/v2\/types\/page"}],"author":[{"embeddable":true,"href":"https:\/\/www.courmayeur-montblanc.com\/fr\/wp-json\/wp\/v2\/users\/1"}],"replies":[{"embeddable":true,"href":"https:\/\/www.courmayeur-montblanc.com\/fr\/wp-json\/wp\/v2\/comments?post=3602"}],"version-history":[{"count":3,"href":"https:\/\/www.courmayeur-montblanc.com\/fr\/wp-json\/wp\/v2\/pages\/3602\/revisions"}],"predecessor-version":[{"id":4779,"href":"https:\/\/www.courmayeur-montblanc.com\/fr\/wp-json\/wp\/v2\/pages\/3602\/revisions\/4779"}],"up":[{"embeddable":true,"href":"https:\/\/www.courmayeur-montblanc.com\/fr\/wp-json\/wp\/v2\/pages\/3589"}],"wp:attachment":[{"href":"https:\/\/www.courmayeur-montblanc.com\/fr\/wp-json\/wp\/v2\/media?parent=3602"}],"curies":[{"name":"wp","href":"https:\/\/api.w.org\/{rel}","templated":true}]}}