{"id":3862,"date":"2022-05-12T01:23:27","date_gmt":"2022-05-11T23:23:27","guid":{"rendered":"https:\/\/staging.cmbf.it\/billets-et-forfaits-ski\/offres-speciales\/"},"modified":"2025-11-05T14:28:14","modified_gmt":"2025-11-05T13:28:14","slug":"offres-speciales","status":"publish","type":"page","link":"https:\/\/www.courmayeur-montblanc.com\/fr\/skipass-tarifs\/offres-speciales\/","title":{"rendered":"Offres sp\u00e9ciales"},"content":{"rendered":"\n<div style=\"height:37px\" aria-hidden=\"true\" class=\"wp-block-spacer\"><\/div>\n\n\n\n<h3 class=\"wp-block-heading\">Vacances en Famille<\/h3>\n\n\n\n<p>\u00c0 Courmayeur, <strong>les enfants<\/strong> de moins de 8 ans <strong>skient gratuitement<\/strong> avec l\u2019achat simultan\u00e9 d&#8217;un forfait adulte, jeune ou senior.<br>Il y a \u00e9galement des <strong>r\u00e9ductions<\/strong> int\u00e9ressantes pour les <strong>enfants de moins de 16 ans<\/strong> et de les <strong>jeunes de moins de 24 ans.<\/strong><br>Les <strong>enfants<\/strong> trop <strong>jeunes<\/strong> pour faire du ski peuvent accompagner papa et maman sur les pistes et <strong>s\u2019amuser<\/strong> avec <strong>les nounous du baby-club Blanche-Neige<\/strong>, \u00e0 quelques pas des remont\u00e9es m\u00e9caniques de Plan Checrouit.<\/p>\n\n\n\n<div class=\"wp-block-buttons is-content-justification-center is-layout-flex wp-container-core-buttons-is-layout-16018d1d wp-block-buttons-is-layout-flex\">\n<div class=\"wp-block-button is-style-fill\"><a class=\"wp-block-button__link has-text-color has-background wp-element-button\" href=\"https:\/\/www.courmayeur-montblanc.com\/fr\/billets-et-forfaits-ski\/tarifs-journaliers\/\" style=\"color:#a6a7a9;background-color:#2a2b2c\" target=\"_blank\" rel=\"noreferrer noopener\">D\u00c9COUVREZ LES TARIFS<\/a><\/div>\n\n\n\n<div class=\"wp-block-button is-style-fill\"><a class=\"wp-block-button__link has-text-color has-background wp-element-button\" href=\"https:\/\/www.courmayeur-montblanc.com\/fr\/services\/club-enfant\/\" style=\"color:#a6a7a9;background-color:#2a2b2c\" target=\"_blank\" rel=\"noreferrer noopener\">BABY CLUB<\/a><\/div>\n<\/div>\n\n\n\n<div style=\"height:25px\" aria-hidden=\"true\" class=\"wp-block-spacer\"><\/div>\n\n\n\n<hr class=\"wp-block-separator has-alpha-channel-opacity\"\/>\n\n\n\n<div style=\"height:25px\" aria-hidden=\"true\" class=\"wp-block-spacer\"><\/div>\n\n\n\n<h3 class=\"wp-block-heading\">Promotion location de skis pour d\u00e9butants saison 2025\/2026<\/h3>\n\n\n\n<p class=\"text-justify\">Pour tous les adultes en possession d\u2019un forfait \u201cAller-Retour\u201d, location ski + chaussures + casque au prix de \u20ac 19,50 \u20ac tandis que pour tous les enfants location ski jr + chaussures jr + casque au prix de \u20ac 13,50. <\/p>\n\n\n\n<p>Promotion valide \u00e0 l&#8217;une des locations suivantes :<\/p>\n\n\n<div class=\"wp-bootstrap-blocks-row row justify-content-center\">\n\t\n\n<div class=\"col-12 col-md\">\n\t\t\t\n<div class=\"wp-block-image\">\n<figure class=\"aligncenter size-full\"><a href=\"https:\/\/www.alpineve.it\/\" target=\"_blank\" rel=\"noreferrer noopener\"><img loading=\"lazy\" decoding=\"async\" width=\"204\" height=\"182\" src=\"https:\/\/www.courmayeur-montblanc.com\/app\/uploads\/2022\/07\/Logo-noleggio-Alpineve.png\" alt=\"\" class=\"wp-image-1888\"\/><\/a><\/figure><\/div>\n\t<\/div>\n\n\n\n<div class=\"col-12 col-md\">\n\t\t\t\n<div class=\"wp-block-image\">\n<figure class=\"aligncenter size-full is-resized\"><a href=\"http:\/\/www.lochaletskirental.com\/home.html\" target=\"_blank\" rel=\"noreferrer noopener\"><img loading=\"lazy\" decoding=\"async\" src=\"https:\/\/www.courmayeur-montblanc.com\/app\/uploads\/2022\/07\/neleggio-lo-chalet.png\" alt=\"\" class=\"wp-image-1894\" style=\"width:204px;height:204px\" width=\"204\" height=\"204\"\/><\/a><\/figure><\/div>\n\t<\/div>\n\n\n\n<div class=\"col-12 col-md\">\n\t\t\t\n<div class=\"wp-block-image\">\n<figure class=\"aligncenter size-full is-resized\"><a href=\"https:\/\/www.skiincourmayeur.it\/it\/\" target=\"_blank\" rel=\"noreferrer noopener\"><img loading=\"lazy\" decoding=\"async\" src=\"https:\/\/www.courmayeur-montblanc.com\/app\/uploads\/2022\/07\/skiin-checrouit.png\" alt=\"\" class=\"wp-image-1900\" style=\"width:206px;height:206px\" width=\"206\" height=\"206\"\/><\/a><\/figure><\/div>\n\t<\/div>\n\n<\/div>\n","protected":false},"excerpt":{"rendered":"<p>Vacances en Famille \u00c0 Courmayeur, les enfants de moins de 8 ans skient gratuitement avec l\u2019achat simultan\u00e9 d&#8217;un forfait adulte, jeune ou senior.Il y a \u00e9galement des r\u00e9ductions int\u00e9ressantes pour les enfants de moins de 16 ans et de les jeunes de moins de 24 ans.Les enfants trop jeunes pour faire du ski peuvent accompagner [&hellip;]<\/p>\n","protected":false},"author":1,"featured_media":0,"parent":9544,"menu_order":50,"comment_status":"closed","ping_status":"closed","template":"template-container.php","meta":{"_acf_changed":false,"_themeisle_gutenberg_block_has_review":false,"footnotes":""},"class_list":["post-3862","page","type-page","status-publish","hentry"],"acf":[],"yoast_head":"<!-- This site is optimized with the Yoast SEO plugin v26.2 - https:\/\/yoast.com\/wordpress\/plugins\/seo\/ -->\n<title>Offres sp\u00e9ciales - Courmayeur Mont Blanc Funivie<\/title>\n<meta name=\"robots\" content=\"index, follow, max-snippet:-1, max-image-preview:large, max-video-preview:-1\" \/>\n<link rel=\"canonical\" href=\"https:\/\/www.courmayeur-montblanc.com\/fr\/skipass-tarifs\/offres-speciales\/\" \/>\n<meta property=\"og:locale\" content=\"fr_FR\" \/>\n<meta property=\"og:type\" content=\"article\" \/>\n<meta property=\"og:title\" content=\"Offres sp\u00e9ciales - Courmayeur Mont Blanc Funivie\" \/>\n<meta property=\"og:description\" content=\"Vacances en Famille \u00c0 Courmayeur, les enfants de moins de 8 ans skient gratuitement avec l\u2019achat simultan\u00e9 d&#8217;un forfait adulte, jeune ou senior.Il y a \u00e9galement des r\u00e9ductions int\u00e9ressantes pour les enfants de moins de 16 ans et de les jeunes de moins de 24 ans.Les enfants trop jeunes pour faire du ski peuvent accompagner [&hellip;]\" \/>\n<meta property=\"og:url\" content=\"https:\/\/www.courmayeur-montblanc.com\/fr\/skipass-tarifs\/offres-speciales\/\" \/>\n<meta property=\"og:site_name\" content=\"Courmayeur Mont Blanc Funivie\" \/>\n<meta property=\"article:publisher\" content=\"https:\/\/www.facebook.com\/funiviecourmayeur\" \/>\n<meta property=\"article:modified_time\" content=\"2025-11-05T13:28:14+00:00\" \/>\n<meta property=\"og:image\" content=\"https:\/\/www.courmayeur-montblanc.com\/app\/uploads\/2022\/07\/Logo-noleggio-Alpineve.png\" \/>\n<meta name=\"twitter:card\" content=\"summary_large_image\" \/>\n<meta name=\"twitter:site\" content=\"@courmayeurski\" \/>\n<meta name=\"twitter:label1\" content=\"Dur\u00e9e de lecture estim\u00e9e\" \/>\n\t<meta name=\"twitter:data1\" content=\"2 minutes\" \/>\n<script type=\"application\/ld+json\" class=\"yoast-schema-graph\">{\"@context\":\"https:\/\/schema.org\",\"@graph\":[{\"@type\":\"WebPage\",\"@id\":\"https:\/\/www.courmayeur-montblanc.com\/fr\/skipass-tarifs\/offres-speciales\/\",\"url\":\"https:\/\/www.courmayeur-montblanc.com\/fr\/skipass-tarifs\/offres-speciales\/\",\"name\":\"Offres sp\u00e9ciales - Courmayeur Mont Blanc Funivie\",\"isPartOf\":{\"@id\":\"https:\/\/www.courmayeur-montblanc.com\/fr\/#website\"},\"primaryImageOfPage\":{\"@id\":\"https:\/\/www.courmayeur-montblanc.com\/fr\/skipass-tarifs\/offres-speciales\/#primaryimage\"},\"image\":{\"@id\":\"https:\/\/www.courmayeur-montblanc.com\/fr\/skipass-tarifs\/offres-speciales\/#primaryimage\"},\"thumbnailUrl\":\"https:\/\/www.courmayeur-montblanc.com\/app\/uploads\/2022\/07\/Logo-noleggio-Alpineve.png\",\"datePublished\":\"2022-05-11T23:23:27+00:00\",\"dateModified\":\"2025-11-05T13:28:14+00:00\",\"breadcrumb\":{\"@id\":\"https:\/\/www.courmayeur-montblanc.com\/fr\/skipass-tarifs\/offres-speciales\/#breadcrumb\"},\"inLanguage\":\"fr-FR\",\"potentialAction\":[{\"@type\":\"ReadAction\",\"target\":[\"https:\/\/www.courmayeur-montblanc.com\/fr\/skipass-tarifs\/offres-speciales\/\"]}]},{\"@type\":\"ImageObject\",\"inLanguage\":\"fr-FR\",\"@id\":\"https:\/\/www.courmayeur-montblanc.com\/fr\/skipass-tarifs\/offres-speciales\/#primaryimage\",\"url\":\"https:\/\/www.courmayeur-montblanc.com\/app\/uploads\/2022\/07\/Logo-noleggio-Alpineve.png\",\"contentUrl\":\"https:\/\/www.courmayeur-montblanc.com\/app\/uploads\/2022\/07\/Logo-noleggio-Alpineve.png\"},{\"@type\":\"BreadcrumbList\",\"@id\":\"https:\/\/www.courmayeur-montblanc.com\/fr\/skipass-tarifs\/offres-speciales\/#breadcrumb\",\"itemListElement\":[{\"@type\":\"ListItem\",\"position\":1,\"name\":\"Homepage\",\"item\":\"https:\/\/www.courmayeur-montblanc.com\/fr\/\"},{\"@type\":\"ListItem\",\"position\":2,\"name\":\"Skipass et Tarifs\",\"item\":\"https:\/\/www.courmayeur-montblanc.com\/fr\/skipass-tarifs\/\"},{\"@type\":\"ListItem\",\"position\":3,\"name\":\"Offres sp\u00e9ciales\"}]},{\"@type\":\"WebSite\",\"@id\":\"https:\/\/www.courmayeur-montblanc.com\/fr\/#website\",\"url\":\"https:\/\/www.courmayeur-montblanc.com\/fr\/\",\"name\":\"Courmayeur Mont Blanc Funivie\",\"description\":\"\",\"publisher\":{\"@id\":\"https:\/\/www.courmayeur-montblanc.com\/fr\/#organization\"},\"potentialAction\":[{\"@type\":\"SearchAction\",\"target\":{\"@type\":\"EntryPoint\",\"urlTemplate\":\"https:\/\/www.courmayeur-montblanc.com\/fr\/?s={search_term_string}\"},\"query-input\":{\"@type\":\"PropertyValueSpecification\",\"valueRequired\":true,\"valueName\":\"search_term_string\"}}],\"inLanguage\":\"fr-FR\"},{\"@type\":\"Organization\",\"@id\":\"https:\/\/www.courmayeur-montblanc.com\/fr\/#organization\",\"name\":\"Courmayeur Mont Blanc Funivie\",\"url\":\"https:\/\/www.courmayeur-montblanc.com\/fr\/\",\"logo\":{\"@type\":\"ImageObject\",\"inLanguage\":\"fr-FR\",\"@id\":\"https:\/\/www.courmayeur-montblanc.com\/fr\/#\/schema\/logo\/image\/\",\"url\":\"https:\/\/www.courmayeur-montblanc.com\/app\/uploads\/2022\/11\/cmbf-logo.png\",\"contentUrl\":\"https:\/\/www.courmayeur-montblanc.com\/app\/uploads\/2022\/11\/cmbf-logo.png\",\"width\":800,\"height\":179,\"caption\":\"Courmayeur Mont Blanc Funivie\"},\"image\":{\"@id\":\"https:\/\/www.courmayeur-montblanc.com\/fr\/#\/schema\/logo\/image\/\"},\"sameAs\":[\"https:\/\/www.facebook.com\/funiviecourmayeur\",\"https:\/\/x.com\/courmayeurski\",\"https:\/\/www.instagram.com\/courmayeur\/\",\"https:\/\/www.youtube.com\/channel\/UCrJ-6g0ooek9MIumfwdKGGw\/featured\"]}]}<\/script>\n<!-- \/ Yoast SEO plugin. -->","yoast_head_json":{"title":"Offres sp\u00e9ciales - Courmayeur Mont Blanc Funivie","robots":{"index":"index","follow":"follow","max-snippet":"max-snippet:-1","max-image-preview":"max-image-preview:large","max-video-preview":"max-video-preview:-1"},"canonical":"https:\/\/www.courmayeur-montblanc.com\/fr\/skipass-tarifs\/offres-speciales\/","og_locale":"fr_FR","og_type":"article","og_title":"Offres sp\u00e9ciales - Courmayeur Mont Blanc Funivie","og_description":"Vacances en Famille \u00c0 Courmayeur, les enfants de moins de 8 ans skient gratuitement avec l\u2019achat simultan\u00e9 d&#8217;un forfait adulte, jeune ou senior.Il y a \u00e9galement des r\u00e9ductions int\u00e9ressantes pour les enfants de moins de 16 ans et de les jeunes de moins de 24 ans.Les enfants trop jeunes pour faire du ski peuvent accompagner [&hellip;]","og_url":"https:\/\/www.courmayeur-montblanc.com\/fr\/skipass-tarifs\/offres-speciales\/","og_site_name":"Courmayeur Mont Blanc Funivie","article_publisher":"https:\/\/www.facebook.com\/funiviecourmayeur","article_modified_time":"2025-11-05T13:28:14+00:00","og_image":[{"url":"https:\/\/www.courmayeur-montblanc.com\/app\/uploads\/2022\/07\/Logo-noleggio-Alpineve.png","type":"","width":"","height":""}],"twitter_card":"summary_large_image","twitter_site":"@courmayeurski","twitter_misc":{"Dur\u00e9e de lecture estim\u00e9e":"2 minutes"},"schema":{"@context":"https:\/\/schema.org","@graph":[{"@type":"WebPage","@id":"https:\/\/www.courmayeur-montblanc.com\/fr\/skipass-tarifs\/offres-speciales\/","url":"https:\/\/www.courmayeur-montblanc.com\/fr\/skipass-tarifs\/offres-speciales\/","name":"Offres sp\u00e9ciales - Courmayeur Mont Blanc Funivie","isPartOf":{"@id":"https:\/\/www.courmayeur-montblanc.com\/fr\/#website"},"primaryImageOfPage":{"@id":"https:\/\/www.courmayeur-montblanc.com\/fr\/skipass-tarifs\/offres-speciales\/#primaryimage"},"image":{"@id":"https:\/\/www.courmayeur-montblanc.com\/fr\/skipass-tarifs\/offres-speciales\/#primaryimage"},"thumbnailUrl":"https:\/\/www.courmayeur-montblanc.com\/app\/uploads\/2022\/07\/Logo-noleggio-Alpineve.png","datePublished":"2022-05-11T23:23:27+00:00","dateModified":"2025-11-05T13:28:14+00:00","breadcrumb":{"@id":"https:\/\/www.courmayeur-montblanc.com\/fr\/skipass-tarifs\/offres-speciales\/#breadcrumb"},"inLanguage":"fr-FR","potentialAction":[{"@type":"ReadAction","target":["https:\/\/www.courmayeur-montblanc.com\/fr\/skipass-tarifs\/offres-speciales\/"]}]},{"@type":"ImageObject","inLanguage":"fr-FR","@id":"https:\/\/www.courmayeur-montblanc.com\/fr\/skipass-tarifs\/offres-speciales\/#primaryimage","url":"https:\/\/www.courmayeur-montblanc.com\/app\/uploads\/2022\/07\/Logo-noleggio-Alpineve.png","contentUrl":"https:\/\/www.courmayeur-montblanc.com\/app\/uploads\/2022\/07\/Logo-noleggio-Alpineve.png"},{"@type":"BreadcrumbList","@id":"https:\/\/www.courmayeur-montblanc.com\/fr\/skipass-tarifs\/offres-speciales\/#breadcrumb","itemListElement":[{"@type":"ListItem","position":1,"name":"Homepage","item":"https:\/\/www.courmayeur-montblanc.com\/fr\/"},{"@type":"ListItem","position":2,"name":"Skipass et Tarifs","item":"https:\/\/www.courmayeur-montblanc.com\/fr\/skipass-tarifs\/"},{"@type":"ListItem","position":3,"name":"Offres sp\u00e9ciales"}]},{"@type":"WebSite","@id":"https:\/\/www.courmayeur-montblanc.com\/fr\/#website","url":"https:\/\/www.courmayeur-montblanc.com\/fr\/","name":"Courmayeur Mont Blanc Funivie","description":"","publisher":{"@id":"https:\/\/www.courmayeur-montblanc.com\/fr\/#organization"},"potentialAction":[{"@type":"SearchAction","target":{"@type":"EntryPoint","urlTemplate":"https:\/\/www.courmayeur-montblanc.com\/fr\/?s={search_term_string}"},"query-input":{"@type":"PropertyValueSpecification","valueRequired":true,"valueName":"search_term_string"}}],"inLanguage":"fr-FR"},{"@type":"Organization","@id":"https:\/\/www.courmayeur-montblanc.com\/fr\/#organization","name":"Courmayeur Mont Blanc Funivie","url":"https:\/\/www.courmayeur-montblanc.com\/fr\/","logo":{"@type":"ImageObject","inLanguage":"fr-FR","@id":"https:\/\/www.courmayeur-montblanc.com\/fr\/#\/schema\/logo\/image\/","url":"https:\/\/www.courmayeur-montblanc.com\/app\/uploads\/2022\/11\/cmbf-logo.png","contentUrl":"https:\/\/www.courmayeur-montblanc.com\/app\/uploads\/2022\/11\/cmbf-logo.png","width":800,"height":179,"caption":"Courmayeur Mont Blanc Funivie"},"image":{"@id":"https:\/\/www.courmayeur-montblanc.com\/fr\/#\/schema\/logo\/image\/"},"sameAs":["https:\/\/www.facebook.com\/funiviecourmayeur","https:\/\/x.com\/courmayeurski","https:\/\/www.instagram.com\/courmayeur\/","https:\/\/www.youtube.com\/channel\/UCrJ-6g0ooek9MIumfwdKGGw\/featured"]}]}},"_links":{"self":[{"href":"https:\/\/www.courmayeur-montblanc.com\/fr\/wp-json\/wp\/v2\/pages\/3862","targetHints":{"allow":["GET"]}}],"collection":[{"href":"https:\/\/www.courmayeur-montblanc.com\/fr\/wp-json\/wp\/v2\/pages"}],"about":[{"href":"https:\/\/www.courmayeur-montblanc.com\/fr\/wp-json\/wp\/v2\/types\/page"}],"author":[{"embeddable":true,"href":"https:\/\/www.courmayeur-montblanc.com\/fr\/wp-json\/wp\/v2\/users\/1"}],"replies":[{"embeddable":true,"href":"https:\/\/www.courmayeur-montblanc.com\/fr\/wp-json\/wp\/v2\/comments?post=3862"}],"version-history":[{"count":17,"href":"https:\/\/www.courmayeur-montblanc.com\/fr\/wp-json\/wp\/v2\/pages\/3862\/revisions"}],"predecessor-version":[{"id":13155,"href":"https:\/\/www.courmayeur-montblanc.com\/fr\/wp-json\/wp\/v2\/pages\/3862\/revisions\/13155"}],"up":[{"embeddable":true,"href":"https:\/\/www.courmayeur-montblanc.com\/fr\/wp-json\/wp\/v2\/pages\/9544"}],"wp:attachment":[{"href":"https:\/\/www.courmayeur-montblanc.com\/fr\/wp-json\/wp\/v2\/media?parent=3862"}],"curies":[{"name":"wp","href":"https:\/\/api.w.org\/{rel}","templated":true}]}}