{"id":5751,"date":"2022-12-19T21:18:49","date_gmt":"2022-12-19T20:18:49","guid":{"rendered":"https:\/\/www.courmayeur-montblanc.com\/?page_id=5751"},"modified":"2026-02-11T09:19:45","modified_gmt":"2026-02-11T08:19:45","slug":"winterbus-pour-skier-sans-limite","status":"publish","type":"page","link":"https:\/\/www.courmayeur-montblanc.com\/fr\/services\/winterbus-pour-skier-sans-limite\/","title":{"rendered":"Winterbus"},"content":{"rendered":"\n<h2 class=\"wp-block-heading\">pour skier sans limite<\/h2>\n\n\n\n<div style=\"height:30px\" aria-hidden=\"true\" class=\"wp-block-spacer\"><\/div>\n\n\n\n<p class=\"text-justify\">D\u00e9placez-vous sans souci entre Courmayeur et La Thuile pour une exp\u00e9rience de ski sans limite. Avec le service gratuit du Winterbus, sera possible se d\u00e9placer librement et profiter de toutes les exp\u00e9riences que les villages au pied du Mont Blanc peuvent offrir. <\/p>\n\n\n\n<div style=\"height:16px\" aria-hidden=\"true\" class=\"wp-block-spacer\"><\/div>\n\n\n\n<p><strong>Consultez ici les horaires<\/strong> <strong>du 26 D\u00e9cembre 2025 au 12 Avril 2026<\/strong> : <a href=\"https:\/\/arriva.it\/app\/uploads\/sites\/3\/2025\/11\/000573-WinterBus-Courmayeur-LaThuile.pdf\" target=\"_blank\" rel=\"noreferrer noopener\">WINTER BUS<\/a><\/p>\n\n\n<div class=\"wp-block-image\">\n<figure class=\"aligncenter size-large is-resized\"><img loading=\"lazy\" decoding=\"async\" width=\"724\" height=\"1024\" src=\"https:\/\/www.courmayeur-montblanc.com\/app\/uploads\/2026\/02\/mappa-web-lathuile-winter-as-inv-1-1-724x1024.jpg\" alt=\"\" class=\"wp-image-13688\" style=\"width:392px\" srcset=\"https:\/\/www.courmayeur-montblanc.com\/app\/uploads\/2026\/02\/mappa-web-lathuile-winter-as-inv-1-1-724x1024.jpg 724w, https:\/\/www.courmayeur-montblanc.com\/app\/uploads\/2026\/02\/mappa-web-lathuile-winter-as-inv-1-1-212x300.jpg 212w, https:\/\/www.courmayeur-montblanc.com\/app\/uploads\/2026\/02\/mappa-web-lathuile-winter-as-inv-1-1-768x1086.jpg 768w, https:\/\/www.courmayeur-montblanc.com\/app\/uploads\/2026\/02\/mappa-web-lathuile-winter-as-inv-1-1-1086x1536.jpg 1086w, https:\/\/www.courmayeur-montblanc.com\/app\/uploads\/2026\/02\/mappa-web-lathuile-winter-as-inv-1-1.jpg 1190w\" sizes=\"auto, (max-width: 724px) 100vw, 724px\" \/><\/figure><\/div>\n\n\n<div style=\"height:67px\" aria-hidden=\"true\" class=\"wp-block-spacer\"><\/div>\n","protected":false},"excerpt":{"rendered":"<p>pour skier sans limite D\u00e9placez-vous sans souci entre Courmayeur et La Thuile pour une exp\u00e9rience de ski sans limite. Avec le service gratuit du Winterbus, sera possible se d\u00e9placer librement et profiter de toutes les exp\u00e9riences que les villages au pied du Mont Blanc peuvent offrir. Consultez ici les horaires du 26 D\u00e9cembre 2025 au [&hellip;]<\/p>\n","protected":false},"author":1,"featured_media":0,"parent":3505,"menu_order":25,"comment_status":"closed","ping_status":"closed","template":"template-container.php","meta":{"_acf_changed":false,"_themeisle_gutenberg_block_has_review":false,"footnotes":""},"class_list":["post-5751","page","type-page","status-publish","hentry"],"acf":[],"yoast_head":"<!-- This site is optimized with the Yoast SEO plugin v26.2 - https:\/\/yoast.com\/wordpress\/plugins\/seo\/ -->\n<title>Winterbus - Courmayeur Mont Blanc Funivie<\/title>\n<meta name=\"robots\" content=\"index, follow, max-snippet:-1, max-image-preview:large, max-video-preview:-1\" \/>\n<link rel=\"canonical\" href=\"https:\/\/www.courmayeur-montblanc.com\/fr\/services\/winterbus-pour-skier-sans-limite\/\" \/>\n<meta property=\"og:locale\" content=\"fr_FR\" \/>\n<meta property=\"og:type\" content=\"article\" \/>\n<meta property=\"og:title\" content=\"Winterbus - Courmayeur Mont Blanc Funivie\" \/>\n<meta property=\"og:description\" content=\"pour skier sans limite D\u00e9placez-vous sans souci entre Courmayeur et La Thuile pour une exp\u00e9rience de ski sans limite. Avec le service gratuit du Winterbus, sera possible se d\u00e9placer librement et profiter de toutes les exp\u00e9riences que les villages au pied du Mont Blanc peuvent offrir. Consultez ici les horaires du 26 D\u00e9cembre 2025 au [&hellip;]\" \/>\n<meta property=\"og:url\" content=\"https:\/\/www.courmayeur-montblanc.com\/fr\/services\/winterbus-pour-skier-sans-limite\/\" \/>\n<meta property=\"og:site_name\" content=\"Courmayeur Mont Blanc Funivie\" \/>\n<meta property=\"article:publisher\" content=\"https:\/\/www.facebook.com\/funiviecourmayeur\" \/>\n<meta property=\"article:modified_time\" content=\"2026-02-11T08:19:45+00:00\" \/>\n<meta property=\"og:image\" content=\"https:\/\/www.courmayeur-montblanc.com\/app\/uploads\/2026\/02\/mappa-web-lathuile-winter-as-inv-1-1.jpg\" \/>\n\t<meta property=\"og:image:width\" content=\"1190\" \/>\n\t<meta property=\"og:image:height\" content=\"1683\" \/>\n\t<meta property=\"og:image:type\" content=\"image\/jpeg\" \/>\n<meta name=\"twitter:card\" content=\"summary_large_image\" \/>\n<meta name=\"twitter:site\" content=\"@courmayeurski\" \/>\n<meta name=\"twitter:label1\" content=\"Dur\u00e9e de lecture estim\u00e9e\" \/>\n\t<meta name=\"twitter:data1\" content=\"1 minute\" \/>\n<script type=\"application\/ld+json\" class=\"yoast-schema-graph\">{\"@context\":\"https:\/\/schema.org\",\"@graph\":[{\"@type\":\"WebPage\",\"@id\":\"https:\/\/www.courmayeur-montblanc.com\/fr\/services\/winterbus-pour-skier-sans-limite\/\",\"url\":\"https:\/\/www.courmayeur-montblanc.com\/fr\/services\/winterbus-pour-skier-sans-limite\/\",\"name\":\"Winterbus - Courmayeur Mont Blanc Funivie\",\"isPartOf\":{\"@id\":\"https:\/\/www.courmayeur-montblanc.com\/fr\/#website\"},\"primaryImageOfPage\":{\"@id\":\"https:\/\/www.courmayeur-montblanc.com\/fr\/services\/winterbus-pour-skier-sans-limite\/#primaryimage\"},\"image\":{\"@id\":\"https:\/\/www.courmayeur-montblanc.com\/fr\/services\/winterbus-pour-skier-sans-limite\/#primaryimage\"},\"thumbnailUrl\":\"https:\/\/www.courmayeur-montblanc.com\/app\/uploads\/2026\/02\/mappa-web-lathuile-winter-as-inv-1-1-724x1024.jpg\",\"datePublished\":\"2022-12-19T20:18:49+00:00\",\"dateModified\":\"2026-02-11T08:19:45+00:00\",\"breadcrumb\":{\"@id\":\"https:\/\/www.courmayeur-montblanc.com\/fr\/services\/winterbus-pour-skier-sans-limite\/#breadcrumb\"},\"inLanguage\":\"fr-FR\",\"potentialAction\":[{\"@type\":\"ReadAction\",\"target\":[\"https:\/\/www.courmayeur-montblanc.com\/fr\/services\/winterbus-pour-skier-sans-limite\/\"]}]},{\"@type\":\"ImageObject\",\"inLanguage\":\"fr-FR\",\"@id\":\"https:\/\/www.courmayeur-montblanc.com\/fr\/services\/winterbus-pour-skier-sans-limite\/#primaryimage\",\"url\":\"https:\/\/www.courmayeur-montblanc.com\/app\/uploads\/2026\/02\/mappa-web-lathuile-winter-as-inv-1-1-724x1024.jpg\",\"contentUrl\":\"https:\/\/www.courmayeur-montblanc.com\/app\/uploads\/2026\/02\/mappa-web-lathuile-winter-as-inv-1-1-724x1024.jpg\"},{\"@type\":\"BreadcrumbList\",\"@id\":\"https:\/\/www.courmayeur-montblanc.com\/fr\/services\/winterbus-pour-skier-sans-limite\/#breadcrumb\",\"itemListElement\":[{\"@type\":\"ListItem\",\"position\":1,\"name\":\"Homepage\",\"item\":\"https:\/\/www.courmayeur-montblanc.com\/fr\/\"},{\"@type\":\"ListItem\",\"position\":2,\"name\":\"Services\",\"item\":\"https:\/\/www.courmayeur-montblanc.com\/fr\/services\/\"},{\"@type\":\"ListItem\",\"position\":3,\"name\":\"Winterbus\"}]},{\"@type\":\"WebSite\",\"@id\":\"https:\/\/www.courmayeur-montblanc.com\/fr\/#website\",\"url\":\"https:\/\/www.courmayeur-montblanc.com\/fr\/\",\"name\":\"Courmayeur Mont Blanc Funivie\",\"description\":\"\",\"publisher\":{\"@id\":\"https:\/\/www.courmayeur-montblanc.com\/fr\/#organization\"},\"potentialAction\":[{\"@type\":\"SearchAction\",\"target\":{\"@type\":\"EntryPoint\",\"urlTemplate\":\"https:\/\/www.courmayeur-montblanc.com\/fr\/?s={search_term_string}\"},\"query-input\":{\"@type\":\"PropertyValueSpecification\",\"valueRequired\":true,\"valueName\":\"search_term_string\"}}],\"inLanguage\":\"fr-FR\"},{\"@type\":\"Organization\",\"@id\":\"https:\/\/www.courmayeur-montblanc.com\/fr\/#organization\",\"name\":\"Courmayeur Mont Blanc Funivie\",\"url\":\"https:\/\/www.courmayeur-montblanc.com\/fr\/\",\"logo\":{\"@type\":\"ImageObject\",\"inLanguage\":\"fr-FR\",\"@id\":\"https:\/\/www.courmayeur-montblanc.com\/fr\/#\/schema\/logo\/image\/\",\"url\":\"https:\/\/www.courmayeur-montblanc.com\/app\/uploads\/2022\/11\/cmbf-logo.png\",\"contentUrl\":\"https:\/\/www.courmayeur-montblanc.com\/app\/uploads\/2022\/11\/cmbf-logo.png\",\"width\":800,\"height\":179,\"caption\":\"Courmayeur Mont Blanc Funivie\"},\"image\":{\"@id\":\"https:\/\/www.courmayeur-montblanc.com\/fr\/#\/schema\/logo\/image\/\"},\"sameAs\":[\"https:\/\/www.facebook.com\/funiviecourmayeur\",\"https:\/\/x.com\/courmayeurski\",\"https:\/\/www.instagram.com\/courmayeur\/\",\"https:\/\/www.youtube.com\/channel\/UCrJ-6g0ooek9MIumfwdKGGw\/featured\"]}]}<\/script>\n<!-- \/ Yoast SEO plugin. -->","yoast_head_json":{"title":"Winterbus - Courmayeur Mont Blanc Funivie","robots":{"index":"index","follow":"follow","max-snippet":"max-snippet:-1","max-image-preview":"max-image-preview:large","max-video-preview":"max-video-preview:-1"},"canonical":"https:\/\/www.courmayeur-montblanc.com\/fr\/services\/winterbus-pour-skier-sans-limite\/","og_locale":"fr_FR","og_type":"article","og_title":"Winterbus - Courmayeur Mont Blanc Funivie","og_description":"pour skier sans limite D\u00e9placez-vous sans souci entre Courmayeur et La Thuile pour une exp\u00e9rience de ski sans limite. Avec le service gratuit du Winterbus, sera possible se d\u00e9placer librement et profiter de toutes les exp\u00e9riences que les villages au pied du Mont Blanc peuvent offrir. Consultez ici les horaires du 26 D\u00e9cembre 2025 au [&hellip;]","og_url":"https:\/\/www.courmayeur-montblanc.com\/fr\/services\/winterbus-pour-skier-sans-limite\/","og_site_name":"Courmayeur Mont Blanc Funivie","article_publisher":"https:\/\/www.facebook.com\/funiviecourmayeur","article_modified_time":"2026-02-11T08:19:45+00:00","og_image":[{"width":1190,"height":1683,"url":"https:\/\/www.courmayeur-montblanc.com\/app\/uploads\/2026\/02\/mappa-web-lathuile-winter-as-inv-1-1.jpg","type":"image\/jpeg"}],"twitter_card":"summary_large_image","twitter_site":"@courmayeurski","twitter_misc":{"Dur\u00e9e de lecture estim\u00e9e":"1 minute"},"schema":{"@context":"https:\/\/schema.org","@graph":[{"@type":"WebPage","@id":"https:\/\/www.courmayeur-montblanc.com\/fr\/services\/winterbus-pour-skier-sans-limite\/","url":"https:\/\/www.courmayeur-montblanc.com\/fr\/services\/winterbus-pour-skier-sans-limite\/","name":"Winterbus - Courmayeur Mont Blanc Funivie","isPartOf":{"@id":"https:\/\/www.courmayeur-montblanc.com\/fr\/#website"},"primaryImageOfPage":{"@id":"https:\/\/www.courmayeur-montblanc.com\/fr\/services\/winterbus-pour-skier-sans-limite\/#primaryimage"},"image":{"@id":"https:\/\/www.courmayeur-montblanc.com\/fr\/services\/winterbus-pour-skier-sans-limite\/#primaryimage"},"thumbnailUrl":"https:\/\/www.courmayeur-montblanc.com\/app\/uploads\/2026\/02\/mappa-web-lathuile-winter-as-inv-1-1-724x1024.jpg","datePublished":"2022-12-19T20:18:49+00:00","dateModified":"2026-02-11T08:19:45+00:00","breadcrumb":{"@id":"https:\/\/www.courmayeur-montblanc.com\/fr\/services\/winterbus-pour-skier-sans-limite\/#breadcrumb"},"inLanguage":"fr-FR","potentialAction":[{"@type":"ReadAction","target":["https:\/\/www.courmayeur-montblanc.com\/fr\/services\/winterbus-pour-skier-sans-limite\/"]}]},{"@type":"ImageObject","inLanguage":"fr-FR","@id":"https:\/\/www.courmayeur-montblanc.com\/fr\/services\/winterbus-pour-skier-sans-limite\/#primaryimage","url":"https:\/\/www.courmayeur-montblanc.com\/app\/uploads\/2026\/02\/mappa-web-lathuile-winter-as-inv-1-1-724x1024.jpg","contentUrl":"https:\/\/www.courmayeur-montblanc.com\/app\/uploads\/2026\/02\/mappa-web-lathuile-winter-as-inv-1-1-724x1024.jpg"},{"@type":"BreadcrumbList","@id":"https:\/\/www.courmayeur-montblanc.com\/fr\/services\/winterbus-pour-skier-sans-limite\/#breadcrumb","itemListElement":[{"@type":"ListItem","position":1,"name":"Homepage","item":"https:\/\/www.courmayeur-montblanc.com\/fr\/"},{"@type":"ListItem","position":2,"name":"Services","item":"https:\/\/www.courmayeur-montblanc.com\/fr\/services\/"},{"@type":"ListItem","position":3,"name":"Winterbus"}]},{"@type":"WebSite","@id":"https:\/\/www.courmayeur-montblanc.com\/fr\/#website","url":"https:\/\/www.courmayeur-montblanc.com\/fr\/","name":"Courmayeur Mont Blanc Funivie","description":"","publisher":{"@id":"https:\/\/www.courmayeur-montblanc.com\/fr\/#organization"},"potentialAction":[{"@type":"SearchAction","target":{"@type":"EntryPoint","urlTemplate":"https:\/\/www.courmayeur-montblanc.com\/fr\/?s={search_term_string}"},"query-input":{"@type":"PropertyValueSpecification","valueRequired":true,"valueName":"search_term_string"}}],"inLanguage":"fr-FR"},{"@type":"Organization","@id":"https:\/\/www.courmayeur-montblanc.com\/fr\/#organization","name":"Courmayeur Mont Blanc Funivie","url":"https:\/\/www.courmayeur-montblanc.com\/fr\/","logo":{"@type":"ImageObject","inLanguage":"fr-FR","@id":"https:\/\/www.courmayeur-montblanc.com\/fr\/#\/schema\/logo\/image\/","url":"https:\/\/www.courmayeur-montblanc.com\/app\/uploads\/2022\/11\/cmbf-logo.png","contentUrl":"https:\/\/www.courmayeur-montblanc.com\/app\/uploads\/2022\/11\/cmbf-logo.png","width":800,"height":179,"caption":"Courmayeur Mont Blanc Funivie"},"image":{"@id":"https:\/\/www.courmayeur-montblanc.com\/fr\/#\/schema\/logo\/image\/"},"sameAs":["https:\/\/www.facebook.com\/funiviecourmayeur","https:\/\/x.com\/courmayeurski","https:\/\/www.instagram.com\/courmayeur\/","https:\/\/www.youtube.com\/channel\/UCrJ-6g0ooek9MIumfwdKGGw\/featured"]}]}},"_links":{"self":[{"href":"https:\/\/www.courmayeur-montblanc.com\/fr\/wp-json\/wp\/v2\/pages\/5751","targetHints":{"allow":["GET"]}}],"collection":[{"href":"https:\/\/www.courmayeur-montblanc.com\/fr\/wp-json\/wp\/v2\/pages"}],"about":[{"href":"https:\/\/www.courmayeur-montblanc.com\/fr\/wp-json\/wp\/v2\/types\/page"}],"author":[{"embeddable":true,"href":"https:\/\/www.courmayeur-montblanc.com\/fr\/wp-json\/wp\/v2\/users\/1"}],"replies":[{"embeddable":true,"href":"https:\/\/www.courmayeur-montblanc.com\/fr\/wp-json\/wp\/v2\/comments?post=5751"}],"version-history":[{"count":20,"href":"https:\/\/www.courmayeur-montblanc.com\/fr\/wp-json\/wp\/v2\/pages\/5751\/revisions"}],"predecessor-version":[{"id":13693,"href":"https:\/\/www.courmayeur-montblanc.com\/fr\/wp-json\/wp\/v2\/pages\/5751\/revisions\/13693"}],"up":[{"embeddable":true,"href":"https:\/\/www.courmayeur-montblanc.com\/fr\/wp-json\/wp\/v2\/pages\/3505"}],"wp:attachment":[{"href":"https:\/\/www.courmayeur-montblanc.com\/fr\/wp-json\/wp\/v2\/media?parent=5751"}],"curies":[{"name":"wp","href":"https:\/\/api.w.org\/{rel}","templated":true}]}}